{"id":6154,"date":"2023-04-20T16:20:30","date_gmt":"2023-04-20T14:20:30","guid":{"rendered":"https:\/\/agora.xtec.cat\/inspladelbosc\/?page_id=6154"},"modified":"2023-04-20T16:32:27","modified_gmt":"2023-04-20T14:32:27","slug":"planificacio-i-seguiment","status":"publish","type":"page","link":"https:\/\/agora.xtec.cat\/inspladelbosc\/estrategia-digital-de-centre\/pla-estrategic\/planificacio-i-seguiment\/","title":{"rendered":"Planificaci\u00f3 i seguiment"},"content":{"rendered":"<p><span style=\"font-weight: 400;\">La planificaci\u00f3 \u00e9s una tasca necess\u00e0ria que es du a terme dins la Comissi\u00f3 d\u2019Estrat\u00e8gia Digital de Centre per a avan\u00e7ar cap als objectius que ens hem marcat. Per cada objectiu, ser\u00e0 necessari dissenyar i temporitzar activitats que permetin el seu assoliment.<\/span><\/p>\n<table style=\"width: 93.017%;\">\n<tbody>\n<tr>\n<td style=\"width: 62.4025%; text-align: center;\" colspan=\"2\" rowspan=\"2\">\n<h4><b>Objectius de l&#8217;EDC<\/b><\/h4>\n<\/td>\n<td style=\"width: 10.0624%; text-align: center;\" colspan=\"3\"><span style=\"font-weight: 400;\">Curs 1<\/span><\/p>\n<p><span style=\"font-weight: 400;\">2022-2023<\/span><\/td>\n<td style=\"width: 8.42433%; text-align: center;\" colspan=\"3\"><span style=\"font-weight: 400;\">Curs 2<\/span><\/p>\n<p><span style=\"font-weight: 400;\">2023-2024<\/span><\/td>\n<td style=\"width: 8.42433%; text-align: center;\" colspan=\"3\"><span style=\"font-weight: 400;\">Curs 3<\/span><\/p>\n<p><span style=\"font-weight: 400;\">2024-2025<\/span><\/td>\n<td style=\"width: 8.42433%; text-align: center;\" colspan=\"3\"><span style=\"font-weight: 400;\">Curs 4<\/span><\/p>\n<p><span style=\"font-weight: 400;\">2025-2026<\/span><\/td>\n<\/tr>\n<tr>\n<td style=\"width: 3.35413%; text-align: center;\"><span style=\"font-weight: 400;\">1T<\/span><\/td>\n<td style=\"width: 3.35413%; text-align: center;\"><span style=\"font-weight: 400;\">2T<\/span><\/td>\n<td style=\"width: 3.35413%; text-align: center;\"><span style=\"font-weight: 400;\">3T<\/span><\/td>\n<td style=\"width: 2.80811%; text-align: center;\"><span style=\"font-weight: 400;\">1T<\/span><\/td>\n<td style=\"width: 2.80811%; text-align: center;\"><span style=\"font-weight: 400;\">2T<\/span><\/td>\n<td style=\"width: 2.80811%; text-align: center;\"><span style=\"font-weight: 400;\">3T<\/span><\/td>\n<td style=\"width: 2.80811%; text-align: center;\"><span style=\"font-weight: 400;\">1T<\/span><\/td>\n<td style=\"width: 2.80811%; text-align: center;\"><span style=\"font-weight: 400;\">2T<\/span><\/td>\n<td style=\"width: 2.80811%; text-align: center;\"><span style=\"font-weight: 400;\">3T<\/span><\/td>\n<td style=\"width: 2.80811%; text-align: center;\"><span style=\"font-weight: 400;\">1T<\/span><\/td>\n<td style=\"width: 2.80811%; text-align: center;\"><span style=\"font-weight: 400;\">2T<\/span><\/td>\n<td style=\"width: 2.80811%; text-align: center;\"><span style=\"font-weight: 400;\">3T<\/span><\/td>\n<\/tr>\n<tr>\n<td style=\"width: 2.65168%;\"><span style=\"font-weight: 400;\">1<\/span><\/td>\n<td style=\"width: 59.7508%;\"><span style=\"font-weight: 400;\">Dissenyar una estrat\u00e8gia digital, posada en com\u00fa amb la comunitat educativa<\/span><\/td>\n<td style=\"width: 3.35413%;\"><\/td>\n<td style=\"width: 3.35413%;\"><\/td>\n<td style=\"width: 3.35413%;\"><\/td>\n<td style=\"width: 2.80811%;\"><\/td>\n<td style=\"width: 2.80811%; background-color: #ff5a26;\"><\/td>\n<td style=\"width: 2.80811%; background-color: #ff5a26;\"><\/td>\n<td style=\"width: 2.80811%; background-color: #ff5a26;\"><\/td>\n<td style=\"width: 2.80811%; background-color: #ff5a26;\"><\/td>\n<td style=\"width: 2.80811%; background-color: #ff5a26;\"><\/td>\n<td style=\"width: 2.80811%; background-color: #ff5a26;\"><\/td>\n<td style=\"width: 2.80811%; background-color: #ff5a26;\"><\/td>\n<td style=\"width: 2.80811%; background-color: #ff5a26;\"><\/td>\n<\/tr>\n<tr>\n<td style=\"width: 2.65168%;\"><span style=\"font-weight: 400;\">2<\/span><\/td>\n<td style=\"width: 59.7508%;\"><span style=\"font-weight: 400;\">Millorar la compet\u00e8ncia digital del professorat.<\/span><\/td>\n<td style=\"width: 3.35413%;\"><\/td>\n<td style=\"width: 3.35413%;\"><\/td>\n<td style=\"width: 3.35413%;\"><\/td>\n<td style=\"width: 2.80811%;\"><\/td>\n<td style=\"width: 2.80811%; background-color: #ff5a26;\"><\/td>\n<td style=\"width: 2.80811%; background-color: #ff5a26;\"><\/td>\n<td style=\"width: 2.80811%; background-color: #ff5a26;\"><\/td>\n<td style=\"width: 2.80811%; background-color: #ff5a26;\"><\/td>\n<td style=\"width: 2.80811%; background-color: #ff5a26;\"><\/td>\n<td style=\"width: 2.80811%;\"><\/td>\n<td style=\"width: 2.80811%;\"><\/td>\n<td style=\"width: 2.80811%;\"><\/td>\n<\/tr>\n<tr>\n<td style=\"width: 2.65168%;\"><span style=\"font-weight: 400;\">3<\/span><\/td>\n<td style=\"width: 59.7508%;\"><span style=\"font-weight: 400;\">Millorar la compet\u00e8ncia digital de l\u2019alumnat<\/span><\/td>\n<td style=\"width: 3.35413%;\"><\/td>\n<td style=\"width: 3.35413%;\"><\/td>\n<td style=\"width: 3.35413%;\"><\/td>\n<td style=\"width: 2.80811%; background-color: #ff5a26;\"><\/td>\n<td style=\"width: 2.80811%; background-color: #ff5a26;\"><\/td>\n<td style=\"width: 2.80811%; background-color: #ff5a26;\"><\/td>\n<td style=\"width: 2.80811%; background-color: #ff5a26;\"><\/td>\n<td style=\"width: 2.80811%; background-color: #ff5a26;\"><\/td>\n<td style=\"width: 2.80811%; background-color: #ff5a26;\"><\/td>\n<td style=\"width: 2.80811%;\"><\/td>\n<td style=\"width: 2.80811%;\"><\/td>\n<td style=\"width: 2.80811%;\"><\/td>\n<\/tr>\n<tr>\n<td style=\"width: 2.65168%;\"><span style=\"font-weight: 400;\">4<\/span><\/td>\n<td style=\"width: 59.7508%;\"><span style=\"font-weight: 400;\">Definir i implementar el desplegament curricular complet de la compet\u00e8ncia digital de l\u2019alumnat per millorar l\u2019aprenentatge<\/span><\/td>\n<td style=\"width: 3.35413%;\"><\/td>\n<td style=\"width: 3.35413%;\"><\/td>\n<td style=\"width: 3.35413%; background-color: #ff5a26;\"><\/td>\n<td style=\"width: 2.80811%; background-color: #ff5a26;\"><\/td>\n<td style=\"width: 2.80811%; background-color: #ff5a26;\"><\/td>\n<td style=\"width: 2.80811%; background-color: #ff5a26;\"><\/td>\n<td style=\"width: 2.80811%;\"><\/td>\n<td style=\"width: 2.80811%;\"><\/td>\n<td style=\"width: 2.80811%;\"><\/td>\n<td style=\"width: 2.80811%;\"><\/td>\n<td style=\"width: 2.80811%;\"><\/td>\n<td style=\"width: 2.80811%;\"><\/td>\n<\/tr>\n<tr>\n<td style=\"width: 2.65168%;\"><span style=\"font-weight: 400;\">5<\/span><\/td>\n<td style=\"width: 59.7508%;\"><span style=\"font-weight: 400;\">Definir l\u2019acollida digital d\u2019alumnat i professorat.<\/span><\/td>\n<td style=\"width: 3.35413%;\"><\/td>\n<td style=\"width: 3.35413%;\"><\/td>\n<td style=\"width: 3.35413%;\"><\/td>\n<td style=\"width: 2.80811%;\"><\/td>\n<td style=\"width: 2.80811%; background-color: #ff5a26;\"><\/td>\n<td style=\"width: 2.80811%; background-color: #ff5a26;\"><\/td>\n<td style=\"width: 2.80811%; background-color: #ff5a26;\"><\/td>\n<td style=\"width: 2.80811%; background-color: #ff5a26;\"><\/td>\n<td style=\"width: 2.80811%; background-color: #ff5a26;\"><\/td>\n<td style=\"width: 2.80811%;\"><\/td>\n<td style=\"width: 2.80811%;\"><\/td>\n<td style=\"width: 2.80811%;\"><\/td>\n<\/tr>\n<\/tbody>\n<\/table>\n","protected":false},"excerpt":{"rendered":"<p>La planificaci\u00f3 \u00e9s una tasca necess\u00e0ria que es du a terme dins la Comissi\u00f3 d\u2019Estrat\u00e8gia Digital de Centre per a avan\u00e7ar cap als objectius que ens hem marcat. Per cada objectiu, ser\u00e0 necessari dissenyar i temporitzar activitats que permetin el seu assoliment. Objectius de l&#8217;EDC Curs 1 2022-2023 Curs 2 2023-2024 Curs 3 2024-2025 Curs [&hellip;]<\/p>\n","protected":false},"author":1,"featured_media":0,"parent":6146,"menu_order":0,"comment_status":"closed","ping_status":"closed","template":"page-templates\/side-menu.php","meta":{"_bbp_topic_count":0,"_bbp_reply_count":0,"_bbp_total_topic_count":0,"_bbp_total_reply_count":0,"_bbp_voice_count":0,"_bbp_anonymous_reply_count":0,"_bbp_topic_count_hidden":0,"_bbp_reply_count_hidden":0,"_bbp_forum_subforum_count":0,"site-sidebar-layout":"default","site-content-layout":"","ast-site-content-layout":"","site-content-style":"default","site-sidebar-style":"default","ast-global-header-display":"","ast-banner-title-visibility":"","ast-main-header-display":"","ast-hfb-above-header-display":"","ast-hfb-below-header-display":"","ast-hfb-mobile-header-display":"","site-post-title":"","ast-breadcrumbs-content":"","ast-featured-img":"","footer-sml-layout":"","theme-transparent-header-meta":"","adv-header-id-meta":"","stick-header-meta":"","header-above-stick-meta":"","header-main-stick-meta":"","header-below-stick-meta":"","astra-migrate-meta-layouts":"default","ast-page-background-enabled":"default","ast-page-background-meta":{"desktop":{"background-color":"var(--ast-global-color-4)","background-image":"","background-repeat":"repeat","background-position":"center center","background-size":"auto","background-attachment":"scroll","background-type":"","background-media":"","overlay-type":"","overlay-color":"","overlay-opacity":"","overlay-gradient":""},"tablet":{"background-color":"","background-image":"","background-repeat":"repeat","background-position":"center center","background-size":"auto","background-attachment":"scroll","background-type":"","background-media":"","overlay-type":"","overlay-color":"","overlay-opacity":"","overlay-gradient":""},"mobile":{"background-color":"","background-image":"","background-repeat":"repeat","background-position":"center center","background-size":"auto","background-attachment":"scroll","background-type":"","background-media":"","overlay-type":"","overlay-color":"","overlay-opacity":"","overlay-gradient":""}},"ast-content-background-meta":{"desktop":{"background-color":"var(--ast-global-color-5)","background-image":"","background-repeat":"repeat","background-position":"center center","background-size":"auto","background-attachment":"scroll","background-type":"","background-media":"","overlay-type":"","overlay-color":"","overlay-opacity":"","overlay-gradient":""},"tablet":{"background-color":"var(--ast-global-color-5)","background-image":"","background-repeat":"repeat","background-position":"center center","background-size":"auto","background-attachment":"scroll","background-type":"","background-media":"","overlay-type":"","overlay-color":"","overlay-opacity":"","overlay-gradient":""},"mobile":{"background-color":"var(--ast-global-color-5)","background-image":"","background-repeat":"repeat","background-position":"center center","background-size":"auto","background-attachment":"scroll","background-type":"","background-media":"","overlay-type":"","overlay-color":"","overlay-opacity":"","overlay-gradient":""}},"footnotes":""},"class_list":["post-6154","page","type-page","status-publish","hentry"],"post_mailing_queue_ids":[],"_links":{"self":[{"href":"https:\/\/agora.xtec.cat\/inspladelbosc\/wp-json\/wp\/v2\/pages\/6154","targetHints":{"allow":["GET"]}}],"collection":[{"href":"https:\/\/agora.xtec.cat\/inspladelbosc\/wp-json\/wp\/v2\/pages"}],"about":[{"href":"https:\/\/agora.xtec.cat\/inspladelbosc\/wp-json\/wp\/v2\/types\/page"}],"author":[{"embeddable":true,"href":"https:\/\/agora.xtec.cat\/inspladelbosc\/wp-json\/wp\/v2\/users\/1"}],"replies":[{"embeddable":true,"href":"https:\/\/agora.xtec.cat\/inspladelbosc\/wp-json\/wp\/v2\/comments?post=6154"}],"version-history":[{"count":3,"href":"https:\/\/agora.xtec.cat\/inspladelbosc\/wp-json\/wp\/v2\/pages\/6154\/revisions"}],"predecessor-version":[{"id":6158,"href":"https:\/\/agora.xtec.cat\/inspladelbosc\/wp-json\/wp\/v2\/pages\/6154\/revisions\/6158"}],"up":[{"embeddable":true,"href":"https:\/\/agora.xtec.cat\/inspladelbosc\/wp-json\/wp\/v2\/pages\/6146"}],"wp:attachment":[{"href":"https:\/\/agora.xtec.cat\/inspladelbosc\/wp-json\/wp\/v2\/media?parent=6154"}],"curies":[{"name":"wp","href":"https:\/\/api.w.org\/{rel}","templated":true}]}}