{"id":6148,"date":"2023-04-20T14:44:20","date_gmt":"2023-04-20T12:44:20","guid":{"rendered":"https:\/\/agora.xtec.cat\/inspladelbosc\/?page_id=6148"},"modified":"2023-04-20T16:38:35","modified_gmt":"2023-04-20T14:38:35","slug":"diagnosi","status":"publish","type":"page","link":"https:\/\/agora.xtec.cat\/inspladelbosc\/estrategia-digital-de-centre\/pla-estrategic\/diagnosi\/","title":{"rendered":"Diagnosi"},"content":{"rendered":"<p><span style=\"font-weight: 400;\">Per a poder elaborar l&#8217;Estrat\u00e8gia Digital de Centre, el primer pas va ser realitzar la diagnosi, per la qual la comissi\u00f3 digital del centre va optar per emprar <strong>SELFIE<\/strong>:<\/span><\/p>\n<ul>\n<li style=\"font-weight: 400;\" aria-level=\"1\"><b>Selfie<\/b><span style=\"font-weight: 400;\">: una eina gratu\u00efta, creada per la Comissi\u00f3 Europea, per ajudar als centres educatius a fer una diagnosi del seu grau d\u2019implementaci\u00f3 de les tecnologies digitals. A donat resposta al q\u00fcestionari Selfie el 50% de l\u2019equip directiu, el 39% de l\u2019equip docent i el 68% de l\u2019alumnat d&#8217;ESO i Batxillerat i el 55% de l&#8217;alumnat d&#8217;FP.<\/span><\/li>\n<\/ul>\n<p><span style=\"font-weight: 400;\">Reunida la comissi\u00f3 d\u2019estrat\u00e8gia digital de centre va obtenir els seg\u00fcents resultats fruits de la reflexi\u00f3 emprant les eines anteriorment citades.<\/span><\/p>\n<table style=\"width: 100%; border-collapse: collapse;\" border=\"1\">\n<tbody>\n<tr>\n<td style=\"width: 50%; background-color: #ff5023; text-align: center;\"><strong>PUNTS FORTS<\/strong><\/td>\n<td style=\"width: 50%; background-color: #ff5023; text-align: center;\"><strong>OPORTUNITATS DE MILLORA<\/strong><\/td>\n<\/tr>\n<tr>\n<td style=\"width: 50%; vertical-align: top;\">\n<ul>\n<li>Dispositius per a l\u2019alumnat<\/li>\n<li>Dispositius digitals per a l&#8217;ensenyament<\/li>\n<li>Col\u00b7laboraci\u00f3 de l&#8217;alumnat<\/li>\n<li>Destreses digitals per a diferents mat\u00e8ries<\/li>\n<li>Compet\u00e8ncia digital de l\u2019alumnat<\/li>\n<li>Seguretat en l\u2019\u00fas de la tecnologia<\/li>\n<li>Adopci\u00f3 de la tecnologia<\/li>\n<li>\u00das de la tecnologia per part de l\u2019alumnat<\/li>\n<li>Acc\u00e9s de l\u2019alumnat a dispositius fora de l\u2019escola<\/li>\n<\/ul>\n<\/td>\n<td style=\"width: 50%; vertical-align: top;\">\n<ul>\n<li>Estrat\u00e8gia digital<\/li>\n<li>Temps per explorar l\u2019ensenyament digital<\/li>\n<li>Avaluaci\u00f3 del progr\u00e9s<\/li>\n<li>Debat sobre l&#8217;\u00fas de la tecnologia<\/li>\n<li>Assist\u00e8ncia t\u00e8cnica<\/li>\n<li>Intercanvi d&#8217;experi\u00e8ncies<\/li>\n<li>Projectes interdisciplinaris<\/li>\n<li>Verificar la qualitat de la informaci\u00f3<\/li>\n<li>Atorgar reconeixement al treball dels altres<\/li>\n<li>Motivaci\u00f3 de l\u2019alumnat<\/li>\n<\/ul>\n<\/td>\n<\/tr>\n<\/tbody>\n<\/table>\n","protected":false},"excerpt":{"rendered":"<p>Per a poder elaborar l&#8217;Estrat\u00e8gia Digital de Centre, el primer pas va ser realitzar la diagnosi, per la qual la comissi\u00f3 digital del centre va optar per emprar SELFIE: Selfie: una eina gratu\u00efta, creada per la Comissi\u00f3 Europea, per ajudar als centres educatius a fer una diagnosi del seu grau d\u2019implementaci\u00f3 de les tecnologies digitals. [&hellip;]<\/p>\n","protected":false},"author":1,"featured_media":0,"parent":6146,"menu_order":0,"comment_status":"closed","ping_status":"closed","template":"page-templates\/side-menu.php","meta":{"_bbp_topic_count":0,"_bbp_reply_count":0,"_bbp_total_topic_count":0,"_bbp_total_reply_count":0,"_bbp_voice_count":0,"_bbp_anonymous_reply_count":0,"_bbp_topic_count_hidden":0,"_bbp_reply_count_hidden":0,"_bbp_forum_subforum_count":0,"site-sidebar-layout":"default","site-content-layout":"","ast-site-content-layout":"","site-content-style":"default","site-sidebar-style":"default","ast-global-header-display":"","ast-banner-title-visibility":"","ast-main-header-display":"","ast-hfb-above-header-display":"","ast-hfb-below-header-display":"","ast-hfb-mobile-header-display":"","site-post-title":"","ast-breadcrumbs-content":"","ast-featured-img":"","footer-sml-layout":"","theme-transparent-header-meta":"","adv-header-id-meta":"","stick-header-meta":"","header-above-stick-meta":"","header-main-stick-meta":"","header-below-stick-meta":"","astra-migrate-meta-layouts":"default","ast-page-background-enabled":"default","ast-page-background-meta":{"desktop":{"background-color":"var(--ast-global-color-4)","background-image":"","background-repeat":"repeat","background-position":"center center","background-size":"auto","background-attachment":"scroll","background-type":"","background-media":"","overlay-type":"","overlay-color":"","overlay-opacity":"","overlay-gradient":""},"tablet":{"background-color":"","background-image":"","background-repeat":"repeat","background-position":"center center","background-size":"auto","background-attachment":"scroll","background-type":"","background-media":"","overlay-type":"","overlay-color":"","overlay-opacity":"","overlay-gradient":""},"mobile":{"background-color":"","background-image":"","background-repeat":"repeat","background-position":"center center","background-size":"auto","background-attachment":"scroll","background-type":"","background-media":"","overlay-type":"","overlay-color":"","overlay-opacity":"","overlay-gradient":""}},"ast-content-background-meta":{"desktop":{"background-color":"var(--ast-global-color-5)","background-image":"","background-repeat":"repeat","background-position":"center center","background-size":"auto","background-attachment":"scroll","background-type":"","background-media":"","overlay-type":"","overlay-color":"","overlay-opacity":"","overlay-gradient":""},"tablet":{"background-color":"var(--ast-global-color-5)","background-image":"","background-repeat":"repeat","background-position":"center center","background-size":"auto","background-attachment":"scroll","background-type":"","background-media":"","overlay-type":"","overlay-color":"","overlay-opacity":"","overlay-gradient":""},"mobile":{"background-color":"var(--ast-global-color-5)","background-image":"","background-repeat":"repeat","background-position":"center center","background-size":"auto","background-attachment":"scroll","background-type":"","background-media":"","overlay-type":"","overlay-color":"","overlay-opacity":"","overlay-gradient":""}},"footnotes":""},"class_list":["post-6148","page","type-page","status-publish","hentry"],"post_mailing_queue_ids":[],"_links":{"self":[{"href":"https:\/\/agora.xtec.cat\/inspladelbosc\/wp-json\/wp\/v2\/pages\/6148","targetHints":{"allow":["GET"]}}],"collection":[{"href":"https:\/\/agora.xtec.cat\/inspladelbosc\/wp-json\/wp\/v2\/pages"}],"about":[{"href":"https:\/\/agora.xtec.cat\/inspladelbosc\/wp-json\/wp\/v2\/types\/page"}],"author":[{"embeddable":true,"href":"https:\/\/agora.xtec.cat\/inspladelbosc\/wp-json\/wp\/v2\/users\/1"}],"replies":[{"embeddable":true,"href":"https:\/\/agora.xtec.cat\/inspladelbosc\/wp-json\/wp\/v2\/comments?post=6148"}],"version-history":[{"count":3,"href":"https:\/\/agora.xtec.cat\/inspladelbosc\/wp-json\/wp\/v2\/pages\/6148\/revisions"}],"predecessor-version":[{"id":6161,"href":"https:\/\/agora.xtec.cat\/inspladelbosc\/wp-json\/wp\/v2\/pages\/6148\/revisions\/6161"}],"up":[{"embeddable":true,"href":"https:\/\/agora.xtec.cat\/inspladelbosc\/wp-json\/wp\/v2\/pages\/6146"}],"wp:attachment":[{"href":"https:\/\/agora.xtec.cat\/inspladelbosc\/wp-json\/wp\/v2\/media?parent=6148"}],"curies":[{"name":"wp","href":"https:\/\/api.w.org\/{rel}","templated":true}]}}