{"id":4661,"date":"2021-04-13T23:31:10","date_gmt":"2021-04-13T21:31:10","guid":{"rendered":"https:\/\/agora.xtec.cat\/inspladelbosc\/?page_id=4661"},"modified":"2025-11-06T13:13:15","modified_gmt":"2025-11-06T12:13:15","slug":"cfgm-aprofitament-i-conservacio-del-medi-natural","status":"publish","type":"page","link":"https:\/\/agora.xtec.cat\/inspladelbosc\/estudis-de-formacio-professional\/cfgm-aprofitament-i-conservacio-del-medi-natural\/","title":{"rendered":"CFGM Aprofitament i Conservaci\u00f3 del Medi Natural"},"content":{"rendered":"<p>La ubicaci\u00f3 d\u2019aquests estudis \u00e9s a la <b>masia Cal Ferrer de Llacunalba, Av. Canyelles, 8 Urb. Les Palmeres<\/b> (Canyelles).<\/p>\n<p>Per a gestions de Secretaria cal adre\u00e7ar-se a la seu central de l&#8217;institut, al C\/ Verge de Montserrat, 1 (Canyelles).<\/p>\n<p style=\"text-align: center;\"><iframe loading=\"lazy\" src=\"https:\/\/www.slideshare.net\/slideshow\/embed_code\/key\/JJMcQZypTfmLhf?hostedIn=slideshare&amp;page=upload\" width=\"476\" height=\"400\" frameborder=\"0\" marginwidth=\"0\" marginheight=\"0\" scrolling=\"no\"><\/iframe><br \/>\n<strong>D\u00edptic CFGM Aprofitament i conservaci\u00f3 medi natural a l&#8217;Institut Pla del Bosc<\/strong> (cliqueu a <a href=\"https:\/\/agora.xtec.cat\/inspladelbosc\/wp-content\/uploads\/usu136\/2024\/04\/Diptic-CFGM.pdf\"><strong>l&#8217;enlla\u00e7<\/strong><\/a> per a descarregar-lo)<\/p>\n<p style=\"text-align: center;\">El curs 2021-22 vam iniciar els estudis de <b>T\u00e8cnic\/a en Aprofitament i Conservaci\u00f3 del Medi Natural<\/b>, ensenyament de Formaci\u00f3 professional de grau mitj\u00e0 de la fam\u00edlia professional agr\u00e0ria.<\/p>\n<p>Aquests estudis capaciten per realitzar les operacions de repoblaci\u00f3 forestal, de restauraci\u00f3 o ordenaci\u00f3 hidrol\u00f2gic-forestal i d&#8217;aprofitament forestal aix\u00ed com el control i la vigil\u00e0ncia del medi natural, manejant i mantenint la maquin\u00e0ria i les instal\u00b7lacions forestals.<\/p>\n<p>La durada \u00e9s de 2.000 hores (416 en un centre de treball) distribu\u00efdes en dos cursos acad\u00e8mics.<\/p>\n<p>Es pot accedir amb el t\u00edtol de graduat en ESO o d\u2019altres equivalents.<br \/>\n<!--\n\n\n<p style=\"text-align: center;\"><iframe loading=\"lazy\" src=\"https:\/\/www.slideshare.net\/slideshow\/embed_code\/key\/Bgx09FNt5A7vYu?hostedIn=slideshare&amp;page=upload\" width=\"595\" height=\"485\" frameborder=\"0\" marginwidth=\"0\" marginheight=\"0\" scrolling=\"no\"><\/iframe><\/p>\n\n\n<strong>D\u00edptic CFGM Aprofitament i conservaci\u00f3 medi natural a l'Institut Pla del Bosc<\/strong> (cliqueu a <a href=\"https:\/\/agora.xtec.cat\/inspladelbosc\/wp-content\/uploads\/usu136\/2022\/04\/CFGM-APROFITAMENT-I-CONSERVACIO-MEDI-NATURAL.pdf\"><strong>l'enlla\u00e7<\/strong><\/a> per a descarregar-lo)\n--><\/p>\n<p><b><i>Guia CFGM Aprofitament i conservaci\u00f3 medi natural<\/i><\/b> <strong>del Departament d&#8217;Educaci\u00f3 <\/strong>&gt;&gt; <a href=\"https:\/\/agora.xtec.cat\/inspladelbosc\/wp-content\/uploads\/usu136\/2024\/04\/CFPM____AR30_CA-2.pdf\"><strong>enlla\u00e7<\/strong><\/a><\/p>\n<p>&nbsp;<\/p>\n<p>&nbsp;<\/p>\n<p><b><i>\u00a0<\/i><\/b><\/p>\n<p>&nbsp;<\/p>\n<p>&nbsp;<\/p>\n","protected":false},"excerpt":{"rendered":"<p>La ubicaci\u00f3 d\u2019aquests estudis \u00e9s a la masia Cal Ferrer de Llacunalba, Av. Canyelles, 8 Urb. Les Palmeres (Canyelles). Per a gestions de Secretaria cal adre\u00e7ar-se a la seu central de l&#8217;institut, al C\/ Verge de Montserrat, 1 (Canyelles). D\u00edptic CFGM Aprofitament i conservaci\u00f3 medi natural a l&#8217;Institut Pla del Bosc (cliqueu a l&#8217;enlla\u00e7 per [&hellip;]<\/p>\n","protected":false},"author":7,"featured_media":0,"parent":6115,"menu_order":0,"comment_status":"closed","ping_status":"closed","template":"","meta":{"_bbp_topic_count":0,"_bbp_reply_count":0,"_bbp_total_topic_count":0,"_bbp_total_reply_count":0,"_bbp_voice_count":0,"_bbp_anonymous_reply_count":0,"_bbp_topic_count_hidden":0,"_bbp_reply_count_hidden":0,"_bbp_forum_subforum_count":0,"site-sidebar-layout":"default","site-content-layout":"","ast-site-content-layout":"default","site-content-style":"default","site-sidebar-style":"default","ast-global-header-display":"","ast-banner-title-visibility":"","ast-main-header-display":"","ast-hfb-above-header-display":"","ast-hfb-below-header-display":"","ast-hfb-mobile-header-display":"","site-post-title":"","ast-breadcrumbs-content":"","ast-featured-img":"","footer-sml-layout":"","theme-transparent-header-meta":"default","adv-header-id-meta":"","stick-header-meta":"","header-above-stick-meta":"","header-main-stick-meta":"","header-below-stick-meta":"","astra-migrate-meta-layouts":"set","ast-page-background-enabled":"default","ast-page-background-meta":{"desktop":{"background-color":"var(--ast-global-color-4)","background-image":"","background-repeat":"repeat","background-position":"center center","background-size":"auto","background-attachment":"scroll","background-type":"","background-media":"","overlay-type":"","overlay-color":"","overlay-opacity":"","overlay-gradient":""},"tablet":{"background-color":"","background-image":"","background-repeat":"repeat","background-position":"center center","background-size":"auto","background-attachment":"scroll","background-type":"","background-media":"","overlay-type":"","overlay-color":"","overlay-opacity":"","overlay-gradient":""},"mobile":{"background-color":"","background-image":"","background-repeat":"repeat","background-position":"center center","background-size":"auto","background-attachment":"scroll","background-type":"","background-media":"","overlay-type":"","overlay-color":"","overlay-opacity":"","overlay-gradient":""}},"ast-content-background-meta":{"desktop":{"background-color":"var(--ast-global-color-5)","background-image":"","background-repeat":"repeat","background-position":"center center","background-size":"auto","background-attachment":"scroll","background-type":"","background-media":"","overlay-type":"","overlay-color":"","overlay-opacity":"","overlay-gradient":""},"tablet":{"background-color":"var(--ast-global-color-5)","background-image":"","background-repeat":"repeat","background-position":"center center","background-size":"auto","background-attachment":"scroll","background-type":"","background-media":"","overlay-type":"","overlay-color":"","overlay-opacity":"","overlay-gradient":""},"mobile":{"background-color":"var(--ast-global-color-5)","background-image":"","background-repeat":"repeat","background-position":"center center","background-size":"auto","background-attachment":"scroll","background-type":"","background-media":"","overlay-type":"","overlay-color":"","overlay-opacity":"","overlay-gradient":""}},"footnotes":""},"class_list":["post-4661","page","type-page","status-publish","hentry"],"post_mailing_queue_ids":[],"_links":{"self":[{"href":"https:\/\/agora.xtec.cat\/inspladelbosc\/wp-json\/wp\/v2\/pages\/4661","targetHints":{"allow":["GET"]}}],"collection":[{"href":"https:\/\/agora.xtec.cat\/inspladelbosc\/wp-json\/wp\/v2\/pages"}],"about":[{"href":"https:\/\/agora.xtec.cat\/inspladelbosc\/wp-json\/wp\/v2\/types\/page"}],"author":[{"embeddable":true,"href":"https:\/\/agora.xtec.cat\/inspladelbosc\/wp-json\/wp\/v2\/users\/7"}],"replies":[{"embeddable":true,"href":"https:\/\/agora.xtec.cat\/inspladelbosc\/wp-json\/wp\/v2\/comments?post=4661"}],"version-history":[{"count":5,"href":"https:\/\/agora.xtec.cat\/inspladelbosc\/wp-json\/wp\/v2\/pages\/4661\/revisions"}],"predecessor-version":[{"id":7490,"href":"https:\/\/agora.xtec.cat\/inspladelbosc\/wp-json\/wp\/v2\/pages\/4661\/revisions\/7490"}],"up":[{"embeddable":true,"href":"https:\/\/agora.xtec.cat\/inspladelbosc\/wp-json\/wp\/v2\/pages\/6115"}],"wp:attachment":[{"href":"https:\/\/agora.xtec.cat\/inspladelbosc\/wp-json\/wp\/v2\/media?parent=4661"}],"curies":[{"name":"wp","href":"https:\/\/api.w.org\/{rel}","templated":true}]}}