{"id":4522,"date":"2021-02-27T01:19:37","date_gmt":"2021-02-27T00:19:37","guid":{"rendered":"https:\/\/agora.xtec.cat\/inspladelbosc\/?page_id=4522"},"modified":"2025-11-06T13:15:02","modified_gmt":"2025-11-06T12:15:02","slug":"pfi","status":"publish","type":"page","link":"https:\/\/agora.xtec.cat\/inspladelbosc\/estudis-de-formacio-professional\/pfi\/","title":{"rendered":"PFI Auxiliar d&#8217;Activitats Forestals"},"content":{"rendered":"<p>La ubicaci\u00f3 d\u2019aquests estudis \u00e9s a la <b>masia Cal Ferrer de Llacunalba, Av. Canyelles, 8 Urb. Les Palmeres<\/b> (Canyelles).<\/p>\n<p>Per a gestions de Secretaria cal adre\u00e7ar-se a la seu central de l\u2019institut, al C\/ Verge de Montserrat, 1 (Canyelles).<\/p>\n<p>El curs 2020-21 vam posar en marxa el Programa de Formaci\u00f3 i Inserci\u00f3 (PFI) en la modalitat de Pla d\u2019Iniciaci\u00f3 Professional (PIP) del perfil d\u2019<b>auxiliar d\u2019activitats forestals<\/b>.<\/p>\n<p>Amb una durada total de 1.000 hores distribu\u00efdes en un curs acad\u00e8mic, es vol proporcionar a joves de 16 a 21 anys que no hagin obtingut el t\u00edtol de l\u2019ESO la possibilitat de continuar estudis de formaci\u00f3 professional.<\/p>\n<p style=\"text-align: left;\">Inclou m\u00f2duls de formaci\u00f3 general i m\u00f2duls de formaci\u00f3 professional i dins d\u2019aquests \u00faltim trobem les pr\u00e0ctiques en empresa.<\/p>\n<p style=\"text-align: center;\"><!--<\/p>\n\n\n\n\n<p style=\"text-align: center;\"><iframe loading=\"lazy\" src=\"https:\/\/www.slideshare.net\/slideshow\/embed_code\/key\/8OFrbDG6hyuL2Z?hostedIn=slideshare&amp;page=upload\" width=\"476\" height=\"400\" frameborder=\"0\" marginwidth=\"0\" marginheight=\"0\" scrolling=\"no\"><\/iframe><\/p>\n\n\n--><iframe loading=\"lazy\" style=\"border: 1px solid #CCC; border-width: 1px; margin-bottom: 5px; max-width: 100%;\" src=\"https:\/\/www.slideshare.net\/slideshow\/embed_code\/key\/nLvreLKFaisDWW?startSlide=1\" width=\"597\" height=\"486\" frameborder=\"0\" marginwidth=\"0\" marginheight=\"0\" scrolling=\"no\" allowfullscreen=\"allowfullscreen\"><\/iframe><\/p>\n<p><strong> D\u00edptic PFI Auxiliar d&#8217;activitats forestals a l&#8217;Institut Pla del Bosc <\/strong>(cliqueu a <a href=\"https:\/\/de.slideshare.net\/slideshow\/dptic-pfi-pfi-pfi-pfi-pfi-pfi-pfi-pfpdf\/267231773\"><strong>l&#8217;enlla\u00e7<\/strong><\/a>)<\/p>\n<p><strong>Guia PFI &#8211; Itineraris<\/strong> <strong>del Departament d&#8217;Educaci\u00f3<\/strong> (cliqueu a <a href=\"https:\/\/agora.xtec.cat\/inspladelbosc\/wp-content\/uploads\/usu136\/2024\/04\/PFI_____AR01_CA-2.pdf\"><strong>l&#8217;enlla\u00e7<\/strong><\/a>)<\/p>\n<p><!--\n<strong><span style=\"display: inline-block; width: 0px; overflow: hidden; line-height: 0;\" data-mce-type=\"bookmark\" class=\"mce_SELRES_start\"><\/span>Portes obertes PFI Curs 2022-23 (abril-2022):\n<\/strong>\n\n\n<p style=\"text-align: center;\"><iframe loading=\"lazy\" src=\"https:\/\/www.slideshare.net\/slideshow\/embed_code\/key\/HJsJCuPlUNUzIN?hostedIn=slideshare&amp;page=upload\" width=\"476\" height=\"400\" frameborder=\"0\" marginwidth=\"0\" marginheight=\"0\" scrolling=\"no\"><\/iframe><\/p>\n\n\n<strong>Informaci\u00f3 transport Ajuntament<\/strong> &gt;&gt;<a href=\"https:\/\/agora.xtec.cat\/inspladelbosc\/wp-content\/uploads\/usu136\/2022\/07\/Informacio-transport-Ajuntament.pdf\"><strong> enlla\u00e7<\/strong><\/a>\n--><\/p>\n<p>El PFI Auxiliar Activitats Forestals Pla del Bosc vist pels seus alumnes:<\/p>\n<p><a href=\"https:\/\/drive.google.com\/file\/d\/10pqFr3vL5midDfF4GWK3sLqVTbDZE6Es\/view?usp=drive_link\"><img decoding=\"async\" class=\"size-full wp-image-7496 aligncenter\" src=\"https:\/\/agora.xtec.cat\/inspladelbosc\/wp-content\/uploads\/usu136\/2024\/04\/PortadaVideoPFI.jpg\" alt=\"\" width=\"100%\" height=\"100%\" srcset=\"https:\/\/agora.xtec.cat\/inspladelbosc\/wp-content\/uploads\/usu136\/2024\/04\/PortadaVideoPFI.jpg 905w, https:\/\/agora.xtec.cat\/inspladelbosc\/wp-content\/uploads\/usu136\/2024\/04\/PortadaVideoPFI-300x168.jpg 300w, https:\/\/agora.xtec.cat\/inspladelbosc\/wp-content\/uploads\/usu136\/2024\/04\/PortadaVideoPFI-768x431.jpg 768w\" sizes=\"(max-width: 905px) 100vw, 905px\" \/><\/a><\/p>\n<p><!-- https:\/\/youtu.be\/JCGvraKesN8 --><br \/>\nEl rap del PFI Auxiliar Activitats Forestals Pla del Bosc:<\/p>\n<div class=\"ast-oembed-container \" style=\"height: 100%;\"><iframe loading=\"lazy\" title=\"Rap del PFI 21-22\" width=\"500\" height=\"375\" src=\"https:\/\/www.youtube.com\/embed\/MkWqnlRqf-c?feature=oembed\" frameborder=\"0\" allow=\"accelerometer; autoplay; clipboard-write; encrypted-media; gyroscope; picture-in-picture; web-share\" referrerpolicy=\"strict-origin-when-cross-origin\" allowfullscreen><\/iframe><\/div>\n<p><!-- El PFI a trav\u00e9s dels seus protagonistes: https:\/\/www.youtube.com\/watch?v=cMaKO3e52wM&amp;feature=emb_logo&amp;ab_channel=ServeiPFI --><\/p>\n","protected":false},"excerpt":{"rendered":"<p>La ubicaci\u00f3 d\u2019aquests estudis \u00e9s a la masia Cal Ferrer de Llacunalba, Av. Canyelles, 8 Urb. Les Palmeres (Canyelles). Per a gestions de Secretaria cal adre\u00e7ar-se a la seu central de l\u2019institut, al C\/ Verge de Montserrat, 1 (Canyelles). El curs 2020-21 vam posar en marxa el Programa de Formaci\u00f3 i Inserci\u00f3 (PFI) en la [&hellip;]<\/p>\n","protected":false},"author":7,"featured_media":0,"parent":6115,"menu_order":0,"comment_status":"closed","ping_status":"closed","template":"","meta":{"_bbp_topic_count":0,"_bbp_reply_count":0,"_bbp_total_topic_count":0,"_bbp_total_reply_count":0,"_bbp_voice_count":0,"_bbp_anonymous_reply_count":0,"_bbp_topic_count_hidden":0,"_bbp_reply_count_hidden":0,"_bbp_forum_subforum_count":0,"site-sidebar-layout":"default","site-content-layout":"","ast-site-content-layout":"default","site-content-style":"default","site-sidebar-style":"default","ast-global-header-display":"","ast-banner-title-visibility":"","ast-main-header-display":"","ast-hfb-above-header-display":"","ast-hfb-below-header-display":"","ast-hfb-mobile-header-display":"","site-post-title":"","ast-breadcrumbs-content":"","ast-featured-img":"","footer-sml-layout":"","theme-transparent-header-meta":"default","adv-header-id-meta":"","stick-header-meta":"","header-above-stick-meta":"","header-main-stick-meta":"","header-below-stick-meta":"","astra-migrate-meta-layouts":"set","ast-page-background-enabled":"default","ast-page-background-meta":{"desktop":{"background-color":"var(--ast-global-color-4)","background-image":"","background-repeat":"repeat","background-position":"center center","background-size":"auto","background-attachment":"scroll","background-type":"","background-media":"","overlay-type":"","overlay-color":"","overlay-opacity":"","overlay-gradient":""},"tablet":{"background-color":"","background-image":"","background-repeat":"repeat","background-position":"center center","background-size":"auto","background-attachment":"scroll","background-type":"","background-media":"","overlay-type":"","overlay-color":"","overlay-opacity":"","overlay-gradient":""},"mobile":{"background-color":"","background-image":"","background-repeat":"repeat","background-position":"center center","background-size":"auto","background-attachment":"scroll","background-type":"","background-media":"","overlay-type":"","overlay-color":"","overlay-opacity":"","overlay-gradient":""}},"ast-content-background-meta":{"desktop":{"background-color":"var(--ast-global-color-5)","background-image":"","background-repeat":"repeat","background-position":"center center","background-size":"auto","background-attachment":"scroll","background-type":"","background-media":"","overlay-type":"","overlay-color":"","overlay-opacity":"","overlay-gradient":""},"tablet":{"background-color":"var(--ast-global-color-5)","background-image":"","background-repeat":"repeat","background-position":"center center","background-size":"auto","background-attachment":"scroll","background-type":"","background-media":"","overlay-type":"","overlay-color":"","overlay-opacity":"","overlay-gradient":""},"mobile":{"background-color":"var(--ast-global-color-5)","background-image":"","background-repeat":"repeat","background-position":"center center","background-size":"auto","background-attachment":"scroll","background-type":"","background-media":"","overlay-type":"","overlay-color":"","overlay-opacity":"","overlay-gradient":""}},"footnotes":""},"class_list":["post-4522","page","type-page","status-publish","hentry"],"post_mailing_queue_ids":[],"_links":{"self":[{"href":"https:\/\/agora.xtec.cat\/inspladelbosc\/wp-json\/wp\/v2\/pages\/4522","targetHints":{"allow":["GET"]}}],"collection":[{"href":"https:\/\/agora.xtec.cat\/inspladelbosc\/wp-json\/wp\/v2\/pages"}],"about":[{"href":"https:\/\/agora.xtec.cat\/inspladelbosc\/wp-json\/wp\/v2\/types\/page"}],"author":[{"embeddable":true,"href":"https:\/\/agora.xtec.cat\/inspladelbosc\/wp-json\/wp\/v2\/users\/7"}],"replies":[{"embeddable":true,"href":"https:\/\/agora.xtec.cat\/inspladelbosc\/wp-json\/wp\/v2\/comments?post=4522"}],"version-history":[{"count":6,"href":"https:\/\/agora.xtec.cat\/inspladelbosc\/wp-json\/wp\/v2\/pages\/4522\/revisions"}],"predecessor-version":[{"id":7497,"href":"https:\/\/agora.xtec.cat\/inspladelbosc\/wp-json\/wp\/v2\/pages\/4522\/revisions\/7497"}],"up":[{"embeddable":true,"href":"https:\/\/agora.xtec.cat\/inspladelbosc\/wp-json\/wp\/v2\/pages\/6115"}],"wp:attachment":[{"href":"https:\/\/agora.xtec.cat\/inspladelbosc\/wp-json\/wp\/v2\/media?parent=4522"}],"curies":[{"name":"wp","href":"https:\/\/api.w.org\/{rel}","templated":true}]}}