{"id":43,"date":"2017-10-10T16:45:07","date_gmt":"2017-10-10T14:45:07","guid":{"rendered":"http:\/\/agora.xtec.cat\/inspladelbosc\/?page_id=43"},"modified":"2026-03-06T08:43:52","modified_gmt":"2026-03-06T07:43:52","slug":"consell-escolar","status":"publish","type":"page","link":"https:\/\/agora.xtec.cat\/inspladelbosc\/linstitut\/consell-escolar\/","title":{"rendered":"Consell escolar"},"content":{"rendered":"<p>El consell escolar est\u00e0 format per una representaci\u00f3 de tota la comunitat educativa, pares i mares, professors, equip directiu, ajuntament, AMPA, alumnes i PAS. Es un \u00f2rgan col\u00b7legiat de govern del centre educatiu.<\/p>\n<p>Integren el Consell escolar:<\/p>\n<table style=\"width: 75%;\">\n<tbody>\n<tr style=\"height: 61px;\">\n<td style=\"width: 14.5482%; height: 61px; text-align: center;\"><strong>Pares i Mares<\/strong><\/td>\n<td style=\"width: 16.5391%; height: 61px; text-align: center;\"><strong>Alumnes<\/strong><\/td>\n<td style=\"width: 18.5299%; height: 61px; text-align: center;\"><strong>Professors<\/strong><\/td>\n<td style=\"width: 13.9357%; height: 61px; text-align: center;\"><strong>PAS<\/strong><\/td>\n<td style=\"width: 20.0613%; height: 61px; text-align: center;\"><strong>Ajuntament<\/strong><\/td>\n<td style=\"width: 16.2328%; height: 61px; text-align: center;\"><strong>Equip directiu<\/strong><\/td>\n<\/tr>\n<tr style=\"height: 97px;\">\n<td style=\"width: 14.5482%; height: 97px;\">Mireia Roca L\u00f3pez<\/td>\n<td style=\"width: 16.5391%; height: 97px;\">Iris Aller<\/td>\n<td style=\"width: 18.5299%; height: 97px;\">Marta Dalmau<\/td>\n<td style=\"width: 13.9357%; height: 97px;\">Eduard Pal\u00e0cios L\u00f3pez<\/td>\n<td style=\"width: 20.0613%; height: 97px;\">Marta Romero Moraleja<\/td>\n<td style=\"width: 16.2328%; height: 97px;\">\u00d2scar P\u00e9rez Adsuara<\/td>\n<\/tr>\n<tr style=\"height: 97px;\">\n<td style=\"width: 14.5482%; height: 97px;\">Salvador L\u00f3pez S\u00e1nchez<\/td>\n<td style=\"width: 16.5391%; height: 97px;\">Luc\u00eda Fern\u00e1ndez<\/td>\n<td style=\"width: 18.5299%; height: 97px;\">Lourdes Soler<\/td>\n<td style=\"width: 13.9357%; height: 97px;\"><\/td>\n<td style=\"width: 20.0613%; height: 97px;\"><\/td>\n<td style=\"width: 16.2328%; height: 97px;\">Sandra Sabat\u00e9s Alaman<\/td>\n<\/tr>\n<tr style=\"height: 142px;\">\n<td style=\"width: 14.5482%; height: 142px;\">Eli Serrano (AMPA)<\/td>\n<td style=\"width: 16.5391%; height: 142px;\"><\/td>\n<td style=\"width: 18.5299%; height: 142px;\">S\u00f2nia Pardo<\/td>\n<td style=\"width: 13.9357%; height: 142px;\"><\/td>\n<td style=\"width: 20.0613%; height: 142px;\"><\/td>\n<td style=\"width: 16.2328%; height: 142px;\">Marta Trillas<\/td>\n<\/tr>\n<tr style=\"height: 80px;\">\n<td style=\"width: 14.5482%; height: 80px;\"><strong>\u00a0<\/strong><\/td>\n<td style=\"width: 16.5391%; height: 80px;\"><\/td>\n<td style=\"width: 18.5299%; height: 80px;\">Gemma Madero<\/td>\n<td style=\"width: 13.9357%; height: 80px;\"><\/td>\n<td style=\"width: 20.0613%; height: 80px;\"><\/td>\n<td style=\"width: 16.2328%; height: 80px;\"><\/td>\n<\/tr>\n<tr style=\"height: 57px;\">\n<td style=\"width: 14.5482%; height: 57px;\"><strong>\u00a0<\/strong><\/td>\n<td style=\"width: 16.5391%; height: 57px;\"><\/td>\n<td style=\"width: 18.5299%; height: 57px;\"><\/td>\n<td style=\"width: 13.9357%; height: 57px;\"><\/td>\n<td style=\"width: 20.0613%; height: 57px;\"><\/td>\n<td style=\"width: 16.2328%; height: 57px;\">Laura Costej\u00e0 Llambrich (membre amb veu per\u00f2 sense vot)<\/td>\n<\/tr>\n<\/tbody>\n<\/table>\n","protected":false},"excerpt":{"rendered":"<p>El consell escolar est\u00e0 format per una representaci\u00f3 de tota la comunitat educativa, pares i mares, professors, equip directiu, ajuntament, AMPA, alumnes i PAS. Es un \u00f2rgan col\u00b7legiat de govern del centre educatiu. Integren el Consell escolar: Pares i Mares Alumnes Professors PAS Ajuntament Equip directiu Mireia Roca L\u00f3pez Iris Aller Marta Dalmau Eduard Pal\u00e0cios [&hellip;]<\/p>\n","protected":false},"author":1,"featured_media":0,"parent":19,"menu_order":40,"comment_status":"closed","ping_status":"closed","template":"","meta":{"_bbp_topic_count":0,"_bbp_reply_count":0,"_bbp_total_topic_count":0,"_bbp_total_reply_count":0,"_bbp_voice_count":0,"_bbp_anonymous_reply_count":0,"_bbp_topic_count_hidden":0,"_bbp_reply_count_hidden":0,"_bbp_forum_subforum_count":0,"site-sidebar-layout":"default","site-content-layout":"","ast-site-content-layout":"default","site-content-style":"default","site-sidebar-style":"default","ast-global-header-display":"","ast-banner-title-visibility":"","ast-main-header-display":"","ast-hfb-above-header-display":"","ast-hfb-below-header-display":"","ast-hfb-mobile-header-display":"","site-post-title":"","ast-breadcrumbs-content":"","ast-featured-img":"","footer-sml-layout":"","theme-transparent-header-meta":"default","adv-header-id-meta":"","stick-header-meta":"","header-above-stick-meta":"","header-main-stick-meta":"","header-below-stick-meta":"","astra-migrate-meta-layouts":"set","ast-page-background-enabled":"default","ast-page-background-meta":{"desktop":{"background-color":"var(--ast-global-color-4)","background-image":"","background-repeat":"repeat","background-position":"center center","background-size":"auto","background-attachment":"scroll","background-type":"","background-media":"","overlay-type":"","overlay-color":"","overlay-opacity":"","overlay-gradient":""},"tablet":{"background-color":"","background-image":"","background-repeat":"repeat","background-position":"center center","background-size":"auto","background-attachment":"scroll","background-type":"","background-media":"","overlay-type":"","overlay-color":"","overlay-opacity":"","overlay-gradient":""},"mobile":{"background-color":"","background-image":"","background-repeat":"repeat","background-position":"center center","background-size":"auto","background-attachment":"scroll","background-type":"","background-media":"","overlay-type":"","overlay-color":"","overlay-opacity":"","overlay-gradient":""}},"ast-content-background-meta":{"desktop":{"background-color":"var(--ast-global-color-5)","background-image":"","background-repeat":"repeat","background-position":"center center","background-size":"auto","background-attachment":"scroll","background-type":"","background-media":"","overlay-type":"","overlay-color":"","overlay-opacity":"","overlay-gradient":""},"tablet":{"background-color":"var(--ast-global-color-5)","background-image":"","background-repeat":"repeat","background-position":"center center","background-size":"auto","background-attachment":"scroll","background-type":"","background-media":"","overlay-type":"","overlay-color":"","overlay-opacity":"","overlay-gradient":""},"mobile":{"background-color":"var(--ast-global-color-5)","background-image":"","background-repeat":"repeat","background-position":"center center","background-size":"auto","background-attachment":"scroll","background-type":"","background-media":"","overlay-type":"","overlay-color":"","overlay-opacity":"","overlay-gradient":""}},"footnotes":""},"class_list":["post-43","page","type-page","status-publish","hentry"],"post_mailing_queue_ids":[],"_links":{"self":[{"href":"https:\/\/agora.xtec.cat\/inspladelbosc\/wp-json\/wp\/v2\/pages\/43","targetHints":{"allow":["GET"]}}],"collection":[{"href":"https:\/\/agora.xtec.cat\/inspladelbosc\/wp-json\/wp\/v2\/pages"}],"about":[{"href":"https:\/\/agora.xtec.cat\/inspladelbosc\/wp-json\/wp\/v2\/types\/page"}],"author":[{"embeddable":true,"href":"https:\/\/agora.xtec.cat\/inspladelbosc\/wp-json\/wp\/v2\/users\/1"}],"replies":[{"embeddable":true,"href":"https:\/\/agora.xtec.cat\/inspladelbosc\/wp-json\/wp\/v2\/comments?post=43"}],"version-history":[{"count":7,"href":"https:\/\/agora.xtec.cat\/inspladelbosc\/wp-json\/wp\/v2\/pages\/43\/revisions"}],"predecessor-version":[{"id":9027,"href":"https:\/\/agora.xtec.cat\/inspladelbosc\/wp-json\/wp\/v2\/pages\/43\/revisions\/9027"}],"up":[{"embeddable":true,"href":"https:\/\/agora.xtec.cat\/inspladelbosc\/wp-json\/wp\/v2\/pages\/19"}],"wp:attachment":[{"href":"https:\/\/agora.xtec.cat\/inspladelbosc\/wp-json\/wp\/v2\/media?parent=43"}],"curies":[{"name":"wp","href":"https:\/\/api.w.org\/{rel}","templated":true}]}}