{"id":39,"date":"2014-09-17T16:36:44","date_gmt":"2014-09-17T16:36:44","guid":{"rendered":"http:\/\/agora.xtec.cat\/inspladelbosc\/?page_id=39"},"modified":"2023-02-08T21:08:19","modified_gmt":"2023-02-08T20:08:19","slug":"instal%c2%b7lacions","status":"publish","type":"page","link":"https:\/\/agora.xtec.cat\/inspladelbosc\/linstitut\/instal%c2%b7lacions\/","title":{"rendered":"Instal\u00b7lacions"},"content":{"rendered":"<p><!--[slideshow_deploy id='107']--><\/p>\n<p><span style=\"color: #ff6600;\"><strong>Edifici principal (ESO):<\/strong><\/span><\/p>\n<p><span style=\"color: #000000;\"><span lang=\"ES\"><strong>Aules<\/strong>: l&#8217;institut compta amb <\/span><span lang=\"ES\">aules ordin\u00e0ries dotades de pissarres digitals, laboratori de ci\u00e8ncies, taller de tecnologia,\u00a0 pati exterior amb pista de futbol i taules de ping-pong. <\/span><\/span><\/p>\n<p><span style=\"color: #000000;\"><span lang=\"ES\">Per a l&#8217;educaci\u00f3 f\u00edsica es fa \u00fas del nou gimn\u00e0s municipal i per a confer\u00e8ncies i actes de la Sala Multicultural.<\/span><\/span><\/p>\n<p>A m\u00e9s, en 2017 es va incorporar als ja existents un nou edifici, dotant l&#8217;institut amb noves aules i espais per al treball i l&#8217;atenci\u00f3 a l&#8217;alumnat.<\/p>\n<p><span style=\"color: #000000;\"><strong><span lang=\"ES\">Altres serveis:<\/span><\/strong><span class=\"m_-6391285101711600703gmail-apple-converted-space\"><span lang=\"ES\">\u00a0<\/span><\/span><span lang=\"ES\">aparcament de bicicletes, sub-estaci\u00f3 meteorol\u00f2gica, taquilles&#8230;<\/span><\/span><\/p>\n<p><span style=\"color: #ff6600;\"><strong>Masia de Cal Ferrer de Llacunalba (CFGM i PFI) i Can Dori (IFE)<br \/>\n<\/strong><\/span><\/p>\n<p>El curs 2020-21 engeguem dos nous estudis de Formaci\u00f3 Professional, un Programa de Formaci\u00f3 i Inserci\u00f3 (PFI) i un Itinerari Formatiu Espec\u00edfic (IFE). Aquests es van ubicar provisionalment en l\u2019equipament municipal de <strong>Can Dori<\/strong> a la urbanitzaci\u00f3 Calif\u00f2rnia.<\/p>\n<p>Aquest equipament compta amb dues aules totalment equipades amb pantalla interactiva i ordinadors port\u00e0tils per a cadascun dels alumnes. Tamb\u00e9 disposa d\u2019una aula taller equipada amb eines i maquin\u00e0ria de treball de jardineria i forestal.<\/p>\n<p>El curs 2021-22 ampliem els estudis de Formaci\u00f3 Professional amb un Cicle Formatiu de Grau Mitj\u00e0 (CFGM). Aquests s\u2019ubiquen a la masia de Cal Ferrer de Llacunalba, a la urbanitzaci\u00f3 de les Palmeres.<\/p>\n<p>A partir del curs 2022-23 els estudis de CFGM i PFI s&#8217;ubiquen definitivament a la masia de Cal Ferrer de Llacunalba, a la urbanitzaci\u00f3 de les Palmeres, i els estudis d&#8217;IFE a Can Dori, a la urbanitzaci\u00f3 Calif\u00f2rnia.<\/p>\n<p>&nbsp;<\/p>\n<p><strong>Algunes imatges\u00a0de l&#8217;institut:<\/strong><\/p>\n<p><span style=\"color: #ff6600;\"><strong>Edifici principal (ESO):<\/strong><\/span><\/p>\n<p><a href=\"http:\/\/agora.xtec.cat\/inspladelbosc\/wp-content\/uploads\/usu136\/2014\/09\/P1070929_escalada.jpg\"><img decoding=\"async\" class=\"alignnone size-large wp-image-497\" src=\"http:\/\/agora.xtec.cat\/inspladelbosc\/wp-content\/uploads\/usu136\/2014\/09\/P1070929_escalada-1024x768.jpg\" alt=\"p1070929_escalada\" width=\"100%\" height=\"768\" srcset=\"https:\/\/agora.xtec.cat\/inspladelbosc\/wp-content\/uploads\/usu136\/2014\/09\/P1070929_escalada-1024x768.jpg 1024w, https:\/\/agora.xtec.cat\/inspladelbosc\/wp-content\/uploads\/usu136\/2014\/09\/P1070929_escalada-300x225.jpg 300w, https:\/\/agora.xtec.cat\/inspladelbosc\/wp-content\/uploads\/usu136\/2014\/09\/P1070929_escalada-768x576.jpg 768w, https:\/\/agora.xtec.cat\/inspladelbosc\/wp-content\/uploads\/usu136\/2014\/09\/P1070929_escalada-200x150.jpg 200w, https:\/\/agora.xtec.cat\/inspladelbosc\/wp-content\/uploads\/usu136\/2014\/09\/P1070929_escalada.jpg 1081w\" sizes=\"(max-width: 1024px) 100vw, 1024px\" \/><\/a><\/p>\n<p><a href=\"http:\/\/agora.xtec.cat\/inspladelbosc\/wp-content\/uploads\/usu136\/2014\/09\/P1070931_escalada.jpg\"><img decoding=\"async\" class=\"alignnone size-large wp-image-498\" src=\"http:\/\/agora.xtec.cat\/inspladelbosc\/wp-content\/uploads\/usu136\/2014\/09\/P1070931_escalada-1024x768.jpg\" alt=\"p1070931_escalada\" width=\"100%\" height=\"768\" srcset=\"https:\/\/agora.xtec.cat\/inspladelbosc\/wp-content\/uploads\/usu136\/2014\/09\/P1070931_escalada-1024x768.jpg 1024w, https:\/\/agora.xtec.cat\/inspladelbosc\/wp-content\/uploads\/usu136\/2014\/09\/P1070931_escalada-300x225.jpg 300w, https:\/\/agora.xtec.cat\/inspladelbosc\/wp-content\/uploads\/usu136\/2014\/09\/P1070931_escalada-768x576.jpg 768w, https:\/\/agora.xtec.cat\/inspladelbosc\/wp-content\/uploads\/usu136\/2014\/09\/P1070931_escalada-200x150.jpg 200w, https:\/\/agora.xtec.cat\/inspladelbosc\/wp-content\/uploads\/usu136\/2014\/09\/P1070931_escalada.jpg 1081w\" sizes=\"(max-width: 1024px) 100vw, 1024px\" \/><\/a><\/p>\n<p><a href=\"http:\/\/agora.xtec.cat\/inspladelbosc\/wp-content\/uploads\/usu136\/2014\/09\/P1070894_escalada.jpg\"><img decoding=\"async\" class=\"alignnone size-large wp-image-496\" src=\"http:\/\/agora.xtec.cat\/inspladelbosc\/wp-content\/uploads\/usu136\/2014\/09\/P1070894_escalada-1024x768.jpg\" alt=\"p1070894_escalada\" width=\"100%\" height=\"768\" srcset=\"https:\/\/agora.xtec.cat\/inspladelbosc\/wp-content\/uploads\/usu136\/2014\/09\/P1070894_escalada-1024x768.jpg 1024w, https:\/\/agora.xtec.cat\/inspladelbosc\/wp-content\/uploads\/usu136\/2014\/09\/P1070894_escalada-300x225.jpg 300w, https:\/\/agora.xtec.cat\/inspladelbosc\/wp-content\/uploads\/usu136\/2014\/09\/P1070894_escalada-768x576.jpg 768w, https:\/\/agora.xtec.cat\/inspladelbosc\/wp-content\/uploads\/usu136\/2014\/09\/P1070894_escalada-200x150.jpg 200w, https:\/\/agora.xtec.cat\/inspladelbosc\/wp-content\/uploads\/usu136\/2014\/09\/P1070894_escalada.jpg 1081w\" sizes=\"(max-width: 1024px) 100vw, 1024px\" \/><\/a><\/p>\n<p><a href=\"http:\/\/agora.xtec.cat\/inspladelbosc\/wp-content\/uploads\/usu136\/2017\/03\/P1070899_escalada.jpg\"><img decoding=\"async\" class=\"alignnone size-large wp-image-493\" src=\"http:\/\/agora.xtec.cat\/inspladelbosc\/wp-content\/uploads\/usu136\/2017\/03\/P1070899_escalada-1024x768.jpg\" alt=\"p1070899_escalada\" width=\"100%\" height=\"768\" srcset=\"https:\/\/agora.xtec.cat\/inspladelbosc\/wp-content\/uploads\/usu136\/2017\/03\/P1070899_escalada-1024x768.jpg 1024w, https:\/\/agora.xtec.cat\/inspladelbosc\/wp-content\/uploads\/usu136\/2017\/03\/P1070899_escalada-300x225.jpg 300w, https:\/\/agora.xtec.cat\/inspladelbosc\/wp-content\/uploads\/usu136\/2017\/03\/P1070899_escalada-768x576.jpg 768w, https:\/\/agora.xtec.cat\/inspladelbosc\/wp-content\/uploads\/usu136\/2017\/03\/P1070899_escalada-200x150.jpg 200w, https:\/\/agora.xtec.cat\/inspladelbosc\/wp-content\/uploads\/usu136\/2017\/03\/P1070899_escalada.jpg 1081w\" sizes=\"(max-width: 1024px) 100vw, 1024px\" \/><\/a><\/p>\n<p><a href=\"http:\/\/agora.xtec.cat\/inspladelbosc\/wp-content\/uploads\/usu136\/2015\/02\/carrusel004.png\"><img decoding=\"async\" class=\"alignnone size-large wp-image-238\" src=\"http:\/\/agora.xtec.cat\/inspladelbosc\/wp-content\/uploads\/usu136\/2015\/02\/carrusel004-1024x442.png\" alt=\"carrusel004\" width=\"100%\" height=\"442\" srcset=\"https:\/\/agora.xtec.cat\/inspladelbosc\/wp-content\/uploads\/usu136\/2015\/02\/carrusel004-1024x442.png 1024w, https:\/\/agora.xtec.cat\/inspladelbosc\/wp-content\/uploads\/usu136\/2015\/02\/carrusel004-300x129.png 300w, https:\/\/agora.xtec.cat\/inspladelbosc\/wp-content\/uploads\/usu136\/2015\/02\/carrusel004.png 1300w\" sizes=\"(max-width: 1024px) 100vw, 1024px\" \/><\/a><\/p>\n<p>&nbsp;<\/p>\n<p><a href=\"http:\/\/agora.xtec.cat\/inspladelbosc\/wp-content\/uploads\/usu136\/2014\/09\/P1070895_escalada.jpg\"><img decoding=\"async\" class=\"alignnone size-large wp-image-494\" src=\"http:\/\/agora.xtec.cat\/inspladelbosc\/wp-content\/uploads\/usu136\/2014\/09\/P1070895_escalada-1024x768.jpg\" alt=\"p1070895_escalada\" width=\"100%\" height=\"768\" srcset=\"https:\/\/agora.xtec.cat\/inspladelbosc\/wp-content\/uploads\/usu136\/2014\/09\/P1070895_escalada-1024x768.jpg 1024w, https:\/\/agora.xtec.cat\/inspladelbosc\/wp-content\/uploads\/usu136\/2014\/09\/P1070895_escalada-300x225.jpg 300w, https:\/\/agora.xtec.cat\/inspladelbosc\/wp-content\/uploads\/usu136\/2014\/09\/P1070895_escalada-768x576.jpg 768w, https:\/\/agora.xtec.cat\/inspladelbosc\/wp-content\/uploads\/usu136\/2014\/09\/P1070895_escalada-200x150.jpg 200w, https:\/\/agora.xtec.cat\/inspladelbosc\/wp-content\/uploads\/usu136\/2014\/09\/P1070895_escalada.jpg 1081w\" sizes=\"(max-width: 1024px) 100vw, 1024px\" \/><\/a><\/p>\n<p><a href=\"http:\/\/agora.xtec.cat\/inspladelbosc\/wp-content\/uploads\/usu136\/2015\/02\/carrusel003.png\"><img decoding=\"async\" class=\"alignnone size-large wp-image-237\" src=\"http:\/\/agora.xtec.cat\/inspladelbosc\/wp-content\/uploads\/usu136\/2015\/02\/carrusel003-1024x442.png\" alt=\"carrusel003\" width=\"100%\" height=\"442\" srcset=\"https:\/\/agora.xtec.cat\/inspladelbosc\/wp-content\/uploads\/usu136\/2015\/02\/carrusel003-1024x442.png 1024w, https:\/\/agora.xtec.cat\/inspladelbosc\/wp-content\/uploads\/usu136\/2015\/02\/carrusel003-300x129.png 300w, https:\/\/agora.xtec.cat\/inspladelbosc\/wp-content\/uploads\/usu136\/2015\/02\/carrusel003.png 1250w\" sizes=\"(max-width: 1024px) 100vw, 1024px\" \/><\/a><\/p>\n<p><a href=\"http:\/\/agora.xtec.cat\/inspladelbosc\/wp-content\/uploads\/usu136\/2014\/09\/P1070923_escalada.jpg\"><img decoding=\"async\" class=\"alignnone size-large wp-image-499\" src=\"http:\/\/agora.xtec.cat\/inspladelbosc\/wp-content\/uploads\/usu136\/2014\/09\/P1070923_escalada-1024x768.jpg\" alt=\"p1070923_escalada\" width=\"100%\" height=\"768\" srcset=\"https:\/\/agora.xtec.cat\/inspladelbosc\/wp-content\/uploads\/usu136\/2014\/09\/P1070923_escalada-1024x768.jpg 1024w, https:\/\/agora.xtec.cat\/inspladelbosc\/wp-content\/uploads\/usu136\/2014\/09\/P1070923_escalada-300x225.jpg 300w, https:\/\/agora.xtec.cat\/inspladelbosc\/wp-content\/uploads\/usu136\/2014\/09\/P1070923_escalada-768x576.jpg 768w, https:\/\/agora.xtec.cat\/inspladelbosc\/wp-content\/uploads\/usu136\/2014\/09\/P1070923_escalada-200x150.jpg 200w, https:\/\/agora.xtec.cat\/inspladelbosc\/wp-content\/uploads\/usu136\/2014\/09\/P1070923_escalada.jpg 1081w\" sizes=\"(max-width: 1024px) 100vw, 1024px\" \/><\/a><\/p>\n<p><img decoding=\"async\" class=\"size-large wp-image-504\" src=\"http:\/\/agora.xtec.cat\/inspladelbosc\/wp-content\/uploads\/usu136\/2014\/09\/P3070119_escalada-1024x768.jpg\" alt=\"OLYMPUS DIGITAL CAMERA\" width=\"100%\" height=\"768\" srcset=\"https:\/\/agora.xtec.cat\/inspladelbosc\/wp-content\/uploads\/usu136\/2014\/09\/P3070119_escalada-1024x768.jpg 1024w, https:\/\/agora.xtec.cat\/inspladelbosc\/wp-content\/uploads\/usu136\/2014\/09\/P3070119_escalada-300x225.jpg 300w, https:\/\/agora.xtec.cat\/inspladelbosc\/wp-content\/uploads\/usu136\/2014\/09\/P3070119_escalada-768x576.jpg 768w, https:\/\/agora.xtec.cat\/inspladelbosc\/wp-content\/uploads\/usu136\/2014\/09\/P3070119_escalada-200x150.jpg 200w, https:\/\/agora.xtec.cat\/inspladelbosc\/wp-content\/uploads\/usu136\/2014\/09\/P3070119_escalada.jpg 1081w\" sizes=\"(max-width: 1024px) 100vw, 1024px\" \/><\/p>\n<p><strong>Laboratori:<\/strong><\/p>\n<p><a href=\"http:\/\/agora.xtec.cat\/inspladelbosc\/wp-content\/uploads\/usu136\/2014\/09\/P3080122_microscopis_escalada.jpg\"><img decoding=\"async\" class=\"size-large wp-image-502\" src=\"http:\/\/agora.xtec.cat\/inspladelbosc\/wp-content\/uploads\/usu136\/2014\/09\/P3080122_microscopis_escalada-1024x768.jpg\" alt=\"OLYMPUS DIGITAL CAMERA\" width=\"100%\" height=\"768\" srcset=\"https:\/\/agora.xtec.cat\/inspladelbosc\/wp-content\/uploads\/usu136\/2014\/09\/P3080122_microscopis_escalada-1024x768.jpg 1024w, https:\/\/agora.xtec.cat\/inspladelbosc\/wp-content\/uploads\/usu136\/2014\/09\/P3080122_microscopis_escalada-300x225.jpg 300w, https:\/\/agora.xtec.cat\/inspladelbosc\/wp-content\/uploads\/usu136\/2014\/09\/P3080122_microscopis_escalada-768x576.jpg 768w, https:\/\/agora.xtec.cat\/inspladelbosc\/wp-content\/uploads\/usu136\/2014\/09\/P3080122_microscopis_escalada-200x150.jpg 200w, https:\/\/agora.xtec.cat\/inspladelbosc\/wp-content\/uploads\/usu136\/2014\/09\/P3080122_microscopis_escalada.jpg 1081w\" sizes=\"(max-width: 1024px) 100vw, 1024px\" \/><\/a><\/p>\n<p><span style=\"color: #ff6600;\"><strong>Can Dori (IFE):<br \/>\n<\/strong><\/span><\/p>\n<p><a href=\"https:\/\/agora.xtec.cat\/inspladelbosc\/wp-content\/uploads\/usu136\/2021\/02\/image010.png\"><img decoding=\"async\" class=\"alignnone size-full wp-image-4515\" src=\"https:\/\/agora.xtec.cat\/inspladelbosc\/wp-content\/uploads\/usu136\/2021\/02\/image010.png\" alt=\"\" width=\"100%\" height=\"466\" srcset=\"https:\/\/agora.xtec.cat\/inspladelbosc\/wp-content\/uploads\/usu136\/2021\/02\/image010.png 828w, https:\/\/agora.xtec.cat\/inspladelbosc\/wp-content\/uploads\/usu136\/2021\/02\/image010-300x169.png 300w, https:\/\/agora.xtec.cat\/inspladelbosc\/wp-content\/uploads\/usu136\/2021\/02\/image010-768x432.png 768w\" sizes=\"(max-width: 828px) 100vw, 828px\" \/><\/a><\/p>\n<p><a href=\"https:\/\/agora.xtec.cat\/inspladelbosc\/wp-content\/uploads\/usu136\/2021\/02\/image024.jpg\"><img decoding=\"async\" class=\"alignnone size-large wp-image-4516\" src=\"https:\/\/agora.xtec.cat\/inspladelbosc\/wp-content\/uploads\/usu136\/2021\/02\/image024-1024x575.jpg\" alt=\"\" width=\"100%\" height=\"575\" srcset=\"https:\/\/agora.xtec.cat\/inspladelbosc\/wp-content\/uploads\/usu136\/2021\/02\/image024-1024x575.jpg 1024w, https:\/\/agora.xtec.cat\/inspladelbosc\/wp-content\/uploads\/usu136\/2021\/02\/image024-300x168.jpg 300w, https:\/\/agora.xtec.cat\/inspladelbosc\/wp-content\/uploads\/usu136\/2021\/02\/image024-768x431.jpg 768w, https:\/\/agora.xtec.cat\/inspladelbosc\/wp-content\/uploads\/usu136\/2021\/02\/image024.jpg 2048w\" sizes=\"(max-width: 1024px) 100vw, 1024px\" \/><\/a><\/p>\n<p><a href=\"https:\/\/agora.xtec.cat\/inspladelbosc\/wp-content\/uploads\/usu136\/2021\/02\/image028.png\"><img decoding=\"async\" class=\"alignnone size-full wp-image-4517\" src=\"https:\/\/agora.xtec.cat\/inspladelbosc\/wp-content\/uploads\/usu136\/2021\/02\/image028.png\" alt=\"\" width=\"100%\" height=\"452\" srcset=\"https:\/\/agora.xtec.cat\/inspladelbosc\/wp-content\/uploads\/usu136\/2021\/02\/image028.png 802w, https:\/\/agora.xtec.cat\/inspladelbosc\/wp-content\/uploads\/usu136\/2021\/02\/image028-300x169.png 300w, https:\/\/agora.xtec.cat\/inspladelbosc\/wp-content\/uploads\/usu136\/2021\/02\/image028-768x433.png 768w\" sizes=\"(max-width: 802px) 100vw, 802px\" \/><\/a><\/p>\n<p>&nbsp;<\/p>\n<p><!--\n\n\n<table>\n\n\n<tbody>\n\n\n<tr>\n\n\n<td>Imatge del pati de l'escola<\/td>\n\n\n\n\n<td><a href=\"http:\/\/agora.xtec.cat\/inspladelbosc\/wp-content\/uploads\/usu136\/2015\/02\/carrusel003.png\"><img loading=\"lazy\" decoding=\"async\" class=\"alignnone size-medium wp-image-237\" src=\"http:\/\/agora.xtec.cat\/inspladelbosc\/wp-content\/uploads\/usu136\/2015\/02\/carrusel003-300x129.png\" alt=\"carrusel003\" width=\"300\" height=\"129\" srcset=\"https:\/\/agora.xtec.cat\/inspladelbosc\/wp-content\/uploads\/usu136\/2015\/02\/carrusel003-300x129.png 300w, https:\/\/agora.xtec.cat\/inspladelbosc\/wp-content\/uploads\/usu136\/2015\/02\/carrusel003-1024x442.png 1024w, https:\/\/agora.xtec.cat\/inspladelbosc\/wp-content\/uploads\/usu136\/2015\/02\/carrusel003.png 1250w\" sizes=\"auto, (max-width: 300px) 100vw, 300px\" \/><\/a><\/td>\n\n\n<\/tr>\n\n\n\n\n<tr><span style=\"display: inline-block; width: 0px; overflow: hidden; line-height: 0;\" data-mce-type=\"bookmark\" class=\"mce_SELRES_start\"><\/span>\n\n\n<td>Aula de primer\u00a0d'ESO<\/td>\n\n\n\n\n<td><a href=\"http:\/\/agora.xtec.cat\/inspladelbosc\/wp-content\/uploads\/usu136\/2015\/02\/carrusel004.png\"><img loading=\"lazy\" decoding=\"async\" class=\"alignnone size-medium wp-image-238\" src=\"http:\/\/agora.xtec.cat\/inspladelbosc\/wp-content\/uploads\/usu136\/2015\/02\/carrusel004-300x129.png\" alt=\"carrusel004\" width=\"300\" height=\"129\" srcset=\"https:\/\/agora.xtec.cat\/inspladelbosc\/wp-content\/uploads\/usu136\/2015\/02\/carrusel004-300x129.png 300w, https:\/\/agora.xtec.cat\/inspladelbosc\/wp-content\/uploads\/usu136\/2015\/02\/carrusel004-1024x442.png 1024w, https:\/\/agora.xtec.cat\/inspladelbosc\/wp-content\/uploads\/usu136\/2015\/02\/carrusel004.png 1300w\" sizes=\"auto, (max-width: 300px) 100vw, 300px\" \/><\/a><\/td>\n\n\n<\/tr>\n\n\n<\/tbody>\n\n\n<\/table>\n\n\n--><\/p>\n","protected":false},"excerpt":{"rendered":"<p>Edifici principal (ESO): Aules: l&#8217;institut compta amb aules ordin\u00e0ries dotades de pissarres digitals, laboratori de ci\u00e8ncies, taller de tecnologia,\u00a0 pati exterior amb pista de futbol i taules de ping-pong. Per a l&#8217;educaci\u00f3 f\u00edsica es fa \u00fas del nou gimn\u00e0s municipal i per a confer\u00e8ncies i actes de la Sala Multicultural. A m\u00e9s, en 2017 es [&hellip;]<\/p>\n","protected":false},"author":1,"featured_media":0,"parent":19,"menu_order":30,"comment_status":"closed","ping_status":"closed","template":"page-templates\/side-menu.php","meta":{"_bbp_topic_count":0,"_bbp_reply_count":0,"_bbp_total_topic_count":0,"_bbp_total_reply_count":0,"_bbp_voice_count":0,"_bbp_anonymous_reply_count":0,"_bbp_topic_count_hidden":0,"_bbp_reply_count_hidden":0,"_bbp_forum_subforum_count":0,"site-sidebar-layout":"default","site-content-layout":"","ast-site-content-layout":"","site-content-style":"default","site-sidebar-style":"default","ast-global-header-display":"","ast-banner-title-visibility":"","ast-main-header-display":"","ast-hfb-above-header-display":"","ast-hfb-below-header-display":"","ast-hfb-mobile-header-display":"","site-post-title":"","ast-breadcrumbs-content":"","ast-featured-img":"","footer-sml-layout":"","theme-transparent-header-meta":"","adv-header-id-meta":"","stick-header-meta":"","header-above-stick-meta":"","header-main-stick-meta":"","header-below-stick-meta":"","astra-migrate-meta-layouts":"default","ast-page-background-enabled":"default","ast-page-background-meta":{"desktop":{"background-color":"var(--ast-global-color-4)","background-image":"","background-repeat":"repeat","background-position":"center center","background-size":"auto","background-attachment":"scroll","background-type":"","background-media":"","overlay-type":"","overlay-color":"","overlay-opacity":"","overlay-gradient":""},"tablet":{"background-color":"","background-image":"","background-repeat":"repeat","background-position":"center center","background-size":"auto","background-attachment":"scroll","background-type":"","background-media":"","overlay-type":"","overlay-color":"","overlay-opacity":"","overlay-gradient":""},"mobile":{"background-color":"","background-image":"","background-repeat":"repeat","background-position":"center center","background-size":"auto","background-attachment":"scroll","background-type":"","background-media":"","overlay-type":"","overlay-color":"","overlay-opacity":"","overlay-gradient":""}},"ast-content-background-meta":{"desktop":{"background-color":"var(--ast-global-color-5)","background-image":"","background-repeat":"repeat","background-position":"center center","background-size":"auto","background-attachment":"scroll","background-type":"","background-media":"","overlay-type":"","overlay-color":"","overlay-opacity":"","overlay-gradient":""},"tablet":{"background-color":"var(--ast-global-color-5)","background-image":"","background-repeat":"repeat","background-position":"center center","background-size":"auto","background-attachment":"scroll","background-type":"","background-media":"","overlay-type":"","overlay-color":"","overlay-opacity":"","overlay-gradient":""},"mobile":{"background-color":"var(--ast-global-color-5)","background-image":"","background-repeat":"repeat","background-position":"center center","background-size":"auto","background-attachment":"scroll","background-type":"","background-media":"","overlay-type":"","overlay-color":"","overlay-opacity":"","overlay-gradient":""}},"footnotes":""},"class_list":["post-39","page","type-page","status-publish","hentry"],"post_mailing_queue_ids":[],"_links":{"self":[{"href":"https:\/\/agora.xtec.cat\/inspladelbosc\/wp-json\/wp\/v2\/pages\/39","targetHints":{"allow":["GET"]}}],"collection":[{"href":"https:\/\/agora.xtec.cat\/inspladelbosc\/wp-json\/wp\/v2\/pages"}],"about":[{"href":"https:\/\/agora.xtec.cat\/inspladelbosc\/wp-json\/wp\/v2\/types\/page"}],"author":[{"embeddable":true,"href":"https:\/\/agora.xtec.cat\/inspladelbosc\/wp-json\/wp\/v2\/users\/1"}],"replies":[{"embeddable":true,"href":"https:\/\/agora.xtec.cat\/inspladelbosc\/wp-json\/wp\/v2\/comments?post=39"}],"version-history":[{"count":4,"href":"https:\/\/agora.xtec.cat\/inspladelbosc\/wp-json\/wp\/v2\/pages\/39\/revisions"}],"predecessor-version":[{"id":405,"href":"https:\/\/agora.xtec.cat\/inspladelbosc\/wp-json\/wp\/v2\/pages\/39\/revisions\/405"}],"up":[{"embeddable":true,"href":"https:\/\/agora.xtec.cat\/inspladelbosc\/wp-json\/wp\/v2\/pages\/19"}],"wp:attachment":[{"href":"https:\/\/agora.xtec.cat\/inspladelbosc\/wp-json\/wp\/v2\/media?parent=39"}],"curies":[{"name":"wp","href":"https:\/\/api.w.org\/{rel}","templated":true}]}}