{"id":19,"date":"2014-09-17T14:56:56","date_gmt":"2014-09-17T14:56:56","guid":{"rendered":"http:\/\/agora.xtec.cat\/inspladelbosc\/?page_id=19"},"modified":"2022-03-31T19:21:54","modified_gmt":"2022-03-31T17:21:54","slug":"linstitut","status":"publish","type":"page","link":"https:\/\/agora.xtec.cat\/inspladelbosc\/linstitut\/","title":{"rendered":"L&#8217;institut: presentaci\u00f3"},"content":{"rendered":"<p><!-- P\u00e0gina abans denominada En portada &nbsp;\n\n<strong>JORNADA DE PORTES OBERTES<\/strong>\n\nEl passat dissabte 11 de mar\u00e7 va tenir lloc la Jornada de Portes Obertes: les fam\u00edlies van aprofitar l'oportunitat per a con\u00e8ixer de prop l'institut, des de dins, incloent les instal\u00b7lacions del nou edifici incorporat recentment al centre.\n<code> <\/code>\n<iframe loading=\"lazy\" id=\"iframe_container\" src=\"https:\/\/prezi.com\/embed\/4ys1yq3gwab5\/?bgcolor=ffffff&amp;lock_to_path=0&amp;autoplay=0&amp;autohide_ctrls=0&amp;landing_data=bHVZZmNaNDBIWnNjdEVENDRhZDFNZGNIUE1WMXljWk9CZlpMQkM4OHJiZmhuK0NPUHJtOEh0S1R6ZFRLVmxRa0dxMD0&amp;landing_sign=e-B6Hb6fW7-pfIP79NxXHpEIWNkSRkraZ_UAm2t44XI\" width=\"100%\" height=\"400\" frameborder=\"0\" allowfullscreen=\"allowfullscreen\"><\/iframe>\n\n\n<h1>L'institut<\/h1>\n\n\n--><br \/>\n<span lang=\"ES\"><span style=\"color: #000000;\">Som un centre de nova creaci\u00f3 que va obrir les seves portes el curs 2013-2014 amb dos grups de 1r d&#8217;ESO. Actualment\u00a0 comptem amb tots els cursos de 1r a 4t d&#8217;ESO.<\/span><\/span><\/p>\n<p><span lang=\"ES\"><span style=\"color: #000000;\">A m\u00e9s a m\u00e9s comptem amb nous estudis de formaci\u00f3 professional des del curs 2020-2021: <\/span><\/span><\/p>\n<ul>\n<li><span lang=\"ES\"><span style=\"color: #000000;\">el PFI (Programa de Formaci\u00f3 i Inserci\u00f3) <\/span><\/span>d\u2019Auxiliar d\u2019Activitats Forestals (codi: PFI AR01), i<\/li>\n<li>l&#8217;IFE (Itinerari Formatiu Espec\u00edfic) d&#8217;Auxiliar en Cura d&#8217;Animals i Espais Verds (codi: IFE AR01).<\/li>\n<\/ul>\n<p><span lang=\"ES\"><span style=\"color: #000000;\">Tamb\u00e9 comptem des del curs 2021-2022 amb:<\/span><\/span><\/p>\n<ul>\n<li><span lang=\"ES\">el CFGM Aprofitament i conservaci\u00f3 del medi natural <\/span>(codi: CFPM AR30)<\/li>\n<\/ul>\n<p>La nostra voluntat \u00e9s continuar creixent\u00a0 i consolidant un projecte educatiu basat en:<\/p>\n<p>&#8211;\u00a0\u00a0\u00a0\u00a0\u00a0\u00a0\u00a0\u00a0\u00a0 La cultura de l&#8217;esfor\u00e7.<\/p>\n<p>&#8211;\u00a0\u00a0\u00a0\u00a0\u00a0\u00a0\u00a0\u00a0\u00a0 El treball en equip, tan entre l\u2019alumnat com entre el professorat i les fam\u00edlies.<\/p>\n<p>&#8211;\u00a0\u00a0\u00a0\u00a0\u00a0\u00a0\u00a0\u00a0\u00a0 L\u2019atenci\u00f3 personalitzada a les necessitats educatives de l\u2019alumnat.<\/p>\n<p>&#8211;\u00a0\u00a0\u00a0\u00a0\u00a0\u00a0\u00a0\u00a0\u00a0 L\u2019\u00fas de les noves tecnologies.<\/p>\n<p>&#8211;\u00a0\u00a0\u00a0\u00a0\u00a0\u00a0\u00a0\u00a0\u00a0 El comprom\u00eds en la cura de l\u2019entorn.<\/p>\n<p>&#8211;\u00a0\u00a0\u00a0\u00a0\u00a0\u00a0\u00a0\u00a0\u00a0 El respecte, el di\u00e0leg, el consens i la resoluci\u00f3 pac\u00edfica dels conflictes.<\/p>\n<p>&#8211;\u00a0\u00a0\u00a0\u00a0\u00a0\u00a0\u00a0\u00a0\u00a0 La implicaci\u00f3 i participaci\u00f3 activa de tots els membres de la comunitat educativa.<\/p>\n<p>Tenim com a prioritat ensenyar, educar i formar els nostres alumnes per tal que esdevinguin ciutadans competents, cr\u00edtics i capa\u00e7os de fer front amb \u00e8xit als reptes que planteja la societat canviant i globalitzada d\u2019avui. Volem avan\u00e7ar en el cam\u00ed de l\u2019excel\u00b7l\u00e8ncia i que l\u2019Institut esdevingui un centre obert a l\u2019entorn (immediat i lluny\u00e0) i un espai de creixement intel\u00b7lectual i hum\u00e0 per a tots.<\/p>\n<p><strong>DUES FOTOS, UN INSTITUT QUE CREIX<\/strong><\/p>\n<p>Passen els anys, creixem&#8230; i cada vegada en som m\u00e9s a la foto!<\/p>\n<p><a href=\"http:\/\/agora.xtec.cat\/inspladelbosc\/wp-content\/uploads\/usu136\/2015\/02\/grup11.jpg\"><img loading=\"lazy\" decoding=\"async\" class=\"wp-image-274 aligncenter\" src=\"http:\/\/agora.xtec.cat\/inspladelbosc\/wp-content\/uploads\/usu136\/2015\/02\/grup11-300x106.jpg\" alt=\"grup11\" width=\"585\" height=\"207\" srcset=\"https:\/\/agora.xtec.cat\/inspladelbosc\/wp-content\/uploads\/usu136\/2015\/02\/grup11-300x106.jpg 300w, https:\/\/agora.xtec.cat\/inspladelbosc\/wp-content\/uploads\/usu136\/2015\/02\/grup11-1024x363.jpg 1024w\" sizes=\"auto, (max-width: 585px) 100vw, 585px\" \/><\/a><\/p>\n<p style=\"text-align: center;\">2015<\/p>\n<p>&nbsp;<\/p>\n<p><a href=\"http:\/\/agora.xtec.cat\/inspladelbosc\/wp-content\/uploads\/usu136\/2014\/09\/tots_24-feb-2017_retallada.jpg\"><img loading=\"lazy\" decoding=\"async\" class=\"alignnone size-large wp-image-511\" src=\"http:\/\/agora.xtec.cat\/inspladelbosc\/wp-content\/uploads\/usu136\/2014\/09\/tots_24-feb-2017_retallada-1024x279.jpg\" alt=\"tots_24-feb-2017_retallada\" width=\"1024\" height=\"279\" srcset=\"https:\/\/agora.xtec.cat\/inspladelbosc\/wp-content\/uploads\/usu136\/2014\/09\/tots_24-feb-2017_retallada-1024x279.jpg 1024w, https:\/\/agora.xtec.cat\/inspladelbosc\/wp-content\/uploads\/usu136\/2014\/09\/tots_24-feb-2017_retallada-300x82.jpg 300w, https:\/\/agora.xtec.cat\/inspladelbosc\/wp-content\/uploads\/usu136\/2014\/09\/tots_24-feb-2017_retallada-768x209.jpg 768w\" sizes=\"auto, (max-width: 1024px) 100vw, 1024px\" \/><\/a><\/p>\n<p style=\"text-align: center;\"><span style=\"font-size: small;\">2017<\/span><\/p>\n","protected":false},"excerpt":{"rendered":"<p>Som un centre de nova creaci\u00f3 que va obrir les seves portes el curs 2013-2014 amb dos grups de 1r d&#8217;ESO. Actualment\u00a0 comptem amb tots els cursos de 1r a 4t d&#8217;ESO. A m\u00e9s a m\u00e9s comptem amb nous estudis de formaci\u00f3 professional des del curs 2020-2021: el PFI (Programa de Formaci\u00f3 i Inserci\u00f3) d\u2019Auxiliar [&hellip;]<\/p>\n","protected":false},"author":1,"featured_media":0,"parent":0,"menu_order":0,"comment_status":"closed","ping_status":"closed","template":"page-templates\/side-menu.php","meta":{"_bbp_topic_count":0,"_bbp_reply_count":0,"_bbp_total_topic_count":0,"_bbp_total_reply_count":0,"_bbp_voice_count":0,"_bbp_anonymous_reply_count":0,"_bbp_topic_count_hidden":0,"_bbp_reply_count_hidden":0,"_bbp_forum_subforum_count":0,"site-sidebar-layout":"default","site-content-layout":"","ast-site-content-layout":"","site-content-style":"default","site-sidebar-style":"default","ast-global-header-display":"","ast-banner-title-visibility":"","ast-main-header-display":"","ast-hfb-above-header-display":"","ast-hfb-below-header-display":"","ast-hfb-mobile-header-display":"","site-post-title":"","ast-breadcrumbs-content":"","ast-featured-img":"","footer-sml-layout":"","theme-transparent-header-meta":"","adv-header-id-meta":"","stick-header-meta":"","header-above-stick-meta":"","header-main-stick-meta":"","header-below-stick-meta":"","astra-migrate-meta-layouts":"default","ast-page-background-enabled":"default","ast-page-background-meta":{"desktop":{"background-color":"var(--ast-global-color-4)","background-image":"","background-repeat":"repeat","background-position":"center center","background-size":"auto","background-attachment":"scroll","background-type":"","background-media":"","overlay-type":"","overlay-color":"","overlay-opacity":"","overlay-gradient":""},"tablet":{"background-color":"","background-image":"","background-repeat":"repeat","background-position":"center center","background-size":"auto","background-attachment":"scroll","background-type":"","background-media":"","overlay-type":"","overlay-color":"","overlay-opacity":"","overlay-gradient":""},"mobile":{"background-color":"","background-image":"","background-repeat":"repeat","background-position":"center center","background-size":"auto","background-attachment":"scroll","background-type":"","background-media":"","overlay-type":"","overlay-color":"","overlay-opacity":"","overlay-gradient":""}},"ast-content-background-meta":{"desktop":{"background-color":"var(--ast-global-color-5)","background-image":"","background-repeat":"repeat","background-position":"center center","background-size":"auto","background-attachment":"scroll","background-type":"","background-media":"","overlay-type":"","overlay-color":"","overlay-opacity":"","overlay-gradient":""},"tablet":{"background-color":"var(--ast-global-color-5)","background-image":"","background-repeat":"repeat","background-position":"center center","background-size":"auto","background-attachment":"scroll","background-type":"","background-media":"","overlay-type":"","overlay-color":"","overlay-opacity":"","overlay-gradient":""},"mobile":{"background-color":"var(--ast-global-color-5)","background-image":"","background-repeat":"repeat","background-position":"center center","background-size":"auto","background-attachment":"scroll","background-type":"","background-media":"","overlay-type":"","overlay-color":"","overlay-opacity":"","overlay-gradient":""}},"footnotes":""},"class_list":["post-19","page","type-page","status-publish","hentry"],"post_mailing_queue_ids":[],"_links":{"self":[{"href":"https:\/\/agora.xtec.cat\/inspladelbosc\/wp-json\/wp\/v2\/pages\/19","targetHints":{"allow":["GET"]}}],"collection":[{"href":"https:\/\/agora.xtec.cat\/inspladelbosc\/wp-json\/wp\/v2\/pages"}],"about":[{"href":"https:\/\/agora.xtec.cat\/inspladelbosc\/wp-json\/wp\/v2\/types\/page"}],"author":[{"embeddable":true,"href":"https:\/\/agora.xtec.cat\/inspladelbosc\/wp-json\/wp\/v2\/users\/1"}],"replies":[{"embeddable":true,"href":"https:\/\/agora.xtec.cat\/inspladelbosc\/wp-json\/wp\/v2\/comments?post=19"}],"version-history":[{"count":5,"href":"https:\/\/agora.xtec.cat\/inspladelbosc\/wp-json\/wp\/v2\/pages\/19\/revisions"}],"predecessor-version":[{"id":5477,"href":"https:\/\/agora.xtec.cat\/inspladelbosc\/wp-json\/wp\/v2\/pages\/19\/revisions\/5477"}],"wp:attachment":[{"href":"https:\/\/agora.xtec.cat\/inspladelbosc\/wp-json\/wp\/v2\/media?parent=19"}],"curies":[{"name":"wp","href":"https:\/\/api.w.org\/{rel}","templated":true}]}}