{"id":925,"date":"2019-09-19T18:17:18","date_gmt":"2019-09-19T16:17:18","guid":{"rendered":"http:\/\/agora.xtec.cat\/insperecalders\/?page_id=925"},"modified":"2026-03-25T17:11:59","modified_gmt":"2026-03-25T16:11:59","slug":"aparcament-motos-bicicletes","status":"publish","type":"page","link":"https:\/\/agora.xtec.cat\/insperecalders\/recepcio\/aparcament-motos-bicicletes\/","title":{"rendered":"Aparcament de motos, bicicletes i patinets"},"content":{"rendered":"<p style=\"text-align: justify;\"><span lang=\"CA\">La ubicaci\u00f3 de l\u2019institut fa que molts dels nostres alumnes vinguin al centre en moto, en bicicleta o en patinet el\u00e8ctric. Per aix\u00f2 s\u2019ha habilitat un espai d\u2019aparcament a l\u2019interior del recinte de l\u2019institut destinat a aquests vehicles. <\/span><span lang=\"CA\">De moment les places d&#8217;aparcament de bicicletes i de patinets el\u00e8ctrics no necessiten cap tipus de contracte, per\u00f2 les de motos, s\u00ed. <\/span><span lang=\"CA\">Les places per a motos s\u00f3n <strong>numerades<\/strong>, estan assignades per l\u2019institut i s\u00f3n gratu\u00eftes. Tanmateix, estan sotmeses a una s\u00e8rie de\u00a0<strong>normes<\/strong> detallades un\u00a0<strong>contracte<\/strong> que caldr\u00e0\u00a0<strong>renovar cada inici de curs<\/strong>.<\/span><\/p>\n<p>Per obtenir una pla\u00e7a d&#8217;aparcament de moto cal imprimir i <strong>omplir <a href=\"https:\/\/drive.google.com\/file\/d\/1Rx4SQRfxN41YGo6WWn88smaJml9MTbD3\/view?usp=sharing\">aquest contracte<\/a><\/strong> i lliurar-lo a recepci\u00f3 degudament signat i complimentat, juntament amb una\u00a0<strong>c\u00f2pia de l&#8217;asseguran\u00e7a vigent del vehicle<\/strong>.<\/p>\n","protected":false},"excerpt":{"rendered":"<p>La ubicaci\u00f3 de l\u2019institut fa que molts dels nostres alumnes vinguin al centre en moto, en bicicleta o en patinet el\u00e8ctric. Per aix\u00f2 s\u2019ha habilitat un espai d\u2019aparcament a l\u2019interior del recinte de l\u2019institut destinat a aquests vehicles. De moment les places d&#8217;aparcament de bicicletes i de patinets el\u00e8ctrics no necessiten cap tipus de contracte, [&hellip;]<\/p>\n","protected":false},"author":1,"featured_media":0,"parent":1649,"menu_order":22,"comment_status":"closed","ping_status":"closed","template":"","meta":{"_bbp_topic_count":0,"_bbp_reply_count":0,"_bbp_total_topic_count":0,"_bbp_total_reply_count":0,"_bbp_voice_count":0,"_bbp_anonymous_reply_count":0,"_bbp_topic_count_hidden":0,"_bbp_reply_count_hidden":0,"_bbp_forum_subforum_count":0,"site-sidebar-layout":"default","site-content-layout":"","ast-site-content-layout":"default","site-content-style":"default","site-sidebar-style":"default","ast-global-header-display":"","ast-banner-title-visibility":"","ast-main-header-display":"","ast-hfb-above-header-display":"","ast-hfb-below-header-display":"","ast-hfb-mobile-header-display":"","site-post-title":"","ast-breadcrumbs-content":"","ast-featured-img":"","footer-sml-layout":"","theme-transparent-header-meta":"default","adv-header-id-meta":"","stick-header-meta":"","header-above-stick-meta":"","header-main-stick-meta":"","header-below-stick-meta":"","astra-migrate-meta-layouts":"set","ast-page-background-enabled":"default","ast-page-background-meta":{"desktop":{"background-color":"var(--ast-global-color-4)","background-image":"","background-repeat":"repeat","background-position":"center center","background-size":"auto","background-attachment":"scroll","background-type":"","background-media":"","overlay-type":"","overlay-color":"","overlay-opacity":"","overlay-gradient":""},"tablet":{"background-color":"","background-image":"","background-repeat":"repeat","background-position":"center center","background-size":"auto","background-attachment":"scroll","background-type":"","background-media":"","overlay-type":"","overlay-color":"","overlay-opacity":"","overlay-gradient":""},"mobile":{"background-color":"","background-image":"","background-repeat":"repeat","background-position":"center center","background-size":"auto","background-attachment":"scroll","background-type":"","background-media":"","overlay-type":"","overlay-color":"","overlay-opacity":"","overlay-gradient":""}},"ast-content-background-meta":{"desktop":{"background-color":"var(--ast-global-color-5)","background-image":"","background-repeat":"repeat","background-position":"center center","background-size":"auto","background-attachment":"scroll","background-type":"","background-media":"","overlay-type":"","overlay-color":"","overlay-opacity":"","overlay-gradient":""},"tablet":{"background-color":"var(--ast-global-color-5)","background-image":"","background-repeat":"repeat","background-position":"center center","background-size":"auto","background-attachment":"scroll","background-type":"","background-media":"","overlay-type":"","overlay-color":"","overlay-opacity":"","overlay-gradient":""},"mobile":{"background-color":"var(--ast-global-color-5)","background-image":"","background-repeat":"repeat","background-position":"center center","background-size":"auto","background-attachment":"scroll","background-type":"","background-media":"","overlay-type":"","overlay-color":"","overlay-opacity":"","overlay-gradient":""}},"footnotes":""},"class_list":["post-925","page","type-page","status-publish","hentry"],"post_mailing_queue_ids":[],"_links":{"self":[{"href":"https:\/\/agora.xtec.cat\/insperecalders\/wp-json\/wp\/v2\/pages\/925","targetHints":{"allow":["GET"]}}],"collection":[{"href":"https:\/\/agora.xtec.cat\/insperecalders\/wp-json\/wp\/v2\/pages"}],"about":[{"href":"https:\/\/agora.xtec.cat\/insperecalders\/wp-json\/wp\/v2\/types\/page"}],"author":[{"embeddable":true,"href":"https:\/\/agora.xtec.cat\/insperecalders\/wp-json\/wp\/v2\/users\/1"}],"replies":[{"embeddable":true,"href":"https:\/\/agora.xtec.cat\/insperecalders\/wp-json\/wp\/v2\/comments?post=925"}],"version-history":[{"count":5,"href":"https:\/\/agora.xtec.cat\/insperecalders\/wp-json\/wp\/v2\/pages\/925\/revisions"}],"predecessor-version":[{"id":7505,"href":"https:\/\/agora.xtec.cat\/insperecalders\/wp-json\/wp\/v2\/pages\/925\/revisions\/7505"}],"up":[{"embeddable":true,"href":"https:\/\/agora.xtec.cat\/insperecalders\/wp-json\/wp\/v2\/pages\/1649"}],"wp:attachment":[{"href":"https:\/\/agora.xtec.cat\/insperecalders\/wp-json\/wp\/v2\/media?parent=925"}],"curies":[{"name":"wp","href":"https:\/\/api.w.org\/{rel}","templated":true}]}}