{"id":922,"date":"2019-09-19T18:11:04","date_gmt":"2019-09-19T16:11:04","guid":{"rendered":"http:\/\/agora.xtec.cat\/insperecalders\/?page_id=922"},"modified":"2026-03-25T17:06:05","modified_gmt":"2026-03-25T16:06:05","slug":"informacio-taquilles","status":"publish","type":"page","link":"https:\/\/agora.xtec.cat\/insperecalders\/recepcio\/informacio-taquilles\/","title":{"rendered":"Informaci\u00f3 armariets"},"content":{"rendered":"<p><span style=\"color: #2b8b8c;\"><strong>Armariets per a l&#8217;ESO<\/strong><\/span><\/p>\n<p>Totes les aules de l&#8217;ESO disposen d&#8217;armariets per a l&#8217;alumnat. El seu \u00fas est\u00e0 <strong>incl\u00f2s a la quota de material<\/strong> i es garanteix que\u00a0<strong>tot l&#8217;alumnat de cada grup-classe<\/strong> disposa d&#8217;un armariet a la seva aula.<\/p>\n<p>Aquests armariets es tanquen amb un\u00a0<strong>cadenat<\/strong> que cada alumne\/a haur\u00e0 de portar a principi de curs.<\/p>\n<p>&nbsp;<\/p>\n<p><span style=\"color: #2b8b8c;\"><strong>Armariets per al Batxillerat<\/strong><\/span><\/p>\n<p>Totes les aules de Batxillerat disposen d&#8217;armariets per a l&#8217;alumnat que desitgi fer-ne \u00fas. L&#8217;alumnat de Batxillerat pot\u00a0<strong>llogar<\/strong> un d&#8217;aquests armariets i fer-ne \u00fas durant un curs escolar. Per poder formalitzar aquest lloguer cal seguir els seg\u00fcents passos:<\/p>\n<ol>\n<li>En <a href=\"https:\/\/drive.google.com\/file\/d\/1vms65NUWl9d8X0NSPOjulIJbTzf1qAbx\/view?usp=sharing\">aquest enlla\u00e7<\/a> hi trobareu el\u00a0<strong>contracte de lloguer de l&#8217;armariet<\/strong>. En aquest contracte s&#8217;hi especifiquen totes les condicions del lloguer, aix\u00ed com el preu.<\/li>\n<li>Fer un <strong>pagament<\/strong> de 30 \u20ac (si \u00e9s el primer curs en qu\u00e8 es lloga l&#8217;armariet) o de 20 \u20ac (si ja es va llogar el curs anterior) al n\u00famero de compte indicat al contracte. Guardeu-vos el comprovant d&#8217;aquest pagament.<\/li>\n<li>Imprimir i <strong>signar el contracte<\/strong>, i <strong>lliurar-lo<\/strong> degudament signat i complimentat a la <strong>recepci\u00f3<\/strong> del centre juntament <strong>amb el justificant<\/strong> de pagament.<\/li>\n<\/ol>\n<p>Quan es rescindeixi el contracte (ja sigui perqu\u00e8 l&#8217;alumne\/a no vol fer m\u00e9s \u00fas de l&#8217;armariet o perqu\u00e8 ha acabat la seva escolaritzaci\u00f3 al centre), caldr\u00e0\u00a0<strong>informar-ho a recepci\u00f3<\/strong> i es far\u00e0 el retorn dels 10 \u20ac corresponents a la bestreta\u00a0<strong>sempre que s&#8217;hagin complert tots els punts del contracte<\/strong>.<\/p>\n<p>Aquests armariets es tanquen amb un\u00a0<strong>cadenat<\/strong> que cada alumne\/a haur\u00e0 de portar un cop hagi abonat la quota corresponent al lloguer de l&#8217;armariet.<\/p>\n","protected":false},"excerpt":{"rendered":"<p>Armariets per a l&#8217;ESO Totes les aules de l&#8217;ESO disposen d&#8217;armariets per a l&#8217;alumnat. El seu \u00fas est\u00e0 incl\u00f2s a la quota de material i es garanteix que\u00a0tot l&#8217;alumnat de cada grup-classe disposa d&#8217;un armariet a la seva aula. Aquests armariets es tanquen amb un\u00a0cadenat que cada alumne\/a haur\u00e0 de portar a principi de curs. [&hellip;]<\/p>\n","protected":false},"author":1,"featured_media":0,"parent":1649,"menu_order":20,"comment_status":"closed","ping_status":"closed","template":"","meta":{"_bbp_topic_count":0,"_bbp_reply_count":0,"_bbp_total_topic_count":0,"_bbp_total_reply_count":0,"_bbp_voice_count":0,"_bbp_anonymous_reply_count":0,"_bbp_topic_count_hidden":0,"_bbp_reply_count_hidden":0,"_bbp_forum_subforum_count":0,"site-sidebar-layout":"default","site-content-layout":"","ast-site-content-layout":"default","site-content-style":"default","site-sidebar-style":"default","ast-global-header-display":"","ast-banner-title-visibility":"","ast-main-header-display":"","ast-hfb-above-header-display":"","ast-hfb-below-header-display":"","ast-hfb-mobile-header-display":"","site-post-title":"","ast-breadcrumbs-content":"","ast-featured-img":"","footer-sml-layout":"","theme-transparent-header-meta":"default","adv-header-id-meta":"","stick-header-meta":"","header-above-stick-meta":"","header-main-stick-meta":"","header-below-stick-meta":"","astra-migrate-meta-layouts":"set","ast-page-background-enabled":"default","ast-page-background-meta":{"desktop":{"background-color":"var(--ast-global-color-4)","background-image":"","background-repeat":"repeat","background-position":"center center","background-size":"auto","background-attachment":"scroll","background-type":"","background-media":"","overlay-type":"","overlay-color":"","overlay-opacity":"","overlay-gradient":""},"tablet":{"background-color":"","background-image":"","background-repeat":"repeat","background-position":"center center","background-size":"auto","background-attachment":"scroll","background-type":"","background-media":"","overlay-type":"","overlay-color":"","overlay-opacity":"","overlay-gradient":""},"mobile":{"background-color":"","background-image":"","background-repeat":"repeat","background-position":"center center","background-size":"auto","background-attachment":"scroll","background-type":"","background-media":"","overlay-type":"","overlay-color":"","overlay-opacity":"","overlay-gradient":""}},"ast-content-background-meta":{"desktop":{"background-color":"var(--ast-global-color-5)","background-image":"","background-repeat":"repeat","background-position":"center center","background-size":"auto","background-attachment":"scroll","background-type":"","background-media":"","overlay-type":"","overlay-color":"","overlay-opacity":"","overlay-gradient":""},"tablet":{"background-color":"var(--ast-global-color-5)","background-image":"","background-repeat":"repeat","background-position":"center center","background-size":"auto","background-attachment":"scroll","background-type":"","background-media":"","overlay-type":"","overlay-color":"","overlay-opacity":"","overlay-gradient":""},"mobile":{"background-color":"var(--ast-global-color-5)","background-image":"","background-repeat":"repeat","background-position":"center center","background-size":"auto","background-attachment":"scroll","background-type":"","background-media":"","overlay-type":"","overlay-color":"","overlay-opacity":"","overlay-gradient":""}},"footnotes":""},"class_list":["post-922","page","type-page","status-publish","hentry"],"post_mailing_queue_ids":[],"_links":{"self":[{"href":"https:\/\/agora.xtec.cat\/insperecalders\/wp-json\/wp\/v2\/pages\/922","targetHints":{"allow":["GET"]}}],"collection":[{"href":"https:\/\/agora.xtec.cat\/insperecalders\/wp-json\/wp\/v2\/pages"}],"about":[{"href":"https:\/\/agora.xtec.cat\/insperecalders\/wp-json\/wp\/v2\/types\/page"}],"author":[{"embeddable":true,"href":"https:\/\/agora.xtec.cat\/insperecalders\/wp-json\/wp\/v2\/users\/1"}],"replies":[{"embeddable":true,"href":"https:\/\/agora.xtec.cat\/insperecalders\/wp-json\/wp\/v2\/comments?post=922"}],"version-history":[{"count":6,"href":"https:\/\/agora.xtec.cat\/insperecalders\/wp-json\/wp\/v2\/pages\/922\/revisions"}],"predecessor-version":[{"id":7503,"href":"https:\/\/agora.xtec.cat\/insperecalders\/wp-json\/wp\/v2\/pages\/922\/revisions\/7503"}],"up":[{"embeddable":true,"href":"https:\/\/agora.xtec.cat\/insperecalders\/wp-json\/wp\/v2\/pages\/1649"}],"wp:attachment":[{"href":"https:\/\/agora.xtec.cat\/insperecalders\/wp-json\/wp\/v2\/media?parent=922"}],"curies":[{"name":"wp","href":"https:\/\/api.w.org\/{rel}","templated":true}]}}