{"id":81,"date":"2014-09-18T10:38:05","date_gmt":"2014-09-18T10:38:05","guid":{"rendered":"http:\/\/agora.xtec.cat\/insperecalders\/?page_id=81"},"modified":"2026-02-19T13:30:06","modified_gmt":"2026-02-19T12:30:06","slug":"secretaria","status":"publish","type":"page","link":"https:\/\/agora.xtec.cat\/insperecalders\/secretaria\/","title":{"rendered":"Secretaria"},"content":{"rendered":"<p><span style=\"color: #2b8b8c;\"><strong>Horari d&#8217;atenci\u00f3 al p\u00fablic per a consultes administratives (presencials i per tel\u00e8fon):<\/strong><\/span><\/p>\n<p><strong>\ud83d\uddd3\ufe0f<\/strong> De dilluns a divendres<\/p>\n<p><strong>\ud83d\udd51<\/strong>De 9:00h a 14:00h<\/p>\n<p>&nbsp;<\/p>\n<p><span style=\"color: #2b8b8c;\"><strong>Contacte:<\/strong><\/span><\/p>\n<p>\ud83d\udce7 secretaria<span class=\"\">@insperecalders.cat<\/span><\/p>\n<p>&nbsp;<\/p>\n<p><span style=\"color: #2b8b8c;\"><strong>Informaci\u00f3 sobre tr\u00e0mits i gestions vinculades a la secretaria del centre:<\/strong><\/span><\/p>\n<p>\ud83d\udccb <strong><a href=\"https:\/\/agora.xtec.cat\/insperecalders\/secretaria\/certificacions-impresos\/\">Tr\u00e0mits i documentaci\u00f3<\/a>:<\/strong> informaci\u00f3 sobre tr\u00e0mits administratius i documentaci\u00f3 relacionada.<\/p>\n<p>\ud83c\udfeb <strong>Preinscripci\u00f3 i matr\u00edcula:<\/strong> informaci\u00f3, calendari i documentaci\u00f3 relacionades amb la preinscripci\u00f3 i la matr\u00edcula a l&#8217;<a href=\"https:\/\/agora.xtec.cat\/insperecalders\/secretaria\/eso-preinscripcio-i-matricula\/\">ESO<\/a>, el <a href=\"https:\/\/agora.xtec.cat\/insperecalders\/secretaria\/batxillerat-preinscripcio-i-matricula\/\">Batxillerat<\/a> i les <a href=\"https:\/\/agora.xtec.cat\/insperecalders\/secretaria\/batxillerat-preinscripcio-i-matricula\/pau-selectivitat\/\">proves d&#8217;acc\u00e9s a la universitat<\/a> (PAU i PAP).<\/p>\n<p>\ud83d\udcb6 <strong><a href=\"https:\/\/agora.xtec.cat\/insperecalders\/secretaria\/ajuts-beques\/\">Beques i ajudes<\/a>:<\/strong> informaci\u00f3 relacionada amb les diferents beques i ajudes que es poden sol\u00b7licitar per a alumnat i fam\u00edlies.<\/p>\n<p>\u2708\ufe0f <a href=\"https:\/\/agora.xtec.cat\/insperecalders\/secretaria\/homologacio-de-titols-estrangers\/\"><strong>Homologaci\u00f3 de t\u00edtols estrangers<\/strong><\/a><\/p>\n<p>&nbsp;<\/p>\n","protected":false},"excerpt":{"rendered":"<p>Horari d&#8217;atenci\u00f3 al p\u00fablic per a consultes administratives (presencials i per tel\u00e8fon): \ud83d\uddd3\ufe0f De dilluns a divendres \ud83d\udd51De 9:00h a 14:00h &nbsp; Contacte: \ud83d\udce7 secretaria@insperecalders.cat &nbsp; Informaci\u00f3 sobre tr\u00e0mits i gestions vinculades a la secretaria del centre: \ud83d\udccb Tr\u00e0mits i documentaci\u00f3: informaci\u00f3 sobre tr\u00e0mits administratius i documentaci\u00f3 relacionada. \ud83c\udfeb Preinscripci\u00f3 i matr\u00edcula: informaci\u00f3, calendari i [&hellip;]<\/p>\n","protected":false},"author":1,"featured_media":0,"parent":0,"menu_order":0,"comment_status":"closed","ping_status":"closed","template":"","meta":{"_bbp_topic_count":0,"_bbp_reply_count":0,"_bbp_total_topic_count":0,"_bbp_total_reply_count":0,"_bbp_voice_count":0,"_bbp_anonymous_reply_count":0,"_bbp_topic_count_hidden":0,"_bbp_reply_count_hidden":0,"_bbp_forum_subforum_count":0,"site-sidebar-layout":"default","site-content-layout":"","ast-site-content-layout":"default","site-content-style":"default","site-sidebar-style":"default","ast-global-header-display":"","ast-banner-title-visibility":"","ast-main-header-display":"","ast-hfb-above-header-display":"","ast-hfb-below-header-display":"","ast-hfb-mobile-header-display":"","site-post-title":"","ast-breadcrumbs-content":"","ast-featured-img":"","footer-sml-layout":"","theme-transparent-header-meta":"default","adv-header-id-meta":"","stick-header-meta":"","header-above-stick-meta":"","header-main-stick-meta":"","header-below-stick-meta":"","astra-migrate-meta-layouts":"set","ast-page-background-enabled":"default","ast-page-background-meta":{"desktop":{"background-color":"var(--ast-global-color-4)","background-image":"","background-repeat":"repeat","background-position":"center center","background-size":"auto","background-attachment":"scroll","background-type":"","background-media":"","overlay-type":"","overlay-color":"","overlay-opacity":"","overlay-gradient":""},"tablet":{"background-color":"","background-image":"","background-repeat":"repeat","background-position":"center center","background-size":"auto","background-attachment":"scroll","background-type":"","background-media":"","overlay-type":"","overlay-color":"","overlay-opacity":"","overlay-gradient":""},"mobile":{"background-color":"","background-image":"","background-repeat":"repeat","background-position":"center center","background-size":"auto","background-attachment":"scroll","background-type":"","background-media":"","overlay-type":"","overlay-color":"","overlay-opacity":"","overlay-gradient":""}},"ast-content-background-meta":{"desktop":{"background-color":"var(--ast-global-color-5)","background-image":"","background-repeat":"repeat","background-position":"center center","background-size":"auto","background-attachment":"scroll","background-type":"","background-media":"","overlay-type":"","overlay-color":"","overlay-opacity":"","overlay-gradient":""},"tablet":{"background-color":"var(--ast-global-color-5)","background-image":"","background-repeat":"repeat","background-position":"center center","background-size":"auto","background-attachment":"scroll","background-type":"","background-media":"","overlay-type":"","overlay-color":"","overlay-opacity":"","overlay-gradient":""},"mobile":{"background-color":"var(--ast-global-color-5)","background-image":"","background-repeat":"repeat","background-position":"center center","background-size":"auto","background-attachment":"scroll","background-type":"","background-media":"","overlay-type":"","overlay-color":"","overlay-opacity":"","overlay-gradient":""}},"footnotes":""},"class_list":["post-81","page","type-page","status-publish","hentry"],"post_mailing_queue_ids":[],"_links":{"self":[{"href":"https:\/\/agora.xtec.cat\/insperecalders\/wp-json\/wp\/v2\/pages\/81","targetHints":{"allow":["GET"]}}],"collection":[{"href":"https:\/\/agora.xtec.cat\/insperecalders\/wp-json\/wp\/v2\/pages"}],"about":[{"href":"https:\/\/agora.xtec.cat\/insperecalders\/wp-json\/wp\/v2\/types\/page"}],"author":[{"embeddable":true,"href":"https:\/\/agora.xtec.cat\/insperecalders\/wp-json\/wp\/v2\/users\/1"}],"replies":[{"embeddable":true,"href":"https:\/\/agora.xtec.cat\/insperecalders\/wp-json\/wp\/v2\/comments?post=81"}],"version-history":[{"count":7,"href":"https:\/\/agora.xtec.cat\/insperecalders\/wp-json\/wp\/v2\/pages\/81\/revisions"}],"predecessor-version":[{"id":7433,"href":"https:\/\/agora.xtec.cat\/insperecalders\/wp-json\/wp\/v2\/pages\/81\/revisions\/7433"}],"wp:attachment":[{"href":"https:\/\/agora.xtec.cat\/insperecalders\/wp-json\/wp\/v2\/media?parent=81"}],"curies":[{"name":"wp","href":"https:\/\/api.w.org\/{rel}","templated":true}]}}