{"id":7520,"date":"2026-04-16T10:38:52","date_gmt":"2026-04-16T08:38:52","guid":{"rendered":"https:\/\/agora.xtec.cat\/insperecalders\/?page_id=7520"},"modified":"2026-04-16T12:17:51","modified_gmt":"2026-04-16T10:17:51","slug":"materies-optatives-eso","status":"publish","type":"page","link":"https:\/\/agora.xtec.cat\/insperecalders\/eso\/materies-optatives-eso\/","title":{"rendered":"Mat\u00e8ries optatives ESO"},"content":{"rendered":"<p>L&#8217;Institut Pere Calders ofereix una s\u00e8rie de mat\u00e8ries optatives a tots els cursos d&#8217;ESO, amb un funcionament diferent segons les necessitats i especificitats de cada curs:<\/p>\n<p>&nbsp;<\/p>\n<p><span style=\"color: #03705a;\"><strong>1r d&#8217;ESO<\/strong><\/span><\/p>\n<p>Les mat\u00e8ries optatives de 1r d&#8217;ESO (de dues hores setmanals cadascuna) tenen una durada trimestral, de manera que cada grup-classe fa una mat\u00e8ria diferent cada trimestre (\ud83d\udfe1) i, per tant, tot l&#8217;alumnat acaba cursant les tres mat\u00e8ries en algun moment del curs. D&#8217;aquesta manera, es dona l&#8217;oportunitat a tot l&#8217;alumnat d&#8217;introduir-se en tres \u00e0rees de coneixement molt diferent i donar-los unes bases comunes que els serviran per fer una tria m\u00e9s informada de les mat\u00e8ries optatives dels seg\u00fcents cursos.<\/p>\n<p><strong>Mat\u00e8ries ofertades:<\/strong><\/p>\n<p>\ud83d\udfe1 Segona llengua estrangera: alemany \ud83e\udd68 En aquesta mat\u00e8ria es fa una petita introducci\u00f3 a l&#8217;alemany apta per a tot l&#8217;alumnat. S&#8217;utilitzen vocabulari i estructures gramaticals elementals que permeten a tot l&#8217;alumnat construir frases senzilles.<\/p>\n<p>\ud83d\udfe1 Mites i llegendes de l&#8217;antiguitat \u231b Aquesta mat\u00e8ria complementa els continguts de Ci\u00e8ncies Socials: Geografia i Hist\u00f2ria de 1r d&#8217;ESO mitjan\u00e7ant el l&#8217;estudi dels elements culturals i mitol\u00f2gics de les primeres civilitzacions, aix\u00ed com la seva relaci\u00f3 amb elements culturals actuals (llenguatge popular, literatura, cinema, etc.).<\/p>\n<p>\ud83d\udfe1 Programaci\u00f3 \ud83d\udcbb Primera part de la mat\u00e8ria curricular de Programaci\u00f3 i rob\u00f2tica. A 1r d&#8217;ESO es treballen el pensament computacional i els fonaments de la programaci\u00f3 mitjan\u00e7ant la programaci\u00f3 en blocs.<\/p>\n<p>&nbsp;<\/p>\n<p><span style=\"color: #03705a;\"><strong>2n d&#8217;ESO<\/strong><\/span><\/p>\n<p>A 2n d&#8217;ESO, l&#8217;alumnat ja pot triar el seu itinerari formatiu entre dues opcions diferents. Per una banda, si trien cursar la Segona llengua estrangera: alemany, estaran tot el curs (\ud83d\udfe2) en aquesta mat\u00e8ria, permetent un estudi m\u00e9s regular de la llengua que els pot permetre arribar a obtenir un nivell reconegut pel Marc Europeu Com\u00fa de Refer\u00e8ncia de les lleng\u00fces i presentar-se a ex\u00e0mens oficials. Per altra banda, si trien no cursar la Segona llengua estrangera: alemany, tindran l&#8217;oportunitat de cursar tres mat\u00e8ries optatives diferents de durada trimestral (\ud83d\udfe1) que refor\u00e7aran i ampliaran els continguts de les mat\u00e8ries comunes pr\u00f2pies de 2n d&#8217;ESO. Totes les mat\u00e8ries tenen una dedicaci\u00f3 de dues hores setmanals.<\/p>\n<p>La tria de mat\u00e8ries optatives de 2n d&#8217;ESO es fa a final de curs de 1r d&#8217;ESO amb l&#8217;acompanyament de les persones tutores.<\/p>\n<p><strong>Mat\u00e8ries ofertades:<\/strong><\/p>\n<p>\ud83d\udfe2 Segona llengua estrangera: alemany \ud83e\udd68 Continuaci\u00f3 a partir dels continguts introdu\u00efts a 1r d&#8217;ESO. L&#8217;objectiu d&#8217;aquesta mat\u00e8ria \u00e9s que l&#8217;alumnat conegui i domini les bases de l&#8217;alemany i pugui comen\u00e7ar a comunicar-se en aquesta llengua en converses simples.<\/p>\n<p>\ud83d\udfe1 Hist\u00f2ria i cultura de les religions \u262f\ufe0f Aquesta mat\u00e8ria complementa els continguts de Ci\u00e8ncies Socials: Geografia i Hist\u00f2ria de 2n d&#8217;ESO mitjan\u00e7ant el l&#8217;estudi dels elements culturals, art\u00edstics, hist\u00f2rics i mitol\u00f2gics de les diferents religons passades i presents, aix\u00ed com la seva relaci\u00f3 amb elements culturals actuals (llenguatge popular, literatura, cinema, etc.).<\/p>\n<p>\ud83d\udfe1 Rob\u00f2tica \ud83e\udd16 Segona part de la mat\u00e8ria curricular de Programaci\u00f3 i rob\u00f2tica. A 2n d&#8217;ESO s&#8217;introdueixen els fonaments de la rob\u00f2tica i s&#8217;apliquen els continguts i les compet\u00e8ncies assolides a 1r d&#8217;ESO a la programaci\u00f3 de plaques programables i robots senzills.<\/p>\n<p>\ud83d\udfe1 Periodisme \ud83c\udf99\ufe0f L&#8217;objectiu principal d&#8217;aquesta assignatura \u00e9s ser un complement \u00fatil als usos ling\u00fc\u00edstics relacionats amb la comunicaci\u00f3 oral i escrita a trav\u00e9s del periodisme (entrevistes, articles, not\u00edcies, reportatges, etc.). Inclou la participaci\u00f3 en un taller de podcast.<\/p>\n<p>&nbsp;<\/p>\n<p><span style=\"color: #03705a;\"><strong>3r d&#8217;ESO<\/strong><\/span><\/p>\n<p>A 3r d&#8217;ESO, l&#8217;alumnat segueix tenint l&#8217;oportunitat de triar el seu itinerari formatiu entre dues opcions diferents. Per una banda, l&#8217;alumnat que ja ha cursat la Segona llengua estrangera: alemany a 2n d&#8217;ESO pot escollir continuar amb aquesta mat\u00e8ria, que es mantindr\u00e0 durant tot el curs (\ud83d\udfe2). Per altra banda, si trien no cursar la Segona llengua estrangera: alemany, tindran l&#8217;oportunitat de cursar dues mat\u00e8ries optatives diferents de durada quadritrimestral (\ud83d\udfe1) pensades per al treball i l&#8217;assoliment de les compet\u00e8ncies transversals. Totes les mat\u00e8ries tenen una dedicaci\u00f3 de dues hores setmanals.<\/p>\n<p>La tria de mat\u00e8ries optatives de 3r d&#8217;ESO es fa a final de curs de 2n d&#8217;ESO amb l&#8217;acompanyament de les persones tutores.<\/p>\n<p><strong>Mat\u00e8ries ofertades:<\/strong><\/p>\n<p>\ud83d\udfe2 Segona llengua estrangera: alemany \ud83e\udd68 Continuaci\u00f3 a partir dels continguts introdu\u00efts a 2n d&#8217;ESO, per la qual cosa aquesta mat\u00e8ria nom\u00e9s la pot cursar aquell alumnat que ja l&#8217;ha cursada a 2n d&#8217;ESO. L&#8217;objectiu d&#8217;aquesta mat\u00e8ria \u00e9s seguir avan\u00e7ant en l&#8217;estudi de la llengua, permetent a l&#8217;alumnat comunicar-se en alemany d&#8217;una manera cada cop m\u00e9s rica i complexa. A m\u00e9s a m\u00e9s, en aquest curs \u00e9s quan s&#8217;inicia el contacte amb la Stadtteilschule Bergstedt d\u2019Hamburg, amb qui es fa l&#8217;intercanvi a 4t d&#8217;ESO.<\/p>\n<p>\ud83d\udfe1 Emprenedoria \ud83d\udcc8 L&#8217;objectiu d&#8217;aquesta mat\u00e8ria \u00e9s donar a l&#8217;alumnat unes bases sobre la creaci\u00f3 i desenvolupament de projectes empresarials a trav\u00e9s d&#8217;activitats que permeten treballar i avaluar la Compet\u00e8ncia Emprenedora.<\/p>\n<p>\ud83d\udfe1 Cultura cl\u00e0ssica \ud83c\udfdb\ufe0f Aquesta mat\u00e8ria complementa els continguts de Ci\u00e8ncies Socials: Geografia i Hist\u00f2ria de l&#8217;ESO mitjan\u00e7ant el l&#8217;estudi dels elements culturals, art\u00edstics, hist\u00f2rics, ling\u00fc\u00edstics i mitol\u00f2gics de les civilitzacions de Gr\u00e8cia i Roma, aix\u00ed com la seva relaci\u00f3 amb elements culturals actuals (llenguatge popular, literatura, cinema, etc.).<\/p>\n<p>&nbsp;<\/p>\n<p><span style=\"color: #03705a;\"><strong>4t d&#8217;ESO<\/strong><\/span><\/p>\n<p>El conjunt de mat\u00e8ries optatives de 4t d&#8217;ESO es distribueix en tres franges diferents, de tres hores setmanals cadascuna, de manera que l&#8217;alumnat pot configurar el seu itinerari formatiu amb tres mat\u00e8ries (una de cada franja) segons les seves prefer\u00e8ncies. A m\u00e9s a m\u00e9s, a 4t d&#8217;ESO la mat\u00e8ria de Matem\u00e0tiques tamb\u00e9 disposa d&#8217;optativitat: tot l&#8217;alumnat ha de cursar matem\u00e0tiques, per\u00f2 podr\u00e0 triar entre les Matem\u00e0tiques A (de caire aplicat) i les Matem\u00e0tiques B (amb orientaci\u00f3 acad\u00e8mica) segons les seves prefer\u00e8ncies.<\/p>\n<p>En <a href=\"https:\/\/drive.google.com\/file\/d\/1HilJ-MLpe2NVwoM8HnDlU5yg6RNVO2Fe\/view?usp=drive_link\">aquest document<\/a> hi trobareu informaci\u00f3 m\u00e9s concreta i detallada sobre la distribuci\u00f3 i el contingut de les mat\u00e8ries optatives de 4t d&#8217;ESO. La seva tria es fa durant el 3r trimestre de 3r d&#8217;ESO a trav\u00e9s de la Fira Interna d&#8217;Orientaci\u00f3, en qu\u00e8 l&#8217;alumnat de 4t d&#8217;ESO i el professorat presenten les mat\u00e8ries a l&#8217;alumnat de 3r i resolen els possibles dubtes que els puguin sorgir de cara a fer una tria ben informada i fonamentada. El Departament d&#8217;Orientaci\u00f3 i la CAEI acompanyen a l&#8217;alumnat i a les fam\u00edlies, si escau, en aquest proc\u00e9s de tria.<\/p>\n<p>Cal dir tamb\u00e9 que, a difer\u00e8ncia de la resta de cursos d&#8217;ESO, les mat\u00e8ries optatives de 4t d&#8217;ESO tenen un <strong>nombre de places limitat<\/strong>, per la qual cosa l&#8217;alumnat endre\u00e7a les mat\u00e8ries de cada franja per ordre de prefer\u00e8ncia. Si en alguna mat\u00e8ria hi ha m\u00e9s alumnat sol\u00b7licitant que places, es fa un <strong>tall per qualificacions<\/strong> finals de dels anteriors cursos d&#8217;ESO; la normativa i detalls sobre aquest tall es troben especificats al document enlla\u00e7at anteriorment. En aquest sentit, \u00e9s molt important destacar que <strong>les mat\u00e8ries optatives cursades a 4t d&#8217;ESO<\/strong>\u00a0<strong>NO s\u00f3n, sota cap concepte, un requisit per poder accedir a determinats estudis post-obligatoris en cap centre<\/strong>, per la qual cosa no \u00e9s necessari en cap cas cursar una determinada mat\u00e8ria amb l&#8217;objectiu d&#8217;accedir uns estudis post-obligatoris concrets.<\/p>\n","protected":false},"excerpt":{"rendered":"<p>L&#8217;Institut Pere Calders ofereix una s\u00e8rie de mat\u00e8ries optatives a tots els cursos d&#8217;ESO, amb un funcionament diferent segons les necessitats i especificitats de cada curs: &nbsp; 1r d&#8217;ESO Les mat\u00e8ries optatives de 1r d&#8217;ESO (de dues hores setmanals cadascuna) tenen una durada trimestral, de manera que cada grup-classe fa una mat\u00e8ria diferent cada trimestre [&hellip;]<\/p>\n","protected":false},"author":1,"featured_media":0,"parent":7152,"menu_order":0,"comment_status":"closed","ping_status":"closed","template":"","meta":{"_bbp_topic_count":0,"_bbp_reply_count":0,"_bbp_total_topic_count":0,"_bbp_total_reply_count":0,"_bbp_voice_count":0,"_bbp_anonymous_reply_count":0,"_bbp_topic_count_hidden":0,"_bbp_reply_count_hidden":0,"_bbp_forum_subforum_count":0,"site-sidebar-layout":"default","site-content-layout":"","ast-site-content-layout":"default","site-content-style":"default","site-sidebar-style":"default","ast-global-header-display":"","ast-banner-title-visibility":"","ast-main-header-display":"","ast-hfb-above-header-display":"","ast-hfb-below-header-display":"","ast-hfb-mobile-header-display":"","site-post-title":"","ast-breadcrumbs-content":"","ast-featured-img":"","footer-sml-layout":"","theme-transparent-header-meta":"default","adv-header-id-meta":"","stick-header-meta":"","header-above-stick-meta":"","header-main-stick-meta":"","header-below-stick-meta":"","astra-migrate-meta-layouts":"set","ast-page-background-enabled":"default","ast-page-background-meta":{"desktop":{"background-color":"var(--ast-global-color-4)","background-image":"","background-repeat":"repeat","background-position":"center center","background-size":"auto","background-attachment":"scroll","background-type":"","background-media":"","overlay-type":"","overlay-color":"","overlay-opacity":"","overlay-gradient":""},"tablet":{"background-color":"","background-image":"","background-repeat":"repeat","background-position":"center center","background-size":"auto","background-attachment":"scroll","background-type":"","background-media":"","overlay-type":"","overlay-color":"","overlay-opacity":"","overlay-gradient":""},"mobile":{"background-color":"","background-image":"","background-repeat":"repeat","background-position":"center center","background-size":"auto","background-attachment":"scroll","background-type":"","background-media":"","overlay-type":"","overlay-color":"","overlay-opacity":"","overlay-gradient":""}},"ast-content-background-meta":{"desktop":{"background-color":"var(--ast-global-color-5)","background-image":"","background-repeat":"repeat","background-position":"center center","background-size":"auto","background-attachment":"scroll","background-type":"","background-media":"","overlay-type":"","overlay-color":"","overlay-opacity":"","overlay-gradient":""},"tablet":{"background-color":"var(--ast-global-color-5)","background-image":"","background-repeat":"repeat","background-position":"center center","background-size":"auto","background-attachment":"scroll","background-type":"","background-media":"","overlay-type":"","overlay-color":"","overlay-opacity":"","overlay-gradient":""},"mobile":{"background-color":"var(--ast-global-color-5)","background-image":"","background-repeat":"repeat","background-position":"center center","background-size":"auto","background-attachment":"scroll","background-type":"","background-media":"","overlay-type":"","overlay-color":"","overlay-opacity":"","overlay-gradient":""}},"footnotes":""},"class_list":["post-7520","page","type-page","status-publish","hentry"],"post_mailing_queue_ids":[],"_links":{"self":[{"href":"https:\/\/agora.xtec.cat\/insperecalders\/wp-json\/wp\/v2\/pages\/7520","targetHints":{"allow":["GET"]}}],"collection":[{"href":"https:\/\/agora.xtec.cat\/insperecalders\/wp-json\/wp\/v2\/pages"}],"about":[{"href":"https:\/\/agora.xtec.cat\/insperecalders\/wp-json\/wp\/v2\/types\/page"}],"author":[{"embeddable":true,"href":"https:\/\/agora.xtec.cat\/insperecalders\/wp-json\/wp\/v2\/users\/1"}],"replies":[{"embeddable":true,"href":"https:\/\/agora.xtec.cat\/insperecalders\/wp-json\/wp\/v2\/comments?post=7520"}],"version-history":[{"count":4,"href":"https:\/\/agora.xtec.cat\/insperecalders\/wp-json\/wp\/v2\/pages\/7520\/revisions"}],"predecessor-version":[{"id":7524,"href":"https:\/\/agora.xtec.cat\/insperecalders\/wp-json\/wp\/v2\/pages\/7520\/revisions\/7524"}],"up":[{"embeddable":true,"href":"https:\/\/agora.xtec.cat\/insperecalders\/wp-json\/wp\/v2\/pages\/7152"}],"wp:attachment":[{"href":"https:\/\/agora.xtec.cat\/insperecalders\/wp-json\/wp\/v2\/media?parent=7520"}],"curies":[{"name":"wp","href":"https:\/\/api.w.org\/{rel}","templated":true}]}}