{"id":7152,"date":"2025-07-18T10:08:46","date_gmt":"2025-07-18T08:08:46","guid":{"rendered":"https:\/\/agora.xtec.cat\/insperecalders\/?page_id=7152"},"modified":"2025-07-18T11:56:33","modified_gmt":"2025-07-18T09:56:33","slug":"eso","status":"publish","type":"page","link":"https:\/\/agora.xtec.cat\/insperecalders\/eso\/","title":{"rendered":"ESO"},"content":{"rendered":"<h4>COORDINACIONS DE NIVELL<\/h4>\n<ul>\n<li>1r ESO. Mar\u00eda Jos\u00e9 CABELLO<\/li>\n<li>2n ESO. M\u00edriam MU\u00d1OZ<\/li>\n<li>3r ESO. Joan TORNEL<\/li>\n<li>4t ESO. N\u00faria CASAT<\/li>\n<\/ul>\n<h4>TUTORIES<\/h4>\n<ul>\n<li>1r ESO A. Mar\u00eda Jos\u00e9 CABELLO<\/li>\n<li>1r ESO B. Elixabete ZUGARRAMURDI<\/li>\n<li>1r ESO C. Meritxell TOVAR<\/li>\n<li>2n ESO A. M\u00edriam MU\u00d1OZ<\/li>\n<li>2n ESO B. Fran GARC\u00cdA<\/li>\n<li>2n ESO C. Marzena KORCZAKOWSKA<\/li>\n<li>3r ESO A. Albert FENOLL<\/li>\n<li>3r ESO B. Montse MAS<\/li>\n<li>3r ESO C. Joan TORNEL<\/li>\n<li>4t ESO A. David TORIBIO<\/li>\n<li>4t ESO B. Esther ROMERO<\/li>\n<li>4t ESO C. N\u00faria CASAT<\/li>\n<\/ul>\n<p>&nbsp;<\/p>\n","protected":false},"excerpt":{"rendered":"<p>COORDINACIONS DE NIVELL 1r ESO. Mar\u00eda Jos\u00e9 CABELLO 2n ESO. M\u00edriam MU\u00d1OZ 3r ESO. Joan TORNEL 4t ESO. N\u00faria CASAT TUTORIES 1r ESO A. Mar\u00eda Jos\u00e9 CABELLO 1r ESO B. Elixabete ZUGARRAMURDI 1r ESO C. Meritxell TOVAR 2n ESO A. M\u00edriam MU\u00d1OZ 2n ESO B. Fran GARC\u00cdA 2n ESO C. Marzena KORCZAKOWSKA 3r ESO A. [&hellip;]<\/p>\n","protected":false},"author":1,"featured_media":0,"parent":0,"menu_order":0,"comment_status":"closed","ping_status":"closed","template":"","meta":{"_bbp_topic_count":0,"_bbp_reply_count":0,"_bbp_total_topic_count":0,"_bbp_total_reply_count":0,"_bbp_voice_count":0,"_bbp_anonymous_reply_count":0,"_bbp_topic_count_hidden":0,"_bbp_reply_count_hidden":0,"_bbp_forum_subforum_count":0,"site-sidebar-layout":"default","site-content-layout":"","ast-site-content-layout":"default","site-content-style":"default","site-sidebar-style":"default","ast-global-header-display":"","ast-banner-title-visibility":"","ast-main-header-display":"","ast-hfb-above-header-display":"","ast-hfb-below-header-display":"","ast-hfb-mobile-header-display":"","site-post-title":"","ast-breadcrumbs-content":"","ast-featured-img":"","footer-sml-layout":"","theme-transparent-header-meta":"default","adv-header-id-meta":"","stick-header-meta":"","header-above-stick-meta":"","header-main-stick-meta":"","header-below-stick-meta":"","astra-migrate-meta-layouts":"set","ast-page-background-enabled":"default","ast-page-background-meta":{"desktop":{"background-color":"var(--ast-global-color-4)","background-image":"","background-repeat":"repeat","background-position":"center center","background-size":"auto","background-attachment":"scroll","background-type":"","background-media":"","overlay-type":"","overlay-color":"","overlay-opacity":"","overlay-gradient":""},"tablet":{"background-color":"","background-image":"","background-repeat":"repeat","background-position":"center center","background-size":"auto","background-attachment":"scroll","background-type":"","background-media":"","overlay-type":"","overlay-color":"","overlay-opacity":"","overlay-gradient":""},"mobile":{"background-color":"","background-image":"","background-repeat":"repeat","background-position":"center center","background-size":"auto","background-attachment":"scroll","background-type":"","background-media":"","overlay-type":"","overlay-color":"","overlay-opacity":"","overlay-gradient":""}},"ast-content-background-meta":{"desktop":{"background-color":"var(--ast-global-color-5)","background-image":"","background-repeat":"repeat","background-position":"center center","background-size":"auto","background-attachment":"scroll","background-type":"","background-media":"","overlay-type":"","overlay-color":"","overlay-opacity":"","overlay-gradient":""},"tablet":{"background-color":"var(--ast-global-color-5)","background-image":"","background-repeat":"repeat","background-position":"center center","background-size":"auto","background-attachment":"scroll","background-type":"","background-media":"","overlay-type":"","overlay-color":"","overlay-opacity":"","overlay-gradient":""},"mobile":{"background-color":"var(--ast-global-color-5)","background-image":"","background-repeat":"repeat","background-position":"center center","background-size":"auto","background-attachment":"scroll","background-type":"","background-media":"","overlay-type":"","overlay-color":"","overlay-opacity":"","overlay-gradient":""}},"footnotes":""},"class_list":["post-7152","page","type-page","status-publish","hentry"],"post_mailing_queue_ids":[],"_links":{"self":[{"href":"https:\/\/agora.xtec.cat\/insperecalders\/wp-json\/wp\/v2\/pages\/7152","targetHints":{"allow":["GET"]}}],"collection":[{"href":"https:\/\/agora.xtec.cat\/insperecalders\/wp-json\/wp\/v2\/pages"}],"about":[{"href":"https:\/\/agora.xtec.cat\/insperecalders\/wp-json\/wp\/v2\/types\/page"}],"author":[{"embeddable":true,"href":"https:\/\/agora.xtec.cat\/insperecalders\/wp-json\/wp\/v2\/users\/1"}],"replies":[{"embeddable":true,"href":"https:\/\/agora.xtec.cat\/insperecalders\/wp-json\/wp\/v2\/comments?post=7152"}],"version-history":[{"count":3,"href":"https:\/\/agora.xtec.cat\/insperecalders\/wp-json\/wp\/v2\/pages\/7152\/revisions"}],"predecessor-version":[{"id":7175,"href":"https:\/\/agora.xtec.cat\/insperecalders\/wp-json\/wp\/v2\/pages\/7152\/revisions\/7175"}],"wp:attachment":[{"href":"https:\/\/agora.xtec.cat\/insperecalders\/wp-json\/wp\/v2\/media?parent=7152"}],"curies":[{"name":"wp","href":"https:\/\/api.w.org\/{rel}","templated":true}]}}