{"id":6742,"date":"2024-04-26T10:36:43","date_gmt":"2024-04-26T08:36:43","guid":{"rendered":"https:\/\/agora.xtec.cat\/insperecalders\/?page_id=6742"},"modified":"2026-04-16T09:20:05","modified_gmt":"2026-04-16T07:20:05","slug":"criteris-davaluacio","status":"publish","type":"page","link":"https:\/\/agora.xtec.cat\/insperecalders\/eso\/criteris-davaluacio\/","title":{"rendered":"Criteris d&#8217;avaluaci\u00f3 ESO"},"content":{"rendered":"<p>Criteris d&#8217;avaluaci\u00f3 del curs 2025-2026 per mat\u00e8ries i assignatures<\/p>\n<p><a href=\"https:\/\/drive.google.com\/drive\/folders\/1cr4GU6wbf7xbe1iG5JNhh8DZa1dOXPr1?usp=sharing\">1r ESO<\/a><\/p>\n<p><a href=\"https:\/\/drive.google.com\/drive\/folders\/1Sxr3foL4uCjn_RUb6D5SbGYLLrVAVo0Q?usp=sharing\">2n ESO<\/a><\/p>\n<p><a href=\"https:\/\/drive.google.com\/drive\/folders\/1wlzXp0SY2UunpmhiZMVOJWpQ6IRK9XZe?usp=drive_link\">3r ESO<\/a><\/p>\n<p><a href=\"https:\/\/drive.google.com\/drive\/folders\/1-3Fig-VZTVm7JmFRBPgATjoI8NI_QpiS?usp=sharing\">4t ESO<\/a><\/p>\n<p><a href=\"https:\/\/drive.google.com\/drive\/folders\/14nZses6Zf5gylO4Xz401y3TWbLyz0RmX?usp=sharing\">1r Batx<\/a><\/p>\n<p><a href=\"https:\/\/drive.google.com\/drive\/folders\/10OG_YatxqAWGEGFnu0kRw2aln9SALM17?usp=sharing\">2n Batx<\/a><\/p>\n","protected":false},"excerpt":{"rendered":"<p>Criteris d&#8217;avaluaci\u00f3 del curs 2025-2026 per mat\u00e8ries i assignatures 1r ESO 2n ESO 3r ESO 4t ESO 1r Batx 2n Batx<\/p>\n","protected":false},"author":1,"featured_media":0,"parent":7152,"menu_order":0,"comment_status":"closed","ping_status":"closed","template":"","meta":{"_bbp_topic_count":0,"_bbp_reply_count":0,"_bbp_total_topic_count":0,"_bbp_total_reply_count":0,"_bbp_voice_count":0,"_bbp_anonymous_reply_count":0,"_bbp_topic_count_hidden":0,"_bbp_reply_count_hidden":0,"_bbp_forum_subforum_count":0,"site-sidebar-layout":"default","site-content-layout":"","ast-site-content-layout":"default","site-content-style":"default","site-sidebar-style":"default","ast-global-header-display":"","ast-banner-title-visibility":"","ast-main-header-display":"","ast-hfb-above-header-display":"","ast-hfb-below-header-display":"","ast-hfb-mobile-header-display":"","site-post-title":"","ast-breadcrumbs-content":"","ast-featured-img":"","footer-sml-layout":"","theme-transparent-header-meta":"default","adv-header-id-meta":"","stick-header-meta":"","header-above-stick-meta":"","header-main-stick-meta":"","header-below-stick-meta":"","astra-migrate-meta-layouts":"set","ast-page-background-enabled":"default","ast-page-background-meta":{"desktop":{"background-color":"var(--ast-global-color-4)","background-image":"","background-repeat":"repeat","background-position":"center center","background-size":"auto","background-attachment":"scroll","background-type":"","background-media":"","overlay-type":"","overlay-color":"","overlay-opacity":"","overlay-gradient":""},"tablet":{"background-color":"","background-image":"","background-repeat":"repeat","background-position":"center center","background-size":"auto","background-attachment":"scroll","background-type":"","background-media":"","overlay-type":"","overlay-color":"","overlay-opacity":"","overlay-gradient":""},"mobile":{"background-color":"","background-image":"","background-repeat":"repeat","background-position":"center center","background-size":"auto","background-attachment":"scroll","background-type":"","background-media":"","overlay-type":"","overlay-color":"","overlay-opacity":"","overlay-gradient":""}},"ast-content-background-meta":{"desktop":{"background-color":"var(--ast-global-color-5)","background-image":"","background-repeat":"repeat","background-position":"center center","background-size":"auto","background-attachment":"scroll","background-type":"","background-media":"","overlay-type":"","overlay-color":"","overlay-opacity":"","overlay-gradient":""},"tablet":{"background-color":"var(--ast-global-color-5)","background-image":"","background-repeat":"repeat","background-position":"center center","background-size":"auto","background-attachment":"scroll","background-type":"","background-media":"","overlay-type":"","overlay-color":"","overlay-opacity":"","overlay-gradient":""},"mobile":{"background-color":"var(--ast-global-color-5)","background-image":"","background-repeat":"repeat","background-position":"center center","background-size":"auto","background-attachment":"scroll","background-type":"","background-media":"","overlay-type":"","overlay-color":"","overlay-opacity":"","overlay-gradient":""}},"footnotes":""},"class_list":["post-6742","page","type-page","status-publish","hentry"],"post_mailing_queue_ids":[],"_links":{"self":[{"href":"https:\/\/agora.xtec.cat\/insperecalders\/wp-json\/wp\/v2\/pages\/6742","targetHints":{"allow":["GET"]}}],"collection":[{"href":"https:\/\/agora.xtec.cat\/insperecalders\/wp-json\/wp\/v2\/pages"}],"about":[{"href":"https:\/\/agora.xtec.cat\/insperecalders\/wp-json\/wp\/v2\/types\/page"}],"author":[{"embeddable":true,"href":"https:\/\/agora.xtec.cat\/insperecalders\/wp-json\/wp\/v2\/users\/1"}],"replies":[{"embeddable":true,"href":"https:\/\/agora.xtec.cat\/insperecalders\/wp-json\/wp\/v2\/comments?post=6742"}],"version-history":[{"count":6,"href":"https:\/\/agora.xtec.cat\/insperecalders\/wp-json\/wp\/v2\/pages\/6742\/revisions"}],"predecessor-version":[{"id":7519,"href":"https:\/\/agora.xtec.cat\/insperecalders\/wp-json\/wp\/v2\/pages\/6742\/revisions\/7519"}],"up":[{"embeddable":true,"href":"https:\/\/agora.xtec.cat\/insperecalders\/wp-json\/wp\/v2\/pages\/7152"}],"wp:attachment":[{"href":"https:\/\/agora.xtec.cat\/insperecalders\/wp-json\/wp\/v2\/media?parent=6742"}],"curies":[{"name":"wp","href":"https:\/\/api.w.org\/{rel}","templated":true}]}}