{"id":6556,"date":"2024-02-13T08:39:22","date_gmt":"2024-02-13T07:39:22","guid":{"rendered":"https:\/\/agora.xtec.cat\/insperecalders\/?page_id=6556"},"modified":"2026-04-16T09:19:30","modified_gmt":"2026-04-16T07:19:30","slug":"infocursvinent","status":"publish","type":"page","link":"https:\/\/agora.xtec.cat\/insperecalders\/infocursvinent\/","title":{"rendered":"Informaci\u00f3 curs 26-27"},"content":{"rendered":"<p><span style=\"color: #2b8b8c;\"><strong>ESO<\/strong><\/span><\/p>\n<p><strong>Jornada de portes obertes:<\/strong> dilluns 2 de mar\u00e7 a les 17:00h i a les 18:00h (inscripcions tancades)<\/p>\n<p><strong>Documents informatius:<\/strong><\/p>\n<ul>\n<li><a href=\"https:\/\/drive.google.com\/file\/d\/12IUXxRNUUtJowJNFU-VSzyMln4Y0c6OU\/view?usp=sharing\">Curr\u00edculum de l&#8217;ESO<\/a> a l&#8217;Institut Pere Calders<\/li>\n<li><a href=\"https:\/\/drive.google.com\/file\/d\/1TP2-b7tNI3R0KqvG-LKeigtIY8vYcHlZ\/view?usp=sharing\">Informaci\u00f3<\/a> facilitada a les Portes obertes de l&#8217;ESO<\/li>\n<li><a href=\"https:\/\/drive.google.com\/file\/d\/1HilJ-MLpe2NVwoM8HnDlU5yg6RNVO2Fe\/view?usp=sharing\">Assignatures optatives 4t d&#8217;ESO<\/a> (curs 26-27)<\/li>\n<\/ul>\n<p>&nbsp;<\/p>\n<p><span style=\"color: #2b8b8c;\"><strong>Batxillerat<\/strong><\/span><\/p>\n<p><strong>Presentaci\u00f3 del batxillerat a la Fira d&#8217;Orientaci\u00f3 de Cerdanyola del Vall\u00e8s:<\/strong> dimecres 18 i dijous 19 de febrer, de 9:30h a 14:30h<\/p>\n<p><strong>Jornada de portes obertes:<\/strong> dilluns 23 de mar\u00e7 a les 17:00h i a les 18:00h (inscripcions tancades)<\/p>\n<p><strong>Documents informatius: <\/strong><\/p>\n<ul>\n<li><span style=\"color: #333333;\"><a href=\"https:\/\/drive.google.com\/file\/d\/1P0zYDyIdkAgmGpQ3RoRQ8lP0GYc8SXEL\/view?usp=sharing\">Itineraris del Batxillerat<\/a> a l&#8217;institut Pere Calders<\/span><\/li>\n<li><a href=\"https:\/\/drive.google.com\/file\/d\/1DSCPaAyxmbaIuMcxGwbIAEzL33FDgtom\/view?usp=sharing\">Informaci\u00f3 facilitada<\/a> a les Portes obertes del Batxillerat<\/li>\n<li><span style=\"color: #333333;\">Assignatures optatives i de modalitat ofertades<\/span><\/li>\n<\/ul>\n","protected":false},"excerpt":{"rendered":"<p>ESO Jornada de portes obertes: dilluns 2 de mar\u00e7 a les 17:00h i a les 18:00h (inscripcions tancades) Documents informatius: Curr\u00edculum de l&#8217;ESO a l&#8217;Institut Pere Calders Informaci\u00f3 facilitada a les Portes obertes de l&#8217;ESO Assignatures optatives 4t d&#8217;ESO (curs 26-27) &nbsp; Batxillerat Presentaci\u00f3 del batxillerat a la Fira d&#8217;Orientaci\u00f3 de Cerdanyola del Vall\u00e8s: dimecres [&hellip;]<\/p>\n","protected":false},"author":1,"featured_media":0,"parent":0,"menu_order":0,"comment_status":"closed","ping_status":"closed","template":"","meta":{"_bbp_topic_count":0,"_bbp_reply_count":0,"_bbp_total_topic_count":0,"_bbp_total_reply_count":0,"_bbp_voice_count":0,"_bbp_anonymous_reply_count":0,"_bbp_topic_count_hidden":0,"_bbp_reply_count_hidden":0,"_bbp_forum_subforum_count":0,"site-sidebar-layout":"default","site-content-layout":"","ast-site-content-layout":"default","site-content-style":"default","site-sidebar-style":"default","ast-global-header-display":"","ast-banner-title-visibility":"","ast-main-header-display":"","ast-hfb-above-header-display":"","ast-hfb-below-header-display":"","ast-hfb-mobile-header-display":"","site-post-title":"","ast-breadcrumbs-content":"","ast-featured-img":"","footer-sml-layout":"","theme-transparent-header-meta":"default","adv-header-id-meta":"","stick-header-meta":"","header-above-stick-meta":"","header-main-stick-meta":"","header-below-stick-meta":"","astra-migrate-meta-layouts":"set","ast-page-background-enabled":"default","ast-page-background-meta":{"desktop":{"background-color":"var(--ast-global-color-4)","background-image":"","background-repeat":"repeat","background-position":"center center","background-size":"auto","background-attachment":"scroll","background-type":"","background-media":"","overlay-type":"","overlay-color":"","overlay-opacity":"","overlay-gradient":""},"tablet":{"background-color":"","background-image":"","background-repeat":"repeat","background-position":"center center","background-size":"auto","background-attachment":"scroll","background-type":"","background-media":"","overlay-type":"","overlay-color":"","overlay-opacity":"","overlay-gradient":""},"mobile":{"background-color":"","background-image":"","background-repeat":"repeat","background-position":"center center","background-size":"auto","background-attachment":"scroll","background-type":"","background-media":"","overlay-type":"","overlay-color":"","overlay-opacity":"","overlay-gradient":""}},"ast-content-background-meta":{"desktop":{"background-color":"var(--ast-global-color-5)","background-image":"","background-repeat":"repeat","background-position":"center center","background-size":"auto","background-attachment":"scroll","background-type":"","background-media":"","overlay-type":"","overlay-color":"","overlay-opacity":"","overlay-gradient":""},"tablet":{"background-color":"var(--ast-global-color-5)","background-image":"","background-repeat":"repeat","background-position":"center center","background-size":"auto","background-attachment":"scroll","background-type":"","background-media":"","overlay-type":"","overlay-color":"","overlay-opacity":"","overlay-gradient":""},"mobile":{"background-color":"var(--ast-global-color-5)","background-image":"","background-repeat":"repeat","background-position":"center center","background-size":"auto","background-attachment":"scroll","background-type":"","background-media":"","overlay-type":"","overlay-color":"","overlay-opacity":"","overlay-gradient":""}},"footnotes":""},"class_list":["post-6556","page","type-page","status-publish","hentry"],"post_mailing_queue_ids":[],"_links":{"self":[{"href":"https:\/\/agora.xtec.cat\/insperecalders\/wp-json\/wp\/v2\/pages\/6556","targetHints":{"allow":["GET"]}}],"collection":[{"href":"https:\/\/agora.xtec.cat\/insperecalders\/wp-json\/wp\/v2\/pages"}],"about":[{"href":"https:\/\/agora.xtec.cat\/insperecalders\/wp-json\/wp\/v2\/types\/page"}],"author":[{"embeddable":true,"href":"https:\/\/agora.xtec.cat\/insperecalders\/wp-json\/wp\/v2\/users\/1"}],"replies":[{"embeddable":true,"href":"https:\/\/agora.xtec.cat\/insperecalders\/wp-json\/wp\/v2\/comments?post=6556"}],"version-history":[{"count":6,"href":"https:\/\/agora.xtec.cat\/insperecalders\/wp-json\/wp\/v2\/pages\/6556\/revisions"}],"predecessor-version":[{"id":7518,"href":"https:\/\/agora.xtec.cat\/insperecalders\/wp-json\/wp\/v2\/pages\/6556\/revisions\/7518"}],"wp:attachment":[{"href":"https:\/\/agora.xtec.cat\/insperecalders\/wp-json\/wp\/v2\/media?parent=6556"}],"curies":[{"name":"wp","href":"https:\/\/api.w.org\/{rel}","templated":true}]}}