{"id":6517,"date":"2024-02-07T12:40:02","date_gmt":"2024-02-07T11:40:02","guid":{"rendered":"https:\/\/agora.xtec.cat\/insperecalders\/?page_id=6517"},"modified":"2024-10-01T20:02:19","modified_gmt":"2024-10-01T18:02:19","slug":"escola-de-families","status":"publish","type":"page","link":"https:\/\/agora.xtec.cat\/insperecalders\/identitat-de-centre\/activitats-de-centre\/escola-de-families\/","title":{"rendered":"Escola de fam\u00edlies"},"content":{"rendered":"<table style=\"height: 270px; border-style: hidden; width: 73.4859%;\">\n<tbody>\n<tr style=\"height: 5px;\">\n<td style=\"width: 996px; height: 5px; background-color: #99cccc;\"><strong>JOC DE CLAUS &#8211; Programa de prevenci\u00f3 escolar i familiar<\/strong><\/td>\n<\/tr>\n<tr style=\"height: 250px;\">\n<td style=\"width: 996px; height: 250px; border-style: hidden;\"><a href=\"https:\/\/www.projectehome.cat\/que-fem\/prevencio-de-les-addiccions\/escoles-programa-juego-de-llaves\/\" target=\"_blank\" rel=\"noopener noreferrer\"><img loading=\"lazy\" decoding=\"async\" class=\"wp-image-2280 alignright\" src=\"https:\/\/agora.xtec.cat\/insperecalders\/wp-content\/uploads\/usu1895\/2019\/12\/jocdeclaus.v4-1-1024x410.jpg\" alt=\"\" width=\"599\" height=\"240\" srcset=\"https:\/\/agora.xtec.cat\/insperecalders\/wp-content\/uploads\/usu1895\/2019\/12\/jocdeclaus.v4-1-1024x410.jpg 1024w, https:\/\/agora.xtec.cat\/insperecalders\/wp-content\/uploads\/usu1895\/2019\/12\/jocdeclaus.v4-1-300x120.jpg 300w, https:\/\/agora.xtec.cat\/insperecalders\/wp-content\/uploads\/usu1895\/2019\/12\/jocdeclaus.v4-1-768x307.jpg 768w, https:\/\/agora.xtec.cat\/insperecalders\/wp-content\/uploads\/usu1895\/2019\/12\/jocdeclaus.v4-1.jpg 1250w\" sizes=\"auto, (max-width: 599px) 100vw, 599px\" \/><\/a><\/p>\n<p style=\"text-align: justify;\">La fundaci\u00f3\u00a0<strong>Projecte Home<\/strong> ofereix aquest programa per a tots els membres de la comunitat educativa amb l&#8217;objectiu de dotar d&#8217;estrat\u00e8gies de prevenci\u00f3 de les addiccions (de tot tipus) tant a l&#8217;alumnat com al professorat i a les fam\u00edlies.<\/p>\n<p>El projecte es desenvolupa en tres vies diferents:<\/p>\n<ul>\n<li><strong>Sessions de tutoria:<\/strong> en algunes sessions de tutoria, al llarg del curs, es fan les activitats proposades per aquest programa, condu\u00efdes pel professorat tutor de cada grup-classe.<\/li>\n<li><strong>Formaci\u00f3 de professorat:<\/strong> la fundaci\u00f3 Projecte Home duu a terme un curs reconegut per al professorat dels centres participants en el programa Joc de Claus.<\/li>\n<li><strong>Sessions per a fam\u00edlies:<\/strong> al llarg del curs, es realitzen cinc sessions telem\u00e0tiques en qu\u00e8 personal expert dels programes de prevenci\u00f3 de Projecte Home informen i resolen els dubtes de les fam\u00edlies sobre temes del seu inter\u00e8s. El calendari de sessions per al curs 2024-2025 \u00e9s el seg\u00fcent (els enlla\u00e7os per entrar a la sessi\u00f3 s&#8217;enviaran a trav\u00e9s d&#8217;iEduca uns quants dies abans de la mateixa):<\/li>\n<\/ul>\n<table style=\"border-collapse: collapse; width: 100%; height: 196px;\">\n<tbody>\n<tr style=\"height: 28px;\">\n<td style=\"width: 100%; height: 28px;\" colspan=\"2\"><strong>Fam\u00edlies de 1r i 2n d&#8217;ESO<\/strong><\/td>\n<\/tr>\n<tr style=\"height: 28px;\">\n<td style=\"width: 32.754%; height: 28px;\">Dimecres 16\/10\/2024, a les 18:30h<\/td>\n<td style=\"width: 67.246%; height: 28px;\"><a href=\"https:\/\/agora.xtec.cat\/insperecalders\/wp-content\/uploads\/usu1895\/2024\/10\/PERE-CALDERS-adolescencia-1r-i-2n.pdf\">Entenent l\u2019adolesc\u00e8ncia<\/a><\/td>\n<\/tr>\n<tr style=\"height: 28px;\">\n<td style=\"width: 32.754%; height: 28px;\">Dimecres 26\/02\/2025, a les 18:30h<\/td>\n<td style=\"width: 67.246%; height: 28px;\"><a href=\"https:\/\/agora.xtec.cat\/insperecalders\/wp-content\/uploads\/usu1895\/2024\/10\/PERE-CALDERS-comunicacio-1r-i-2n.pdf\">Els canvis en la comunicaci\u00f3 a l\u2019adolesc\u00e8ncia i com gestionar-ho<\/a><\/td>\n<\/tr>\n<tr style=\"height: 28px;\">\n<td style=\"width: 32.754%; height: 28px;\">Dimecres 21\/05\/2025, a les 18:30h<\/td>\n<td style=\"width: 67.246%; height: 28px;\"><a href=\"https:\/\/agora.xtec.cat\/insperecalders\/wp-content\/uploads\/usu1895\/2024\/10\/PERE-CALDERS-pantalles-1r-i-2n.pdf\">Acompanyem en l\u2019\u00fas de pantalles<\/a><\/td>\n<\/tr>\n<tr style=\"height: 28px;\">\n<td style=\"width: 100%; height: 28px;\" colspan=\"2\"><strong>Fam\u00edlies de 3r i 4t d&#8217;ESO<\/strong><\/td>\n<\/tr>\n<tr style=\"height: 28px;\">\n<td style=\"width: 32.754%; height: 28px;\">Dimecres 29\/01\/2025, a les 18:30h<\/td>\n<td style=\"width: 67.246%; height: 28px;\"><a href=\"https:\/\/agora.xtec.cat\/insperecalders\/wp-content\/uploads\/usu1895\/2024\/10\/PERE-CALDERS-conflictes-3r-i-4t.pdf\">Gestionant conflictes &#8211; eines per a una conviv\u00e8ncia saludable<\/a><\/td>\n<\/tr>\n<tr style=\"height: 28px;\">\n<td style=\"width: 32.754%; height: 28px;\">Dimecres 09\/04\/2025, a les 18:30h<\/td>\n<td style=\"width: 67.246%; height: 28px;\"><a href=\"https:\/\/agora.xtec.cat\/insperecalders\/wp-content\/uploads\/usu1895\/2024\/10\/PERE-CALDERS-oci-i-temps-lliure-3r-i-4t.pdf\">Acompanyem en el gaudi de l\u2019oci i temps lliure saludable<\/a><\/td>\n<\/tr>\n<\/tbody>\n<\/table>\n<\/td>\n<\/tr>\n<tr style=\"height: 5px;\">\n<td style=\"width: 996px; height: 5px; background-color: #cccccc;\"><\/td>\n<\/tr>\n<\/tbody>\n<\/table>\n","protected":false},"excerpt":{"rendered":"<p>JOC DE CLAUS &#8211; Programa de prevenci\u00f3 escolar i familiar La fundaci\u00f3\u00a0Projecte Home ofereix aquest programa per a tots els membres de la comunitat educativa amb l&#8217;objectiu de dotar d&#8217;estrat\u00e8gies de prevenci\u00f3 de les addiccions (de tot tipus) tant a l&#8217;alumnat com al professorat i a les fam\u00edlies. El projecte es desenvolupa en tres vies [&hellip;]<\/p>\n","protected":false},"author":4,"featured_media":0,"parent":1082,"menu_order":19,"comment_status":"closed","ping_status":"closed","template":"","meta":{"_bbp_topic_count":0,"_bbp_reply_count":0,"_bbp_total_topic_count":0,"_bbp_total_reply_count":0,"_bbp_voice_count":0,"_bbp_anonymous_reply_count":0,"_bbp_topic_count_hidden":0,"_bbp_reply_count_hidden":0,"_bbp_forum_subforum_count":0,"site-sidebar-layout":"default","site-content-layout":"","ast-site-content-layout":"","site-content-style":"default","site-sidebar-style":"default","ast-global-header-display":"","ast-banner-title-visibility":"","ast-main-header-display":"","ast-hfb-above-header-display":"","ast-hfb-below-header-display":"","ast-hfb-mobile-header-display":"","site-post-title":"","ast-breadcrumbs-content":"","ast-featured-img":"","footer-sml-layout":"","theme-transparent-header-meta":"","adv-header-id-meta":"","stick-header-meta":"","header-above-stick-meta":"","header-main-stick-meta":"","header-below-stick-meta":"","astra-migrate-meta-layouts":"default","ast-page-background-enabled":"default","ast-page-background-meta":{"desktop":{"background-color":"var(--ast-global-color-4)","background-image":"","background-repeat":"repeat","background-position":"center center","background-size":"auto","background-attachment":"scroll","background-type":"","background-media":"","overlay-type":"","overlay-color":"","overlay-opacity":"","overlay-gradient":""},"tablet":{"background-color":"","background-image":"","background-repeat":"repeat","background-position":"center center","background-size":"auto","background-attachment":"scroll","background-type":"","background-media":"","overlay-type":"","overlay-color":"","overlay-opacity":"","overlay-gradient":""},"mobile":{"background-color":"","background-image":"","background-repeat":"repeat","background-position":"center center","background-size":"auto","background-attachment":"scroll","background-type":"","background-media":"","overlay-type":"","overlay-color":"","overlay-opacity":"","overlay-gradient":""}},"ast-content-background-meta":{"desktop":{"background-color":"var(--ast-global-color-5)","background-image":"","background-repeat":"repeat","background-position":"center center","background-size":"auto","background-attachment":"scroll","background-type":"","background-media":"","overlay-type":"","overlay-color":"","overlay-opacity":"","overlay-gradient":""},"tablet":{"background-color":"var(--ast-global-color-5)","background-image":"","background-repeat":"repeat","background-position":"center center","background-size":"auto","background-attachment":"scroll","background-type":"","background-media":"","overlay-type":"","overlay-color":"","overlay-opacity":"","overlay-gradient":""},"mobile":{"background-color":"var(--ast-global-color-5)","background-image":"","background-repeat":"repeat","background-position":"center center","background-size":"auto","background-attachment":"scroll","background-type":"","background-media":"","overlay-type":"","overlay-color":"","overlay-opacity":"","overlay-gradient":""}},"footnotes":""},"class_list":["post-6517","page","type-page","status-publish","hentry"],"post_mailing_queue_ids":[],"_links":{"self":[{"href":"https:\/\/agora.xtec.cat\/insperecalders\/wp-json\/wp\/v2\/pages\/6517","targetHints":{"allow":["GET"]}}],"collection":[{"href":"https:\/\/agora.xtec.cat\/insperecalders\/wp-json\/wp\/v2\/pages"}],"about":[{"href":"https:\/\/agora.xtec.cat\/insperecalders\/wp-json\/wp\/v2\/types\/page"}],"author":[{"embeddable":true,"href":"https:\/\/agora.xtec.cat\/insperecalders\/wp-json\/wp\/v2\/users\/4"}],"replies":[{"embeddable":true,"href":"https:\/\/agora.xtec.cat\/insperecalders\/wp-json\/wp\/v2\/comments?post=6517"}],"version-history":[{"count":6,"href":"https:\/\/agora.xtec.cat\/insperecalders\/wp-json\/wp\/v2\/pages\/6517\/revisions"}],"predecessor-version":[{"id":6892,"href":"https:\/\/agora.xtec.cat\/insperecalders\/wp-json\/wp\/v2\/pages\/6517\/revisions\/6892"}],"up":[{"embeddable":true,"href":"https:\/\/agora.xtec.cat\/insperecalders\/wp-json\/wp\/v2\/pages\/1082"}],"wp:attachment":[{"href":"https:\/\/agora.xtec.cat\/insperecalders\/wp-json\/wp\/v2\/media?parent=6517"}],"curies":[{"name":"wp","href":"https:\/\/api.w.org\/{rel}","templated":true}]}}