{"id":639,"date":"2019-09-06T21:14:09","date_gmt":"2019-09-06T19:14:09","guid":{"rendered":"http:\/\/agora.xtec.cat\/insperecalders\/?page_id=639"},"modified":"2026-05-08T12:27:10","modified_gmt":"2026-05-08T10:27:10","slug":"pau-selectivitat","status":"publish","type":"page","link":"https:\/\/agora.xtec.cat\/insperecalders\/secretaria\/batxillerat-preinscripcio-i-matricula\/pau-selectivitat\/","title":{"rendered":"PAU i PAP"},"content":{"rendered":"<p style=\"text-align: center;\">Al <a href=\"https:\/\/universitats.gencat.cat\/ca\/inici\/\">Canal Universitats<\/a> de la Generalitat de Catalunya hi trobareu tota la informaci\u00f3 relativa a les <a href=\"https:\/\/universitats.gencat.cat\/ca\/pau\/index.html\">PAU<\/a> i les <a href=\"https:\/\/universitats.gencat.cat\/ca\/proves-aptitud-personal\/\">PAP<\/a>.<\/p>\n<p>&nbsp;<\/p>\n<p><strong><span style=\"color: #2b8c8b;\">Convocat\u00f2ria ordin\u00e0ria 2026<\/span><\/strong><\/p>\n<p><strong>Del dimarts 10 al dijous 19 de febrer:<\/strong> preinscripci\u00f3 a les PAU i matr\u00edcula a les PAP de manera telem\u00e0tica a trav\u00e9s del portal <a href=\"https:\/\/accesuniversitat.gencat.cat\/accesuniversitat\/login\">ACCESNET<\/a>. Aquest tr\u00e0mit es realitzar\u00e0 a les tutories de 2n de Batxillerat i es facilitar\u00e0 a l&#8217;alumnat tota la documentaci\u00f3 i informaci\u00f3 necess\u00e0ria. En <a href=\"https:\/\/drive.google.com\/file\/d\/1jb6xTESODp_WiY-cIR3YvmUzI_7lSZyj\/view\">aquest enlla\u00e7<\/a> s&#8217;explica el funcionament de la plataforma, mentre que en <a href=\"https:\/\/drive.google.com\/file\/d\/1Uni0E_i_d1S2gQw-SMPP9PhDjJihlQDN\/view\">aquest document<\/a> trobareu una explicaci\u00f3 sobre el funcionament de la prematr\u00edcula.<\/p>\n<p>\u26a0\ufe0fInformaci\u00f3 <a href=\"https:\/\/drive.google.com\/file\/d\/1O1dFv2ywXjLQAjJQqYwtPKC9C30Xtxpk\/view?usp=sharing\" target=\"_blank\" rel=\"noopener\"><strong>&#8220;<\/strong><\/a><a href=\"https:\/\/drive.google.com\/file\/d\/1u0scSwnlnDiEnWO8RfCzrfjvXzYnczDh\/view?usp=sharing\" target=\"_blank\" rel=\"noopener\"><strong>Acc\u00e9s i admissi\u00f3 a la universitat 2026<\/strong><\/a><a href=\"https:\/\/drive.google.com\/file\/d\/1O1dFv2ywXjLQAjJQqYwtPKC9C30Xtxpk\/view?usp=sharing\" target=\"_blank\" rel=\"noopener\"><strong>&#8220;<\/strong><\/a><\/p>\n<p>\u26a0\ufe0fInformaci\u00f3 sobre <strong><a href=\"https:\/\/drive.google.com\/file\/d\/1dpQAlPxTY7J1sI3UlEG80cdCRoUZEgGY\/view?usp=sharing\" target=\"_blank\" rel=\"noopener\">la preinscripci\u00f3 universit\u00e0ria<\/a><\/strong><\/p>\n<p>\u26a0\ufe0fInformaci\u00f3 sobre <a href=\"https:\/\/drive.google.com\/file\/d\/1U2RbZnqs5cur7HHx6lk_1nq16r4nZxgC\/view?usp=sharing\" target=\"_blank\" rel=\"noopener\"><strong>la matr\u00edcula a les PAU 2026<\/strong><\/a><\/p>\n<p>\u26a0\ufe0fInformaci\u00f3 <a href=\"https:\/\/drive.google.com\/file\/d\/18EQgFATuYolbJYdqjKJX-9hQtVwek9jB\/view?usp=sharing\" target=\"_blank\" rel=\"noopener\"><strong>&#8220;<\/strong><strong>Instruccions matr\u00edcula PAU 2026 alumnat<\/strong><strong>&#8220;<\/strong><\/a><\/p>\n<p>\u26a0\ufe0fInformaci\u00f3 <a href=\"https:\/\/drive.google.com\/file\/d\/1pmS6bkLVY2pDdV1Q1abij6MKv1zn8JYl\/view?usp=sharing\" target=\"_blank\" rel=\"noopener\"><strong>&#8220;Prohibici\u00f3 d<\/strong><strong>ispostius electr\u00f2nics<\/strong><strong>&#8220;<\/strong><\/a><\/p>\n<p>\u26a0\ufe0fInformaci\u00f3 <a href=\"https:\/\/drive.google.com\/file\/d\/1g4bPrV87JrqLQdxndmSdwZAUG13RQa3u\/view?usp=sharing\" target=\"_blank\" rel=\"noopener\"><strong>&#8220;Recordatori dates i procediments importants alumnat 2n BAT<\/strong><strong>&#8220;<\/strong><\/a><\/p>\n<p><strong>Dissabte 11 d&#8217;abril:<\/strong> prova PAP (convocat\u00f2ria ordin\u00e0ria).<\/p>\n<p><strong>Del dimarts 19 al dimecres 27 de<\/strong>\u00a0<strong>maig:\u00a0<\/strong>matr\u00edcula a les PAU de manera telem\u00e0tica a trav\u00e9s del portal <a href=\"https:\/\/accesuniversitat.gencat.cat\/accesuniversitat\/login\">ACCESNET<\/a>.<\/p>\n<p><strong>Del divendres 5 al dijous 11 de juny:\u00a0 <\/strong>publicaci\u00f3 tribunal assignat i lloc d\u2019examen (a trav\u00e9s del portal <a href=\"https:\/\/accesuniversitat.gencat.cat\/accesuniversitat\/login\">ACCESNET<\/a>).<\/p>\n<p><strong>Del dimarts 9 al dimecres 11 de juny:<\/strong> proves PAU (tribunal ordinari).<\/p>\n<p><strong>Del dimarts 16 al dimecres 18 de juny:<\/strong> proves PAU (tribunal especial i d&#8217;incid\u00e8ncies).<\/p>\n<p><strong>23 de juny: <\/strong>publicaci\u00f3 de les notes de la PAU a trav\u00e9s del portal <a href=\"https:\/\/accesuniversitat.gencat.cat\/accesuniversitat\/login\">ACCESNET<\/a>.<\/p>\n<p>&nbsp;<\/p>\n<p><strong><span style=\"color: #2b8c8b;\">Convocat\u00f2ria extraordin\u00e0ria 2026<\/span><\/strong><\/p>\n<p><strong>Del dijous 11 al divendres 19 de<\/strong>\u00a0<strong>juny: <\/strong>matr\u00edcula a les PAP de manera telem\u00e0tica a trav\u00e9s del portal <a href=\"https:\/\/accesuniversitat.gencat.cat\/accesuniversitat\/login\">ACCESNET<\/a>.<\/p>\n<p><strong>Divendres 17 de juliol:<\/strong> prova PAP extraordin\u00e0ria.<\/p>\n<p><strong>Del dimarts 21 al dijous 23 de<\/strong>\u00a0<strong>juliol: <\/strong>matr\u00edcula a les PAU de manera telem\u00e0tica a trav\u00e9s del portal <a href=\"https:\/\/accesuniversitat.gencat.cat\/accesuniversitat\/login\">ACCESNET<\/a>.<\/p>\n<p><strong>Del divendres 28 d\u2019agost al divendres 4 de setembre: <\/strong>publicaci\u00f3 tribunal assignat i lloc d\u2019examen (a trav\u00e9s del portal <a href=\"https:\/\/accesuniversitat.gencat.cat\/accesuniversitat\/login\">ACCESNET<\/a>).<\/p>\n<p><strong>Del dimecres 2 al divendres 4 de setembre:<\/strong> proves PAU extraordin\u00e0ries.<\/p>\n","protected":false},"excerpt":{"rendered":"<p>Al Canal Universitats de la Generalitat de Catalunya hi trobareu tota la informaci\u00f3 relativa a les PAU i les PAP. &nbsp; Convocat\u00f2ria ordin\u00e0ria 2026 Del dimarts 10 al dijous 19 de febrer: preinscripci\u00f3 a les PAU i matr\u00edcula a les PAP de manera telem\u00e0tica a trav\u00e9s del portal ACCESNET. Aquest tr\u00e0mit es realitzar\u00e0 a les [&hellip;]<\/p>\n","protected":false},"author":1,"featured_media":0,"parent":7431,"menu_order":22,"comment_status":"closed","ping_status":"closed","template":"","meta":{"_bbp_topic_count":0,"_bbp_reply_count":0,"_bbp_total_topic_count":0,"_bbp_total_reply_count":0,"_bbp_voice_count":0,"_bbp_anonymous_reply_count":0,"_bbp_topic_count_hidden":0,"_bbp_reply_count_hidden":0,"_bbp_forum_subforum_count":0,"site-sidebar-layout":"default","site-content-layout":"","ast-site-content-layout":"default","site-content-style":"default","site-sidebar-style":"default","ast-global-header-display":"","ast-banner-title-visibility":"","ast-main-header-display":"","ast-hfb-above-header-display":"","ast-hfb-below-header-display":"","ast-hfb-mobile-header-display":"","site-post-title":"","ast-breadcrumbs-content":"","ast-featured-img":"","footer-sml-layout":"","theme-transparent-header-meta":"default","adv-header-id-meta":"","stick-header-meta":"","header-above-stick-meta":"","header-main-stick-meta":"","header-below-stick-meta":"","astra-migrate-meta-layouts":"set","ast-page-background-enabled":"default","ast-page-background-meta":{"desktop":{"background-color":"var(--ast-global-color-4)","background-image":"","background-repeat":"repeat","background-position":"center center","background-size":"auto","background-attachment":"scroll","background-type":"","background-media":"","overlay-type":"","overlay-color":"","overlay-opacity":"","overlay-gradient":""},"tablet":{"background-color":"","background-image":"","background-repeat":"repeat","background-position":"center center","background-size":"auto","background-attachment":"scroll","background-type":"","background-media":"","overlay-type":"","overlay-color":"","overlay-opacity":"","overlay-gradient":""},"mobile":{"background-color":"","background-image":"","background-repeat":"repeat","background-position":"center center","background-size":"auto","background-attachment":"scroll","background-type":"","background-media":"","overlay-type":"","overlay-color":"","overlay-opacity":"","overlay-gradient":""}},"ast-content-background-meta":{"desktop":{"background-color":"var(--ast-global-color-5)","background-image":"","background-repeat":"repeat","background-position":"center center","background-size":"auto","background-attachment":"scroll","background-type":"","background-media":"","overlay-type":"","overlay-color":"","overlay-opacity":"","overlay-gradient":""},"tablet":{"background-color":"var(--ast-global-color-5)","background-image":"","background-repeat":"repeat","background-position":"center center","background-size":"auto","background-attachment":"scroll","background-type":"","background-media":"","overlay-type":"","overlay-color":"","overlay-opacity":"","overlay-gradient":""},"mobile":{"background-color":"var(--ast-global-color-5)","background-image":"","background-repeat":"repeat","background-position":"center center","background-size":"auto","background-attachment":"scroll","background-type":"","background-media":"","overlay-type":"","overlay-color":"","overlay-opacity":"","overlay-gradient":""}},"footnotes":""},"class_list":["post-639","page","type-page","status-publish","hentry"],"post_mailing_queue_ids":[],"_links":{"self":[{"href":"https:\/\/agora.xtec.cat\/insperecalders\/wp-json\/wp\/v2\/pages\/639","targetHints":{"allow":["GET"]}}],"collection":[{"href":"https:\/\/agora.xtec.cat\/insperecalders\/wp-json\/wp\/v2\/pages"}],"about":[{"href":"https:\/\/agora.xtec.cat\/insperecalders\/wp-json\/wp\/v2\/types\/page"}],"author":[{"embeddable":true,"href":"https:\/\/agora.xtec.cat\/insperecalders\/wp-json\/wp\/v2\/users\/1"}],"replies":[{"embeddable":true,"href":"https:\/\/agora.xtec.cat\/insperecalders\/wp-json\/wp\/v2\/comments?post=639"}],"version-history":[{"count":8,"href":"https:\/\/agora.xtec.cat\/insperecalders\/wp-json\/wp\/v2\/pages\/639\/revisions"}],"predecessor-version":[{"id":7547,"href":"https:\/\/agora.xtec.cat\/insperecalders\/wp-json\/wp\/v2\/pages\/639\/revisions\/7547"}],"up":[{"embeddable":true,"href":"https:\/\/agora.xtec.cat\/insperecalders\/wp-json\/wp\/v2\/pages\/7431"}],"wp:attachment":[{"href":"https:\/\/agora.xtec.cat\/insperecalders\/wp-json\/wp\/v2\/media?parent=639"}],"curies":[{"name":"wp","href":"https:\/\/api.w.org\/{rel}","templated":true}]}}