{"id":635,"date":"2019-09-06T21:11:50","date_gmt":"2019-09-06T19:11:50","guid":{"rendered":"http:\/\/agora.xtec.cat\/insperecalders\/?page_id=635"},"modified":"2026-03-25T11:30:18","modified_gmt":"2026-03-25T10:30:18","slug":"matricula-batxillerat","status":"publish","type":"page","link":"https:\/\/agora.xtec.cat\/insperecalders\/secretaria\/batxillerat-preinscripcio-i-matricula\/matricula-batxillerat\/","title":{"rendered":"Matr\u00edcula Batxillerat"},"content":{"rendered":"<p>Es tracta d&#8217;un tr\u00e0mit presencial que es fa a la secretaria del centre educatiu.<\/p>\n<p><span style=\"color: #000000;\"><strong>Per\u00edode oficial de matr\u00edcula:<\/strong> del dijous 18 al divendres 30 de juny<\/span><\/p>\n<ul>\n<li><strong>Matr\u00edcula interna (alumnat que ha cursat 4t d&#8217;ESO) a 1r Batx:<\/strong> 16 de juny en horari lectiu (amb l&#8217;orientaci\u00f3 de les persones tutores i l&#8217;equip directiu)<\/li>\n<li><strong>Matr\u00edcula interna (alumnat que ha cursat 1r Batx al centre o repeteix 2n Batx) a 2n Batx:<\/strong> del 15 al 17 de juny (excepte l&#8217;alumnat que s&#8217;ha de presentar a la convocat\u00f2ria extraordin\u00e0ria de 1r Batx, que es matricular\u00e0 dins el per\u00edode oficial).<\/li>\n<li><strong>Matr\u00edcula externa (alumnat nou al centre):<\/strong> dins el per\u00edode oficial (preferentment del 18 al 23 de juny).<\/li>\n<\/ul>\n<p><strong>Formulari de<\/strong>\u00a0<strong>matr\u00edcula\u00a0<\/strong>(cal haver-lo omplert abans de venir a matricular-se al centre)<\/p>\n<h6><a href=\"https:\/\/drive.google.com\/file\/d\/15I5rKlgKa7x9K49RZIiVOXluORouL4Vr\/view?usp=sharing\" target=\"_blank\" rel=\"noopener\">Informaci\u00f3 general de la matr\u00edcula (consulteu l&#8217;enlla\u00e7)<\/a><\/h6>\n<p><strong>Documentaci\u00f3 que cal aportar:<\/strong><\/p>\n<ul>\n<li>Resguard de matr\u00edcula (ha de ser coherent amb la informaci\u00f3 que heu facilitat al formulari)<\/li>\n<li>Original i fotoc\u00f2pia del DNI de l&#8217;alumne\/a<\/li>\n<li>Original i fotoc\u00f2pia del carnet de fam\u00edlia nombrosa o monoparental de l&#8217;alumne\/a (si escau)<\/li>\n<li>Resguards dels pagaments efectuats<\/li>\n<li><a href=\"https:\/\/drive.google.com\/file\/d\/1oe3rFdJndb6FG4VXDeRZDCN4hSVK1x0S\/view?usp=drive_link\">Comunicaci\u00f3 relativa a l&#8217;\u00fas de serveis i recursos digitals a internet per treballar a l&#8217;aula per a majors de 14 anys<\/a> (signada per la fam\u00edlia)<\/li>\n<li><a href=\"https:\/\/drive.google.com\/file\/d\/17nQwSr_7iJ3-9dFMLbR8HdyotmrMzvdE\/view?usp=drive_link\">Autoritzaci\u00f3 d&#8217;\u00fas d&#8217;imatges de persones majors de 14 anys<\/a> (signada per l&#8217;alumne\/a)<\/li>\n<li><a href=\"https:\/\/drive.google.com\/file\/d\/1OQLUEtkk-KM33BoK5G9QH3lhz1PArvbL\/view?usp=drive_link\">Autoritzaci\u00f3 d&#8217;assist\u00e8ncia a sortides i activitats escolars fora del centre <\/a>(signada per la fam\u00edlia)<\/li>\n<li><a href=\"https:\/\/drive.google.com\/file\/d\/1Uk1LYNmcj8bQoMbHrss4W1fdTUO5F1nj\/view?usp=drive_link\">Autoritzaci\u00f3 per a l&#8217;administraci\u00f3 de paracetamol <\/a>(signada per la fam\u00edlia)<\/li>\n<li><a href=\"https:\/\/drive.google.com\/file\/d\/1b0yNNXg2ci_E0VFhn9vU1XIHTuB3VNXD\/view?usp=drive_link\">Fitxa de salut de l&#8217;alumne\/a <\/a>(signada per la fam\u00edlia)<\/li>\n<li><a href=\"https:\/\/drive.google.com\/file\/d\/1mDKXSZ23kcaDXBNG2Te59Z34D559qd_K\/view?usp=sharing\" target=\"_blank\" rel=\"noopener\">Inscripci\u00f3 a l&#8217;AFA<\/a> (les fam\u00edlies que paguin la quota, signada per la fam\u00edlia)<\/li>\n<li><a href=\"https:\/\/drive.google.com\/file\/d\/1Pe0WFwZUkLNfPlLV_c5E-L_SjNqm1WG1\/view\">Contracte d&#8217;\u00fas de l&#8217;armariet de l&#8217;aula<\/a> (nom\u00e9s en cas que s&#8217;hi estigui interessat i s&#8217;hagi fet el pagament corresponent, signat per la fam\u00edlia i per l&#8217;alumne\/a)<\/li>\n<\/ul>\n<p>&nbsp;<\/p>\n<p><strong>M\u00e9s informaci\u00f3:<\/strong><\/p>\n<p><a href=\"https:\/\/drive.google.com\/file\/d\/1P0zYDyIdkAgmGpQ3RoRQ8lP0GYc8SXEL\/view?usp=sharing\">Curr\u00edculum del Batxillerat<\/a> a l&#8217;Institut Pere Calders per al curs 2026-2027. Si tens dubtes sobre el contingut de les mat\u00e8ries o la tria del teu itinerari, pots consultar aquesta infografia i demanar una sessi\u00f3 d&#8217;orientaci\u00f3 a trav\u00e9s d&#8217;aquest enlla\u00e7.<\/p>\n<p>Informacions relatives a l&#8217;AFA per al curs 2026-2027 i recollida de dades de les fam\u00edlies de l&#8217;institut.<\/p>\n","protected":false},"excerpt":{"rendered":"<p>Es tracta d&#8217;un tr\u00e0mit presencial que es fa a la secretaria del centre educatiu. Per\u00edode oficial de matr\u00edcula: del dijous 18 al divendres 30 de juny Matr\u00edcula interna (alumnat que ha cursat 4t d&#8217;ESO) a 1r Batx: 16 de juny en horari lectiu (amb l&#8217;orientaci\u00f3 de les persones tutores i l&#8217;equip directiu) Matr\u00edcula interna (alumnat [&hellip;]<\/p>\n","protected":false},"author":1,"featured_media":0,"parent":7431,"menu_order":20,"comment_status":"closed","ping_status":"closed","template":"","meta":{"_bbp_topic_count":0,"_bbp_reply_count":0,"_bbp_total_topic_count":0,"_bbp_total_reply_count":0,"_bbp_voice_count":0,"_bbp_anonymous_reply_count":0,"_bbp_topic_count_hidden":0,"_bbp_reply_count_hidden":0,"_bbp_forum_subforum_count":0,"site-sidebar-layout":"default","site-content-layout":"","ast-site-content-layout":"full-width-container","site-content-style":"default","site-sidebar-style":"default","ast-global-header-display":"","ast-banner-title-visibility":"","ast-main-header-display":"","ast-hfb-above-header-display":"","ast-hfb-below-header-display":"","ast-hfb-mobile-header-display":"","site-post-title":"","ast-breadcrumbs-content":"","ast-featured-img":"","footer-sml-layout":"","theme-transparent-header-meta":"default","adv-header-id-meta":"","stick-header-meta":"","header-above-stick-meta":"","header-main-stick-meta":"","header-below-stick-meta":"","astra-migrate-meta-layouts":"set","ast-page-background-enabled":"default","ast-page-background-meta":{"desktop":{"background-color":"var(--ast-global-color-4)","background-image":"","background-repeat":"repeat","background-position":"center center","background-size":"auto","background-attachment":"scroll","background-type":"","background-media":"","overlay-type":"","overlay-color":"","overlay-opacity":"","overlay-gradient":""},"tablet":{"background-color":"","background-image":"","background-repeat":"repeat","background-position":"center center","background-size":"auto","background-attachment":"scroll","background-type":"","background-media":"","overlay-type":"","overlay-color":"","overlay-opacity":"","overlay-gradient":""},"mobile":{"background-color":"","background-image":"","background-repeat":"repeat","background-position":"center center","background-size":"auto","background-attachment":"scroll","background-type":"","background-media":"","overlay-type":"","overlay-color":"","overlay-opacity":"","overlay-gradient":""}},"ast-content-background-meta":{"desktop":{"background-color":"var(--ast-global-color-5)","background-image":"","background-repeat":"repeat","background-position":"center center","background-size":"auto","background-attachment":"scroll","background-type":"","background-media":"","overlay-type":"","overlay-color":"","overlay-opacity":"","overlay-gradient":""},"tablet":{"background-color":"var(--ast-global-color-5)","background-image":"","background-repeat":"repeat","background-position":"center center","background-size":"auto","background-attachment":"scroll","background-type":"","background-media":"","overlay-type":"","overlay-color":"","overlay-opacity":"","overlay-gradient":""},"mobile":{"background-color":"var(--ast-global-color-5)","background-image":"","background-repeat":"repeat","background-position":"center center","background-size":"auto","background-attachment":"scroll","background-type":"","background-media":"","overlay-type":"","overlay-color":"","overlay-opacity":"","overlay-gradient":""}},"footnotes":""},"class_list":["post-635","page","type-page","status-publish","hentry"],"post_mailing_queue_ids":[],"_links":{"self":[{"href":"https:\/\/agora.xtec.cat\/insperecalders\/wp-json\/wp\/v2\/pages\/635","targetHints":{"allow":["GET"]}}],"collection":[{"href":"https:\/\/agora.xtec.cat\/insperecalders\/wp-json\/wp\/v2\/pages"}],"about":[{"href":"https:\/\/agora.xtec.cat\/insperecalders\/wp-json\/wp\/v2\/types\/page"}],"author":[{"embeddable":true,"href":"https:\/\/agora.xtec.cat\/insperecalders\/wp-json\/wp\/v2\/users\/1"}],"replies":[{"embeddable":true,"href":"https:\/\/agora.xtec.cat\/insperecalders\/wp-json\/wp\/v2\/comments?post=635"}],"version-history":[{"count":9,"href":"https:\/\/agora.xtec.cat\/insperecalders\/wp-json\/wp\/v2\/pages\/635\/revisions"}],"predecessor-version":[{"id":7499,"href":"https:\/\/agora.xtec.cat\/insperecalders\/wp-json\/wp\/v2\/pages\/635\/revisions\/7499"}],"up":[{"embeddable":true,"href":"https:\/\/agora.xtec.cat\/insperecalders\/wp-json\/wp\/v2\/pages\/7431"}],"wp:attachment":[{"href":"https:\/\/agora.xtec.cat\/insperecalders\/wp-json\/wp\/v2\/media?parent=635"}],"curies":[{"name":"wp","href":"https:\/\/api.w.org\/{rel}","templated":true}]}}