{"id":6316,"date":"2023-11-08T12:14:40","date_gmt":"2023-11-08T11:14:40","guid":{"rendered":"https:\/\/agora.xtec.cat\/insperecalders\/?page_id=6316"},"modified":"2025-11-12T10:39:47","modified_gmt":"2025-11-12T09:39:47","slug":"documentacio-de-centre","status":"publish","type":"page","link":"https:\/\/agora.xtec.cat\/insperecalders\/identitat-de-centre\/documentacio-de-centre\/","title":{"rendered":"Documentaci\u00f3 pedag\u00f2gica i normativa"},"content":{"rendered":"<h3><strong>DOCUMENTACI\u00d3 PRINCIPAL DEL CENTRE<\/strong><\/h3>\n<ul>\n<li><strong>ACORDS DEL CONSELL ESCOLAR<\/strong>\n<ul>\n<li><a href=\"https:\/\/agora.xtec.cat\/insperecalders\/wp-content\/uploads\/usu1895\/2024\/12\/20241023_Acords-Consell-Escolar.pdf\">Acords del Consell Escolar del 23 d&#8217;octubre de 2024<\/a><\/li>\n<\/ul>\n<\/li>\n<li><a href=\"https:\/\/drive.google.com\/drive\/folders\/1S0ZkKJqkfkKfpm9ghmUpbFYH3bSeEt2f?usp=sharing\">CRITERIS D&#8217;AVALUACI\u00d3 I QUALIFICACI\u00d3 CURS 2025 \/ 2026<\/a><\/li>\n<li><strong><a href=\"https:\/\/agora.xtec.cat\/insperecalders\/wp-content\/uploads\/usu1895\/2025\/11\/NOFC-octubre-2025.pdf\">NORMES D&#8217;ORGANITZACI\u00d3 I FUNCIONAMENT DEL CENTRE (NOFC)<\/a> <\/strong><\/li>\n<li><strong>PEC<\/strong><\/li>\n<li><strong>PGA<\/strong><\/li>\n<li><a href=\"https:\/\/drive.google.com\/file\/d\/1IcZ-nbHQyWXwln_MHSmalh3cWWDgj8d5\/view\"><strong>PROTOCOL DE COMUNICACI\u00d3 DE LES FAM\u00cdLIES AMB EL CENTRE<\/strong><\/a><\/li>\n<\/ul>\n","protected":false},"excerpt":{"rendered":"<p>DOCUMENTACI\u00d3 PRINCIPAL DEL CENTRE ACORDS DEL CONSELL ESCOLAR Acords del Consell Escolar del 23 d&#8217;octubre de 2024 CRITERIS D&#8217;AVALUACI\u00d3 I QUALIFICACI\u00d3 CURS 2025 \/ 2026 NORMES D&#8217;ORGANITZACI\u00d3 I FUNCIONAMENT DEL CENTRE (NOFC) PEC PGA PROTOCOL DE COMUNICACI\u00d3 DE LES FAM\u00cdLIES AMB EL CENTRE<\/p>\n","protected":false},"author":1,"featured_media":0,"parent":7150,"menu_order":0,"comment_status":"closed","ping_status":"closed","template":"","meta":{"_bbp_topic_count":0,"_bbp_reply_count":0,"_bbp_total_topic_count":0,"_bbp_total_reply_count":0,"_bbp_voice_count":0,"_bbp_anonymous_reply_count":0,"_bbp_topic_count_hidden":0,"_bbp_reply_count_hidden":0,"_bbp_forum_subforum_count":0,"site-sidebar-layout":"default","site-content-layout":"","ast-site-content-layout":"default","site-content-style":"default","site-sidebar-style":"default","ast-global-header-display":"","ast-banner-title-visibility":"","ast-main-header-display":"","ast-hfb-above-header-display":"","ast-hfb-below-header-display":"","ast-hfb-mobile-header-display":"","site-post-title":"","ast-breadcrumbs-content":"","ast-featured-img":"","footer-sml-layout":"","theme-transparent-header-meta":"default","adv-header-id-meta":"","stick-header-meta":"","header-above-stick-meta":"","header-main-stick-meta":"","header-below-stick-meta":"","astra-migrate-meta-layouts":"set","ast-page-background-enabled":"default","ast-page-background-meta":{"desktop":{"background-color":"var(--ast-global-color-4)","background-image":"","background-repeat":"repeat","background-position":"center center","background-size":"auto","background-attachment":"scroll","background-type":"","background-media":"","overlay-type":"","overlay-color":"","overlay-opacity":"","overlay-gradient":""},"tablet":{"background-color":"","background-image":"","background-repeat":"repeat","background-position":"center center","background-size":"auto","background-attachment":"scroll","background-type":"","background-media":"","overlay-type":"","overlay-color":"","overlay-opacity":"","overlay-gradient":""},"mobile":{"background-color":"","background-image":"","background-repeat":"repeat","background-position":"center center","background-size":"auto","background-attachment":"scroll","background-type":"","background-media":"","overlay-type":"","overlay-color":"","overlay-opacity":"","overlay-gradient":""}},"ast-content-background-meta":{"desktop":{"background-color":"var(--ast-global-color-5)","background-image":"","background-repeat":"repeat","background-position":"center center","background-size":"auto","background-attachment":"scroll","background-type":"","background-media":"","overlay-type":"","overlay-color":"","overlay-opacity":"","overlay-gradient":""},"tablet":{"background-color":"var(--ast-global-color-5)","background-image":"","background-repeat":"repeat","background-position":"center center","background-size":"auto","background-attachment":"scroll","background-type":"","background-media":"","overlay-type":"","overlay-color":"","overlay-opacity":"","overlay-gradient":""},"mobile":{"background-color":"var(--ast-global-color-5)","background-image":"","background-repeat":"repeat","background-position":"center center","background-size":"auto","background-attachment":"scroll","background-type":"","background-media":"","overlay-type":"","overlay-color":"","overlay-opacity":"","overlay-gradient":""}},"footnotes":""},"class_list":["post-6316","page","type-page","status-publish","hentry"],"post_mailing_queue_ids":[],"_links":{"self":[{"href":"https:\/\/agora.xtec.cat\/insperecalders\/wp-json\/wp\/v2\/pages\/6316","targetHints":{"allow":["GET"]}}],"collection":[{"href":"https:\/\/agora.xtec.cat\/insperecalders\/wp-json\/wp\/v2\/pages"}],"about":[{"href":"https:\/\/agora.xtec.cat\/insperecalders\/wp-json\/wp\/v2\/types\/page"}],"author":[{"embeddable":true,"href":"https:\/\/agora.xtec.cat\/insperecalders\/wp-json\/wp\/v2\/users\/1"}],"replies":[{"embeddable":true,"href":"https:\/\/agora.xtec.cat\/insperecalders\/wp-json\/wp\/v2\/comments?post=6316"}],"version-history":[{"count":7,"href":"https:\/\/agora.xtec.cat\/insperecalders\/wp-json\/wp\/v2\/pages\/6316\/revisions"}],"predecessor-version":[{"id":7198,"href":"https:\/\/agora.xtec.cat\/insperecalders\/wp-json\/wp\/v2\/pages\/6316\/revisions\/7198"}],"up":[{"embeddable":true,"href":"https:\/\/agora.xtec.cat\/insperecalders\/wp-json\/wp\/v2\/pages\/7150"}],"wp:attachment":[{"href":"https:\/\/agora.xtec.cat\/insperecalders\/wp-json\/wp\/v2\/media?parent=6316"}],"curies":[{"name":"wp","href":"https:\/\/api.w.org\/{rel}","templated":true}]}}