{"id":627,"date":"2019-09-06T21:06:42","date_gmt":"2019-09-06T19:06:42","guid":{"rendered":"http:\/\/agora.xtec.cat\/insperecalders\/?page_id=627"},"modified":"2026-04-29T09:14:03","modified_gmt":"2026-04-29T07:14:03","slug":"preinscripcio-eso","status":"publish","type":"page","link":"https:\/\/agora.xtec.cat\/insperecalders\/secretaria\/eso-preinscripcio-i-matricula\/preinscripcio-eso\/","title":{"rendered":"Preinscripci\u00f3 ESO"},"content":{"rendered":"<p>\u26a0\ufe0f Els tr\u00e0mits de la preinscripci\u00f3 es fan directament\u00a0<strong>de manera telem\u00e0tica<\/strong> a trav\u00e9s dels serveis de tr\u00e0mits en l\u00ednia de la Generalitat de Catalunya, per la qual cosa des de l&#8217;institut no intervenim en cap part d&#8217;aquest proc\u00e9s. En <strong><a href=\"https:\/\/preinscripcio.gencat.cat\/ca\/estudis\/eso\/inici\/\">aquest enlla\u00e7<\/a><\/strong> hi trobareu tota la informaci\u00f3 al respecte dels terminis i documentaci\u00f3 requerida per a la presincripci\u00f3. Si desconeixeu el n\u00famero d&#8217;identificaci\u00f3 de l&#8217;alumne\/a o heu de modificar les seves dades personals, podeu fer-ho a trav\u00e9s d&#8217;<strong><a href=\"https:\/\/tramits.gencat.cat\/ca\/tramits\/tramits-temes\/identificador-alumne\">aquest enlla\u00e7<\/a><\/strong>.<\/p>\n<p>\u26a0\ufe0f<strong><a href=\"https:\/\/drive.google.com\/file\/d\/1jEiNMmJOS8fDqHUAos6CqxmisbEUIV1_\/view?usp=sharing\" target=\"_blank\" rel=\"noopener\">Guia informaci\u00f3 preinscripci\u00f3 fam\u00edlies<\/a><\/strong>.<\/p>\n<p><strong>Dilluns 2 de mar\u00e7 (a partir de les 17:00h):<\/strong> <a href=\"https:\/\/drive.google.com\/file\/d\/1TP2-b7tNI3R0KqvG-LKeigtIY8vYcHlZ\/view?usp=sharing\">Jornada de Portes Obertes<\/a> a l&#8217;Institut Pere Calders.<\/p>\n<p><strong>Dimarts 3 de mar\u00e7:<\/strong> publicaci\u00f3 de l&#8217;oferta inicial de places escolars, en aquest <a href=\"https:\/\/drive.google.com\/file\/d\/1Ka5EmB3ts1w2tJdC7g2mSN7hkF8I6BuJ\/view?usp=sharing\" target=\"_blank\" rel=\"noopener\">enlla\u00e7<\/a>.<\/p>\n<p><span style=\"color: #2b8b8c;\"><strong>Entre el divendres 6 i el dimecres 18 de mar\u00e7:<\/strong> presentaci\u00f3 de les sol\u00b7licituds de preinscripci\u00f3 de manera telem\u00e0tica en aquest enlla\u00e7. Abans d&#8217;aquest per\u00edode \u00e9s important que <a style=\"color: #2b8b8c;\" href=\"https:\/\/preinscripcio.gencat.cat\/ca\/estudis\/eso\/informat\/prepara-documentacio\/\">us informeu<\/a> i prepareu la documentaci\u00f3, que, si escau, haureu d&#8217;adjuntar a la sol\u00b7licitud. Si hi ha algun document que no hagueu pogut adjuntar a la sol\u00b7licitud durant el per\u00edode indicat, tindreu temps per fer-ho fins el <strong>dijous <\/strong><strong>19 de mar\u00e7<\/strong>.<\/span><\/p>\n<p><strong>Dimecres 15 d&#8217;abril:<\/strong> publicaci\u00f3 de la llista de sol\u00b7licituds amb les puntuacions provisionals en aquest <strong><a href=\"https:\/\/drive.google.com\/file\/d\/15IvqK28etX1TheiIaRoUSw7tsYK3WWkf\/view?usp=sharing\" target=\"_blank\" rel=\"noopener\">enlla\u00e7<\/a><\/strong>.<\/p>\n<p><strong>Del dimecres 15 al dilluns 20 d&#8217;abril:<\/strong> presentaci\u00f3 de reclamacions a les puntuacions de manera telem\u00e0tica en aquest enlla\u00e7.<\/p>\n<p><strong>Dijous 23 d&#8217;abril:<\/strong> publicaci\u00f3 de la llista de sol\u00b7licituds amb les puntuacions definitives (un cop resoltes les reclamacions) en aquest <strong><a href=\"https:\/\/drive.google.com\/file\/d\/15wVx_GlUqw8gyzhoVOqgiut4uvkdLddW\/view?usp=sharing\" target=\"_blank\" rel=\"noopener\">enlla\u00e7<\/a><\/strong>.<\/p>\n<p><strong>Dimarts 28 d&#8217;abril (a les 11:00h):<\/strong> <a href=\"https:\/\/preinscripcio.gencat.cat\/ca\/estudis\/eso\/preinscriute\/seguiment-sollicitud\/sorteig-desempat\/\">sorteig<\/a> per resoldre les sol\u00b7licituds de preinscripci\u00f3 empatades en punts.\u00a0 El n\u00famero de desempat \u00e9s el <strong>42129<\/strong>.<\/p>\n<p><strong>Dimecres 29 d&#8217;abril:<\/strong> publicaci\u00f3 de la llista ordenada (per ordre d&#8217;assignaci\u00f3). Podeu consultar-la en aquest <a href=\"https:\/\/drive.google.com\/file\/d\/16pcrk2rj0bNNxjg1TIKA6vj3XmwTFWqJ\/view?usp=sharing\" target=\"_blank\" rel=\"noopener\"><strong>enlla\u00e7<\/strong><\/a>.<\/p>\n<p><strong>De dilluns 1 a dimecres 3 de juny:<\/strong> per\u00edode per a ampliar peticions de preinscripci\u00f3 per a alumnes que no tinguin pla\u00e7a assignada a cap centre. Aquest tr\u00e0mit s&#8217;ha de fer telem\u00e0ticament a trav\u00e9s d&#8217;aquest enlla\u00e7.<\/p>\n<p><strong>Dimecres 10 de juny:<\/strong> publicaci\u00f3 del nombre definitiu de places escolars disponibles per cada centre i curs en aquest enlla\u00e7. Aquest mateix dia es publiquen les llistes d&#8217;alumnat adm\u00e8s (enlla\u00e7) i la llista d&#8217;espera de cada centre (enlla\u00e7).<\/p>\n<p><a href=\"https:\/\/agora.xtec.cat\/insperecalders\/secretaria\/eso-preinscripcio-i-matricula\/matricula-eso\/\"><strong>Del dilluns 22 al dimarts 30 de juny:<\/strong> matr\u00edcula per a tota l&#8217;ESO de cara al curs 2026-2027.<\/a><\/p>\n<p>&nbsp;<\/p>\n","protected":false},"excerpt":{"rendered":"<p>\u26a0\ufe0f Els tr\u00e0mits de la preinscripci\u00f3 es fan directament\u00a0de manera telem\u00e0tica a trav\u00e9s dels serveis de tr\u00e0mits en l\u00ednia de la Generalitat de Catalunya, per la qual cosa des de l&#8217;institut no intervenim en cap part d&#8217;aquest proc\u00e9s. En aquest enlla\u00e7 hi trobareu tota la informaci\u00f3 al respecte dels terminis i documentaci\u00f3 requerida per a [&hellip;]<\/p>\n","protected":false},"author":1,"featured_media":0,"parent":7420,"menu_order":14,"comment_status":"closed","ping_status":"closed","template":"","meta":{"_bbp_topic_count":0,"_bbp_reply_count":0,"_bbp_total_topic_count":0,"_bbp_total_reply_count":0,"_bbp_voice_count":0,"_bbp_anonymous_reply_count":0,"_bbp_topic_count_hidden":0,"_bbp_reply_count_hidden":0,"_bbp_forum_subforum_count":0,"site-sidebar-layout":"default","site-content-layout":"","ast-site-content-layout":"default","site-content-style":"default","site-sidebar-style":"default","ast-global-header-display":"","ast-banner-title-visibility":"","ast-main-header-display":"","ast-hfb-above-header-display":"","ast-hfb-below-header-display":"","ast-hfb-mobile-header-display":"","site-post-title":"","ast-breadcrumbs-content":"","ast-featured-img":"","footer-sml-layout":"","theme-transparent-header-meta":"default","adv-header-id-meta":"","stick-header-meta":"","header-above-stick-meta":"","header-main-stick-meta":"","header-below-stick-meta":"","astra-migrate-meta-layouts":"set","ast-page-background-enabled":"default","ast-page-background-meta":{"desktop":{"background-color":"var(--ast-global-color-4)","background-image":"","background-repeat":"repeat","background-position":"center center","background-size":"auto","background-attachment":"scroll","background-type":"","background-media":"","overlay-type":"","overlay-color":"","overlay-opacity":"","overlay-gradient":""},"tablet":{"background-color":"","background-image":"","background-repeat":"repeat","background-position":"center center","background-size":"auto","background-attachment":"scroll","background-type":"","background-media":"","overlay-type":"","overlay-color":"","overlay-opacity":"","overlay-gradient":""},"mobile":{"background-color":"","background-image":"","background-repeat":"repeat","background-position":"center center","background-size":"auto","background-attachment":"scroll","background-type":"","background-media":"","overlay-type":"","overlay-color":"","overlay-opacity":"","overlay-gradient":""}},"ast-content-background-meta":{"desktop":{"background-color":"var(--ast-global-color-5)","background-image":"","background-repeat":"repeat","background-position":"center center","background-size":"auto","background-attachment":"scroll","background-type":"","background-media":"","overlay-type":"","overlay-color":"","overlay-opacity":"","overlay-gradient":""},"tablet":{"background-color":"var(--ast-global-color-5)","background-image":"","background-repeat":"repeat","background-position":"center center","background-size":"auto","background-attachment":"scroll","background-type":"","background-media":"","overlay-type":"","overlay-color":"","overlay-opacity":"","overlay-gradient":""},"mobile":{"background-color":"var(--ast-global-color-5)","background-image":"","background-repeat":"repeat","background-position":"center center","background-size":"auto","background-attachment":"scroll","background-type":"","background-media":"","overlay-type":"","overlay-color":"","overlay-opacity":"","overlay-gradient":""}},"footnotes":""},"class_list":["post-627","page","type-page","status-publish","hentry"],"post_mailing_queue_ids":[],"_links":{"self":[{"href":"https:\/\/agora.xtec.cat\/insperecalders\/wp-json\/wp\/v2\/pages\/627","targetHints":{"allow":["GET"]}}],"collection":[{"href":"https:\/\/agora.xtec.cat\/insperecalders\/wp-json\/wp\/v2\/pages"}],"about":[{"href":"https:\/\/agora.xtec.cat\/insperecalders\/wp-json\/wp\/v2\/types\/page"}],"author":[{"embeddable":true,"href":"https:\/\/agora.xtec.cat\/insperecalders\/wp-json\/wp\/v2\/users\/1"}],"replies":[{"embeddable":true,"href":"https:\/\/agora.xtec.cat\/insperecalders\/wp-json\/wp\/v2\/comments?post=627"}],"version-history":[{"count":9,"href":"https:\/\/agora.xtec.cat\/insperecalders\/wp-json\/wp\/v2\/pages\/627\/revisions"}],"predecessor-version":[{"id":7531,"href":"https:\/\/agora.xtec.cat\/insperecalders\/wp-json\/wp\/v2\/pages\/627\/revisions\/7531"}],"up":[{"embeddable":true,"href":"https:\/\/agora.xtec.cat\/insperecalders\/wp-json\/wp\/v2\/pages\/7420"}],"wp:attachment":[{"href":"https:\/\/agora.xtec.cat\/insperecalders\/wp-json\/wp\/v2\/media?parent=627"}],"curies":[{"name":"wp","href":"https:\/\/api.w.org\/{rel}","templated":true}]}}