{"id":623,"date":"2019-09-06T20:56:58","date_gmt":"2019-09-06T18:56:58","guid":{"rendered":"http:\/\/agora.xtec.cat\/insperecalders\/?page_id=623"},"modified":"2026-02-24T09:09:35","modified_gmt":"2026-02-24T08:09:35","slug":"certificacions-impresos","status":"publish","type":"page","link":"https:\/\/agora.xtec.cat\/insperecalders\/secretaria\/certificacions-impresos\/","title":{"rendered":"Tr\u00e0mits i documentaci\u00f3"},"content":{"rendered":"<p>Si voleu obtenir informaci\u00f3 detallada sobre documentaci\u00f3, requisits, matr\u00edcula, convalidacions, etc. heu d&#8217;adre\u00e7ar-vos telef\u00f2nicament a secretaria.<\/p>\n<p>\u26a0\ufe0f \u00c9s important destacar que no es lliuraran documents certificats si no s&#8217;aporta la documentaci\u00f3 requerida impresa. Tanmateix, nom\u00e9s es lliurar\u00e0 la documentaci\u00f3 demanada a la persona interessada, o a la persona degudament autoritzada per escrit mitjan\u00e7ant <a href=\"https:\/\/drive.google.com\/file\/d\/1U7dpeA0VmklW2L9cjAKwSqW0kQkNNJQh\/view\">aquest document<\/a>.<\/p>\n<p>&nbsp;<\/p>\n<p><span style=\"color: #2b8b8c;\"><strong>Informaci\u00f3 sobre tr\u00e0mits administratius<\/strong><\/span><\/p>\n<p>Els passos per a realitzar qualsevol tr\u00e0mit administratiu (peticions de certificats de notes, certificats d&#8217;escolaritzaci\u00f3, reclamacions, etc.) s\u00f3n els seg\u00fcents:<\/p>\n<ol>\n<li>Omplir la <a href=\"https:\/\/drive.google.com\/file\/d\/1rHKkdC5Yg0EnE4hIDBDRLUAkPbQWqE54\/view\">sol\u00b7licitud general<\/a>.<\/li>\n<li>Enviar la sol\u00b7licitud per correu electr\u00f2nic, juntament amb\u00a0<strong>una c\u00f2pia del DNI escanejada<\/strong>, a<span style=\"color: #0000ff;\"> secretaria@insperecalders.cat<\/span>.<\/li>\n<\/ol>\n<p>&nbsp;<\/p>\n<p><span style=\"color: #2b8b8c;\"><strong>Sol\u00b7licitud del certificat d&#8217;equival\u00e8ncia de catal\u00e0<\/strong><\/span><\/p>\n<p style=\"text-align: center;\"><a href=\"https:\/\/drive.google.com\/file\/d\/18UHcJV9ITni38kIaYapa0vg4DEuI2gJ6\/view\">Requisits per a l&#8217;obtenci\u00f3 del certificat d&#8217;equival\u00e8ncia dels nivells B2 o C1 de catal\u00e0<\/a><\/p>\n<p>Els passos per a sol\u00b7licitar el certificat d&#8217;equival\u00e8ncia de catal\u00e0 s\u00f3n els seg\u00fcents:<\/p>\n<ol>\n<li>Omplir la <a href=\"https:\/\/drive.google.com\/file\/d\/1SjX1JEUEVG-3k1RmAtTfCXWUs30zE6kN\/view\">sol\u00b7licitud de reconeixement<\/a> d&#8217;equival\u00e8ncia del nivell de llengua catalana.<\/li>\n<li>Enviar la sol\u00b7licitud per correu electr\u00f2nic a<span style=\"color: #0000ff;\"> secretaria@insperecalders.cat<\/span>, juntament amb els seg\u00fcents documents:<\/li>\n<\/ol>\n<ul>\n<li style=\"list-style-type: none;\">\n<ul>\n<li>Documentaci\u00f3 acreditativa de que s&#8217;ha cursat a Catalunya l&#8217;etapa d&#8217;Educaci\u00f3 Prim\u00e0ria o equivalent. La documentaci\u00f3 v\u00e0lida per acreditar aquests estudis \u00e9s un\u00a0<strong>certificat acad\u00e8mic<\/strong> o una\u00a0<strong>c\u00f2pia del llibre de qualificacions<\/strong> corresponent.<\/li>\n<li>Documentaci\u00f3 acreditativa de que s&#8217;ha cursat a Catalunya l&#8217;etapa d&#8217;Educaci\u00f3 Secund\u00e0ria Obligat\u00f2ria o equivalent (nom\u00e9s en cas de no haver-la cursat a l&#8217;Institut Pere Calders).\u00a0 La documentaci\u00f3 v\u00e0lida per acreditar aquests estudis \u00e9s un\u00a0<strong>certificat acad\u00e8mic<\/strong> o una\u00a0<strong>c\u00f2pia del llibre de qualificacions<\/strong> corresponent.<\/li>\n<li>Una\u00a0<strong>c\u00f2pia del DNI escanejada<\/strong><\/li>\n<\/ul>\n<\/li>\n<\/ul>\n<p>En cas de no disposar d&#8217;aquests documents, cal posar-se en contacte amb el centre que els va emetre en el seu moment. Si el centre ja no existeix, cal demanar directament a la <a href=\"https:\/\/educacio.gencat.cat\/ca\/departament\/inspeccio-educacio\/inspeccions-territorials\/\">Inspecci\u00f3 educativa dels Serveis Territorials corresponents<\/a> a la vostra demarcaci\u00f3 quin \u00e9s el centre que ha acollit la documentaci\u00f3 del centre educatiu tancat.<\/p>\n<p>\u26a0\ufe0f El temps de tramitaci\u00f3 per a aquest tipus de documents ser\u00e0 d&#8217;entre dos i quatre dies laborables.<\/p>\n","protected":false},"excerpt":{"rendered":"<p>Si voleu obtenir informaci\u00f3 detallada sobre documentaci\u00f3, requisits, matr\u00edcula, convalidacions, etc. heu d&#8217;adre\u00e7ar-vos telef\u00f2nicament a secretaria. \u26a0\ufe0f \u00c9s important destacar que no es lliuraran documents certificats si no s&#8217;aporta la documentaci\u00f3 requerida impresa. Tanmateix, nom\u00e9s es lliurar\u00e0 la documentaci\u00f3 demanada a la persona interessada, o a la persona degudament autoritzada per escrit mitjan\u00e7ant aquest document. [&hellip;]<\/p>\n","protected":false},"author":1,"featured_media":0,"parent":81,"menu_order":12,"comment_status":"closed","ping_status":"closed","template":"","meta":{"_bbp_topic_count":0,"_bbp_reply_count":0,"_bbp_total_topic_count":0,"_bbp_total_reply_count":0,"_bbp_voice_count":0,"_bbp_anonymous_reply_count":0,"_bbp_topic_count_hidden":0,"_bbp_reply_count_hidden":0,"_bbp_forum_subforum_count":0,"site-sidebar-layout":"default","site-content-layout":"","ast-site-content-layout":"default","site-content-style":"default","site-sidebar-style":"default","ast-global-header-display":"","ast-banner-title-visibility":"","ast-main-header-display":"","ast-hfb-above-header-display":"","ast-hfb-below-header-display":"","ast-hfb-mobile-header-display":"","site-post-title":"","ast-breadcrumbs-content":"","ast-featured-img":"","footer-sml-layout":"","theme-transparent-header-meta":"default","adv-header-id-meta":"","stick-header-meta":"","header-above-stick-meta":"","header-main-stick-meta":"","header-below-stick-meta":"","astra-migrate-meta-layouts":"set","ast-page-background-enabled":"default","ast-page-background-meta":{"desktop":{"background-color":"var(--ast-global-color-4)","background-image":"","background-repeat":"repeat","background-position":"center center","background-size":"auto","background-attachment":"scroll","background-type":"","background-media":"","overlay-type":"","overlay-color":"","overlay-opacity":"","overlay-gradient":""},"tablet":{"background-color":"","background-image":"","background-repeat":"repeat","background-position":"center center","background-size":"auto","background-attachment":"scroll","background-type":"","background-media":"","overlay-type":"","overlay-color":"","overlay-opacity":"","overlay-gradient":""},"mobile":{"background-color":"","background-image":"","background-repeat":"repeat","background-position":"center center","background-size":"auto","background-attachment":"scroll","background-type":"","background-media":"","overlay-type":"","overlay-color":"","overlay-opacity":"","overlay-gradient":""}},"ast-content-background-meta":{"desktop":{"background-color":"var(--ast-global-color-5)","background-image":"","background-repeat":"repeat","background-position":"center center","background-size":"auto","background-attachment":"scroll","background-type":"","background-media":"","overlay-type":"","overlay-color":"","overlay-opacity":"","overlay-gradient":""},"tablet":{"background-color":"var(--ast-global-color-5)","background-image":"","background-repeat":"repeat","background-position":"center center","background-size":"auto","background-attachment":"scroll","background-type":"","background-media":"","overlay-type":"","overlay-color":"","overlay-opacity":"","overlay-gradient":""},"mobile":{"background-color":"var(--ast-global-color-5)","background-image":"","background-repeat":"repeat","background-position":"center center","background-size":"auto","background-attachment":"scroll","background-type":"","background-media":"","overlay-type":"","overlay-color":"","overlay-opacity":"","overlay-gradient":""}},"footnotes":""},"class_list":["post-623","page","type-page","status-publish","hentry"],"post_mailing_queue_ids":[],"_links":{"self":[{"href":"https:\/\/agora.xtec.cat\/insperecalders\/wp-json\/wp\/v2\/pages\/623","targetHints":{"allow":["GET"]}}],"collection":[{"href":"https:\/\/agora.xtec.cat\/insperecalders\/wp-json\/wp\/v2\/pages"}],"about":[{"href":"https:\/\/agora.xtec.cat\/insperecalders\/wp-json\/wp\/v2\/types\/page"}],"author":[{"embeddable":true,"href":"https:\/\/agora.xtec.cat\/insperecalders\/wp-json\/wp\/v2\/users\/1"}],"replies":[{"embeddable":true,"href":"https:\/\/agora.xtec.cat\/insperecalders\/wp-json\/wp\/v2\/comments?post=623"}],"version-history":[{"count":8,"href":"https:\/\/agora.xtec.cat\/insperecalders\/wp-json\/wp\/v2\/pages\/623\/revisions"}],"predecessor-version":[{"id":7446,"href":"https:\/\/agora.xtec.cat\/insperecalders\/wp-json\/wp\/v2\/pages\/623\/revisions\/7446"}],"up":[{"embeddable":true,"href":"https:\/\/agora.xtec.cat\/insperecalders\/wp-json\/wp\/v2\/pages\/81"}],"wp:attachment":[{"href":"https:\/\/agora.xtec.cat\/insperecalders\/wp-json\/wp\/v2\/media?parent=623"}],"curies":[{"name":"wp","href":"https:\/\/api.w.org\/{rel}","templated":true}]}}