{"id":6172,"date":"2023-06-15T09:52:43","date_gmt":"2023-06-15T07:52:43","guid":{"rendered":"https:\/\/agora.xtec.cat\/insperecalders\/?page_id=6172"},"modified":"2023-06-22T12:15:10","modified_gmt":"2023-06-22T10:15:10","slug":"diagnosi-edc","status":"publish","type":"page","link":"https:\/\/agora.xtec.cat\/insperecalders\/identitat-de-centre\/estrategia-digital-de-centre\/estrategia-digital\/diagnosi-edc\/","title":{"rendered":"Diagnosi EDC"},"content":{"rendered":"<p style=\"text-align: justify;\"><span style=\"font-weight: 400;\">Per fer la diagnosi, la comissi\u00f3 digital de l\u2019Institut Pere Calders s\u2019ha basat en:<\/span><\/p>\n<ul>\n<li style=\"font-weight: 400; text-align: justify;\" aria-level=\"1\"><span style=\"font-weight: 400;\">Enquesta, a trav\u00e9s del programa SELFIE, a la comunitat educativa (professorat i alumnat).<\/span><\/li>\n<li style=\"font-weight: 400; text-align: justify;\" aria-level=\"1\"><span style=\"font-weight: 400;\">Enquesta, dirigida per la comissi\u00f3 digital, per consultar al professorat sobre l\u2019\u00fas d\u2019eines digitals en les situacions d\u2019aprenentatge.<\/span><\/li>\n<li style=\"font-weight: 400; text-align: justify;\" aria-level=\"1\"><span style=\"font-weight: 400;\">Enquesta, dirigida per la comissi\u00f3 digital, per consultar a l\u2019alumnat de 1r d\u2019ESO els seus coneixements previs en mat\u00e8ria digital.<\/span><\/li>\n<\/ul>\n<p style=\"text-align: justify;\"><span style=\"font-weight: 400;\">A partir de l\u2019an\u00e0lisi d\u2019aquestes eines, s\u2019han detectat les seg\u00fcents fortaleses i aspectes de millora pel que fa a diferents \u00e0mbits de la compet\u00e8ncia digital. Aquest an\u00e0lisi queda recollit en les seg\u00fcents infografies.<\/span><\/p>\n<ul>\n<li><a href=\"https:\/\/agora.xtec.cat\/insperecalders\/wp-content\/uploads\/usu1895\/2023\/06\/EDC-Diagnosi-centre.pdf\" target=\"_blank\" rel=\"noopener\">EDC Diagnosi centre<\/a><\/li>\n<li><a href=\"https:\/\/agora.xtec.cat\/insperecalders\/wp-content\/uploads\/usu1895\/2023\/06\/EDC-Diagnosi-docents.pdf\" target=\"_blank\" rel=\"noopener\">EDC Diagnosi docents<\/a><\/li>\n<li><a href=\"https:\/\/agora.xtec.cat\/insperecalders\/wp-content\/uploads\/usu1895\/2023\/06\/EDC-Diagnosi-alumnat.pdf\" target=\"_blank\" rel=\"noopener\">EDC Diagnosi alumnat<\/a><\/li>\n<\/ul>\n<p><img loading=\"lazy\" decoding=\"async\" class=\"alignright size-large wp-image-6221\" src=\"https:\/\/agora.xtec.cat\/insperecalders\/wp-content\/uploads\/usu1895\/2023\/06\/LogosMRR-1024x101.jpg\" alt=\"\" width=\"1024\" height=\"101\" srcset=\"https:\/\/agora.xtec.cat\/insperecalders\/wp-content\/uploads\/usu1895\/2023\/06\/LogosMRR-1024x101.jpg 1024w, https:\/\/agora.xtec.cat\/insperecalders\/wp-content\/uploads\/usu1895\/2023\/06\/LogosMRR-300x29.jpg 300w, https:\/\/agora.xtec.cat\/insperecalders\/wp-content\/uploads\/usu1895\/2023\/06\/LogosMRR-768x75.jpg 768w, https:\/\/agora.xtec.cat\/insperecalders\/wp-content\/uploads\/usu1895\/2023\/06\/LogosMRR-1536x151.jpg 1536w, https:\/\/agora.xtec.cat\/insperecalders\/wp-content\/uploads\/usu1895\/2023\/06\/LogosMRR-2048x201.jpg 2048w\" sizes=\"auto, (max-width: 1024px) 100vw, 1024px\" \/><\/p>\n<p>&nbsp;<\/p>\n<p>&nbsp;<\/p>\n","protected":false},"excerpt":{"rendered":"<p>Per fer la diagnosi, la comissi\u00f3 digital de l\u2019Institut Pere Calders s\u2019ha basat en: Enquesta, a trav\u00e9s del programa SELFIE, a la comunitat educativa (professorat i alumnat). Enquesta, dirigida per la comissi\u00f3 digital, per consultar al professorat sobre l\u2019\u00fas d\u2019eines digitals en les situacions d\u2019aprenentatge. Enquesta, dirigida per la comissi\u00f3 digital, per consultar a l\u2019alumnat [&hellip;]<\/p>\n","protected":false},"author":1,"featured_media":0,"parent":5825,"menu_order":0,"comment_status":"closed","ping_status":"closed","template":"","meta":{"_bbp_topic_count":0,"_bbp_reply_count":0,"_bbp_total_topic_count":0,"_bbp_total_reply_count":0,"_bbp_voice_count":0,"_bbp_anonymous_reply_count":0,"_bbp_topic_count_hidden":0,"_bbp_reply_count_hidden":0,"_bbp_forum_subforum_count":0,"site-sidebar-layout":"default","site-content-layout":"","ast-site-content-layout":"","site-content-style":"default","site-sidebar-style":"default","ast-global-header-display":"","ast-banner-title-visibility":"","ast-main-header-display":"","ast-hfb-above-header-display":"","ast-hfb-below-header-display":"","ast-hfb-mobile-header-display":"","site-post-title":"","ast-breadcrumbs-content":"","ast-featured-img":"","footer-sml-layout":"","theme-transparent-header-meta":"","adv-header-id-meta":"","stick-header-meta":"","header-above-stick-meta":"","header-main-stick-meta":"","header-below-stick-meta":"","astra-migrate-meta-layouts":"default","ast-page-background-enabled":"default","ast-page-background-meta":{"desktop":{"background-color":"var(--ast-global-color-4)","background-image":"","background-repeat":"repeat","background-position":"center center","background-size":"auto","background-attachment":"scroll","background-type":"","background-media":"","overlay-type":"","overlay-color":"","overlay-opacity":"","overlay-gradient":""},"tablet":{"background-color":"","background-image":"","background-repeat":"repeat","background-position":"center center","background-size":"auto","background-attachment":"scroll","background-type":"","background-media":"","overlay-type":"","overlay-color":"","overlay-opacity":"","overlay-gradient":""},"mobile":{"background-color":"","background-image":"","background-repeat":"repeat","background-position":"center center","background-size":"auto","background-attachment":"scroll","background-type":"","background-media":"","overlay-type":"","overlay-color":"","overlay-opacity":"","overlay-gradient":""}},"ast-content-background-meta":{"desktop":{"background-color":"var(--ast-global-color-5)","background-image":"","background-repeat":"repeat","background-position":"center center","background-size":"auto","background-attachment":"scroll","background-type":"","background-media":"","overlay-type":"","overlay-color":"","overlay-opacity":"","overlay-gradient":""},"tablet":{"background-color":"var(--ast-global-color-5)","background-image":"","background-repeat":"repeat","background-position":"center center","background-size":"auto","background-attachment":"scroll","background-type":"","background-media":"","overlay-type":"","overlay-color":"","overlay-opacity":"","overlay-gradient":""},"mobile":{"background-color":"var(--ast-global-color-5)","background-image":"","background-repeat":"repeat","background-position":"center center","background-size":"auto","background-attachment":"scroll","background-type":"","background-media":"","overlay-type":"","overlay-color":"","overlay-opacity":"","overlay-gradient":""}},"footnotes":""},"class_list":["post-6172","page","type-page","status-publish","hentry"],"post_mailing_queue_ids":[],"_links":{"self":[{"href":"https:\/\/agora.xtec.cat\/insperecalders\/wp-json\/wp\/v2\/pages\/6172","targetHints":{"allow":["GET"]}}],"collection":[{"href":"https:\/\/agora.xtec.cat\/insperecalders\/wp-json\/wp\/v2\/pages"}],"about":[{"href":"https:\/\/agora.xtec.cat\/insperecalders\/wp-json\/wp\/v2\/types\/page"}],"author":[{"embeddable":true,"href":"https:\/\/agora.xtec.cat\/insperecalders\/wp-json\/wp\/v2\/users\/1"}],"replies":[{"embeddable":true,"href":"https:\/\/agora.xtec.cat\/insperecalders\/wp-json\/wp\/v2\/comments?post=6172"}],"version-history":[{"count":3,"href":"https:\/\/agora.xtec.cat\/insperecalders\/wp-json\/wp\/v2\/pages\/6172\/revisions"}],"predecessor-version":[{"id":6175,"href":"https:\/\/agora.xtec.cat\/insperecalders\/wp-json\/wp\/v2\/pages\/6172\/revisions\/6175"}],"up":[{"embeddable":true,"href":"https:\/\/agora.xtec.cat\/insperecalders\/wp-json\/wp\/v2\/pages\/5825"}],"wp:attachment":[{"href":"https:\/\/agora.xtec.cat\/insperecalders\/wp-json\/wp\/v2\/media?parent=6172"}],"curies":[{"name":"wp","href":"https:\/\/api.w.org\/{rel}","templated":true}]}}