{"id":55,"date":"2014-09-15T12:59:49","date_gmt":"2014-09-15T10:59:49","guid":{"rendered":"http:\/\/agora.xtec.cat\/insperecalders\/?page_id=55"},"modified":"2024-09-13T12:07:39","modified_gmt":"2024-09-13T10:07:39","slug":"horaris","status":"publish","type":"page","link":"https:\/\/agora.xtec.cat\/insperecalders\/identitat-de-centre\/linstitut\/horaris\/","title":{"rendered":"Tutories"},"content":{"rendered":"<p>&nbsp;<\/p>\n<table style=\"height: 812px; border-style: hidden; width: 100%;\" width=\"x\">\n<tbody>\n<tr style=\"height: 5px;\">\n<td style=\"width: 99.09420289855072%; height: 10px; background-color: #99cccc; border-style: hidden;\" colspan=\"2\"><\/td>\n<\/tr>\n<tr style=\"height: 5px;\">\n<td style=\"width: 99.09420289855072%; height: 10px; background-color: #dddddd; border-style: hidden;\" colspan=\"2\"><\/td>\n<\/tr>\n<tr style=\"height: 5px;\">\n<td style=\"width: 99.09420289855072%; height: 5px; border-style: double;\" colspan=\"2\"><\/td>\n<\/tr>\n<tr style=\"border-style: double;\">\n<td style=\"background-color: #f0be5b; border-style: double; width: 99.09420289855072%; border-color: #4d4141; height: 49px;\" colspan=\"2\">\n<h4><strong>\u00a0<span style=\"color: #ffffff;\"> ESO<\/span><\/strong><\/h4>\n<\/td>\n<\/tr>\n<tr style=\"height: 49px;\">\n<td style=\"width: 48.91304347826087%; text-align: center; background-color: #dddddd; height: 49px;\">\n<h5><strong>Curs \/ horari classes<\/strong><\/h5>\n<\/td>\n<td style=\"width: 50.18115942028986%; text-align: center; background-color: #dddddd; height: 49px;\">\n<h5><strong>Professor\/a<\/strong><\/h5>\n<\/td>\n<\/tr>\n<tr style=\"height: 35px;\">\n<td style=\"width: 48.91304347826087%; text-align: center; height: 35px;\">\u00a0\u27a1\u00a0\u00a0 1r ESO A<\/td>\n<td style=\"width: 50.18115942028986%; text-align: center; height: 35px;\">Maria Jos\u00e9 Cabello Fern\u00e1ndez<\/td>\n<\/tr>\n<tr style=\"height: 35px;\">\n<td style=\"width: 48.91304347826087%; text-align: center; height: 35px;\">\u00a0\u27a1\u00a0\u00a0 1r ESO B<\/td>\n<td style=\"width: 50.18115942028986%; text-align: center; height: 35px;\">Maria Ant\u00f2nia Massanet Mayol<\/td>\n<\/tr>\n<tr style=\"height: 35px;\">\n<td style=\"width: 48.91304347826087%; text-align: center; height: 35px;\">\u00a0\u27a1\u00a0\u00a0 1r ESO C<\/td>\n<td style=\"width: 50.18115942028986%; text-align: center; height: 35px;\">El\u00edas Gonz\u00e1lez Espi\u00f1a<\/td>\n<\/tr>\n<tr style=\"height: 35px;\">\n<td style=\"width: 48.91304347826087%; text-align: center; height: 35px;\">\u00a0\u27a1\u00a0\u00a0 2n ESO A<\/td>\n<td style=\"width: 50.18115942028986%; text-align: center; height: 35px;\">Mariona Vila Grau<\/td>\n<\/tr>\n<tr style=\"height: 35px;\">\n<td style=\"width: 48.91304347826087%; text-align: center; height: 35px;\">\u00a0\u27a1\u00a0\u00a0 2n ESO B<\/td>\n<td style=\"width: 50.18115942028986%; text-align: center; height: 35px;\">Miriam Mu\u00f1oz Mart\u00edn<\/td>\n<\/tr>\n<tr style=\"height: 35px;\">\n<td style=\"width: 48.91304347826087%; text-align: center; height: 35px;\">\u00a0\u27a1\u00a0\u00a0 2n ESO C<\/td>\n<td style=\"width: 50.18115942028986%; text-align: center; height: 35px;\">Jordi Sanju\u00e1n Va\u00f1\u00f3<\/td>\n<\/tr>\n<tr style=\"height: 35px;\">\n<td style=\"width: 48.91304347826087%; text-align: center; height: 35px;\">\u00a0\u27a1 \u00a0\u00a0 3r ESO A<\/td>\n<td style=\"width: 50.18115942028986%; text-align: center; height: 35px;\">Joan Tornel Ezcurra<\/td>\n<\/tr>\n<tr style=\"height: 35px;\">\n<td style=\"width: 48.91304347826087%; text-align: center; height: 35px;\">\u00a0\u27a1 \u00a0\u00a0 3r ESO B<\/td>\n<td style=\"width: 50.18115942028986%; text-align: center; height: 35px;\">Raquel Agust\u00edn Morr\u00e1s<\/td>\n<\/tr>\n<tr style=\"height: 35px;\">\n<td style=\"width: 48.91304347826087%; text-align: center; height: 35px;\">\u00a0\u27a1\u00a0 \u00a0 3r ESO C<\/td>\n<td style=\"width: 50.18115942028986%; text-align: center; height: 35px;\">Natalia Ba\u00f1\u00f3n Cliville<\/td>\n<\/tr>\n<tr style=\"height: 35px;\">\n<td style=\"width: 48.91304347826087%; text-align: center; height: 35px;\">\u00a0\u27a1 \u00a0\u00a0 4t ESO A<\/td>\n<td style=\"width: 50.18115942028986%; text-align: center; height: 35px;\">Josep Mart\u00ed Armengol<\/td>\n<\/tr>\n<tr style=\"height: 35px;\">\n<td style=\"width: 48.91304347826087%; text-align: center; height: 35px;\">\u00a0\u27a1 \u00a0\u00a0 4t ESO B<\/td>\n<td style=\"width: 50.18115942028986%; text-align: center; height: 35px;\">Esther Romero Garcia<\/td>\n<\/tr>\n<tr style=\"height: 35px;\">\n<td style=\"width: 48.91304347826087%; text-align: center; height: 35px;\">\u00a0\u27a1\u00a0 \u00a0 4t ESO C<\/td>\n<td style=\"width: 50.18115942028986%; text-align: center; height: 35px;\">N\u00faria Casat Mart\u00ednez<\/td>\n<\/tr>\n<tr style=\"border-style: double;\">\n<td style=\"background-color: #73a9bd; width: 99.09420289855072%; border-style: double; border-color: #6b5d5d; height: 49px;\" colspan=\"2\">\n<h4><strong>\u00a0<span style=\"color: #ffffff;\"> BATXILLERAT<\/span><\/strong><\/h4>\n<\/td>\n<\/tr>\n<tr style=\"height: 35px;\">\n<td style=\"width: 48.91304347826087%; text-align: center; height: 35px;\">\u00a0\u27a1\u00a0\u00a0 1r BAT A<\/td>\n<td style=\"width: 50.18115942028986%; text-align: center; height: 35px;\">Anna Benaiges Xirinachs<\/td>\n<\/tr>\n<tr style=\"height: 35px;\">\n<td style=\"width: 48.91304347826087%; text-align: center; height: 35px;\">\u00a0\u27a1\u00a0\u00a0 1r BAT B<\/td>\n<td style=\"width: 50.18115942028986%; text-align: center; height: 35px;\">Maite Fern\u00e1ndez Alc\u00e1ntara<\/td>\n<\/tr>\n<tr style=\"height: 35px;\">\n<td style=\"width: 48.91304347826087%; text-align: center; height: 35px;\">\u00a0\u27a1\u00a0\u00a0 1r BAT C<\/td>\n<td style=\"width: 50.18115942028986%; text-align: center; height: 35px;\">Francisco Lazo Montero<\/td>\n<\/tr>\n<tr style=\"height: 35px;\">\n<td style=\"width: 48.91304347826087%; text-align: center; height: 35px;\">\u00a0\u27a1\u00a0\u00a0 2n BAT A<\/td>\n<td style=\"width: 50.18115942028986%; text-align: center; height: 35px;\">Miquel Roma Peix<\/td>\n<\/tr>\n<tr style=\"height: 35px;\">\n<td style=\"width: 48.91304347826087%; text-align: center; height: 35px;\">\u00a0\u27a1\u00a0\u00a0 2n BAT B<\/td>\n<td style=\"width: 50.18115942028986%; text-align: center; height: 35px;\">Mounia Mounir Chat<\/td>\n<\/tr>\n<tr style=\"border-style: none;\">\n<td style=\"width: 48.91304347826087%; text-align: center; border-style: solid; height: 35px;\">\u00a0\u27a1\u00a0\u00a0 2n BAT C<\/td>\n<td style=\"width: 50.18115942028986%; text-align: center; border-style: solid; height: 35px;\">Juli\u00e0 Monje Alonso<\/td>\n<\/tr>\n<tr style=\"height: 5px;\">\n<td style=\"width: 99.09420289855072%; height: 5px; border-style: solid;\" colspan=\"2\"><\/td>\n<\/tr>\n<tr style=\"height: 5px;\">\n<td style=\"width: 99.09420289855072%; background-color: #dddddd; height: 5px; border-style: solid;\" colspan=\"2\"><\/td>\n<\/tr>\n<\/tbody>\n<\/table>\n<p>&nbsp;<\/p>\n","protected":false},"excerpt":{"rendered":"<p>&nbsp; \u00a0 ESO Curs \/ horari classes Professor\/a \u00a0\u27a1\u00a0\u00a0 1r ESO A Maria Jos\u00e9 Cabello Fern\u00e1ndez \u00a0\u27a1\u00a0\u00a0 1r ESO B Maria Ant\u00f2nia Massanet Mayol \u00a0\u27a1\u00a0\u00a0 1r ESO C El\u00edas Gonz\u00e1lez Espi\u00f1a \u00a0\u27a1\u00a0\u00a0 2n ESO A Mariona Vila Grau \u00a0\u27a1\u00a0\u00a0 2n ESO B Miriam Mu\u00f1oz Mart\u00edn \u00a0\u27a1\u00a0\u00a0 2n ESO C Jordi Sanju\u00e1n Va\u00f1\u00f3 \u00a0\u27a1 \u00a0\u00a0 3r [&hellip;]<\/p>\n","protected":false},"author":1,"featured_media":0,"parent":19,"menu_order":52,"comment_status":"closed","ping_status":"closed","template":"page-templates\/side-menu.php","meta":{"_bbp_topic_count":0,"_bbp_reply_count":0,"_bbp_total_topic_count":0,"_bbp_total_reply_count":0,"_bbp_voice_count":0,"_bbp_anonymous_reply_count":0,"_bbp_topic_count_hidden":0,"_bbp_reply_count_hidden":0,"_bbp_forum_subforum_count":0,"site-sidebar-layout":"default","site-content-layout":"","ast-site-content-layout":"","site-content-style":"default","site-sidebar-style":"default","ast-global-header-display":"","ast-banner-title-visibility":"","ast-main-header-display":"","ast-hfb-above-header-display":"","ast-hfb-below-header-display":"","ast-hfb-mobile-header-display":"","site-post-title":"","ast-breadcrumbs-content":"","ast-featured-img":"","footer-sml-layout":"","theme-transparent-header-meta":"","adv-header-id-meta":"","stick-header-meta":"","header-above-stick-meta":"","header-main-stick-meta":"","header-below-stick-meta":"","astra-migrate-meta-layouts":"default","ast-page-background-enabled":"default","ast-page-background-meta":{"desktop":{"background-color":"var(--ast-global-color-4)","background-image":"","background-repeat":"repeat","background-position":"center center","background-size":"auto","background-attachment":"scroll","background-type":"","background-media":"","overlay-type":"","overlay-color":"","overlay-opacity":"","overlay-gradient":""},"tablet":{"background-color":"","background-image":"","background-repeat":"repeat","background-position":"center center","background-size":"auto","background-attachment":"scroll","background-type":"","background-media":"","overlay-type":"","overlay-color":"","overlay-opacity":"","overlay-gradient":""},"mobile":{"background-color":"","background-image":"","background-repeat":"repeat","background-position":"center center","background-size":"auto","background-attachment":"scroll","background-type":"","background-media":"","overlay-type":"","overlay-color":"","overlay-opacity":"","overlay-gradient":""}},"ast-content-background-meta":{"desktop":{"background-color":"var(--ast-global-color-5)","background-image":"","background-repeat":"repeat","background-position":"center center","background-size":"auto","background-attachment":"scroll","background-type":"","background-media":"","overlay-type":"","overlay-color":"","overlay-opacity":"","overlay-gradient":""},"tablet":{"background-color":"var(--ast-global-color-5)","background-image":"","background-repeat":"repeat","background-position":"center center","background-size":"auto","background-attachment":"scroll","background-type":"","background-media":"","overlay-type":"","overlay-color":"","overlay-opacity":"","overlay-gradient":""},"mobile":{"background-color":"var(--ast-global-color-5)","background-image":"","background-repeat":"repeat","background-position":"center center","background-size":"auto","background-attachment":"scroll","background-type":"","background-media":"","overlay-type":"","overlay-color":"","overlay-opacity":"","overlay-gradient":""}},"footnotes":""},"class_list":["post-55","page","type-page","status-publish","hentry"],"post_mailing_queue_ids":[],"_links":{"self":[{"href":"https:\/\/agora.xtec.cat\/insperecalders\/wp-json\/wp\/v2\/pages\/55","targetHints":{"allow":["GET"]}}],"collection":[{"href":"https:\/\/agora.xtec.cat\/insperecalders\/wp-json\/wp\/v2\/pages"}],"about":[{"href":"https:\/\/agora.xtec.cat\/insperecalders\/wp-json\/wp\/v2\/types\/page"}],"author":[{"embeddable":true,"href":"https:\/\/agora.xtec.cat\/insperecalders\/wp-json\/wp\/v2\/users\/1"}],"replies":[{"embeddable":true,"href":"https:\/\/agora.xtec.cat\/insperecalders\/wp-json\/wp\/v2\/comments?post=55"}],"version-history":[{"count":5,"href":"https:\/\/agora.xtec.cat\/insperecalders\/wp-json\/wp\/v2\/pages\/55\/revisions"}],"predecessor-version":[{"id":6872,"href":"https:\/\/agora.xtec.cat\/insperecalders\/wp-json\/wp\/v2\/pages\/55\/revisions\/6872"}],"up":[{"embeddable":true,"href":"https:\/\/agora.xtec.cat\/insperecalders\/wp-json\/wp\/v2\/pages\/19"}],"wp:attachment":[{"href":"https:\/\/agora.xtec.cat\/insperecalders\/wp-json\/wp\/v2\/media?parent=55"}],"curies":[{"name":"wp","href":"https:\/\/api.w.org\/{rel}","templated":true}]}}