{"id":46,"date":"2014-09-17T16:53:45","date_gmt":"2014-09-17T16:53:45","guid":{"rendered":"http:\/\/agora.xtec.cat\/insperecalders\/?page_id=46"},"modified":"2024-11-13T12:03:05","modified_gmt":"2024-11-13T11:03:05","slug":"organigrama","status":"publish","type":"page","link":"https:\/\/agora.xtec.cat\/insperecalders\/identitat-de-centre\/linstitut\/organigrama\/","title":{"rendered":"Direcci\u00f3\/Coordinacions"},"content":{"rendered":"<table style=\"border-style: hidden; width: 100%; height: 871px;\">\n<tbody>\n<tr style=\"border-style: hidden; height: 5px;\">\n<td style=\"width: 996px; height: 5px; border-style: hidden; background-color: #99cccc;\" colspan=\"2\"><\/td>\n<\/tr>\n<tr style=\"height: 5px;\">\n<td style=\"width: 996px; height: 5px; border-style: hidden; background-color: #dddddd;\" colspan=\"2\"><\/td>\n<\/tr>\n<tr style=\"border-style: hidden;\">\n<td style=\"text-align: left; height: 472px;\">\n<h4>\u00a0 <span style=\"color: #ff9900;\"><strong>Equip directiu 2024-2025<\/strong><\/span><\/h4>\n<table class=\" aligncenter\" style=\"border-style: hidden; width: 92.1567%; height: 390px;\">\n<tbody>\n<tr style=\"border-style: none;\">\n<td style=\"height: 44px; background-color: #c1d6d6;\">\n<h5><strong>Directora:<br \/>\n<\/strong><\/h5>\n<\/td>\n<td style=\"background-color: #d8e3e3; height: 44px;\">\n<h5><a href=\"https:\/\/drive.google.com\/file\/d\/1RrS78uC_UR8kBN4CnbMZ_DDdTRiuzupI\/view?usp=sharing\" target=\"_blank\" rel=\"noopener\"><span style=\"text-decoration: underline; color: #0000ff;\"><strong>Manuela Dom\u00ednguez Ruiz<\/strong><\/span><\/a><\/h5>\n<\/td>\n<\/tr>\n<tr style=\"border-style: none;\">\n<td style=\"height: 44px; background-color: #c1d6d6;\">\n<h5><strong>Coordinadora pedag\u00f2gica:<br \/>\n<\/strong><\/h5>\n<\/td>\n<td style=\"background-color: #d8e3e3; height: 44px;\">\n<h5><span style=\"color: #008080;\"><strong> Gemma Art\u00e9s Rius<\/strong><\/span><\/h5>\n<\/td>\n<\/tr>\n<tr style=\"border-style: none;\">\n<td style=\"height: 44px; width: 292.217px; background-color: #c1d6d6;\">\n<h5><strong>Cap d&#8217;estudis<\/strong><\/h5>\n<\/td>\n<td style=\"height: 44px; width: 322.783px; background-color: #d8e3e3;\">\n<h5><strong><a href=\"https:\/\/agora.xtec.cat\/insperecalders\/wp-content\/uploads\/usu1895\/2024\/01\/CV-Eduard-Vives.pdf\"><span style=\"text-decoration: underline;\"><span style=\"color: #0000ff; text-decoration: underline;\">Eduard Vives Toro<\/span><\/span><\/a><\/strong><\/h5>\n<\/td>\n<\/tr>\n<tr style=\"height: 41px;\">\n<td style=\"width: 292.217px; background-color: #c1d6d6; height: 41px;\">\n<h5><strong>Secretari<\/strong><\/h5>\n<\/td>\n<td style=\"width: 322.783px; background-color: #d8e3e3; height: 41px;\">\n<h5><span style=\"text-decoration: underline; color: #0000ff;\"><a style=\"color: #0000ff;\" href=\"https:\/\/agora.xtec.cat\/insperecalders\/wp-content\/uploads\/usu1895\/2024\/09\/CV-MRPE_Secretari.pdf\"><strong>Miquel Roma Peix<\/strong><\/a><\/span><\/h5>\n<\/td>\n<\/tr>\n<tr style=\"height: 217px;\">\n<td style=\"width: 617px; height: 217px;\" colspan=\"2\">Les seves funcions s\u00f3n:<\/p>\n<ul>\n<li style=\"text-align: justify;\"><strong>Directora:<\/strong> \u00e9s la impulsora i la responsable \u00faltima de totes les activitats que es realitzen al centre.<\/li>\n<li style=\"text-align: justify;\"><strong>Coordinadora pedag\u00f2gica:<\/strong> coordina les q\u00fcestions relatives al curr\u00edculum i les adequacions referents a l\u2019alumnat.<\/li>\n<li style=\"text-align: justify;\"><strong>Cap d\u2019estudis:<\/strong> s\u2019ocupa de la programaci\u00f3 i seguiment de les activitats docents del centre.<\/li>\n<li style=\"text-align: justify;\"><strong>Secretari<\/strong>: \u00e9s el responsable de tota la documentaci\u00f3 acad\u00e8mica i de la gesti\u00f3 econ\u00f2mica del centre.<\/li>\n<\/ul>\n<\/td>\n<\/tr>\n<\/tbody>\n<\/table>\n<\/td>\n<td style=\"border-style: hidden; text-align: right; vertical-align: bottom; height: 472px;\"><a href=\"https:\/\/agora.xtec.cat\/insperecalders\/wp-content\/uploads\/usu1895\/2019\/09\/Institut_fa\u00e7ana_centre.jpg\"><img loading=\"lazy\" decoding=\"async\" class=\" wp-image-554 aligncenter\" src=\"https:\/\/agora.xtec.cat\/insperecalders\/wp-content\/uploads\/usu1895\/2019\/09\/Institut_fa\u00e7ana_centre.jpg\" alt=\"\" width=\"340\" height=\"339\" srcset=\"https:\/\/agora.xtec.cat\/insperecalders\/wp-content\/uploads\/usu1895\/2019\/09\/Institut_fa\u00e7ana_centre.jpg 888w, https:\/\/agora.xtec.cat\/insperecalders\/wp-content\/uploads\/usu1895\/2019\/09\/Institut_fa\u00e7ana_centre-150x150.jpg 150w, https:\/\/agora.xtec.cat\/insperecalders\/wp-content\/uploads\/usu1895\/2019\/09\/Institut_fa\u00e7ana_centre-300x300.jpg 300w, https:\/\/agora.xtec.cat\/insperecalders\/wp-content\/uploads\/usu1895\/2019\/09\/Institut_fa\u00e7ana_centre-768x766.jpg 768w\" sizes=\"auto, (max-width: 340px) 100vw, 340px\" \/><\/a><\/td>\n<\/tr>\n<tr style=\"height: 47px;\">\n<td style=\"background-color: #eeeeee; height: 47px;\" colspan=\"2\">\n<h4>\u00a0 <span style=\"color: #ff9900;\"><strong>Coordinacions 2024 &#8211; 2025<\/strong><\/span><\/h4>\n<\/td>\n<\/tr>\n<tr style=\"border-style: hidden; height: 5px;\">\n<td style=\"background-color: #ffffff; height: 10px; border-style: hidden;\" colspan=\"2\"><\/td>\n<\/tr>\n<tr style=\"height: 296px;\">\n<td style=\"height: 296px;\" colspan=\"2\">\n<table style=\"width: 94.0892%; height: 208px;\">\n<tbody>\n<tr style=\"height: 29px;\">\n<td style=\"height: 29px; background-color: #d8e3e3; width: 484px;\" colspan=\"2\"><span style=\"color: #008080;\"><strong>Coordinaci\u00f3 digital:\u00a0 \u00a0<\/strong><\/span><\/td>\n<td style=\"height: 29px; background-color: #d8e3e3; width: 484px;\" colspan=\"2\"><span style=\"color: #008080;\"><strong>Coordinaci\u00f3 de festes:\u00a0<\/strong><\/span><\/td>\n<\/tr>\n<tr style=\"height: 29px;\">\n<td style=\"width: 484px; background-color: #eeeeee; height: 29px;\" colspan=\"2\"><span style=\"color: #008080;\"><strong>Coordinaci\u00f3 de riscos laborals: <span style=\"color: #000000;\">Joan Tornel Ezcurra<\/span><\/strong><\/span><\/td>\n<td style=\"width: 484px; background-color: #eeeeee; height: 29px;\" colspan=\"2\"><span style=\"color: #008080;\"><b>Coordinaci\u00f3 d&#8217;internacionalitzaci\u00f3:<span style=\"color: #000000;\"> Mireia Mas Ar\u00eds<\/span><\/b><\/span><\/td>\n<\/tr>\n<tr style=\"height: 29px;\">\n<td style=\"background-color: #d8e3e3; width: 484px; height: 29px;\" colspan=\"2\"><span style=\"color: #008080;\"><strong>Coordinaci\u00f3 de coeducaci\u00f3, conviv\u00e8ncia i benestar:\u00a0 <span style=\"color: #000000;\">Sandra Cosialls Rodr\u00edguez<\/span><\/strong><\/span><\/td>\n<td style=\"background-color: #d8e3e3; width: 484px; height: 29px;\" colspan=\"2\"><span style=\"color: #008080;\"><strong>Orientaci\u00f3: <span style=\"color: #000000;\">Mar\u00eda Jos\u00e9 Cabello Fern\u00e1ndez<\/span><\/strong><\/span><\/td>\n<\/tr>\n<tr style=\"height: 29px;\">\n<td style=\"height: 29px; width: 484px; background-color: #eeeeee;\" colspan=\"2\"><span style=\"color: #008080;\"><strong>Coordinaci\u00f3 1r d&#8217;ESO: <span style=\"color: #000000;\">Mar\u00eda Jos\u00e9 Cabello Fern\u00e1ndez<\/span><\/strong><\/span><\/td>\n<td style=\"height: 29px; width: 484px; background-color: #eeeeee;\" colspan=\"2\"><span style=\"color: #008080;\"><strong>Representant de l&#8217;EAP de Cerdanyola: <span style=\"color: #000000;\">Raquel Riera Sal<\/span><\/strong><\/span><\/td>\n<\/tr>\n<tr style=\"height: 29px;\">\n<td style=\"height: 34px; background-color: #d8e3e3; width: 484px;\" colspan=\"2\"><span style=\"color: #008080;\"><strong>Coordinaci\u00f3 2n d&#8217;ESO: <span style=\"color: #000000;\">Miriam Mu\u00f1oz Mart\u00edn<\/span><\/strong><\/span><\/td>\n<td style=\"height: 34px; background-color: #d8e3e3; width: 484px;\" colspan=\"2\"><span style=\"color: #008080;\"><strong>Mestra d&#8217;audici\u00f3 i llenguatge (MALL):\u00a0<\/strong><\/span><span style=\"color: #000000;\"><strong> \u00a0<\/strong><\/span><\/td>\n<\/tr>\n<tr style=\"height: 29px;\">\n<td style=\"height: 30px; background-color: #eeeeee;\" colspan=\"2\"><span style=\"color: #008080;\"><strong>Coordinaci\u00f3 3r d&#8217;ESO: <span style=\"color: #000000;\">Joan Tornel Ezcurra<\/span><\/strong><\/span><\/td>\n<td style=\"height: 30px; background-color: #eeeeee;\" colspan=\"2\"><span style=\"color: #008080;\"><strong>Logopeda CREDA: <span style=\"color: #000000;\">Isabel Pi\u00f1a<\/span><\/strong><\/span><\/td>\n<\/tr>\n<tr style=\"height: 28px;\">\n<td style=\"background-color: #d8e3e3; height: 28px;\" colspan=\"2\"><span style=\"color: #008080;\"><strong>Coordinaci\u00f3 4t d&#8217;ESO: <span style=\"color: #000000;\">N\u00faria Casat Mart\u00ednez<\/span><\/strong><\/span><\/td>\n<td style=\"background-color: #d8e3e3; height: 28px;\" colspan=\"2\"><span style=\"color: #008080;\"><strong>Coordinaci\u00f3 de Batxillerat: <span style=\"color: #000000;\">Montserrat Mas Llorens<\/span><\/strong><\/span><\/td>\n<\/tr>\n<\/tbody>\n<\/table>\n<\/td>\n<\/tr>\n<tr style=\"border-style: hidden;\">\n<td style=\"width: 996px; border-style: hidden; height: 31px;\" colspan=\"2\"><\/td>\n<\/tr>\n<tr style=\"border-style: hidden; height: 5px;\">\n<td style=\"width: 996px; height: 5px; border-style: hidden; background-color: #99cccc;\" colspan=\"2\">\n<pre><\/pre>\n<\/td>\n<\/tr>\n<\/tbody>\n<\/table>\n","protected":false},"excerpt":{"rendered":"<p>\u00a0 Equip directiu 2024-2025 Directora: Manuela Dom\u00ednguez Ruiz Coordinadora pedag\u00f2gica: Gemma Art\u00e9s Rius Cap d&#8217;estudis Eduard Vives Toro Secretari Miquel Roma Peix Les seves funcions s\u00f3n: Directora: \u00e9s la impulsora i la responsable \u00faltima de totes les activitats que es realitzen al centre. Coordinadora pedag\u00f2gica: coordina les q\u00fcestions relatives al curr\u00edculum i les adequacions referents [&hellip;]<\/p>\n","protected":false},"author":1,"featured_media":0,"parent":19,"menu_order":50,"comment_status":"closed","ping_status":"closed","template":"page-templates\/side-menu.php","meta":{"_bbp_topic_count":0,"_bbp_reply_count":0,"_bbp_total_topic_count":0,"_bbp_total_reply_count":0,"_bbp_voice_count":0,"_bbp_anonymous_reply_count":0,"_bbp_topic_count_hidden":0,"_bbp_reply_count_hidden":0,"_bbp_forum_subforum_count":0,"site-sidebar-layout":"default","site-content-layout":"","ast-site-content-layout":"","site-content-style":"default","site-sidebar-style":"default","ast-global-header-display":"","ast-banner-title-visibility":"","ast-main-header-display":"","ast-hfb-above-header-display":"","ast-hfb-below-header-display":"","ast-hfb-mobile-header-display":"","site-post-title":"","ast-breadcrumbs-content":"","ast-featured-img":"","footer-sml-layout":"","theme-transparent-header-meta":"","adv-header-id-meta":"","stick-header-meta":"","header-above-stick-meta":"","header-main-stick-meta":"","header-below-stick-meta":"","astra-migrate-meta-layouts":"default","ast-page-background-enabled":"default","ast-page-background-meta":{"desktop":{"background-color":"var(--ast-global-color-4)","background-image":"","background-repeat":"repeat","background-position":"center center","background-size":"auto","background-attachment":"scroll","background-type":"","background-media":"","overlay-type":"","overlay-color":"","overlay-opacity":"","overlay-gradient":""},"tablet":{"background-color":"","background-image":"","background-repeat":"repeat","background-position":"center center","background-size":"auto","background-attachment":"scroll","background-type":"","background-media":"","overlay-type":"","overlay-color":"","overlay-opacity":"","overlay-gradient":""},"mobile":{"background-color":"","background-image":"","background-repeat":"repeat","background-position":"center center","background-size":"auto","background-attachment":"scroll","background-type":"","background-media":"","overlay-type":"","overlay-color":"","overlay-opacity":"","overlay-gradient":""}},"ast-content-background-meta":{"desktop":{"background-color":"var(--ast-global-color-5)","background-image":"","background-repeat":"repeat","background-position":"center center","background-size":"auto","background-attachment":"scroll","background-type":"","background-media":"","overlay-type":"","overlay-color":"","overlay-opacity":"","overlay-gradient":""},"tablet":{"background-color":"var(--ast-global-color-5)","background-image":"","background-repeat":"repeat","background-position":"center center","background-size":"auto","background-attachment":"scroll","background-type":"","background-media":"","overlay-type":"","overlay-color":"","overlay-opacity":"","overlay-gradient":""},"mobile":{"background-color":"var(--ast-global-color-5)","background-image":"","background-repeat":"repeat","background-position":"center center","background-size":"auto","background-attachment":"scroll","background-type":"","background-media":"","overlay-type":"","overlay-color":"","overlay-opacity":"","overlay-gradient":""}},"footnotes":""},"class_list":["post-46","page","type-page","status-publish","hentry"],"post_mailing_queue_ids":[],"_links":{"self":[{"href":"https:\/\/agora.xtec.cat\/insperecalders\/wp-json\/wp\/v2\/pages\/46","targetHints":{"allow":["GET"]}}],"collection":[{"href":"https:\/\/agora.xtec.cat\/insperecalders\/wp-json\/wp\/v2\/pages"}],"about":[{"href":"https:\/\/agora.xtec.cat\/insperecalders\/wp-json\/wp\/v2\/types\/page"}],"author":[{"embeddable":true,"href":"https:\/\/agora.xtec.cat\/insperecalders\/wp-json\/wp\/v2\/users\/1"}],"replies":[{"embeddable":true,"href":"https:\/\/agora.xtec.cat\/insperecalders\/wp-json\/wp\/v2\/comments?post=46"}],"version-history":[{"count":6,"href":"https:\/\/agora.xtec.cat\/insperecalders\/wp-json\/wp\/v2\/pages\/46\/revisions"}],"predecessor-version":[{"id":6926,"href":"https:\/\/agora.xtec.cat\/insperecalders\/wp-json\/wp\/v2\/pages\/46\/revisions\/6926"}],"up":[{"embeddable":true,"href":"https:\/\/agora.xtec.cat\/insperecalders\/wp-json\/wp\/v2\/pages\/19"}],"wp:attachment":[{"href":"https:\/\/agora.xtec.cat\/insperecalders\/wp-json\/wp\/v2\/media?parent=46"}],"curies":[{"name":"wp","href":"https:\/\/api.w.org\/{rel}","templated":true}]}}