{"id":3424,"date":"2020-06-05T05:51:15","date_gmt":"2020-06-05T03:51:15","guid":{"rendered":"http:\/\/agora.xtec.cat\/insperecalders\/?page_id=3424"},"modified":"2024-01-31T13:29:01","modified_gmt":"2024-01-31T12:29:01","slug":"activitats-extraescolars","status":"publish","type":"page","link":"https:\/\/agora.xtec.cat\/insperecalders\/identitat-de-centre\/activitats-de-centre\/activitats-extraescolars\/","title":{"rendered":"Associaci\u00f3 esportiva"},"content":{"rendered":"<p>&nbsp;<\/p>\n<div class=\"entry-content\">\n<table>\n<tbody>\n<tr>\n<td colspan=\"4\">\n<h1 class=\"entry-title\">Associaci\u00f3 esportiva escolar<\/h1>\n<\/td>\n<\/tr>\n<tr>\n<td colspan=\"4\"><\/td>\n<\/tr>\n<tr>\n<td colspan=\"4\"><img loading=\"lazy\" decoding=\"async\" class=\"wp-image-3310 alignright\" src=\"https:\/\/agora.xtec.cat\/insperecalders\/wp-content\/uploads\/usu1895\/2020\/05\/Futbol-Sala.-Infantil-mascul\u00ed.-Curs-2019-20.jpg\" sizes=\"auto, (max-width: 490px) 100vw, 490px\" srcset=\"https:\/\/agora.xtec.cat\/insperecalders\/wp-content\/uploads\/usu1895\/2020\/05\/Futbol-Sala.-Infantil-mascul\u00ed.-Curs-2019-20.jpg 652w, https:\/\/agora.xtec.cat\/insperecalders\/wp-content\/uploads\/usu1895\/2020\/05\/Futbol-Sala.-Infantil-mascul\u00ed.-Curs-2019-20-300x252.jpg 300w\" alt=\"\" width=\"490\" height=\"411\" \/><\/p>\n<p><strong>L\u2019Associaci\u00f3 Esportiva<\/strong> de <strong>l\u2019Institut Pere Calders<\/strong> (AEE PERE CALDERS) forma part del Pla Catal\u00e0 de l\u2019Esport Escolar i ofereix a tots els alumnes del centre la possibilitat de <strong>practicar esport<\/strong> en horari extraescolar i de participar en tota mena d\u2019activitats esportives organitzades en el marc dels <strong>jocs esportius escolars de Catalunya<\/strong> <strong>(JEEC)<\/strong>.<\/p>\n<p>Sent un institut amb <strong>jornada intensiva<\/strong> intentem adaptar-nos als horaris m\u00e9s convenients\u00a0 per les fam\u00edlies i els alumnes, oferint la possibilitat de realitzar les activitats just despr\u00e9s de les classes.<\/p>\n<p>Els grups d\u2019activitats els fem ajustant-nos a les motivacions , interessos i necessitats de l\u2019alumnat. Aix\u00ed, si surt un grup suficient d\u2019alumnes que volen fer una activitat concreta nosaltres gestionem la manera de poder ofertar-la.<\/p>\n<p>Aquest any comptem amb un equip de <strong>futbol sala<\/strong> de nens de segon d\u2019ESO que participa en els <strong>Jocs Escolars del Consell Esportiu del Vall\u00e8s Occidental Sud<\/strong>.<\/p>\n<p>Equip de futbol sala 2n d\u2019ESO. Curs 2019-20<\/td>\n<\/tr>\n<tr>\n<td colspan=\"4\"><a href=\"https:\/\/agora.xtec.cat\/insperecalders\/wp-content\/uploads\/usu1895\/2019\/09\/Infantil_volei__1ESO_2016_17.jpg\"><img loading=\"lazy\" decoding=\"async\" class=\"wp-image-966 alignright\" src=\"https:\/\/agora.xtec.cat\/insperecalders\/wp-content\/uploads\/usu1895\/2019\/09\/Infantil_volei__1ESO_2016_17.jpg\" sizes=\"auto, (max-width: 495px) 100vw, 495px\" srcset=\"https:\/\/agora.xtec.cat\/insperecalders\/wp-content\/uploads\/usu1895\/2019\/09\/Infantil_volei__1ESO_2016_17.jpg 967w, https:\/\/agora.xtec.cat\/insperecalders\/wp-content\/uploads\/usu1895\/2019\/09\/Infantil_volei__1ESO_2016_17-300x185.jpg 300w, https:\/\/agora.xtec.cat\/insperecalders\/wp-content\/uploads\/usu1895\/2019\/09\/Infantil_volei__1ESO_2016_17-768x473.jpg 768w\" alt=\"\" width=\"495\" height=\"305\" \/><\/a>A m\u00e9s intentem formar i <strong>donar feina de monitors, dinamitzadors i entrenadors a alumnes i exalumnes del centre<\/strong> que hagin format part dels nostres equips o que hagin decidit continuar la seva formaci\u00f3 amb estudis d\u2019activitat f\u00edsica i esport <em>(aquest curs fan d\u2019entrenadors dos exalumnes, un estudiant de CAFE i un altre d\u2019un grau superior d\u2019esports).<\/em><\/p>\n<p>&nbsp;<\/p>\n<p>Enlla\u00e7 a la informaci\u00f3 i inscripci\u00f3 <a href=\"https:\/\/drive.google.com\/file\/d\/1s5-GWIrLm4ei92v6vZHWsw1sCC6cstKf\/view?usp=sharing\" target=\"_blank\" rel=\"noopener\"><em><strong>AEE PERE CALDERS. Apunta\u2019t<\/strong><\/em><\/a><\/p>\n<p>&nbsp;<\/p>\n<p>Equip de volei 1r d\u2019ESO. Curs 2016-17<\/td>\n<\/tr>\n<\/tbody>\n<\/table>\n<\/div>\n<p>&nbsp;<\/p>\n<p>&nbsp;<\/p>\n<p>&nbsp;<\/p>\n<p>&nbsp;<\/p>\n<p>&nbsp;<\/p>\n<p>&nbsp;<\/p>\n","protected":false},"excerpt":{"rendered":"<p>&nbsp; Associaci\u00f3 esportiva escolar L\u2019Associaci\u00f3 Esportiva de l\u2019Institut Pere Calders (AEE PERE CALDERS) forma part del Pla Catal\u00e0 de l\u2019Esport Escolar i ofereix a tots els alumnes del centre la possibilitat de practicar esport en horari extraescolar i de participar en tota mena d\u2019activitats esportives organitzades en el marc dels jocs esportius escolars de Catalunya [&hellip;]<\/p>\n","protected":false},"author":3,"featured_media":0,"parent":1082,"menu_order":90,"comment_status":"closed","ping_status":"closed","template":"page-templates\/side-menu.php","meta":{"_bbp_topic_count":0,"_bbp_reply_count":0,"_bbp_total_topic_count":0,"_bbp_total_reply_count":0,"_bbp_voice_count":0,"_bbp_anonymous_reply_count":0,"_bbp_topic_count_hidden":0,"_bbp_reply_count_hidden":0,"_bbp_forum_subforum_count":0,"site-sidebar-layout":"default","site-content-layout":"","ast-site-content-layout":"","site-content-style":"default","site-sidebar-style":"default","ast-global-header-display":"","ast-banner-title-visibility":"","ast-main-header-display":"","ast-hfb-above-header-display":"","ast-hfb-below-header-display":"","ast-hfb-mobile-header-display":"","site-post-title":"","ast-breadcrumbs-content":"","ast-featured-img":"","footer-sml-layout":"","theme-transparent-header-meta":"","adv-header-id-meta":"","stick-header-meta":"","header-above-stick-meta":"","header-main-stick-meta":"","header-below-stick-meta":"","astra-migrate-meta-layouts":"default","ast-page-background-enabled":"default","ast-page-background-meta":{"desktop":{"background-color":"var(--ast-global-color-4)","background-image":"","background-repeat":"repeat","background-position":"center center","background-size":"auto","background-attachment":"scroll","background-type":"","background-media":"","overlay-type":"","overlay-color":"","overlay-opacity":"","overlay-gradient":""},"tablet":{"background-color":"","background-image":"","background-repeat":"repeat","background-position":"center center","background-size":"auto","background-attachment":"scroll","background-type":"","background-media":"","overlay-type":"","overlay-color":"","overlay-opacity":"","overlay-gradient":""},"mobile":{"background-color":"","background-image":"","background-repeat":"repeat","background-position":"center center","background-size":"auto","background-attachment":"scroll","background-type":"","background-media":"","overlay-type":"","overlay-color":"","overlay-opacity":"","overlay-gradient":""}},"ast-content-background-meta":{"desktop":{"background-color":"var(--ast-global-color-5)","background-image":"","background-repeat":"repeat","background-position":"center center","background-size":"auto","background-attachment":"scroll","background-type":"","background-media":"","overlay-type":"","overlay-color":"","overlay-opacity":"","overlay-gradient":""},"tablet":{"background-color":"var(--ast-global-color-5)","background-image":"","background-repeat":"repeat","background-position":"center center","background-size":"auto","background-attachment":"scroll","background-type":"","background-media":"","overlay-type":"","overlay-color":"","overlay-opacity":"","overlay-gradient":""},"mobile":{"background-color":"var(--ast-global-color-5)","background-image":"","background-repeat":"repeat","background-position":"center center","background-size":"auto","background-attachment":"scroll","background-type":"","background-media":"","overlay-type":"","overlay-color":"","overlay-opacity":"","overlay-gradient":""}},"footnotes":""},"class_list":["post-3424","page","type-page","status-publish","hentry"],"post_mailing_queue_ids":[],"_links":{"self":[{"href":"https:\/\/agora.xtec.cat\/insperecalders\/wp-json\/wp\/v2\/pages\/3424","targetHints":{"allow":["GET"]}}],"collection":[{"href":"https:\/\/agora.xtec.cat\/insperecalders\/wp-json\/wp\/v2\/pages"}],"about":[{"href":"https:\/\/agora.xtec.cat\/insperecalders\/wp-json\/wp\/v2\/types\/page"}],"author":[{"embeddable":true,"href":"https:\/\/agora.xtec.cat\/insperecalders\/wp-json\/wp\/v2\/users\/3"}],"replies":[{"embeddable":true,"href":"https:\/\/agora.xtec.cat\/insperecalders\/wp-json\/wp\/v2\/comments?post=3424"}],"version-history":[{"count":5,"href":"https:\/\/agora.xtec.cat\/insperecalders\/wp-json\/wp\/v2\/pages\/3424\/revisions"}],"predecessor-version":[{"id":6499,"href":"https:\/\/agora.xtec.cat\/insperecalders\/wp-json\/wp\/v2\/pages\/3424\/revisions\/6499"}],"up":[{"embeddable":true,"href":"https:\/\/agora.xtec.cat\/insperecalders\/wp-json\/wp\/v2\/pages\/1082"}],"wp:attachment":[{"href":"https:\/\/agora.xtec.cat\/insperecalders\/wp-json\/wp\/v2\/media?parent=3424"}],"curies":[{"name":"wp","href":"https:\/\/api.w.org\/{rel}","templated":true}]}}