{"id":2627,"date":"2020-02-13T13:46:57","date_gmt":"2020-02-13T12:46:57","guid":{"rendered":"http:\/\/agora.xtec.cat\/insperecalders\/?page_id=2627"},"modified":"2023-10-09T15:33:41","modified_gmt":"2023-10-09T13:33:41","slug":"orientacio","status":"publish","type":"page","link":"https:\/\/agora.xtec.cat\/insperecalders\/identitat-de-centre\/departaments\/orientacio\/","title":{"rendered":"Orientaci\u00f3"},"content":{"rendered":"<table style=\"border-style: hidden; width: 100%; height: 1545px;\">\n<tbody>\n<tr style=\"height: 5px;\">\n<td style=\"width: 1596.28px; height: 5px; border-style: hidden; background-color: #99cccc;\" colspan=\"2\"><\/td>\n<\/tr>\n<tr style=\"height: 5px;\">\n<td style=\"width: 1596.28px; height: 5px; border-style: hidden; background-color: #dddddd;\" colspan=\"2\"><\/td>\n<\/tr>\n<tr style=\"height: 46px;\">\n<td style=\"height: 46px;\" colspan=\"2\">\n<h5>\u00a0 \u00a0 <strong>\u00a0 Professorat Curs 2023\/24<\/strong><\/h5>\n<\/td>\n<\/tr>\n<tr style=\"height: 57px;\">\n<td style=\"background-color: #eeeeee; height: 57px;\">\n<ul>\n<li style=\"list-style-type: none;\">\n<ul>\n<li style=\"list-style-type: none;\">\n<ul>\n<li><span style=\"color: #008080;\">Lydia Pitarch \u00a0(Audici\u00f3 i Llenguatge)<\/span><\/li>\n<\/ul>\n<\/li>\n<\/ul>\n<\/li>\n<\/ul>\n<\/td>\n<td style=\"background-color: #eeeeee; height: 57px;\">\n<ul style=\"list-style-type: square;\">\n<li><span style=\"color: #008080;\">Maria Jos\u00e9 Cabello\u00a0 (Orientadora)<\/span><\/li>\n<\/ul>\n<\/td>\n<\/tr>\n<tr style=\"height: 406px;\">\n<td style=\"width: 1596.28px; height: 406px;\" colspan=\"2\">\n<h4><img loading=\"lazy\" decoding=\"async\" class=\" wp-image-2965 alignright\" src=\"https:\/\/agora.xtec.cat\/insperecalders\/wp-content\/uploads\/usu1895\/2020\/03\/orientacio.jpg\" alt=\"\" width=\"353\" height=\"240\" \/><\/h4>\n<h3><span style=\"color: #008080;\">Com s\u00f3c? Qu\u00e8 em motiva? Qu\u00e8 vull aprendre?<\/span><\/h3>\n<p>Aquestes s\u00f3n preguntes freq\u00fcents que es plategen tot sovint els nostres joves.<\/p>\n<p style=\"text-align: justify;\">Aprendre paulatinament i de forma continuada \u00e9s clau per formar persones amb pensament cr\u00edtic i compromeses, amb m\u00e9s possibilitats d\u2019inserci\u00f3 social i professional en una societat canviant i en evoluci\u00f3 constant.\u00a0 Cal anar fixant les bases per a <strong><span style=\"color: #008080;\">l\u2019autoconeixement<\/span>,<\/strong> <strong><span style=\"color: #ff0000;\">l\u2019autoestima<\/span><\/strong> i la pr\u00e0ctica de la <span style=\"color: #ff6600;\"><strong>presa de decisions<\/strong><\/span>, per anar construint el projecte de vida del jove.<\/p>\n<p style=\"text-align: justify;\">L&#8217;Institut <strong>acompanya i guia<\/strong> a l&#8217;alumnat en aquest proc\u00e9s, aportant <strong>recursos<\/strong> i elements per a <strong>l\u2019adquisici\u00f3 de les compet\u00e8ncies<\/strong> que es requereixen per integrar-se en el m\u00f3n present i futur. En el seg\u00fcent enlla\u00e7 podeu veure la presentaci\u00f3: <span style=\"text-decoration: underline;\"><a href=\"https:\/\/drive.google.com\/file\/d\/174wCV9Fe42kDWgGGWSszkE6cBtja-Xc3\/view?usp=sharing\" target=\"_blank\" rel=\"noopener\"><strong><span style=\"color: #008080; text-decoration: underline;\">Qu\u00e8 fer despr\u00e9s de l&#8217;ESO?<\/span><\/strong><\/a><\/span><\/p>\n<\/td>\n<\/tr>\n<tr style=\"height: 5px;\">\n<td style=\"width: 1596.28px; height: 5px; background-color: #bccfd1;\" colspan=\"2\"><\/td>\n<\/tr>\n<tr style=\"height: 392px;\">\n<td style=\"width: 1596.28px; height: 392px;\" colspan=\"2\">\n<h2 style=\"text-align: right;\"><span style=\"font-size: large; color: #008080;\"><img loading=\"lazy\" decoding=\"async\" class=\"wp-image-2745 alignleft\" src=\"https:\/\/agora.xtec.cat\/insperecalders\/wp-content\/uploads\/usu1895\/2020\/02\/orientacerdanyola22febrer2020-1024x493.jpeg\" alt=\"\" width=\"488\" height=\"235\" srcset=\"https:\/\/agora.xtec.cat\/insperecalders\/wp-content\/uploads\/usu1895\/2020\/02\/orientacerdanyola22febrer2020-1024x493.jpeg 1024w, https:\/\/agora.xtec.cat\/insperecalders\/wp-content\/uploads\/usu1895\/2020\/02\/orientacerdanyola22febrer2020-300x144.jpeg 300w, https:\/\/agora.xtec.cat\/insperecalders\/wp-content\/uploads\/usu1895\/2020\/02\/orientacerdanyola22febrer2020-768x370.jpeg 768w, https:\/\/agora.xtec.cat\/insperecalders\/wp-content\/uploads\/usu1895\/2020\/02\/orientacerdanyola22febrer2020.jpeg 1371w\" sizes=\"auto, (max-width: 488px) 100vw, 488px\" \/><\/span>Programa d&#8217;orientaci\u00f3 acad\u00e8mica professional Orientacerdanyola:<\/h2>\n<p style=\"text-align: justify;\">L&#8217;alumnat de <strong>4t\u00a0 ESO<\/strong> participa en el <strong>Programa Orienta Cerdanyola<\/strong>, organitzat pels Serveis municipals d&#8217;Educaci\u00f3 i Joventut, en coordinaci\u00f3 amb els Serveis Educatius i el grup d&#8217;orientadores i orientadors de Cerdanyola.<\/p>\n<p style=\"text-align: justify;\">Aquestes activitats serveixen perqu\u00e8 els nostres alumnes <span style=\"color: #ff0000;\"><strong>tri\u00efn<\/strong><\/span> un itinerari educatiu que <span style=\"color: #008080;\"><strong>encaixi<\/strong><\/span> amb les seves <span style=\"color: #3366ff;\"><strong>necessitats i motivacions<\/strong><\/span>.<\/p>\n<\/td>\n<\/tr>\n<tr style=\"height: 491px;\">\n<td style=\"width: 1596.28px; height: 491px;\" colspan=\"2\"><a href=\"https:\/\/drive.google.com\/open?id=1oWFKlJeMhZ6XftlAO1T-ycA2Sj4SpdML\" target=\"_blank\" rel=\"noopener noreferrer\"><img loading=\"lazy\" decoding=\"async\" class=\"alignnone size-large wp-image-2968\" src=\"https:\/\/agora.xtec.cat\/insperecalders\/wp-content\/uploads\/usu1895\/2020\/03\/imatge-1-1024x576.jpg\" alt=\"\" width=\"1024\" height=\"576\" srcset=\"https:\/\/agora.xtec.cat\/insperecalders\/wp-content\/uploads\/usu1895\/2020\/03\/imatge-1-1024x576.jpg 1024w, https:\/\/agora.xtec.cat\/insperecalders\/wp-content\/uploads\/usu1895\/2020\/03\/imatge-1-300x169.jpg 300w, https:\/\/agora.xtec.cat\/insperecalders\/wp-content\/uploads\/usu1895\/2020\/03\/imatge-1-768x432.jpg 768w, https:\/\/agora.xtec.cat\/insperecalders\/wp-content\/uploads\/usu1895\/2020\/03\/imatge-1.jpg 1280w\" sizes=\"auto, (max-width: 1024px) 100vw, 1024px\" \/><\/a><\/p>\n<p>En el document adjunt trobareu les bases d&#8217;aquest acompanyament que realitzem amb els alumnes.<\/td>\n<\/tr>\n<tr style=\"height: 133px;\">\n<td style=\"width: 1596.28px; height: 133px;\" colspan=\"2\">\n<h3>Enlla\u00e7os d&#8217;inter\u00e8s:<\/h3>\n<p>\u27a1 \u00a0\u00a0<a href=\"http:\/\/queestudiar.gencat.cat\/ca\/index.html\" target=\"_blank\" rel=\"noopener noreferrer\">http:\/\/queestudiar.gencat.cat<\/a><\/p>\n<p>\u27a1 \u00a0\u00a0<a href=\"http:\/\/www.cerdanyola.cat\/joventut\/orientacerdanyola\" target=\"_blank\" rel=\"noopener noreferrer\">http:\/\/www.cerdanyola.cat\/joventut\/orientacerdanyola<\/a><\/td>\n<\/tr>\n<tr style=\"height: 5px;\">\n<td style=\"width: 1596.28px; height: 5px; border-style: hidden; background-color: #dddddd;\" colspan=\"2\"><\/td>\n<\/tr>\n<\/tbody>\n<\/table>\n","protected":false},"excerpt":{"rendered":"<p>\u00a0 \u00a0 \u00a0 Professorat Curs 2023\/24 Lydia Pitarch \u00a0(Audici\u00f3 i Llenguatge) Maria Jos\u00e9 Cabello\u00a0 (Orientadora) Com s\u00f3c? Qu\u00e8 em motiva? Qu\u00e8 vull aprendre? Aquestes s\u00f3n preguntes freq\u00fcents que es plategen tot sovint els nostres joves. Aprendre paulatinament i de forma continuada \u00e9s clau per formar persones amb pensament cr\u00edtic i compromeses, amb m\u00e9s possibilitats d\u2019inserci\u00f3 [&hellip;]<\/p>\n","protected":false},"author":4,"featured_media":0,"parent":1379,"menu_order":36,"comment_status":"closed","ping_status":"closed","template":"page-templates\/side-menu.php","meta":{"_bbp_topic_count":0,"_bbp_reply_count":0,"_bbp_total_topic_count":0,"_bbp_total_reply_count":0,"_bbp_voice_count":0,"_bbp_anonymous_reply_count":0,"_bbp_topic_count_hidden":0,"_bbp_reply_count_hidden":0,"_bbp_forum_subforum_count":0,"site-sidebar-layout":"default","site-content-layout":"","ast-site-content-layout":"","site-content-style":"default","site-sidebar-style":"default","ast-global-header-display":"","ast-banner-title-visibility":"","ast-main-header-display":"","ast-hfb-above-header-display":"","ast-hfb-below-header-display":"","ast-hfb-mobile-header-display":"","site-post-title":"","ast-breadcrumbs-content":"","ast-featured-img":"","footer-sml-layout":"","theme-transparent-header-meta":"","adv-header-id-meta":"","stick-header-meta":"","header-above-stick-meta":"","header-main-stick-meta":"","header-below-stick-meta":"","astra-migrate-meta-layouts":"default","ast-page-background-enabled":"default","ast-page-background-meta":{"desktop":{"background-color":"var(--ast-global-color-4)","background-image":"","background-repeat":"repeat","background-position":"center center","background-size":"auto","background-attachment":"scroll","background-type":"","background-media":"","overlay-type":"","overlay-color":"","overlay-opacity":"","overlay-gradient":""},"tablet":{"background-color":"","background-image":"","background-repeat":"repeat","background-position":"center center","background-size":"auto","background-attachment":"scroll","background-type":"","background-media":"","overlay-type":"","overlay-color":"","overlay-opacity":"","overlay-gradient":""},"mobile":{"background-color":"","background-image":"","background-repeat":"repeat","background-position":"center center","background-size":"auto","background-attachment":"scroll","background-type":"","background-media":"","overlay-type":"","overlay-color":"","overlay-opacity":"","overlay-gradient":""}},"ast-content-background-meta":{"desktop":{"background-color":"var(--ast-global-color-5)","background-image":"","background-repeat":"repeat","background-position":"center center","background-size":"auto","background-attachment":"scroll","background-type":"","background-media":"","overlay-type":"","overlay-color":"","overlay-opacity":"","overlay-gradient":""},"tablet":{"background-color":"var(--ast-global-color-5)","background-image":"","background-repeat":"repeat","background-position":"center center","background-size":"auto","background-attachment":"scroll","background-type":"","background-media":"","overlay-type":"","overlay-color":"","overlay-opacity":"","overlay-gradient":""},"mobile":{"background-color":"var(--ast-global-color-5)","background-image":"","background-repeat":"repeat","background-position":"center center","background-size":"auto","background-attachment":"scroll","background-type":"","background-media":"","overlay-type":"","overlay-color":"","overlay-opacity":"","overlay-gradient":""}},"footnotes":""},"class_list":["post-2627","page","type-page","status-publish","hentry"],"post_mailing_queue_ids":[],"_links":{"self":[{"href":"https:\/\/agora.xtec.cat\/insperecalders\/wp-json\/wp\/v2\/pages\/2627","targetHints":{"allow":["GET"]}}],"collection":[{"href":"https:\/\/agora.xtec.cat\/insperecalders\/wp-json\/wp\/v2\/pages"}],"about":[{"href":"https:\/\/agora.xtec.cat\/insperecalders\/wp-json\/wp\/v2\/types\/page"}],"author":[{"embeddable":true,"href":"https:\/\/agora.xtec.cat\/insperecalders\/wp-json\/wp\/v2\/users\/4"}],"replies":[{"embeddable":true,"href":"https:\/\/agora.xtec.cat\/insperecalders\/wp-json\/wp\/v2\/comments?post=2627"}],"version-history":[{"count":5,"href":"https:\/\/agora.xtec.cat\/insperecalders\/wp-json\/wp\/v2\/pages\/2627\/revisions"}],"predecessor-version":[{"id":6301,"href":"https:\/\/agora.xtec.cat\/insperecalders\/wp-json\/wp\/v2\/pages\/2627\/revisions\/6301"}],"up":[{"embeddable":true,"href":"https:\/\/agora.xtec.cat\/insperecalders\/wp-json\/wp\/v2\/pages\/1379"}],"wp:attachment":[{"href":"https:\/\/agora.xtec.cat\/insperecalders\/wp-json\/wp\/v2\/media?parent=2627"}],"curies":[{"name":"wp","href":"https:\/\/api.w.org\/{rel}","templated":true}]}}