{"id":2622,"date":"2020-02-13T13:35:04","date_gmt":"2020-02-13T12:35:04","guid":{"rendered":"http:\/\/agora.xtec.cat\/insperecalders\/?page_id=2622"},"modified":"2024-02-07T11:43:08","modified_gmt":"2024-02-07T10:43:08","slug":"ciencies","status":"publish","type":"page","link":"https:\/\/agora.xtec.cat\/insperecalders\/identitat-de-centre\/departaments\/ciencies\/","title":{"rendered":"Ci\u00e8ncies"},"content":{"rendered":"<table style=\"border-style: hidden;\">\n<tbody>\n<tr style=\"border-style: hidden;\">\n<td style=\"height: 5px; background-color: #99cccc;\" colspan=\"2\"><\/td>\n<\/tr>\n<tr style=\"border-style: hidden;\">\n<td style=\"height: 5px; background-color: #dddddd;\" colspan=\"2\"><\/td>\n<\/tr>\n<tr>\n<td style=\"height: 5px;\" colspan=\"2\">\n<h5><strong>\u00a0 \u00a0 \u00a0 PROFESSORAT CURS 2023\/24<\/strong><\/h5>\n<\/td>\n<\/tr>\n<tr>\n<td>\n<ul style=\"list-style-type: disc;\">\n<li><strong><span style=\"color: #008080;\">Joan Tornel Ezcurra \u00a0(Biologia i Geologia)<\/span><\/strong><\/li>\n<li><strong><span style=\"color: #008080;\">Gemma Art\u00e9s Rius (Biologia i Geologia)<\/span><\/strong><\/li>\n<li>\n<h6><span style=\"color: #008080;\"><strong>Sandra Cosialls Rodr\u00edguez<\/strong> (<strong>Biologia i Geologia<\/strong>)<\/span><\/h6>\n<\/li>\n<\/ul>\n<\/td>\n<td>&nbsp;<\/p>\n<ul>\n<li><strong><span style=\"color: #008080;\">Francesc Mir Villas (F\u00edsica i Qu\u00edmica)<\/span><\/strong><\/li>\n<li>\n<h6><strong><span style=\"color: #008080;\">Montserrat Mas Llorens (F\u00edsica i Qu\u00edmica)<\/span><\/strong><\/h6>\n<\/li>\n<li><strong style=\"font-size: 1em;\"><span style=\"color: #008080;\">Raquel Gozalbo Museros (F\u00edsica i Qu\u00edmica)<\/span><\/strong><\/li>\n<li><strong style=\"font-size: 1em;\"><span style=\"color: #008080;\">Joana Sendra Molina (F\u00edsica i Qu\u00edmica)<\/span><\/strong><\/li>\n<\/ul>\n<\/td>\n<\/tr>\n<tr>\n<td style=\"height: 5px;\" colspan=\"2\"><\/td>\n<\/tr>\n<tr>\n<td colspan=\"2\">\n<p style=\"text-align: justify;\"><a href=\"https:\/\/agora.xtec.cat\/insperecalders\/wp-content\/uploads\/usu1895\/2020\/03\/1.9f4094a2-4769-47d1-afad-3c63bcfe5ec7-1024x768.jpg\"><img loading=\"lazy\" decoding=\"async\" class=\"alignright wp-image-2913\" src=\"https:\/\/agora.xtec.cat\/insperecalders\/wp-content\/uploads\/usu1895\/2020\/03\/1.9f4094a2-4769-47d1-afad-3c63bcfe5ec7-1024x768.jpg\" alt=\"\" width=\"457\" height=\"336\" \/><\/a>Les mat\u00e8ries que imparteix el nostre departament s\u00f3n les <strong>Biologia i Geologia<\/strong> de 1r, 3r i 4rt , la <strong>F\u00edsica i Qu\u00edmica<\/strong> de 2n, 3r i 4rt d\u2019ESO.<\/p>\n<p style=\"text-align: justify;\">A Batxillerat ofertem la <strong>Biologia<\/strong>, la <strong>Qu\u00edmica<\/strong>, la <strong>F\u00edsica<\/strong> i la <strong>Geologia i Ci\u00e8ncies Ambientals (GiCA)<\/strong>, tant a 1r com a 2n. Tamb\u00e9 impartim l&#8217;assignatura optativa trimestral de 1r de Batxillerat <strong>Reptes cient\u00edfics en Biologia i Geologia<\/strong>.<\/p>\n<p style=\"text-align: justify;\">Es tracta de mat\u00e8ries experimentals amb un <strong>component pr\u00e0ctic<\/strong> que sovint implica fer <strong>sortides de camp<\/strong> o anar al <strong>laboratori<\/strong>.<\/p>\n<p style=\"text-align: justify;\">\u00a0\u27a1 A l\u2019<strong>ESO<\/strong>, les mat\u00e8ries estan enfocades des d\u2019un punt de vista <span style=\"color: #ff0000;\"><strong>competencial<\/strong><\/span>, on l&#8217;alumnat t\u00e9 un paper m\u00e9s actiu en el seu aprenentatge amb l&#8217;objectiu que pugui aplicar el coneixement cient\u00edfic en diferents contextos. A m\u00e9s a m\u00e9s, es procura afavorir la creativitat i el treball cooperatiu, i es d\u00f3na especial import\u00e0ncia al treball <span style=\"color: #ff0000;\"><strong>experimental<\/strong><\/span>.<\/p>\n<p style=\"text-align: justify;\">\u00a0\u27a1 En aquesta l\u00ednia, en algunes mat\u00e8ries, la doc\u00e8ncia es complementa amb la metodologia de <strong><span style=\"color: #3366ff;\">l\u2019Aprenentatge Basat en Jocs (ABJ)<\/span><\/strong>. L\u2019alumnat ha d\u2019extreure informaci\u00f3 sobre temes de ci\u00e8ncia a partir de <span style=\"color: #ff0000;\"><strong>jocs especialitzats<\/strong><\/span> con s\u00f3n el <em><span style=\"color: #008080;\"><strong>Cytosis<\/strong><\/span><\/em> o el <em><span style=\"color: #008080;\"><strong>Periodic<\/strong><\/span><\/em>. D\u2019altra banda, l\u2019alumnat ha de crear els <strong>seus propis jocs<\/strong>, basats en t\u00edtols ja existents o originals seus, amb l\u2019objectiu de repassar les compet\u00e8ncies treballades.<\/p>\n<p style=\"text-align: justify;\">\u00a0\u27a1 Al <strong>batxillerat<\/strong>, modalitat <span style=\"color: #ff0000;\"><strong>Ci\u00e8ncies i tecnologia<\/strong><\/span>, les assignatures s\u00f3n d\u2019ampliaci\u00f3 de continguts. Es pret\u00e9n que l\u2019alumne adquireixi els <span style=\"color: #008080;\"><strong>coneixements i les habilitats b\u00e0siques<\/strong><\/span> per a entrar a la Universitat o a CFS.<\/p>\n<\/td>\n<\/tr>\n<tr>\n<td style=\"background-color: #dddddd;\" colspan=\"2\">\n<h4><strong> Ci\u00e8ncia fora de l&#8217;institut<\/strong><\/h4>\n<p style=\"text-align: justify;\">El fet d\u2019estar al <strong>Campus de la UAB<\/strong> ens facilita molt el poder participar en les diferents activitats i tallers organitzats per <strong>l\u2019ICE<\/strong> o els <strong>Departaments de la UAB<\/strong>. Aix\u00ed participem en els tallers de F\u00edsica i Qu\u00edmica del <span style=\"color: #ff0000;\"><a style=\"color: #ff0000;\" href=\"https:\/\/revir.crecim.cat\/revir-batxillerat\/\" target=\"_blank\" rel=\"noopener noreferrer\"><strong>REVIR<\/strong><\/a><\/span> o els de <strong>Qu\u00edmica interactiva de la Facultat de Qu\u00edmica<\/strong>, fem un <span style=\"color: #800080;\">taller de microscopia electr\u00f2nica<\/span> a la <strong>Facultat de Bioci\u00e8ncies<\/strong>,\u00a0 visitem el<span style=\"color: #ff00ff;\"> <a style=\"color: #ff00ff;\" href=\"http:\/\/www.cresa.cat\/cresa3\/default.asp\" target=\"_blank\" rel=\"noopener noreferrer\"><strong>CRESA<\/strong><\/a><\/span> (Centre de Recerca en Sanitat Animal) i el <span style=\"color: #008000;\"><a style=\"color: #008000;\" href=\"https:\/\/www.cragenomica.es\/\" target=\"_blank\" rel=\"noopener noreferrer\"><strong>CRAG<\/strong><\/a><\/span> (Centre de Regulaci\u00f3 Agrogen\u00e8omica) , participem en <span style=\"color: #ff6600;\"><strong><em>l\u2019Stemday<\/em> <\/strong><\/span>a Medicina, participem en la <span style=\"color: #008080;\"><a style=\"color: #008080;\" href=\"https:\/\/www.uab.cat\/web\/programa-argo\/programa-argo-estudiants\/estudiants\/tallers-geogimcana-educativa-2017-2018-1345770522106.html\" target=\"_blank\" rel=\"noopener noreferrer\">Geogimkana<\/a><\/span> a Geologia, etc.<\/p>\n<p>Per altra banda, amb l&#8217;alumnat d&#8217;ESO es prioritza el treball de camp amb sortides al medi natural com la\u00a0<strong>Zona Volc\u00e0nica de La Garrotxa<\/strong> o el <strong>Parc Natural de Collserola<\/strong>, i es fan visites de ci\u00e8ncia aplicada al\u00a0<strong>Parc d&#8217;Atraccions del Tibidabo<\/strong> i a la <strong>Depuradora d&#8217;aig\u00fces de Granollers<\/strong>.<\/td>\n<\/tr>\n<tr>\n<td colspan=\"2\">&nbsp;<\/p>\n<p><img loading=\"lazy\" decoding=\"async\" class=\"size-large wp-image-6513 aligncenter\" src=\"https:\/\/agora.xtec.cat\/insperecalders\/wp-content\/uploads\/usu1895\/2024\/02\/WhatsApp-Image-2024-02-07-at-11.39.47-AM-461x1024.jpeg\" alt=\"\" width=\"461\" height=\"1024\" srcset=\"https:\/\/agora.xtec.cat\/insperecalders\/wp-content\/uploads\/usu1895\/2024\/02\/WhatsApp-Image-2024-02-07-at-11.39.47-AM-461x1024.jpeg 461w, https:\/\/agora.xtec.cat\/insperecalders\/wp-content\/uploads\/usu1895\/2024\/02\/WhatsApp-Image-2024-02-07-at-11.39.47-AM-135x300.jpeg 135w, https:\/\/agora.xtec.cat\/insperecalders\/wp-content\/uploads\/usu1895\/2024\/02\/WhatsApp-Image-2024-02-07-at-11.39.47-AM-691x1536.jpeg 691w, https:\/\/agora.xtec.cat\/insperecalders\/wp-content\/uploads\/usu1895\/2024\/02\/WhatsApp-Image-2024-02-07-at-11.39.47-AM.jpeg 720w\" sizes=\"auto, (max-width: 461px) 100vw, 461px\" \/><\/p>\n<p style=\"text-align: justify;\"><img loading=\"lazy\" decoding=\"async\" class=\"alignright size-large wp-image-6514\" src=\"https:\/\/agora.xtec.cat\/insperecalders\/wp-content\/uploads\/usu1895\/2024\/02\/WhatsApp-Image-2024-02-07-at-11.37.50-AM-1024x461.jpeg\" alt=\"\" width=\"1024\" height=\"461\" srcset=\"https:\/\/agora.xtec.cat\/insperecalders\/wp-content\/uploads\/usu1895\/2024\/02\/WhatsApp-Image-2024-02-07-at-11.37.50-AM-1024x461.jpeg 1024w, https:\/\/agora.xtec.cat\/insperecalders\/wp-content\/uploads\/usu1895\/2024\/02\/WhatsApp-Image-2024-02-07-at-11.37.50-AM-300x135.jpeg 300w, https:\/\/agora.xtec.cat\/insperecalders\/wp-content\/uploads\/usu1895\/2024\/02\/WhatsApp-Image-2024-02-07-at-11.37.50-AM-768x346.jpeg 768w, https:\/\/agora.xtec.cat\/insperecalders\/wp-content\/uploads\/usu1895\/2024\/02\/WhatsApp-Image-2024-02-07-at-11.37.50-AM-1536x691.jpeg 1536w, https:\/\/agora.xtec.cat\/insperecalders\/wp-content\/uploads\/usu1895\/2024\/02\/WhatsApp-Image-2024-02-07-at-11.37.50-AM.jpeg 1600w\" sizes=\"auto, (max-width: 1024px) 100vw, 1024px\" \/><\/p>\n<\/td>\n<\/tr>\n<tr>\n<td style=\"height: 5px; background-color: #cccccc;\" colspan=\"2\"><\/td>\n<\/tr>\n<\/tbody>\n<\/table>\n","protected":false},"excerpt":{"rendered":"<p>\u00a0 \u00a0 \u00a0 PROFESSORAT CURS 2023\/24 Joan Tornel Ezcurra \u00a0(Biologia i Geologia) Gemma Art\u00e9s Rius (Biologia i Geologia) Sandra Cosialls Rodr\u00edguez (Biologia i Geologia) &nbsp; Francesc Mir Villas (F\u00edsica i Qu\u00edmica) Montserrat Mas Llorens (F\u00edsica i Qu\u00edmica) Raquel Gozalbo Museros (F\u00edsica i Qu\u00edmica) Joana Sendra Molina (F\u00edsica i Qu\u00edmica) Les mat\u00e8ries que imparteix el nostre [&hellip;]<\/p>\n","protected":false},"author":4,"featured_media":0,"parent":1379,"menu_order":24,"comment_status":"closed","ping_status":"closed","template":"","meta":{"_bbp_topic_count":0,"_bbp_reply_count":0,"_bbp_total_topic_count":0,"_bbp_total_reply_count":0,"_bbp_voice_count":0,"_bbp_anonymous_reply_count":0,"_bbp_topic_count_hidden":0,"_bbp_reply_count_hidden":0,"_bbp_forum_subforum_count":0,"site-sidebar-layout":"default","site-content-layout":"","ast-site-content-layout":"","site-content-style":"default","site-sidebar-style":"default","ast-global-header-display":"","ast-banner-title-visibility":"","ast-main-header-display":"","ast-hfb-above-header-display":"","ast-hfb-below-header-display":"","ast-hfb-mobile-header-display":"","site-post-title":"","ast-breadcrumbs-content":"","ast-featured-img":"","footer-sml-layout":"","theme-transparent-header-meta":"","adv-header-id-meta":"","stick-header-meta":"","header-above-stick-meta":"","header-main-stick-meta":"","header-below-stick-meta":"","astra-migrate-meta-layouts":"default","ast-page-background-enabled":"default","ast-page-background-meta":{"desktop":{"background-color":"var(--ast-global-color-4)","background-image":"","background-repeat":"repeat","background-position":"center center","background-size":"auto","background-attachment":"scroll","background-type":"","background-media":"","overlay-type":"","overlay-color":"","overlay-opacity":"","overlay-gradient":""},"tablet":{"background-color":"","background-image":"","background-repeat":"repeat","background-position":"center center","background-size":"auto","background-attachment":"scroll","background-type":"","background-media":"","overlay-type":"","overlay-color":"","overlay-opacity":"","overlay-gradient":""},"mobile":{"background-color":"","background-image":"","background-repeat":"repeat","background-position":"center center","background-size":"auto","background-attachment":"scroll","background-type":"","background-media":"","overlay-type":"","overlay-color":"","overlay-opacity":"","overlay-gradient":""}},"ast-content-background-meta":{"desktop":{"background-color":"var(--ast-global-color-5)","background-image":"","background-repeat":"repeat","background-position":"center center","background-size":"auto","background-attachment":"scroll","background-type":"","background-media":"","overlay-type":"","overlay-color":"","overlay-opacity":"","overlay-gradient":""},"tablet":{"background-color":"var(--ast-global-color-5)","background-image":"","background-repeat":"repeat","background-position":"center center","background-size":"auto","background-attachment":"scroll","background-type":"","background-media":"","overlay-type":"","overlay-color":"","overlay-opacity":"","overlay-gradient":""},"mobile":{"background-color":"var(--ast-global-color-5)","background-image":"","background-repeat":"repeat","background-position":"center center","background-size":"auto","background-attachment":"scroll","background-type":"","background-media":"","overlay-type":"","overlay-color":"","overlay-opacity":"","overlay-gradient":""}},"footnotes":""},"class_list":["post-2622","page","type-page","status-publish","hentry"],"post_mailing_queue_ids":[],"_links":{"self":[{"href":"https:\/\/agora.xtec.cat\/insperecalders\/wp-json\/wp\/v2\/pages\/2622","targetHints":{"allow":["GET"]}}],"collection":[{"href":"https:\/\/agora.xtec.cat\/insperecalders\/wp-json\/wp\/v2\/pages"}],"about":[{"href":"https:\/\/agora.xtec.cat\/insperecalders\/wp-json\/wp\/v2\/types\/page"}],"author":[{"embeddable":true,"href":"https:\/\/agora.xtec.cat\/insperecalders\/wp-json\/wp\/v2\/users\/4"}],"replies":[{"embeddable":true,"href":"https:\/\/agora.xtec.cat\/insperecalders\/wp-json\/wp\/v2\/comments?post=2622"}],"version-history":[{"count":4,"href":"https:\/\/agora.xtec.cat\/insperecalders\/wp-json\/wp\/v2\/pages\/2622\/revisions"}],"predecessor-version":[{"id":6515,"href":"https:\/\/agora.xtec.cat\/insperecalders\/wp-json\/wp\/v2\/pages\/2622\/revisions\/6515"}],"up":[{"embeddable":true,"href":"https:\/\/agora.xtec.cat\/insperecalders\/wp-json\/wp\/v2\/pages\/1379"}],"wp:attachment":[{"href":"https:\/\/agora.xtec.cat\/insperecalders\/wp-json\/wp\/v2\/media?parent=2622"}],"curies":[{"name":"wp","href":"https:\/\/api.w.org\/{rel}","templated":true}]}}