{"id":2613,"date":"2020-02-13T13:31:07","date_gmt":"2020-02-13T12:31:07","guid":{"rendered":"http:\/\/agora.xtec.cat\/insperecalders\/?page_id=2613"},"modified":"2024-04-16T12:29:57","modified_gmt":"2024-04-16T10:29:57","slug":"filosofia","status":"publish","type":"page","link":"https:\/\/agora.xtec.cat\/insperecalders\/identitat-de-centre\/departaments\/filosofia\/","title":{"rendered":"Filosofia"},"content":{"rendered":"<h5><\/h5>\n<table style=\"height: 159px; width: 76.7282347246237%; border-style: hidden;\">\n<tbody>\n<tr style=\"height: 5px;\">\n<td style=\"width: 776.767px; height: 5px; border-style: hidden; background-color: #99cccc;\" colspan=\"2\"><\/td>\n<\/tr>\n<tr style=\"height: 5px;\">\n<td style=\"width: 776.767px; height: 5px; border-style: hidden; background-color: #dddddd;\" colspan=\"2\"><\/td>\n<\/tr>\n<tr style=\"height: 74px;\">\n<td style=\"width: 387.383px; height: 74px;\" colspan=\"2\">\n<h5><strong>Professorat Curs 2023\/2024<\/strong><\/h5>\n<\/td>\n<\/tr>\n<tr style=\"height: 70px;\">\n<td style=\"width: 387.383px; height: 70px;\" colspan=\"2\">\n<ul>\n<li><span style=\"color: #008080;\">Xavier \u00a0Ma\u00f1es Beltr\u00e1n<\/span><\/li>\n<\/ul>\n<\/td>\n<\/tr>\n<tr style=\"height: 5px;\">\n<td style=\"width: 776.767px; height: 5px; border-style: hidden; background-color: #dddddd;\" colspan=\"2\"><\/td>\n<\/tr>\n<\/tbody>\n<\/table>\n<table style=\"height: 1840px; width: 76.86824100121245%; border-style: hidden;\">\n<tbody>\n<tr>\n<td style=\"width: 121.77121771217712%;\" colspan=\"2\">El departament de Filosofia organitza cada any un parell d\u2019activitats que pretenen trencar amb el registre cl\u00e0ssic de\u00a0les produccions filos\u00f2fiques.<\/td>\n<\/tr>\n<tr>\n<td style=\"width: 121.77121771217712%;\" colspan=\"2\">\n<ul style=\"list-style-type: disc;\">\n<li style=\"text-align: justify;\">\u00a0La primera \u00e9s la <a href=\"https:\/\/www.ub.edu\/portal\/web\/filosofia\/mostra-de-fotofilosofia\" target=\"_blank\" rel=\"noopener\"><span style=\"color: #0000ff;\"><strong>FOTOFILOSOFIA<\/strong><\/span><\/a>, que consisteix a pensar una pregunta d\u2019inter\u00e8s\u00a0filos\u00f2fic i fer una fotografia de collita pr\u00f2pia que reflecteixi b\u00e9 la pregunta en q\u00fcesti\u00f3, de manera que el conjunt de\u00a0pregunta i fotografia estimuli la reflexi\u00f3 de l\u2019audi\u00e8ncia. El curs 22-23, una representaci\u00f3 de l\u2019alumnat de 1r de\u00a0batxillerat del Pere Calders va anar a la Facultat de Filosofia de la UB a l\u2019acte de lliurament de premis de la Mostra\u00a0de Fotofilosofia de Catalunya 22-23. Les millors produccions del nostre centre van ser premiades amb un diploma\u00a0per part de l\u2019organitzaci\u00f3 com a reconeixement a la seva tasca, i un dels nostres alumnes (\u00d2scar Casta\u00f1eda) va\u00a0defensar p\u00fablicament la seva producci\u00f3 a l\u2019Auditori de la Facultat. A continuaci\u00f3 mostrem algunes de les fotografies\u00a0seleccionades, aix\u00ed com imatges de l\u2019acte.<\/li>\n<\/ul>\n<\/td>\n<\/tr>\n<tr>\n<td style=\"width: 49.69249692496925%;\">\n<h2><strong><span style=\"background-color: #33cccc;\">Tenim la visi\u00f3 de l&#8217;entorn limitada per la societat?\u00a0<\/span><\/strong><\/h2>\n<h2><img loading=\"lazy\" decoding=\"async\" class=\"alignnone wp-image-6686\" src=\"https:\/\/agora.xtec.cat\/insperecalders\/wp-content\/uploads\/usu1895\/2024\/04\/PHOTO-2024-04-02-12-23-48.jpg\" alt=\"\" width=\"596\" height=\"335\" srcset=\"https:\/\/agora.xtec.cat\/insperecalders\/wp-content\/uploads\/usu1895\/2024\/04\/PHOTO-2024-04-02-12-23-48.jpg 1600w, https:\/\/agora.xtec.cat\/insperecalders\/wp-content\/uploads\/usu1895\/2024\/04\/PHOTO-2024-04-02-12-23-48-300x169.jpg 300w, https:\/\/agora.xtec.cat\/insperecalders\/wp-content\/uploads\/usu1895\/2024\/04\/PHOTO-2024-04-02-12-23-48-1024x575.jpg 1024w, https:\/\/agora.xtec.cat\/insperecalders\/wp-content\/uploads\/usu1895\/2024\/04\/PHOTO-2024-04-02-12-23-48-768x432.jpg 768w, https:\/\/agora.xtec.cat\/insperecalders\/wp-content\/uploads\/usu1895\/2024\/04\/PHOTO-2024-04-02-12-23-48-1536x863.jpg 1536w\" sizes=\"auto, (max-width: 596px) 100vw, 596px\" \/><\/h2>\n<p><strong>Mart\u00ed Est\u00e9vez<\/strong><\/td>\n<td style=\"width: 72.07872078720787%;\">\n<h2><\/h2>\n<h2><strong><span style=\"background-color: #33cccc;\">L&#8217;\u00e8sser\u00a0humans est\u00e0 fet per a relacionar-se?\u00a0<\/span><\/strong><\/h2>\n<p><img loading=\"lazy\" decoding=\"async\" class=\"alignnone size-full wp-image-6687\" src=\"https:\/\/agora.xtec.cat\/insperecalders\/wp-content\/uploads\/usu1895\/2024\/04\/PHOTO-2024-04-02-12-23-37.jpg\" alt=\"\" width=\"1600\" height=\"1220\" srcset=\"https:\/\/agora.xtec.cat\/insperecalders\/wp-content\/uploads\/usu1895\/2024\/04\/PHOTO-2024-04-02-12-23-37.jpg 1600w, https:\/\/agora.xtec.cat\/insperecalders\/wp-content\/uploads\/usu1895\/2024\/04\/PHOTO-2024-04-02-12-23-37-300x229.jpg 300w, https:\/\/agora.xtec.cat\/insperecalders\/wp-content\/uploads\/usu1895\/2024\/04\/PHOTO-2024-04-02-12-23-37-1024x781.jpg 1024w, https:\/\/agora.xtec.cat\/insperecalders\/wp-content\/uploads\/usu1895\/2024\/04\/PHOTO-2024-04-02-12-23-37-768x586.jpg 768w, https:\/\/agora.xtec.cat\/insperecalders\/wp-content\/uploads\/usu1895\/2024\/04\/PHOTO-2024-04-02-12-23-37-1536x1171.jpg 1536w\" sizes=\"auto, (max-width: 1600px) 100vw, 1600px\" \/><\/p>\n<p><strong>Laia Ferrer<\/strong><\/td>\n<\/tr>\n<tr>\n<td style=\"width: 49.69249692496925%;\">\n<h2><\/h2>\n<h2><strong><span style=\"background-color: #33cccc;\">Qu\u00e8 \u00e9s la\u00a0normalitat?<\/span><\/strong><\/h2>\n<p>&nbsp;<\/p>\n<p><img loading=\"lazy\" decoding=\"async\" class=\"alignnone size-full wp-image-6540\" src=\"https:\/\/agora.xtec.cat\/insperecalders\/wp-content\/uploads\/usu1895\/2024\/02\/PHOTO-2024-02-07-13-31-04.jpg\" alt=\"\" width=\"480\" height=\"640\" srcset=\"https:\/\/agora.xtec.cat\/insperecalders\/wp-content\/uploads\/usu1895\/2024\/02\/PHOTO-2024-02-07-13-31-04.jpg 480w, https:\/\/agora.xtec.cat\/insperecalders\/wp-content\/uploads\/usu1895\/2024\/02\/PHOTO-2024-02-07-13-31-04-225x300.jpg 225w\" sizes=\"auto, (max-width: 480px) 100vw, 480px\" \/><\/p>\n<p><strong>\u00d2scar Casta\u00f1eda<\/strong><\/p>\n<h2><\/h2>\n<p>&nbsp;<\/td>\n<td style=\"width: 72.07872078720787%;\">\n<h2><strong><span style=\"background-color: #33cccc;\">El nostre sistema\u00a0econ\u00f2mic condiciona les\u00a0nostres fonts de\u00a0felicitat?<\/span><\/strong><\/h2>\n<p><img loading=\"lazy\" decoding=\"async\" class=\"alignnone wp-image-6688\" src=\"https:\/\/agora.xtec.cat\/insperecalders\/wp-content\/uploads\/usu1895\/2024\/04\/PHOTO-2024-04-02-12-23-29.jpg\" alt=\"\" width=\"472\" height=\"630\" srcset=\"https:\/\/agora.xtec.cat\/insperecalders\/wp-content\/uploads\/usu1895\/2024\/04\/PHOTO-2024-04-02-12-23-29.jpg 1200w, https:\/\/agora.xtec.cat\/insperecalders\/wp-content\/uploads\/usu1895\/2024\/04\/PHOTO-2024-04-02-12-23-29-225x300.jpg 225w, https:\/\/agora.xtec.cat\/insperecalders\/wp-content\/uploads\/usu1895\/2024\/04\/PHOTO-2024-04-02-12-23-29-768x1024.jpg 768w, https:\/\/agora.xtec.cat\/insperecalders\/wp-content\/uploads\/usu1895\/2024\/04\/PHOTO-2024-04-02-12-23-29-1152x1536.jpg 1152w\" sizes=\"auto, (max-width: 472px) 100vw, 472px\" \/><\/p>\n<p><strong>\u00c9rico Jim\u00e9nez<\/strong><\/td>\n<\/tr>\n<tr>\n<td style=\"width: 121.77121771217712%; height: 5px; border-style: hidden; background-color: #dddddd;\" colspan=\"2\">\n<ul style=\"list-style-type: disc;\">\n<li style=\"text-align: justify;\">La segona activitat \u00e9s la preparaci\u00f3 de l\u2019alumnat per a L\u2019OLIMP\u00cdADA DE FILOSOFIA DE CATALUNYA, en les\u00a0seves diferents modalitats: dissertaci\u00f3, dilema moral, fotografia filos\u00f2fica, v\u00eddeo filos\u00f2fic i c\u00f2mic. La tem\u00e0tica del\u00a0passat curs 22-23 va estar dedicada a Les fronteres i la just\u00edcia global, i hi participaren m\u00e9s de seixanta centres de\u00a0tot Catalunya. El nostre centre hi va participar per primer cop, amb alumnes de 4t d\u2019ESO i de 1r i 2n de Batxillerat.<br \/>\nLa final se celebr\u00e0 al hall del CCCB, on els finalistes de les diferents modalitats van defensar p\u00fablicament les\u00a0seves produccions, i els debats que aquelles suscitaren van fer que la jornada es convert\u00eds en una festa\u00a0reivindicativa de l\u2019activitat filos\u00f2fica. La tem\u00e0tica de l\u2019actual curs 23-24 versa sobre Qu\u00e8 \u00e9s l\u2019oci?, i hi tornarem a\u00a0participar.<\/li>\n<\/ul>\n<\/td>\n<\/tr>\n<\/tbody>\n<\/table>\n","protected":false},"excerpt":{"rendered":"<p>Professorat Curs 2023\/2024 Xavier \u00a0Ma\u00f1es Beltr\u00e1n El departament de Filosofia organitza cada any un parell d\u2019activitats que pretenen trencar amb el registre cl\u00e0ssic de\u00a0les produccions filos\u00f2fiques. \u00a0La primera \u00e9s la FOTOFILOSOFIA, que consisteix a pensar una pregunta d\u2019inter\u00e8s\u00a0filos\u00f2fic i fer una fotografia de collita pr\u00f2pia que reflecteixi b\u00e9 la pregunta en q\u00fcesti\u00f3, de manera que [&hellip;]<\/p>\n","protected":false},"author":4,"featured_media":0,"parent":1379,"menu_order":18,"comment_status":"closed","ping_status":"closed","template":"page-templates\/side-menu.php","meta":{"_bbp_topic_count":0,"_bbp_reply_count":0,"_bbp_total_topic_count":0,"_bbp_total_reply_count":0,"_bbp_voice_count":0,"_bbp_anonymous_reply_count":0,"_bbp_topic_count_hidden":0,"_bbp_reply_count_hidden":0,"_bbp_forum_subforum_count":0,"site-sidebar-layout":"default","site-content-layout":"","ast-site-content-layout":"","site-content-style":"default","site-sidebar-style":"default","ast-global-header-display":"","ast-banner-title-visibility":"","ast-main-header-display":"","ast-hfb-above-header-display":"","ast-hfb-below-header-display":"","ast-hfb-mobile-header-display":"","site-post-title":"","ast-breadcrumbs-content":"","ast-featured-img":"","footer-sml-layout":"","theme-transparent-header-meta":"","adv-header-id-meta":"","stick-header-meta":"","header-above-stick-meta":"","header-main-stick-meta":"","header-below-stick-meta":"","astra-migrate-meta-layouts":"default","ast-page-background-enabled":"default","ast-page-background-meta":{"desktop":{"background-color":"var(--ast-global-color-4)","background-image":"","background-repeat":"repeat","background-position":"center center","background-size":"auto","background-attachment":"scroll","background-type":"","background-media":"","overlay-type":"","overlay-color":"","overlay-opacity":"","overlay-gradient":""},"tablet":{"background-color":"","background-image":"","background-repeat":"repeat","background-position":"center center","background-size":"auto","background-attachment":"scroll","background-type":"","background-media":"","overlay-type":"","overlay-color":"","overlay-opacity":"","overlay-gradient":""},"mobile":{"background-color":"","background-image":"","background-repeat":"repeat","background-position":"center center","background-size":"auto","background-attachment":"scroll","background-type":"","background-media":"","overlay-type":"","overlay-color":"","overlay-opacity":"","overlay-gradient":""}},"ast-content-background-meta":{"desktop":{"background-color":"var(--ast-global-color-5)","background-image":"","background-repeat":"repeat","background-position":"center center","background-size":"auto","background-attachment":"scroll","background-type":"","background-media":"","overlay-type":"","overlay-color":"","overlay-opacity":"","overlay-gradient":""},"tablet":{"background-color":"var(--ast-global-color-5)","background-image":"","background-repeat":"repeat","background-position":"center center","background-size":"auto","background-attachment":"scroll","background-type":"","background-media":"","overlay-type":"","overlay-color":"","overlay-opacity":"","overlay-gradient":""},"mobile":{"background-color":"var(--ast-global-color-5)","background-image":"","background-repeat":"repeat","background-position":"center center","background-size":"auto","background-attachment":"scroll","background-type":"","background-media":"","overlay-type":"","overlay-color":"","overlay-opacity":"","overlay-gradient":""}},"footnotes":""},"class_list":["post-2613","page","type-page","status-publish","hentry"],"post_mailing_queue_ids":[],"_links":{"self":[{"href":"https:\/\/agora.xtec.cat\/insperecalders\/wp-json\/wp\/v2\/pages\/2613","targetHints":{"allow":["GET"]}}],"collection":[{"href":"https:\/\/agora.xtec.cat\/insperecalders\/wp-json\/wp\/v2\/pages"}],"about":[{"href":"https:\/\/agora.xtec.cat\/insperecalders\/wp-json\/wp\/v2\/types\/page"}],"author":[{"embeddable":true,"href":"https:\/\/agora.xtec.cat\/insperecalders\/wp-json\/wp\/v2\/users\/4"}],"replies":[{"embeddable":true,"href":"https:\/\/agora.xtec.cat\/insperecalders\/wp-json\/wp\/v2\/comments?post=2613"}],"version-history":[{"count":6,"href":"https:\/\/agora.xtec.cat\/insperecalders\/wp-json\/wp\/v2\/pages\/2613\/revisions"}],"predecessor-version":[{"id":6721,"href":"https:\/\/agora.xtec.cat\/insperecalders\/wp-json\/wp\/v2\/pages\/2613\/revisions\/6721"}],"up":[{"embeddable":true,"href":"https:\/\/agora.xtec.cat\/insperecalders\/wp-json\/wp\/v2\/pages\/1379"}],"wp:attachment":[{"href":"https:\/\/agora.xtec.cat\/insperecalders\/wp-json\/wp\/v2\/media?parent=2613"}],"curies":[{"name":"wp","href":"https:\/\/api.w.org\/{rel}","templated":true}]}}