{"id":2605,"date":"2020-02-13T13:27:10","date_gmt":"2020-02-13T12:27:10","guid":{"rendered":"http:\/\/agora.xtec.cat\/insperecalders\/?page_id=2605"},"modified":"2023-09-19T12:42:38","modified_gmt":"2023-09-19T10:42:38","slug":"catala","status":"publish","type":"page","link":"https:\/\/agora.xtec.cat\/insperecalders\/identitat-de-centre\/departaments\/catala\/","title":{"rendered":"Catal\u00e0"},"content":{"rendered":"<table style=\"height: 279px; border-style: hidden; width: px;\">\n<tbody>\n<tr>\n<td style=\"width: 992px; height: 5px; border-style: hidden; background-color: #99cccc;\" colspan=\"2\"><\/td>\n<\/tr>\n<tr>\n<td style=\"width: 992px; height: 5px; border-style: hidden; background-color: #dddddd;\" colspan=\"2\"><\/td>\n<\/tr>\n<tr>\n<td style=\"width: 992px;\" colspan=\"2\">\n<h5><strong>\u00a0 \u00a0 \u00a0 \u00a0 \u00a0\u00a0 Professorat Curs 2022\/23<\/strong><\/h5>\n<\/td>\n<\/tr>\n<tr>\n<td style=\"width: 495px; background-color: #eeeeee; vertical-align: top;\">\n<ul>\n<li style=\"list-style-type: none;\">\n<ul>\n<li style=\"list-style-type: none;\">\n<ul>\n<li><span style=\"color: #008080;\">Cristina Leonelli<\/span><\/li>\n<li><span style=\"color: #008080;\">Juli\u00e0 \u00a0Monje Alonso<\/span><\/li>\n<\/ul>\n<\/li>\n<\/ul>\n<\/li>\n<\/ul>\n<\/td>\n<td style=\"width: 495px; background-color: #eeeeee; vertical-align: top;\">\n<ul>\n<li style=\"list-style-type: none;\">\n<ul>\n<li style=\"list-style-type: none;\">\n<ul>\n<li><span style=\"color: #008080;\">Maite Fern\u00e1ndez Alc\u00e1ntara<\/span><\/li>\n<li><span style=\"color: #008080;\">Llu\u00eds \u00a0\u00c0vila Morera<\/span><\/li>\n<\/ul>\n<\/li>\n<\/ul>\n<\/li>\n<\/ul>\n<\/td>\n<\/tr>\n<tr>\n<td style=\"width: 992px;\" colspan=\"2\"><a href=\"https:\/\/agora.xtec.cat\/insperecalders\/wp-content\/uploads\/usu1895\/2020\/04\/Llibres-lectura-Catal\u00e0.jpg\"><img loading=\"lazy\" decoding=\"async\" class=\"alignright wp-image-3040\" src=\"https:\/\/agora.xtec.cat\/insperecalders\/wp-content\/uploads\/usu1895\/2020\/04\/Llibres-lectura-Catal\u00e0-1024x521.jpg\" alt=\"\" width=\"669\" height=\"341\" srcset=\"https:\/\/agora.xtec.cat\/insperecalders\/wp-content\/uploads\/usu1895\/2020\/04\/Llibres-lectura-Catal\u00e0-1024x521.jpg 1024w, https:\/\/agora.xtec.cat\/insperecalders\/wp-content\/uploads\/usu1895\/2020\/04\/Llibres-lectura-Catal\u00e0-300x153.jpg 300w, https:\/\/agora.xtec.cat\/insperecalders\/wp-content\/uploads\/usu1895\/2020\/04\/Llibres-lectura-Catal\u00e0-768x391.jpg 768w, https:\/\/agora.xtec.cat\/insperecalders\/wp-content\/uploads\/usu1895\/2020\/04\/Llibres-lectura-Catal\u00e0.jpg 1410w\" sizes=\"auto, (max-width: 669px) 100vw, 669px\" \/><\/a><\/p>\n<p style=\"text-align: justify;\">Des de fa molts anys, el <strong>seminari de catal\u00e0<\/strong>\u00a0 ha considerat <strong>primordial<\/strong> el treball de les dimensions de <strong>comunicaci\u00f3 oral<\/strong> , <strong>expressi\u00f3 \u00a0escrita<\/strong> , <strong>comprensi\u00f3 lectora i\u00a0 liter\u00e0ria<\/strong>.<\/p>\n<p style=\"text-align: justify;\">En aquesta l\u00ednia, s\u00f3n habituals les\u00a0 <strong>activitats<\/strong> que tenen per objectiu millorar les compet\u00e8ncies pr\u00f2pies d\u00b4aquestes dimensions. Per exemple, a cada curs de l\u00b4<strong>ESO<\/strong>, proposem la lectura de sis obres per curs, que acostumen a ser cl\u00e0ssiques en els darrers cursos.<\/p>\n<\/td>\n<\/tr>\n<tr>\n<td style=\"width: 992px;\" colspan=\"2\">\n<p style=\"text-align: justify;\">A <span style=\"color: #008080;\"><strong>4t d&#8217;ESO<\/strong><\/span> es fa un treball <strong>intensiu de la dimensi\u00f3 liter\u00e0ria<\/strong> i, a <span style=\"color: #ff0000;\"><strong>batxillera<\/strong><\/span>t, s\u00b4ofereix la possibilitat de cursar, a m\u00e9s de la <strong>literatura universal<\/strong>,\u00a0 tant la literatura <strong>catalana com la castellana<\/strong>.<\/p>\n<p style=\"text-align: justify;\">Per complementar l\u00b4assoliment del gust per la lectura i la literatura, organitzem cada any les corresponents <strong>sortides al teatre<\/strong>. Enguany hem anat a veure <span style=\"color: #ff0000;\"><strong><em>La pla\u00e7a del diamant<\/em><\/strong><\/span> des de la mat\u00e8ria de literatura catalana i <a href=\"https:\/\/www.teatrepoliorama.com\/ca\/programacio\/c\/125_la-importancia-de-ser-frank.html\" target=\"_blank\" rel=\"noopener noreferrer\"><strong><span style=\"color: #ff0000;\"><em>La import\u00e0ncia de ser Frank <\/em><\/span><\/strong><\/a>\u00a0des de la de literatura universal <em>,<\/em>ambdues al\u00a0 teatre Poliorama.<\/p>\n<p style=\"text-align: justify;\">Amb aquest mateix objectiu, ja fa alguns anys que en <strong>Guillem Gavald\u00e0<\/strong>, exalumne de l\u00b4institut i\u00a0 <strong>reconegut\u00a0 poeta<\/strong>, realitza tallers amb els nostres alumnes de literatura.<\/p>\n<\/td>\n<\/tr>\n<tr>\n<td style=\"width: 992px; vertical-align: top;\" colspan=\"2\"><a href=\"https:\/\/agora.xtec.cat\/insperecalders\/wp-content\/uploads\/usu1895\/2020\/04\/Sant-Jordi-2019.jpg\"><img loading=\"lazy\" decoding=\"async\" class=\"wp-image-3048 alignright\" src=\"https:\/\/agora.xtec.cat\/insperecalders\/wp-content\/uploads\/usu1895\/2020\/04\/Sant-Jordi-2019.jpg\" alt=\"\" width=\"334\" height=\"233\" srcset=\"https:\/\/agora.xtec.cat\/insperecalders\/wp-content\/uploads\/usu1895\/2020\/04\/Sant-Jordi-2019.jpg 821w, https:\/\/agora.xtec.cat\/insperecalders\/wp-content\/uploads\/usu1895\/2020\/04\/Sant-Jordi-2019-300x209.jpg 300w, https:\/\/agora.xtec.cat\/insperecalders\/wp-content\/uploads\/usu1895\/2020\/04\/Sant-Jordi-2019-768x536.jpg 768w\" sizes=\"auto, (max-width: 334px) 100vw, 334px\" \/><\/a><a href=\"https:\/\/agora.xtec.cat\/insperecalders\/wp-content\/uploads\/usu1895\/2020\/04\/Sant_Jordi_2018__107-e1585830373944.jpg\"><img loading=\"lazy\" decoding=\"async\" class=\"alignleft wp-image-3043\" src=\"https:\/\/agora.xtec.cat\/insperecalders\/wp-content\/uploads\/usu1895\/2020\/04\/Sant_Jordi_2018__107-e1585830373944-1024x635.jpg\" alt=\"\" width=\"607\" height=\"376\" srcset=\"https:\/\/agora.xtec.cat\/insperecalders\/wp-content\/uploads\/usu1895\/2020\/04\/Sant_Jordi_2018__107-e1585830373944-1024x635.jpg 1024w, https:\/\/agora.xtec.cat\/insperecalders\/wp-content\/uploads\/usu1895\/2020\/04\/Sant_Jordi_2018__107-e1585830373944-300x186.jpg 300w, https:\/\/agora.xtec.cat\/insperecalders\/wp-content\/uploads\/usu1895\/2020\/04\/Sant_Jordi_2018__107-e1585830373944-768x476.jpg 768w, https:\/\/agora.xtec.cat\/insperecalders\/wp-content\/uploads\/usu1895\/2020\/04\/Sant_Jordi_2018__107-e1585830373944.jpg 1300w\" sizes=\"auto, (max-width: 607px) 100vw, 607px\" \/><\/a><\/p>\n<p>&nbsp;<\/p>\n<p>&nbsp;<\/p>\n<p>&nbsp;<\/p>\n<p>&nbsp;<\/p>\n<p>&nbsp;<\/p>\n<p>&nbsp;<\/p>\n<p style=\"text-align: justify;\">Tota aquesta activitat liter\u00e0ria culmina d\u00b4alguna manera a la nostra <strong>\u201cfesta major\u201d<\/strong>,<strong><span style=\"color: #ff0000;\"> la <\/span><\/strong><a href=\"https:\/\/agora.xtec.cat\/insperecalders\/categoria\/festes_institut\/sant_jordi\/\" target=\"_blank\" rel=\"noopener noreferrer\"><strong><span style=\"color: #ff0000;\">Diada de Sant Jordi<\/span><\/strong><\/a>, en qu\u00e8 s\u00b4organitzen <strong>concursos literaris i ling\u00fc\u00edstics<\/strong>, <strong>recitals de poesia<\/strong>, <strong>representacions teatrals<\/strong>, <strong>actuacions musicals<\/strong>, etc.<\/p>\n<\/td>\n<\/tr>\n<tr>\n<td style=\"width: 992px; height: 5px; background-color: #dddddd;\" colspan=\"2\"><\/td>\n<\/tr>\n<\/tbody>\n<\/table>\n","protected":false},"excerpt":{"rendered":"<p>\u00a0 \u00a0 \u00a0 \u00a0 \u00a0\u00a0 Professorat Curs 2022\/23 Cristina Leonelli Juli\u00e0 \u00a0Monje Alonso Maite Fern\u00e1ndez Alc\u00e1ntara Llu\u00eds \u00a0\u00c0vila Morera Des de fa molts anys, el seminari de catal\u00e0\u00a0 ha considerat primordial el treball de les dimensions de comunicaci\u00f3 oral , expressi\u00f3 \u00a0escrita , comprensi\u00f3 lectora i\u00a0 liter\u00e0ria. En aquesta l\u00ednia, s\u00f3n habituals les\u00a0 activitats que [&hellip;]<\/p>\n","protected":false},"author":4,"featured_media":0,"parent":1379,"menu_order":10,"comment_status":"closed","ping_status":"closed","template":"page-templates\/side-menu.php","meta":{"_bbp_topic_count":0,"_bbp_reply_count":0,"_bbp_total_topic_count":0,"_bbp_total_reply_count":0,"_bbp_voice_count":0,"_bbp_anonymous_reply_count":0,"_bbp_topic_count_hidden":0,"_bbp_reply_count_hidden":0,"_bbp_forum_subforum_count":0,"site-sidebar-layout":"default","site-content-layout":"","ast-site-content-layout":"","site-content-style":"default","site-sidebar-style":"default","ast-global-header-display":"","ast-banner-title-visibility":"","ast-main-header-display":"","ast-hfb-above-header-display":"","ast-hfb-below-header-display":"","ast-hfb-mobile-header-display":"","site-post-title":"","ast-breadcrumbs-content":"","ast-featured-img":"","footer-sml-layout":"","theme-transparent-header-meta":"","adv-header-id-meta":"","stick-header-meta":"","header-above-stick-meta":"","header-main-stick-meta":"","header-below-stick-meta":"","astra-migrate-meta-layouts":"default","ast-page-background-enabled":"default","ast-page-background-meta":{"desktop":{"background-color":"var(--ast-global-color-4)","background-image":"","background-repeat":"repeat","background-position":"center center","background-size":"auto","background-attachment":"scroll","background-type":"","background-media":"","overlay-type":"","overlay-color":"","overlay-opacity":"","overlay-gradient":""},"tablet":{"background-color":"","background-image":"","background-repeat":"repeat","background-position":"center center","background-size":"auto","background-attachment":"scroll","background-type":"","background-media":"","overlay-type":"","overlay-color":"","overlay-opacity":"","overlay-gradient":""},"mobile":{"background-color":"","background-image":"","background-repeat":"repeat","background-position":"center center","background-size":"auto","background-attachment":"scroll","background-type":"","background-media":"","overlay-type":"","overlay-color":"","overlay-opacity":"","overlay-gradient":""}},"ast-content-background-meta":{"desktop":{"background-color":"var(--ast-global-color-5)","background-image":"","background-repeat":"repeat","background-position":"center center","background-size":"auto","background-attachment":"scroll","background-type":"","background-media":"","overlay-type":"","overlay-color":"","overlay-opacity":"","overlay-gradient":""},"tablet":{"background-color":"var(--ast-global-color-5)","background-image":"","background-repeat":"repeat","background-position":"center center","background-size":"auto","background-attachment":"scroll","background-type":"","background-media":"","overlay-type":"","overlay-color":"","overlay-opacity":"","overlay-gradient":""},"mobile":{"background-color":"var(--ast-global-color-5)","background-image":"","background-repeat":"repeat","background-position":"center center","background-size":"auto","background-attachment":"scroll","background-type":"","background-media":"","overlay-type":"","overlay-color":"","overlay-opacity":"","overlay-gradient":""}},"footnotes":""},"class_list":["post-2605","page","type-page","status-publish","hentry"],"post_mailing_queue_ids":[],"_links":{"self":[{"href":"https:\/\/agora.xtec.cat\/insperecalders\/wp-json\/wp\/v2\/pages\/2605","targetHints":{"allow":["GET"]}}],"collection":[{"href":"https:\/\/agora.xtec.cat\/insperecalders\/wp-json\/wp\/v2\/pages"}],"about":[{"href":"https:\/\/agora.xtec.cat\/insperecalders\/wp-json\/wp\/v2\/types\/page"}],"author":[{"embeddable":true,"href":"https:\/\/agora.xtec.cat\/insperecalders\/wp-json\/wp\/v2\/users\/4"}],"replies":[{"embeddable":true,"href":"https:\/\/agora.xtec.cat\/insperecalders\/wp-json\/wp\/v2\/comments?post=2605"}],"version-history":[{"count":3,"href":"https:\/\/agora.xtec.cat\/insperecalders\/wp-json\/wp\/v2\/pages\/2605\/revisions"}],"predecessor-version":[{"id":6291,"href":"https:\/\/agora.xtec.cat\/insperecalders\/wp-json\/wp\/v2\/pages\/2605\/revisions\/6291"}],"up":[{"embeddable":true,"href":"https:\/\/agora.xtec.cat\/insperecalders\/wp-json\/wp\/v2\/pages\/1379"}],"wp:attachment":[{"href":"https:\/\/agora.xtec.cat\/insperecalders\/wp-json\/wp\/v2\/media?parent=2605"}],"curies":[{"name":"wp","href":"https:\/\/api.w.org\/{rel}","templated":true}]}}