{"id":2601,"date":"2020-02-13T13:21:54","date_gmt":"2020-02-13T12:21:54","guid":{"rendered":"http:\/\/agora.xtec.cat\/insperecalders\/?page_id=2601"},"modified":"2024-04-11T12:05:12","modified_gmt":"2024-04-11T10:05:12","slug":"musica","status":"publish","type":"page","link":"https:\/\/agora.xtec.cat\/insperecalders\/identitat-de-centre\/departaments\/musica\/","title":{"rendered":"M\u00fasica"},"content":{"rendered":"<table style=\"height: 261px; width: 59.597152990548885%; border-style: hidden;\">\n<tbody>\n<tr>\n<td style=\"width: 98.96373056994818%; height: 5px; border-style: hidden; background-color: #99cccc;\" colspan=\"2\"><\/td>\n<\/tr>\n<tr>\n<td style=\"width: 98.96373056994818%; height: 5px; border-style: hidden; background-color: #dddddd;\" colspan=\"2\"><\/td>\n<\/tr>\n<tr>\n<td style=\"width: 49.48186528497409%;\">\n<h5><strong> Professorat Curs 2022\/23<\/strong><\/h5>\n<\/td>\n<td style=\"width: 49.48186528497409%;\"><\/td>\n<\/tr>\n<tr>\n<td style=\"width: 98.96373056994818%;\" colspan=\"2\">\n<ul style=\"list-style-type: square;\">\n<li><span style=\"color: #008080;\">Maria Loreto Lled\u00f3<\/span><\/li>\n<\/ul>\n<\/td>\n<\/tr>\n<tr>\n<td style=\"width: 98.96373056994818%;\" colspan=\"2\">\n<p style=\"text-align: justify;\">La m\u00fasica \u00e9s part essencial de la vida social gr\u00e0cies als aven\u00e7os tecnol\u00f2gics,\u00a0l\u2019intercanvi musical, el descobriment i la innovaci\u00f3 que la fa molt present en la vida\u00a0di\u00e0ria de l\u2019adolescent. Per tant, en la mat\u00e8ria de m\u00fasica comen\u00e7a des d\u2019aquest punt\u00a0de partida per tal de donar-li sentit a tot aix\u00f2 que l\u2019alumnat escolta, viu i experimenta<br \/>\namb ella.<br \/>\nAquesta mat\u00e8ria t\u00e9 molts beneficis ja que ajuda a l\u2019alumnat a potenciar la\u00a0seva autoestima, integrar-se en el grup-classe i al centre mitjan\u00e7ant les activitats<br \/>\nproposades a l\u2019aula i les de fora d\u2019ella com concerts. Tamb\u00e9 \u00e9s essencial respecte al\u00a0nivell personal, ajudar a treure les seves pors, la timidesa, treballar en grups\u00a0participatius i actius aix\u00ed com valorar el respecte i el silenci com a parts essencial de\u00a0la seva vida.<br \/>\nL\u2019ensenyament musical ajuda a comprendre, practicar i crear des d\u2019un punt\u00a0de vista pr\u00e0ctic i vivencial i la fa una mat\u00e8ria molt atractiva per l\u2019alumnat.<\/p>\n<\/td>\n<\/tr>\n<tr>\n<td style=\"width: 49.48186528497409%;\">\n<ul style=\"list-style-type: disc;\">\n<li><span style=\"color: #0000ff;\"><strong>Concert de Nadal<\/strong><\/span> on participen l\u2019alumnat de l\u2019ESO de 1r, 2n i 4t (optativa), creant un concert tem\u00e0tic col\u00b7laboratiu.<\/li>\n<\/ul>\n<\/td>\n<td style=\"width: 49.48186528497409%;\">\n<ul style=\"list-style-type: disc;\">\n<li style=\"text-align: justify;\"><span style=\"color: #0000ff;\"><strong>8 de mar\u00e7<\/strong><\/span>: Es treballen les dones directores i compositores al llarg de la hist\u00f2ria de\u00a0la m\u00fasica. Visibilitzem les dones de la m\u00fasica. (Alumnat de 2n d\u2019ESO).<\/li>\n<\/ul>\n<\/td>\n<\/tr>\n<tr>\n<td style=\"height: 5px; border-style: hidden; background-color: #dddddd; width: 49.48186528497409%;\">\n<ul style=\"list-style-type: disc;\">\n<li style=\"text-align: justify;\"><strong><span style=\"color: #0000ff;\">Sant Jordi<\/span>:<\/strong> Participaci\u00f3 de l\u2019alumnat de m\u00fasica amb actuacions dins dels actes de<br \/>\nSant Jordi.<br \/>\nExposici\u00f3 de punts de llibre musicals realitzats per l\u2019alumnat de 1r d\u2019ESO.<\/li>\n<\/ul>\n<\/td>\n<td style=\"border-style: hidden; background-color: #dddddd; width: 49.48186528497409%;\">\n<ul style=\"list-style-type: disc;\">\n<li style=\"text-align: justify;\"><strong><span style=\"color: #0000ff;\">Corarts:<\/span><\/strong> Participaci\u00f3 de l\u2019alumnat de 1r i 2n d\u2019ESO de les quedades de corals\u00a0d\u2019instituts del Vall\u00e8s Occidental on canten amb alumnes d\u2019altres centres en auditoris<br \/>\ncom el de Terrassa o Sant Cugat.<\/li>\n<\/ul>\n<\/td>\n<\/tr>\n<tr>\n<td style=\"border-style: hidden; background-color: #dddddd; width: 49.48186528497409%;\" colspan=\"2\">\n<ul style=\"list-style-type: disc;\">\n<li style=\"text-align: justify;\"><span style=\"color: #0000ff;\"><strong>El monstre al laberint (Liceu)<\/strong><\/span>: Al curs 2022\/2023 es va participar en l\u2019\u00f2pera\u00a0colaborativa \u201cEl monstre al Laberint\u201d organitzat des del Liceu Educa. Una formaci\u00f3\u00a0anual on vam treballar amb altres centres per portar a terme la representaci\u00f3 al\u00a0Liceu d\u2019aquesta \u00f2pera. (Amb alumnat voluntari de 4t d\u2019ESO).<\/li>\n<\/ul>\n<p><span style=\"color: #0000ff;\"><br \/>\n<\/span><strong><span style=\"color: #0000ff;\"><br \/>\n<\/span><\/strong><\/td>\n<\/tr>\n<\/tbody>\n<\/table>\n<p>&nbsp;<\/p>\n<p>&nbsp;<\/p>\n<p>&nbsp;<\/p>\n","protected":false},"excerpt":{"rendered":"<p>Professorat Curs 2022\/23 Maria Loreto Lled\u00f3 La m\u00fasica \u00e9s part essencial de la vida social gr\u00e0cies als aven\u00e7os tecnol\u00f2gics,\u00a0l\u2019intercanvi musical, el descobriment i la innovaci\u00f3 que la fa molt present en la vida\u00a0di\u00e0ria de l\u2019adolescent. Per tant, en la mat\u00e8ria de m\u00fasica comen\u00e7a des d\u2019aquest punt\u00a0de partida per tal de donar-li sentit a tot aix\u00f2 [&hellip;]<\/p>\n","protected":false},"author":4,"featured_media":0,"parent":1379,"menu_order":34,"comment_status":"closed","ping_status":"closed","template":"page-templates\/side-menu.php","meta":{"_bbp_topic_count":0,"_bbp_reply_count":0,"_bbp_total_topic_count":0,"_bbp_total_reply_count":0,"_bbp_voice_count":0,"_bbp_anonymous_reply_count":0,"_bbp_topic_count_hidden":0,"_bbp_reply_count_hidden":0,"_bbp_forum_subforum_count":0,"site-sidebar-layout":"default","site-content-layout":"","ast-site-content-layout":"","site-content-style":"default","site-sidebar-style":"default","ast-global-header-display":"","ast-banner-title-visibility":"","ast-main-header-display":"","ast-hfb-above-header-display":"","ast-hfb-below-header-display":"","ast-hfb-mobile-header-display":"","site-post-title":"","ast-breadcrumbs-content":"","ast-featured-img":"","footer-sml-layout":"","theme-transparent-header-meta":"","adv-header-id-meta":"","stick-header-meta":"","header-above-stick-meta":"","header-main-stick-meta":"","header-below-stick-meta":"","astra-migrate-meta-layouts":"default","ast-page-background-enabled":"default","ast-page-background-meta":{"desktop":{"background-color":"var(--ast-global-color-4)","background-image":"","background-repeat":"repeat","background-position":"center center","background-size":"auto","background-attachment":"scroll","background-type":"","background-media":"","overlay-type":"","overlay-color":"","overlay-opacity":"","overlay-gradient":""},"tablet":{"background-color":"","background-image":"","background-repeat":"repeat","background-position":"center center","background-size":"auto","background-attachment":"scroll","background-type":"","background-media":"","overlay-type":"","overlay-color":"","overlay-opacity":"","overlay-gradient":""},"mobile":{"background-color":"","background-image":"","background-repeat":"repeat","background-position":"center center","background-size":"auto","background-attachment":"scroll","background-type":"","background-media":"","overlay-type":"","overlay-color":"","overlay-opacity":"","overlay-gradient":""}},"ast-content-background-meta":{"desktop":{"background-color":"var(--ast-global-color-5)","background-image":"","background-repeat":"repeat","background-position":"center center","background-size":"auto","background-attachment":"scroll","background-type":"","background-media":"","overlay-type":"","overlay-color":"","overlay-opacity":"","overlay-gradient":""},"tablet":{"background-color":"var(--ast-global-color-5)","background-image":"","background-repeat":"repeat","background-position":"center center","background-size":"auto","background-attachment":"scroll","background-type":"","background-media":"","overlay-type":"","overlay-color":"","overlay-opacity":"","overlay-gradient":""},"mobile":{"background-color":"var(--ast-global-color-5)","background-image":"","background-repeat":"repeat","background-position":"center center","background-size":"auto","background-attachment":"scroll","background-type":"","background-media":"","overlay-type":"","overlay-color":"","overlay-opacity":"","overlay-gradient":""}},"footnotes":""},"class_list":["post-2601","page","type-page","status-publish","hentry"],"post_mailing_queue_ids":[],"_links":{"self":[{"href":"https:\/\/agora.xtec.cat\/insperecalders\/wp-json\/wp\/v2\/pages\/2601","targetHints":{"allow":["GET"]}}],"collection":[{"href":"https:\/\/agora.xtec.cat\/insperecalders\/wp-json\/wp\/v2\/pages"}],"about":[{"href":"https:\/\/agora.xtec.cat\/insperecalders\/wp-json\/wp\/v2\/types\/page"}],"author":[{"embeddable":true,"href":"https:\/\/agora.xtec.cat\/insperecalders\/wp-json\/wp\/v2\/users\/4"}],"replies":[{"embeddable":true,"href":"https:\/\/agora.xtec.cat\/insperecalders\/wp-json\/wp\/v2\/comments?post=2601"}],"version-history":[{"count":6,"href":"https:\/\/agora.xtec.cat\/insperecalders\/wp-json\/wp\/v2\/pages\/2601\/revisions"}],"predecessor-version":[{"id":6718,"href":"https:\/\/agora.xtec.cat\/insperecalders\/wp-json\/wp\/v2\/pages\/2601\/revisions\/6718"}],"up":[{"embeddable":true,"href":"https:\/\/agora.xtec.cat\/insperecalders\/wp-json\/wp\/v2\/pages\/1379"}],"wp:attachment":[{"href":"https:\/\/agora.xtec.cat\/insperecalders\/wp-json\/wp\/v2\/media?parent=2601"}],"curies":[{"name":"wp","href":"https:\/\/api.w.org\/{rel}","templated":true}]}}