{"id":2575,"date":"2020-02-13T11:13:54","date_gmt":"2020-02-13T10:13:54","guid":{"rendered":"http:\/\/agora.xtec.cat\/insperecalders\/?page_id=2575"},"modified":"2023-10-09T15:24:09","modified_gmt":"2023-10-09T13:24:09","slug":"matematiques","status":"publish","type":"page","link":"https:\/\/agora.xtec.cat\/insperecalders\/identitat-de-centre\/departaments\/matematiques\/","title":{"rendered":"Matem\u00e0tiques"},"content":{"rendered":"<table style=\"border-style: hidden; width: 98.76973053346197%;\">\n<tbody>\n<tr>\n<td style=\"width: 99.06166219839142%; height: 5px; border-style: hidden; background-color: #99cccc;\" colspan=\"2\"><\/td>\n<\/tr>\n<tr>\n<td style=\"width: 99.06166219839142%; height: 5px; border-style: hidden; background-color: #dddddd;\" colspan=\"2\"><\/td>\n<\/tr>\n<tr>\n<td style=\"width: 99.06166219839142%;\" colspan=\"2\">\n<h5><strong>\u00a0 \u00a0 \u00a0\u00a0 Professorat curs 2023\/2024<\/strong><\/h5>\n<\/td>\n<\/tr>\n<tr>\n<td style=\"background-color: #eeeeee; width: 50%;\">\n<ul>\n<li style=\"list-style-type: none;\">\n<ul>\n<li style=\"list-style-type: none;\">\n<ul>\n<li><span style=\"color: #008080;\">Ram\u00f3n Gonz\u00e1lez\u00a0<\/span><\/li>\n<li><span style=\"color: #008080;\">N\u00faria Iranzo\u00a0<\/span><\/li>\n<\/ul>\n<\/li>\n<\/ul>\n<\/li>\n<\/ul>\n<\/td>\n<td style=\"background-color: #eeeeee; width: 49.06166219839142%;\">\n<ul>\n<li style=\"list-style-type: none;\">\n<ul>\n<li style=\"list-style-type: none;\">\n<ul>\n<li><span style=\"color: #008080;\">Miquel Roma\u00a0<\/span><\/li>\n<li><span style=\"color: #008080;\">Josep Maria Mart\u00ed<\/span><\/li>\n<\/ul>\n<\/li>\n<\/ul>\n<\/li>\n<\/ul>\n<\/td>\n<\/tr>\n<tr>\n<td style=\"width: 99.06166219839142%;\" colspan=\"2\"><a href=\"https:\/\/agora.xtec.cat\/insperecalders\/wp-content\/uploads\/usu1895\/2020\/03\/aa84419f-8905-43b0-bea2-bd802b698045.jpg\"><img loading=\"lazy\" decoding=\"async\" class=\"wp-image-2818 alignright\" src=\"https:\/\/agora.xtec.cat\/insperecalders\/wp-content\/uploads\/usu1895\/2020\/03\/aa84419f-8905-43b0-bea2-bd802b698045.jpg\" alt=\"\" width=\"676\" height=\"380\" srcset=\"https:\/\/agora.xtec.cat\/insperecalders\/wp-content\/uploads\/usu1895\/2020\/03\/aa84419f-8905-43b0-bea2-bd802b698045.jpg 1600w, https:\/\/agora.xtec.cat\/insperecalders\/wp-content\/uploads\/usu1895\/2020\/03\/aa84419f-8905-43b0-bea2-bd802b698045-300x169.jpg 300w, https:\/\/agora.xtec.cat\/insperecalders\/wp-content\/uploads\/usu1895\/2020\/03\/aa84419f-8905-43b0-bea2-bd802b698045-768x432.jpg 768w, https:\/\/agora.xtec.cat\/insperecalders\/wp-content\/uploads\/usu1895\/2020\/03\/aa84419f-8905-43b0-bea2-bd802b698045-1024x575.jpg 1024w\" sizes=\"auto, (max-width: 676px) 100vw, 676px\" \/><\/a><\/p>\n<p>&nbsp;<\/p>\n<p>&nbsp;<\/td>\n<\/tr>\n<tr>\n<td style=\"height: 5px; width: 99.06166219839142%;\" colspan=\"2\"><\/td>\n<\/tr>\n<tr>\n<td style=\"width: 99.06166219839142%;\" colspan=\"2\">\n<p style=\"text-align: justify;\"><img loading=\"lazy\" decoding=\"async\" class=\"wp-image-5266 alignright\" src=\"https:\/\/agora.xtec.cat\/insperecalders\/wp-content\/uploads\/usu1895\/2022\/05\/PHOTO-2022-05-05-11-07-49.jpg\" alt=\"\" width=\"443\" height=\"332\" srcset=\"https:\/\/agora.xtec.cat\/insperecalders\/wp-content\/uploads\/usu1895\/2022\/05\/PHOTO-2022-05-05-11-07-49.jpg 1024w, https:\/\/agora.xtec.cat\/insperecalders\/wp-content\/uploads\/usu1895\/2022\/05\/PHOTO-2022-05-05-11-07-49-300x225.jpg 300w, https:\/\/agora.xtec.cat\/insperecalders\/wp-content\/uploads\/usu1895\/2022\/05\/PHOTO-2022-05-05-11-07-49-768x576.jpg 768w, https:\/\/agora.xtec.cat\/insperecalders\/wp-content\/uploads\/usu1895\/2022\/05\/PHOTO-2022-05-05-11-07-49-200x150.jpg 200w\" sizes=\"auto, (max-width: 443px) 100vw, 443px\" \/>Les mat\u00e8ries que imparteix el nostre departament s\u00f3n les <strong>Matem\u00e0tiques<\/strong>\u00a0de 1r, 2n, 3r i 4rt, les optatives <strong>Reptes\u00a0<\/strong><b>matem\u00e0tics<\/b>\u00a0a 1r d&#8217;ESO i\u00a0<b>Programaci\u00f3 (iniciaci\u00f3 a scratch\u00a0I Python)<\/b>\u00a0tamb\u00e9 a 1r d&#8217;ESO.<\/p>\n<p>&nbsp;<\/p>\n<p>A Batxillerat ofertem les <strong>Matem\u00e0tiques aplicades a \u00a0les Ci\u00e8ncies socials<\/strong>\u00a0i les <strong>Matem\u00e0tiques de la\u00a0<\/strong><b>modalitat\u00a0Ci\u00e8ncies-Tecnologia<\/b>.<\/p>\n<p>&nbsp;<\/p>\n<p>&nbsp;<\/p>\n<p style=\"text-align: justify;\">\u27a1 A l\u2019<strong>ESO<\/strong>, les assignatures estan enfocades des d\u2019un punt de vista <span style=\"color: #ff0000;\"><strong>competencial<\/strong><\/span>, afavorint \u00a0el raonament matem\u00e0tic, la creativitat i el treball cooperatiu. Des del departament de Matem\u00e0tiques promovem, per exemple, el <a href=\"https:\/\/agora.xtec.cat\/insperecalders\/activitats-de-centre\/projecte-leonardodavinci\/\" target=\"_blank\" rel=\"noopener\"><span style=\"text-decoration: underline;\"><span style=\"color: #0000ff; text-decoration: underline;\"><strong>projecte Leonardo da Vinci<\/strong><\/span><\/span><\/a><span style=\"color: #000000;\">.<\/span><\/p>\n<p style=\"text-align: justify;\">\u00a0\u27a1 En aquesta l\u00ednia, la doc\u00e8ncia es complementa amb la metodologia de <strong><span style=\"color: #3366ff;\">l\u2019Aprenentatge Basat en Resoluci\u00f3 de\u00a0<span style=\"caret-color: #3366ff;\">Problemes.<\/span>\u00a0Particicipem en diferents concursos de resoluci\u00f3 de problemes com ara la Copa Cangur, les Proves Cangur, Fem Matem\u00e0tiques.\u00a0<\/span><\/strong>Tamb\u00e9 participem en el <span style=\"color: #0000ff;\"><strong>concurs de fotografia matem\u00e0tica<\/strong><\/span> i el <span style=\"color: #0000ff;\"><strong>concurs de relats Cangur<\/strong><\/span>.<\/p>\n<p style=\"text-align: justify;\">\u00a0\u27a1 Al <strong>batxillerat<\/strong>, les assignatures s\u00f3n d\u2019ampliaci\u00f3 de continguts. Es pret\u00e9n que l\u2019alumne adquireixi els <span style=\"color: #008080;\"><strong>coneixements i les habilitats b\u00e0siques<\/strong><\/span> per a entrar a la Universitat o a CFS. En aquesta etapa algunes alumnes participen tamb\u00e9 a les proves Cangur, el <span style=\"color: #0000ff;\"><strong>concurs Olitele<\/strong><\/span> i l&#8217;<span style=\"color: #0000ff;\"><strong>Olimp\u00edada Matem\u00e0tica.<\/strong><\/span><\/p>\n<p>&nbsp;<\/td>\n<\/tr>\n<tr>\n<td style=\"width: 50%;\"><\/td>\n<td style=\"width: 49.06166219839142%;\"><\/td>\n<\/tr>\n<tr>\n<td style=\"width: 99.06166219839142%; height: 5px; background-color: #dddddd;\" colspan=\"2\"><\/td>\n<\/tr>\n<\/tbody>\n<\/table>\n","protected":false},"excerpt":{"rendered":"<p>\u00a0 \u00a0 \u00a0\u00a0 Professorat curs 2023\/2024 Ram\u00f3n Gonz\u00e1lez\u00a0 N\u00faria Iranzo\u00a0 Miquel Roma\u00a0 Josep Maria Mart\u00ed &nbsp; &nbsp; Les mat\u00e8ries que imparteix el nostre departament s\u00f3n les Matem\u00e0tiques\u00a0de 1r, 2n, 3r i 4rt, les optatives Reptes\u00a0matem\u00e0tics\u00a0a 1r d&#8217;ESO i\u00a0Programaci\u00f3 (iniciaci\u00f3 a scratch\u00a0I Python)\u00a0tamb\u00e9 a 1r d&#8217;ESO. &nbsp; A Batxillerat ofertem les Matem\u00e0tiques aplicades a \u00a0les Ci\u00e8ncies [&hellip;]<\/p>\n","protected":false},"author":4,"featured_media":0,"parent":1379,"menu_order":20,"comment_status":"closed","ping_status":"closed","template":"page-templates\/side-menu.php","meta":{"_bbp_topic_count":0,"_bbp_reply_count":0,"_bbp_total_topic_count":0,"_bbp_total_reply_count":0,"_bbp_voice_count":0,"_bbp_anonymous_reply_count":0,"_bbp_topic_count_hidden":0,"_bbp_reply_count_hidden":0,"_bbp_forum_subforum_count":0,"site-sidebar-layout":"default","site-content-layout":"","ast-site-content-layout":"","site-content-style":"default","site-sidebar-style":"default","ast-global-header-display":"","ast-banner-title-visibility":"","ast-main-header-display":"","ast-hfb-above-header-display":"","ast-hfb-below-header-display":"","ast-hfb-mobile-header-display":"","site-post-title":"","ast-breadcrumbs-content":"","ast-featured-img":"","footer-sml-layout":"","theme-transparent-header-meta":"","adv-header-id-meta":"","stick-header-meta":"","header-above-stick-meta":"","header-main-stick-meta":"","header-below-stick-meta":"","astra-migrate-meta-layouts":"default","ast-page-background-enabled":"default","ast-page-background-meta":{"desktop":{"background-color":"var(--ast-global-color-4)","background-image":"","background-repeat":"repeat","background-position":"center center","background-size":"auto","background-attachment":"scroll","background-type":"","background-media":"","overlay-type":"","overlay-color":"","overlay-opacity":"","overlay-gradient":""},"tablet":{"background-color":"","background-image":"","background-repeat":"repeat","background-position":"center center","background-size":"auto","background-attachment":"scroll","background-type":"","background-media":"","overlay-type":"","overlay-color":"","overlay-opacity":"","overlay-gradient":""},"mobile":{"background-color":"","background-image":"","background-repeat":"repeat","background-position":"center center","background-size":"auto","background-attachment":"scroll","background-type":"","background-media":"","overlay-type":"","overlay-color":"","overlay-opacity":"","overlay-gradient":""}},"ast-content-background-meta":{"desktop":{"background-color":"var(--ast-global-color-5)","background-image":"","background-repeat":"repeat","background-position":"center center","background-size":"auto","background-attachment":"scroll","background-type":"","background-media":"","overlay-type":"","overlay-color":"","overlay-opacity":"","overlay-gradient":""},"tablet":{"background-color":"var(--ast-global-color-5)","background-image":"","background-repeat":"repeat","background-position":"center center","background-size":"auto","background-attachment":"scroll","background-type":"","background-media":"","overlay-type":"","overlay-color":"","overlay-opacity":"","overlay-gradient":""},"mobile":{"background-color":"var(--ast-global-color-5)","background-image":"","background-repeat":"repeat","background-position":"center center","background-size":"auto","background-attachment":"scroll","background-type":"","background-media":"","overlay-type":"","overlay-color":"","overlay-opacity":"","overlay-gradient":""}},"footnotes":""},"class_list":["post-2575","page","type-page","status-publish","hentry"],"post_mailing_queue_ids":[],"_links":{"self":[{"href":"https:\/\/agora.xtec.cat\/insperecalders\/wp-json\/wp\/v2\/pages\/2575","targetHints":{"allow":["GET"]}}],"collection":[{"href":"https:\/\/agora.xtec.cat\/insperecalders\/wp-json\/wp\/v2\/pages"}],"about":[{"href":"https:\/\/agora.xtec.cat\/insperecalders\/wp-json\/wp\/v2\/types\/page"}],"author":[{"embeddable":true,"href":"https:\/\/agora.xtec.cat\/insperecalders\/wp-json\/wp\/v2\/users\/4"}],"replies":[{"embeddable":true,"href":"https:\/\/agora.xtec.cat\/insperecalders\/wp-json\/wp\/v2\/comments?post=2575"}],"version-history":[{"count":6,"href":"https:\/\/agora.xtec.cat\/insperecalders\/wp-json\/wp\/v2\/pages\/2575\/revisions"}],"predecessor-version":[{"id":6294,"href":"https:\/\/agora.xtec.cat\/insperecalders\/wp-json\/wp\/v2\/pages\/2575\/revisions\/6294"}],"up":[{"embeddable":true,"href":"https:\/\/agora.xtec.cat\/insperecalders\/wp-json\/wp\/v2\/pages\/1379"}],"wp:attachment":[{"href":"https:\/\/agora.xtec.cat\/insperecalders\/wp-json\/wp\/v2\/media?parent=2575"}],"curies":[{"name":"wp","href":"https:\/\/api.w.org\/{rel}","templated":true}]}}