{"id":2484,"date":"2020-01-30T11:35:15","date_gmt":"2020-01-30T10:35:15","guid":{"rendered":"http:\/\/agora.xtec.cat\/insperecalders\/?page_id=2484"},"modified":"2023-10-09T15:28:37","modified_gmt":"2023-10-09T13:28:37","slug":"departament-de-matematiques","status":"publish","type":"page","link":"https:\/\/agora.xtec.cat\/insperecalders\/identitat-de-centre\/departaments\/departament-de-matematiques\/","title":{"rendered":"Ci\u00e8ncies Socials"},"content":{"rendered":"<table style=\"border-style: hidden; width: 100%; height: 619px;\">\n<tbody>\n<tr style=\"height: 5px;\">\n<td style=\"width: 1.3280212483399734%; height: 10px; background-color: #99cccc; border-style: hidden;\" colspan=\"4\"><\/td>\n<\/tr>\n<tr style=\"height: 5px;\">\n<td style=\"width: 1.3280212483399734%; height: 5px; background-color: #dddddd; border-style: hidden;\" colspan=\"4\"><\/td>\n<\/tr>\n<tr style=\"height: 604px;\">\n<td style=\"width: 0%; border-style: hidden; vertical-align: top; height: 604px;\" colspan=\"2\">\n<table style=\"height: 82px;\">\n<tbody>\n<tr style=\"height: 15px;\">\n<td style=\"width: 795px; height: 12px; vertical-align: bottom; padding-left: 40px;\">\n<h5><strong>PROFESSORAT CURS 2023 \/ 2024<\/strong><\/h5>\n<\/td>\n<\/tr>\n<tr style=\"height: 70px;\">\n<td style=\"width: 795px; background-color: #eeeeee; height: 70px;\">\n<ul>\n<li style=\"list-style-type: none;\">\n<ul>\n<li style=\"list-style-type: none;\">\n<ul style=\"list-style-type: square;\">\n<li>\n<h5><span style=\"color: #008080;\">Manuela Dom\u00ednguez<\/span><\/h5>\n<\/li>\n<li>\n<h5><span style=\"color: #008080;\">Aurora Trigo\u00a0<\/span><\/h5>\n<\/li>\n<li>\n<h5><span style=\"color: #008080;\">S\u00edlvia L\u00f3pez<\/span><\/h5>\n<\/li>\n<li>\n<h5><span style=\"color: #008080;\">Eduard Vives<\/span><\/h5>\n<\/li>\n<\/ul>\n<\/li>\n<\/ul>\n<\/li>\n<\/ul>\n<\/td>\n<\/tr>\n<\/tbody>\n<\/table>\n<p style=\"text-align: justify;\">El Departament de Ci\u00e8ncies Socials de l&#8217;Institut Pere Calders vol dotar l&#8217;alumnat de les eines necess\u00e0ries per entendre el m\u00f3n i per esdevenir persones capaces d&#8217;intervenir activament i cr\u00edticament en la societat plural, diversa i en canvi. D&#8217;aquesta manera, aborda aquells coneixements que s\u00f3n \u00fatils, en la mesura que permeten la construcci\u00f3 de conceptes i procediments que poden transferir-se a nous contexts per tal d&#8217;interpretar problemes a diferents escales espacials i temporals, aix\u00ed com situar-se en el m\u00f3n i desenvolupar una consci\u00e8ncia ciutadana que els permeti intervenir en un futur en la vida laboral, social, c\u00edvica i pol\u00edtica.<\/p>\n<p>L&#8217;educaci\u00f3 per la pau, la sostenibilitat, la igualtat de g\u00e8nere, el coneixement de l&#8217;entorn, el respecte pel patrimoni i l&#8217;emprenedoria s\u00f3n alguns dels eixos que vehiculen algunes de les activitats i propostes del nostre departament.<\/p>\n<ul style=\"list-style-type: disc;\">\n<li><strong>Participaci\u00f3 al <em>Emprende Challenge<\/em> de &#8220;la Caixa&#8221;.<\/strong><\/li>\n<\/ul>\n<p><img loading=\"lazy\" decoding=\"async\" class=\"wp-image-2566 alignleft\" src=\"https:\/\/agora.xtec.cat\/insperecalders\/wp-content\/uploads\/usu1895\/2020\/02\/6a98e720-b043-4157-88b2-9477a5ca0df0-e1581585167405-1024x606.jpg\" alt=\"\" width=\"367\" height=\"217\" srcset=\"https:\/\/agora.xtec.cat\/insperecalders\/wp-content\/uploads\/usu1895\/2020\/02\/6a98e720-b043-4157-88b2-9477a5ca0df0-e1581585167405-1024x606.jpg 1024w, https:\/\/agora.xtec.cat\/insperecalders\/wp-content\/uploads\/usu1895\/2020\/02\/6a98e720-b043-4157-88b2-9477a5ca0df0-e1581585167405-300x178.jpg 300w, https:\/\/agora.xtec.cat\/insperecalders\/wp-content\/uploads\/usu1895\/2020\/02\/6a98e720-b043-4157-88b2-9477a5ca0df0-e1581585167405-768x455.jpg 768w, https:\/\/agora.xtec.cat\/insperecalders\/wp-content\/uploads\/usu1895\/2020\/02\/6a98e720-b043-4157-88b2-9477a5ca0df0-e1581585167405.jpg 1599w\" sizes=\"auto, (max-width: 367px) 100vw, 367px\" \/><img loading=\"lazy\" decoding=\"async\" class=\"alignnone wp-image-1199\" src=\"https:\/\/agora.xtec.cat\/insperecalders\/wp-content\/uploads\/usu1895\/2019\/10\/IMG-20190508-WA0021-1024x734.jpg\" alt=\"\" width=\"279\" height=\"200\" srcset=\"https:\/\/agora.xtec.cat\/insperecalders\/wp-content\/uploads\/usu1895\/2019\/10\/IMG-20190508-WA0021-1024x734.jpg 1024w, https:\/\/agora.xtec.cat\/insperecalders\/wp-content\/uploads\/usu1895\/2019\/10\/IMG-20190508-WA0021-300x215.jpg 300w, https:\/\/agora.xtec.cat\/insperecalders\/wp-content\/uploads\/usu1895\/2019\/10\/IMG-20190508-WA0021-768x550.jpg 768w, https:\/\/agora.xtec.cat\/insperecalders\/wp-content\/uploads\/usu1895\/2019\/10\/IMG-20190508-WA0021.jpg 1280w\" sizes=\"auto, (max-width: 279px) 100vw, 279px\" \/><\/p>\n<p>&nbsp;<\/p>\n<p>&nbsp;<\/p>\n<ul style=\"list-style-type: disc;\">\n<li><strong>Organitzaci\u00f3 de confer\u00e8ncies i col\u00b7loquis sobre temes d&#8217;actualitat.<\/strong><\/li>\n<\/ul>\n<p>&nbsp;<\/p>\n<p><img loading=\"lazy\" decoding=\"async\" class=\"wp-image-4014 aligncenter\" src=\"https:\/\/agora.xtec.cat\/insperecalders\/wp-content\/uploads\/usu1895\/2021\/04\/4560FB40-BF9A-4243-8394-75D4D1687B34.jpeg\" alt=\"\" width=\"452\" height=\"244\" srcset=\"https:\/\/agora.xtec.cat\/insperecalders\/wp-content\/uploads\/usu1895\/2021\/04\/4560FB40-BF9A-4243-8394-75D4D1687B34.jpeg 969w, https:\/\/agora.xtec.cat\/insperecalders\/wp-content\/uploads\/usu1895\/2021\/04\/4560FB40-BF9A-4243-8394-75D4D1687B34-300x162.jpeg 300w, https:\/\/agora.xtec.cat\/insperecalders\/wp-content\/uploads\/usu1895\/2021\/04\/4560FB40-BF9A-4243-8394-75D4D1687B34-768x414.jpeg 768w\" sizes=\"auto, (max-width: 452px) 100vw, 452px\" \/><\/p>\n<p>&nbsp;<\/p>\n<ul style=\"list-style-type: disc;\">\n<li><strong>Exposici\u00f3 d&#8217;infografies i treballs sobre recerques portades a terme per l&#8217;alumnat.<\/strong><\/li>\n<\/ul>\n<p><img loading=\"lazy\" decoding=\"async\" class=\"alignnone wp-image-3673\" src=\"https:\/\/agora.xtec.cat\/insperecalders\/wp-content\/uploads\/usu1895\/2021\/01\/8196F6C2-ACEC-409D-B84E-729A0893EF29-1024x724.jpeg\" alt=\"\" width=\"393\" height=\"278\" srcset=\"https:\/\/agora.xtec.cat\/insperecalders\/wp-content\/uploads\/usu1895\/2021\/01\/8196F6C2-ACEC-409D-B84E-729A0893EF29.jpeg 1024w, https:\/\/agora.xtec.cat\/insperecalders\/wp-content\/uploads\/usu1895\/2021\/01\/8196F6C2-ACEC-409D-B84E-729A0893EF29-300x212.jpeg 300w, https:\/\/agora.xtec.cat\/insperecalders\/wp-content\/uploads\/usu1895\/2021\/01\/8196F6C2-ACEC-409D-B84E-729A0893EF29-768x543.jpeg 768w\" sizes=\"auto, (max-width: 393px) 100vw, 393px\" \/><\/p>\n<p><img loading=\"lazy\" decoding=\"async\" class=\"wp-image-3678 alignleft\" src=\"https:\/\/agora.xtec.cat\/insperecalders\/wp-content\/uploads\/usu1895\/2021\/01\/90EFEB70-AE50-4C43-93A1-E73ADFA51894-1024x576.jpeg\" alt=\"\" width=\"493\" height=\"277\" srcset=\"https:\/\/agora.xtec.cat\/insperecalders\/wp-content\/uploads\/usu1895\/2021\/01\/90EFEB70-AE50-4C43-93A1-E73ADFA51894-1024x576.jpeg 1024w, https:\/\/agora.xtec.cat\/insperecalders\/wp-content\/uploads\/usu1895\/2021\/01\/90EFEB70-AE50-4C43-93A1-E73ADFA51894-300x169.jpeg 300w, https:\/\/agora.xtec.cat\/insperecalders\/wp-content\/uploads\/usu1895\/2021\/01\/90EFEB70-AE50-4C43-93A1-E73ADFA51894-768x432.jpeg 768w, https:\/\/agora.xtec.cat\/insperecalders\/wp-content\/uploads\/usu1895\/2021\/01\/90EFEB70-AE50-4C43-93A1-E73ADFA51894.jpeg 2048w\" sizes=\"auto, (max-width: 493px) 100vw, 493px\" \/><\/p>\n<p>&nbsp;<\/p>\n<p>&nbsp;<\/p>\n<p>&nbsp;<\/p>\n<p>&nbsp;<\/p>\n<p>&nbsp;<\/p>\n<p>&nbsp;<\/p>\n<p>&nbsp;<\/p>\n<p>&nbsp;<\/p>\n<ul style=\"list-style-type: disc;\">\n<li><strong>Visites i tallers a museus i entitats patrimonials<\/strong><\/li>\n<\/ul>\n<p><img loading=\"lazy\" decoding=\"async\" class=\"wp-image-4027 aligncenter\" src=\"https:\/\/agora.xtec.cat\/insperecalders\/wp-content\/uploads\/usu1895\/2021\/04\/EA96381E-C6A3-418C-8976-2C6F58F87461-1024x768.jpeg\" alt=\"\" width=\"386\" height=\"290\" srcset=\"https:\/\/agora.xtec.cat\/insperecalders\/wp-content\/uploads\/usu1895\/2021\/04\/EA96381E-C6A3-418C-8976-2C6F58F87461.jpeg 1024w, https:\/\/agora.xtec.cat\/insperecalders\/wp-content\/uploads\/usu1895\/2021\/04\/EA96381E-C6A3-418C-8976-2C6F58F87461-300x225.jpeg 300w, https:\/\/agora.xtec.cat\/insperecalders\/wp-content\/uploads\/usu1895\/2021\/04\/EA96381E-C6A3-418C-8976-2C6F58F87461-768x576.jpeg 768w, https:\/\/agora.xtec.cat\/insperecalders\/wp-content\/uploads\/usu1895\/2021\/04\/EA96381E-C6A3-418C-8976-2C6F58F87461-200x150.jpeg 200w\" sizes=\"auto, (max-width: 386px) 100vw, 386px\" \/><\/p>\n<p>&nbsp;<\/p>\n<ul style=\"list-style-type: disc;\">\n<li><strong>Xerrades d&#8217;experts i tallers a l&#8217;aula.<\/strong><\/li>\n<\/ul>\n<p><img loading=\"lazy\" decoding=\"async\" class=\"alignnone wp-image-3609\" src=\"https:\/\/agora.xtec.cat\/insperecalders\/wp-content\/uploads\/usu1895\/2020\/11\/C407BBC0-DD52-4DA1-8F80-F583DFA719A5-1024x768.jpeg\" alt=\"\" width=\"317\" height=\"238\" srcset=\"https:\/\/agora.xtec.cat\/insperecalders\/wp-content\/uploads\/usu1895\/2020\/11\/C407BBC0-DD52-4DA1-8F80-F583DFA719A5.jpeg 1024w, https:\/\/agora.xtec.cat\/insperecalders\/wp-content\/uploads\/usu1895\/2020\/11\/C407BBC0-DD52-4DA1-8F80-F583DFA719A5-300x225.jpeg 300w, https:\/\/agora.xtec.cat\/insperecalders\/wp-content\/uploads\/usu1895\/2020\/11\/C407BBC0-DD52-4DA1-8F80-F583DFA719A5-768x576.jpeg 768w, https:\/\/agora.xtec.cat\/insperecalders\/wp-content\/uploads\/usu1895\/2020\/11\/C407BBC0-DD52-4DA1-8F80-F583DFA719A5-200x150.jpeg 200w\" sizes=\"auto, (max-width: 317px) 100vw, 317px\" \/><img loading=\"lazy\" decoding=\"async\" class=\"wp-image-3616 alignleft\" src=\"https:\/\/agora.xtec.cat\/insperecalders\/wp-content\/uploads\/usu1895\/2020\/11\/9A890168-9EF7-445C-820F-77512BC64635-1024x768.jpeg\" alt=\"\" width=\"324\" height=\"243\" srcset=\"https:\/\/agora.xtec.cat\/insperecalders\/wp-content\/uploads\/usu1895\/2020\/11\/9A890168-9EF7-445C-820F-77512BC64635.jpeg 1024w, https:\/\/agora.xtec.cat\/insperecalders\/wp-content\/uploads\/usu1895\/2020\/11\/9A890168-9EF7-445C-820F-77512BC64635-300x225.jpeg 300w, https:\/\/agora.xtec.cat\/insperecalders\/wp-content\/uploads\/usu1895\/2020\/11\/9A890168-9EF7-445C-820F-77512BC64635-768x576.jpeg 768w, https:\/\/agora.xtec.cat\/insperecalders\/wp-content\/uploads\/usu1895\/2020\/11\/9A890168-9EF7-445C-820F-77512BC64635-200x150.jpeg 200w\" sizes=\"auto, (max-width: 324px) 100vw, 324px\" \/><\/p>\n<h5 style=\"text-align: justify;\"><\/h5>\n<h2><img loading=\"lazy\" decoding=\"async\" class=\"wp-image-4047 aligncenter\" src=\"https:\/\/agora.xtec.cat\/insperecalders\/wp-content\/uploads\/usu1895\/2021\/04\/6788BFFF-4546-4987-8E4A-0BCE5576AB86-1024x768.jpeg\" alt=\"\" width=\"372\" height=\"279\" srcset=\"https:\/\/agora.xtec.cat\/insperecalders\/wp-content\/uploads\/usu1895\/2021\/04\/6788BFFF-4546-4987-8E4A-0BCE5576AB86.jpeg 1024w, https:\/\/agora.xtec.cat\/insperecalders\/wp-content\/uploads\/usu1895\/2021\/04\/6788BFFF-4546-4987-8E4A-0BCE5576AB86-300x225.jpeg 300w, https:\/\/agora.xtec.cat\/insperecalders\/wp-content\/uploads\/usu1895\/2021\/04\/6788BFFF-4546-4987-8E4A-0BCE5576AB86-768x576.jpeg 768w, https:\/\/agora.xtec.cat\/insperecalders\/wp-content\/uploads\/usu1895\/2021\/04\/6788BFFF-4546-4987-8E4A-0BCE5576AB86-200x150.jpeg 200w\" sizes=\"auto, (max-width: 372px) 100vw, 372px\" \/><\/h2>\n<\/td>\n<\/tr>\n<\/tbody>\n<\/table>\n<p>&nbsp;<\/p>\n","protected":false},"excerpt":{"rendered":"<p>PROFESSORAT CURS 2023 \/ 2024 Manuela Dom\u00ednguez Aurora Trigo\u00a0 S\u00edlvia L\u00f3pez Eduard Vives El Departament de Ci\u00e8ncies Socials de l&#8217;Institut Pere Calders vol dotar l&#8217;alumnat de les eines necess\u00e0ries per entendre el m\u00f3n i per esdevenir persones capaces d&#8217;intervenir activament i cr\u00edticament en la societat plural, diversa i en canvi. D&#8217;aquesta manera, aborda aquells coneixements [&hellip;]<\/p>\n","protected":false},"author":4,"featured_media":0,"parent":1379,"menu_order":26,"comment_status":"closed","ping_status":"closed","template":"page-templates\/side-menu.php","meta":{"_bbp_topic_count":0,"_bbp_reply_count":0,"_bbp_total_topic_count":0,"_bbp_total_reply_count":0,"_bbp_voice_count":0,"_bbp_anonymous_reply_count":0,"_bbp_topic_count_hidden":0,"_bbp_reply_count_hidden":0,"_bbp_forum_subforum_count":0,"site-sidebar-layout":"default","site-content-layout":"","ast-site-content-layout":"","site-content-style":"default","site-sidebar-style":"default","ast-global-header-display":"","ast-banner-title-visibility":"","ast-main-header-display":"","ast-hfb-above-header-display":"","ast-hfb-below-header-display":"","ast-hfb-mobile-header-display":"","site-post-title":"","ast-breadcrumbs-content":"","ast-featured-img":"","footer-sml-layout":"","theme-transparent-header-meta":"","adv-header-id-meta":"","stick-header-meta":"","header-above-stick-meta":"","header-main-stick-meta":"","header-below-stick-meta":"","astra-migrate-meta-layouts":"default","ast-page-background-enabled":"default","ast-page-background-meta":{"desktop":{"background-color":"var(--ast-global-color-4)","background-image":"","background-repeat":"repeat","background-position":"center center","background-size":"auto","background-attachment":"scroll","background-type":"","background-media":"","overlay-type":"","overlay-color":"","overlay-opacity":"","overlay-gradient":""},"tablet":{"background-color":"","background-image":"","background-repeat":"repeat","background-position":"center center","background-size":"auto","background-attachment":"scroll","background-type":"","background-media":"","overlay-type":"","overlay-color":"","overlay-opacity":"","overlay-gradient":""},"mobile":{"background-color":"","background-image":"","background-repeat":"repeat","background-position":"center center","background-size":"auto","background-attachment":"scroll","background-type":"","background-media":"","overlay-type":"","overlay-color":"","overlay-opacity":"","overlay-gradient":""}},"ast-content-background-meta":{"desktop":{"background-color":"var(--ast-global-color-5)","background-image":"","background-repeat":"repeat","background-position":"center center","background-size":"auto","background-attachment":"scroll","background-type":"","background-media":"","overlay-type":"","overlay-color":"","overlay-opacity":"","overlay-gradient":""},"tablet":{"background-color":"var(--ast-global-color-5)","background-image":"","background-repeat":"repeat","background-position":"center center","background-size":"auto","background-attachment":"scroll","background-type":"","background-media":"","overlay-type":"","overlay-color":"","overlay-opacity":"","overlay-gradient":""},"mobile":{"background-color":"var(--ast-global-color-5)","background-image":"","background-repeat":"repeat","background-position":"center center","background-size":"auto","background-attachment":"scroll","background-type":"","background-media":"","overlay-type":"","overlay-color":"","overlay-opacity":"","overlay-gradient":""}},"footnotes":""},"class_list":["post-2484","page","type-page","status-publish","hentry"],"post_mailing_queue_ids":[],"_links":{"self":[{"href":"https:\/\/agora.xtec.cat\/insperecalders\/wp-json\/wp\/v2\/pages\/2484","targetHints":{"allow":["GET"]}}],"collection":[{"href":"https:\/\/agora.xtec.cat\/insperecalders\/wp-json\/wp\/v2\/pages"}],"about":[{"href":"https:\/\/agora.xtec.cat\/insperecalders\/wp-json\/wp\/v2\/types\/page"}],"author":[{"embeddable":true,"href":"https:\/\/agora.xtec.cat\/insperecalders\/wp-json\/wp\/v2\/users\/4"}],"replies":[{"embeddable":true,"href":"https:\/\/agora.xtec.cat\/insperecalders\/wp-json\/wp\/v2\/comments?post=2484"}],"version-history":[{"count":4,"href":"https:\/\/agora.xtec.cat\/insperecalders\/wp-json\/wp\/v2\/pages\/2484\/revisions"}],"predecessor-version":[{"id":6297,"href":"https:\/\/agora.xtec.cat\/insperecalders\/wp-json\/wp\/v2\/pages\/2484\/revisions\/6297"}],"up":[{"embeddable":true,"href":"https:\/\/agora.xtec.cat\/insperecalders\/wp-json\/wp\/v2\/pages\/1379"}],"wp:attachment":[{"href":"https:\/\/agora.xtec.cat\/insperecalders\/wp-json\/wp\/v2\/media?parent=2484"}],"curies":[{"name":"wp","href":"https:\/\/api.w.org\/{rel}","templated":true}]}}