{"id":2257,"date":"2019-12-03T12:34:32","date_gmt":"2019-12-03T11:34:32","guid":{"rendered":"http:\/\/agora.xtec.cat\/insperecalders\/?page_id=2257"},"modified":"2023-01-25T18:13:52","modified_gmt":"2023-01-25T17:13:52","slug":"projecte-leonardodavinci","status":"publish","type":"page","link":"https:\/\/agora.xtec.cat\/insperecalders\/identitat-de-centre\/activitats-de-centre\/projecte-leonardodavinci\/","title":{"rendered":"Projecte #leonardodavinci"},"content":{"rendered":"<table style=\"height: 205px; border-style: hidden;\">\n<tbody>\n<tr>\n<td style=\"width: 996px; height: 5px; border-style: hidden; background-color: #99cccc;\" colspan=\"2\"><\/td>\n<\/tr>\n<tr>\n<td style=\"width: 996px; height: 5px; border-style: hidden; background-color: #dddddd;\" colspan=\"2\"><\/td>\n<\/tr>\n<tr>\n<td style=\"width: 996px;\" colspan=\"2\"><a href=\"https:\/\/agora.xtec.cat\/insperecalders\/wp-content\/uploads\/usu1895\/2020\/01\/imatge-home-de-vitruvi.jpg\"><img loading=\"lazy\" decoding=\"async\" class=\"wp-image-2486 alignright\" src=\"https:\/\/agora.xtec.cat\/insperecalders\/wp-content\/uploads\/usu1895\/2020\/01\/imatge-home-de-vitruvi.jpg\" alt=\"\" width=\"457\" height=\"482\" srcset=\"https:\/\/agora.xtec.cat\/insperecalders\/wp-content\/uploads\/usu1895\/2020\/01\/imatge-home-de-vitruvi.jpg 1270w, https:\/\/agora.xtec.cat\/insperecalders\/wp-content\/uploads\/usu1895\/2020\/01\/imatge-home-de-vitruvi-284x300.jpg 284w, https:\/\/agora.xtec.cat\/insperecalders\/wp-content\/uploads\/usu1895\/2020\/01\/imatge-home-de-vitruvi-768x811.jpg 768w, https:\/\/agora.xtec.cat\/insperecalders\/wp-content\/uploads\/usu1895\/2020\/01\/imatge-home-de-vitruvi-970x1024.jpg 970w\" sizes=\"auto, (max-width: 457px) 100vw, 457px\" \/><\/a><\/p>\n<p>&nbsp;<\/p>\n<p style=\"text-align: justify;\">Des del curs 2019-2020, l\u2019Institut Pere Calders porta a terme un <strong>projecte<\/strong> amb <strong>l\u2019escola Bellaterra<\/strong> per tal d\u2019afavorir <span style=\"color: #ff0000;\"><strong>la relaci\u00f3 i coordinaci\u00f3<\/strong><\/span> entre els dos centres i aix\u00ed establir un <span style=\"color: #ff0000;\"><strong>pont<\/strong><\/span> entre els alumnes de sis\u00e8 de prim\u00e0ria i els de primer d\u2019ESO.<\/p>\n<p style=\"text-align: justify;\">En el context del cinqu\u00e8 centenari de La mort de Leonardo da Vinci, vam decidir aprofitar per treballar i aprofundir en el seu coneixement de manera col\u00b7laborativa i iniciar aix\u00ed el projecte Leonardo Da Vinci. Fem una proposta did\u00e0ctica per a tot el curs que fomenti el treball interdisciplinar, la motivaci\u00f3 dels alumnes i la seva relaci\u00f3 amb l\u2019entorn.<\/p>\n<p style=\"text-align: justify;\">Estan implicats els seg\u00fcents \u00e0mbits: matem\u00e0tic (construcci\u00f3 i estudi de les c\u00fapules de Leonardo da Vinci, proporcions en l\u2019home de Vitruvi), tecnol\u00f2gic (iniciaci\u00f3 a l\u2019estudi d\u2019artefactes i aut\u00f2mates de Leonardo da Vinci, programmaci\u00f3 amb Scratch), ling\u00fc\u00edstic (interacci\u00f3 dels alumnes d\u2019ambd\u00f3s centres amb escrits, v\u00eddeos i entrevistes), digital (edici\u00f3 de v\u00eddeos i \u00fas de G-Suite per compartir i crear materials) i social (aproximaci\u00f3 hist\u00f2rica per part dels alumnes a la figura de Leonardo da Vinci).<\/p>\n<\/td>\n<\/tr>\n<tr>\n<td style=\"width: 497px;\" colspan=\"2\"><a href=\"https:\/\/vimeo.com\/388199977\" target=\"_blank\" rel=\"noopener noreferrer\"><img loading=\"lazy\" decoding=\"async\" class=\"wp-image-2536 alignleft\" src=\"https:\/\/agora.xtec.cat\/insperecalders\/wp-content\/uploads\/usu1895\/2020\/02\/imatge-video-web.jpg\" alt=\"\" width=\"516\" height=\"322\" srcset=\"https:\/\/agora.xtec.cat\/insperecalders\/wp-content\/uploads\/usu1895\/2020\/02\/imatge-video-web.jpg 1400w, https:\/\/agora.xtec.cat\/insperecalders\/wp-content\/uploads\/usu1895\/2020\/02\/imatge-video-web-300x187.jpg 300w, https:\/\/agora.xtec.cat\/insperecalders\/wp-content\/uploads\/usu1895\/2020\/02\/imatge-video-web-768x479.jpg 768w, https:\/\/agora.xtec.cat\/insperecalders\/wp-content\/uploads\/usu1895\/2020\/02\/imatge-video-web-1024x639.jpg 1024w\" sizes=\"auto, (max-width: 516px) 100vw, 516px\" \/><\/a><\/p>\n<p style=\"text-align: justify;\">Els alumnes de 1r d&#8217;ESO han realitzat uns v\u00eddeos en grups de quatre alumnes per tal d&#8217;explicar als seus companys de l&#8217; <span style=\"color: #008080;\"><strong>Escola Bellaterra<\/strong><\/span> les coses que han apr\u00e8s sobre Leonardo da Vinci.<\/p>\n<p style=\"text-align: justify;\">Han assistit a un taller interessant\u00edssim sobre<span style=\"background-color: #ffffff; color: #ff0000;\"> <strong>l&#8217;home de Vitruvi<\/strong> <\/span>impartit pel museu de les matem\u00e0tiques<a href=\"http:\/\/www.mmaca.cat\"><span style=\"color: #00ccff;\"><strong> MMACA.<\/strong><\/span><\/a><\/p>\n<p>Si cliqueu la imatge visionareu el primer v\u00eddeo. Els seg\u00fcents enlla\u00e7os us portaran als seg\u00fcents v\u00eddeos.<\/p>\n<p>\u27a1 <a href=\"https:\/\/vimeo.com\/792679116\" target=\"_blank\" rel=\"noopener\"><span style=\"text-decoration: underline;\"><span style=\"color: #0000ff;\"><strong>Tutorial dels alumnes sobre les c\u00fapules de Leonardo Da Vinci<\/strong><\/span><\/span><\/a><\/p>\n<p>\u27a1\u00a0 <a href=\"https:\/\/vimeo.com\/389703302\" target=\"_blank\" rel=\"noopener noreferrer\"><span style=\"color: #008080;\"><strong>Escriptura especular.<\/strong><\/span><\/a><\/p>\n<p>\u27a1\u00a0 \u00a0Us proposem resoldre el seg\u00fcent <a href=\"https:\/\/drive.google.com\/open?id=1rJz4qPgcVOb5vg2NWBOhHU3jKBDlxu58\" target=\"_blank\" rel=\"noopener noreferrer\"><span style=\"color: #ff0000;\"><strong>enigma<\/strong><\/span><\/a> creat pel <a href=\"https:\/\/mmaca.cat\/\" target=\"_blank\" rel=\"noopener noreferrer\"><span style=\"color: #008080;\"><strong>Museu de les Matem\u00e0tiques<\/strong><\/span><\/a> de Cornell\u00e0.<\/td>\n<\/tr>\n<tr>\n<td style=\"width: 497px;\"><\/td>\n<td style=\"width: 497px;\"><\/td>\n<\/tr>\n<tr>\n<td style=\"width: 996px; height: 5px; border-style: hidden; background-color: #dddddd;\" colspan=\"2\"><\/td>\n<\/tr>\n<\/tbody>\n<\/table>\n","protected":false},"excerpt":{"rendered":"<p>&nbsp; Des del curs 2019-2020, l\u2019Institut Pere Calders porta a terme un projecte amb l\u2019escola Bellaterra per tal d\u2019afavorir la relaci\u00f3 i coordinaci\u00f3 entre els dos centres i aix\u00ed establir un pont entre els alumnes de sis\u00e8 de prim\u00e0ria i els de primer d\u2019ESO. En el context del cinqu\u00e8 centenari de La mort de Leonardo [&hellip;]<\/p>\n","protected":false},"author":3,"featured_media":0,"parent":1082,"menu_order":70,"comment_status":"closed","ping_status":"closed","template":"page-templates\/side-menu.php","meta":{"_bbp_topic_count":0,"_bbp_reply_count":0,"_bbp_total_topic_count":0,"_bbp_total_reply_count":0,"_bbp_voice_count":0,"_bbp_anonymous_reply_count":0,"_bbp_topic_count_hidden":0,"_bbp_reply_count_hidden":0,"_bbp_forum_subforum_count":0,"site-sidebar-layout":"default","site-content-layout":"","ast-site-content-layout":"","site-content-style":"default","site-sidebar-style":"default","ast-global-header-display":"","ast-banner-title-visibility":"","ast-main-header-display":"","ast-hfb-above-header-display":"","ast-hfb-below-header-display":"","ast-hfb-mobile-header-display":"","site-post-title":"","ast-breadcrumbs-content":"","ast-featured-img":"","footer-sml-layout":"","theme-transparent-header-meta":"","adv-header-id-meta":"","stick-header-meta":"","header-above-stick-meta":"","header-main-stick-meta":"","header-below-stick-meta":"","astra-migrate-meta-layouts":"default","ast-page-background-enabled":"default","ast-page-background-meta":{"desktop":{"background-color":"var(--ast-global-color-4)","background-image":"","background-repeat":"repeat","background-position":"center center","background-size":"auto","background-attachment":"scroll","background-type":"","background-media":"","overlay-type":"","overlay-color":"","overlay-opacity":"","overlay-gradient":""},"tablet":{"background-color":"","background-image":"","background-repeat":"repeat","background-position":"center center","background-size":"auto","background-attachment":"scroll","background-type":"","background-media":"","overlay-type":"","overlay-color":"","overlay-opacity":"","overlay-gradient":""},"mobile":{"background-color":"","background-image":"","background-repeat":"repeat","background-position":"center center","background-size":"auto","background-attachment":"scroll","background-type":"","background-media":"","overlay-type":"","overlay-color":"","overlay-opacity":"","overlay-gradient":""}},"ast-content-background-meta":{"desktop":{"background-color":"var(--ast-global-color-5)","background-image":"","background-repeat":"repeat","background-position":"center center","background-size":"auto","background-attachment":"scroll","background-type":"","background-media":"","overlay-type":"","overlay-color":"","overlay-opacity":"","overlay-gradient":""},"tablet":{"background-color":"var(--ast-global-color-5)","background-image":"","background-repeat":"repeat","background-position":"center center","background-size":"auto","background-attachment":"scroll","background-type":"","background-media":"","overlay-type":"","overlay-color":"","overlay-opacity":"","overlay-gradient":""},"mobile":{"background-color":"var(--ast-global-color-5)","background-image":"","background-repeat":"repeat","background-position":"center center","background-size":"auto","background-attachment":"scroll","background-type":"","background-media":"","overlay-type":"","overlay-color":"","overlay-opacity":"","overlay-gradient":""}},"footnotes":""},"class_list":["post-2257","page","type-page","status-publish","hentry"],"post_mailing_queue_ids":[],"_links":{"self":[{"href":"https:\/\/agora.xtec.cat\/insperecalders\/wp-json\/wp\/v2\/pages\/2257","targetHints":{"allow":["GET"]}}],"collection":[{"href":"https:\/\/agora.xtec.cat\/insperecalders\/wp-json\/wp\/v2\/pages"}],"about":[{"href":"https:\/\/agora.xtec.cat\/insperecalders\/wp-json\/wp\/v2\/types\/page"}],"author":[{"embeddable":true,"href":"https:\/\/agora.xtec.cat\/insperecalders\/wp-json\/wp\/v2\/users\/3"}],"replies":[{"embeddable":true,"href":"https:\/\/agora.xtec.cat\/insperecalders\/wp-json\/wp\/v2\/comments?post=2257"}],"version-history":[{"count":4,"href":"https:\/\/agora.xtec.cat\/insperecalders\/wp-json\/wp\/v2\/pages\/2257\/revisions"}],"predecessor-version":[{"id":5803,"href":"https:\/\/agora.xtec.cat\/insperecalders\/wp-json\/wp\/v2\/pages\/2257\/revisions\/5803"}],"up":[{"embeddable":true,"href":"https:\/\/agora.xtec.cat\/insperecalders\/wp-json\/wp\/v2\/pages\/1082"}],"wp:attachment":[{"href":"https:\/\/agora.xtec.cat\/insperecalders\/wp-json\/wp\/v2\/media?parent=2257"}],"curies":[{"name":"wp","href":"https:\/\/api.w.org\/{rel}","templated":true}]}}