{"id":21,"date":"2014-09-17T16:14:14","date_gmt":"2014-09-17T16:14:14","guid":{"rendered":"http:\/\/agora.xtec.cat\/insperecalders\/?page_id=21"},"modified":"2023-03-29T12:36:22","modified_gmt":"2023-03-29T10:36:22","slug":"on-som","status":"publish","type":"page","link":"https:\/\/agora.xtec.cat\/insperecalders\/identitat-de-centre\/linstitut\/on-som\/","title":{"rendered":"On som"},"content":{"rendered":"<table style=\"height: 20px; border-style: hidden;\">\n<tbody>\n<tr style=\"border-style: hidden; height: 5px;\">\n<td style=\"height: 5px; border-style: hidden; background-color: #99cccc; width: 996px;\"><\/td>\n<\/tr>\n<tr style=\"border-style: hidden; height: 5px;\">\n<td style=\"height: 5px; background-color: #dddddd; border-style: hidden; width: 996px;\"><\/td>\n<\/tr>\n<tr style=\"height: 31px;\">\n<td style=\"background-color: #fcfcfc; border-style: hidden; height: 10px; width: 996px;\">\n<p style=\"text-align: justify;\">L&#8217;Institut Pere Calders est\u00e0 ubicat al municipi de Cerdanyola del Vall\u00e8s, dins del campus universitari de la Universitat Aut\u00f2noma de Barcelona.<\/p>\n<p><a href=\"https:\/\/agora.xtec.cat\/insperecalders\/wp-content\/uploads\/usu1895\/2019\/09\/Banner1.jpg\"><img loading=\"lazy\" decoding=\"async\" class=\"alignnone size-full wp-image-537\" src=\"https:\/\/agora.xtec.cat\/insperecalders\/wp-content\/uploads\/usu1895\/2019\/09\/Banner1.jpg\" alt=\"\" width=\"1000\" height=\"220\" srcset=\"https:\/\/agora.xtec.cat\/insperecalders\/wp-content\/uploads\/usu1895\/2019\/09\/Banner1.jpg 1000w, https:\/\/agora.xtec.cat\/insperecalders\/wp-content\/uploads\/usu1895\/2019\/09\/Banner1-300x66.jpg 300w, https:\/\/agora.xtec.cat\/insperecalders\/wp-content\/uploads\/usu1895\/2019\/09\/Banner1-768x169.jpg 768w\" sizes=\"auto, (max-width: 1000px) 100vw, 1000px\" \/><\/a><\/td>\n<\/tr>\n<\/tbody>\n<\/table>\n<table style=\"width: x; border-color: #fafafa; background-color: #eeeeee; border-style: hidden;\">\n<tbody>\n<tr>\n<td style=\"height: 5px; border-style: solid; background-color: #b4c8cc; width: 996px; border-color: #a5acb0; text-align: right;\" colspan=\"2\">\n<h3><span style=\"color: #ffffff;\"><strong>Com hi podeu arribar?<\/strong><\/span><\/h3>\n<\/td>\n<\/tr>\n<tr style=\"height: 209px; border-color: #ffffff;\">\n<td style=\"width: 418.417px; height: 209px; background-color: #dce0e0; border-style: solid;\">\n<h4 style=\"text-align: center;\"><strong>Institut Pere Calders \u00a0\u00a0 \u27a1 <a id=\"tar-mapa\" href=\"https:\/\/goo.gl\/maps\/Ntz3QKtbno22\" target=\"_blank\" rel=\"noopener noreferrer\">Mapa<\/a><br \/>\n<\/strong><\/h4>\n<p style=\"text-align: center;\">Campus UAB C\/ De l&#8217;Escoleta s\/n<\/p>\n<p style=\"text-align: center;\">08193 Cerdanyola del Vall\u00e8s<\/p>\n<p>&nbsp;<\/p>\n<p style=\"text-align: center;\"><strong>Tel: 93 580 14 77<\/strong><strong><br \/>\n<\/strong><\/p>\n<h5 style=\"text-align: center;\">\u27a1\u00a0\u00a0 <span id=\"cloakb46e731295214012d850e376517913c9\">Correu\u00a0\u00a0\u00a0 <strong>a8043504@xtec.cat<\/strong><br \/>\n<\/span><\/h5>\n<\/td>\n<td style=\"width: 575.583px; background-color: #ffffff; border-color: #afb5ba; border-style: solid; vertical-align: top;\">\n<h3><span style=\"color: #5f919e;\"><strong>Per carretera&#8230;<\/strong><\/span><\/h3>\n<ul>\n<li style=\"list-style-type: none;\">\n<ul style=\"list-style-type: square;\">\n<li><span style=\"color: #557e82;\"><strong>C 58<\/strong><\/span> Autopista del Vall\u00e8s, sortida Bellaterra.<\/li>\n<li><strong><span style=\"color: #557e82;\">AP7<\/span><\/strong>\u00a0 Lateral (B30), sortida Cerdanyola UAB.<\/li>\n<\/ul>\n<\/li>\n<\/ul>\n<h3><span style=\"color: #5f919e;\"><strong>Per tren&#8230;<\/strong><\/span><\/h3>\n<ul>\n<li style=\"list-style-type: none;\">\n<ul style=\"list-style-type: square;\">\n<li><span style=\"color: #557e82;\"><strong>RENFE:<\/strong><\/span> Cerdanyola \/ UAB\u00a0\u00a0 o\u00a0\u00a0 <span style=\"color: #557e82;\"><strong>FGC: <\/strong><\/span>Universitat Aut\u00f2noma de Barcelona.<\/li>\n<\/ul>\n<\/li>\n<\/ul>\n<h3><span style=\"color: #5f919e;\"><strong>Per autob\u00fas&#8230;<\/strong><\/span><\/h3>\n<ul>\n<li style=\"list-style-type: none;\">\n<ul style=\"list-style-type: square;\">\n<li>Des de Barcelona (Fabra i Puig) o Cerdanyola, l\u00ednia 3 de Sarbus (tercera parada).<\/li>\n<\/ul>\n<\/li>\n<\/ul>\n<\/td>\n<\/tr>\n<tr>\n<td style=\"width: 418.417px; background-color: #fcfcfc; height: 5px;\" colspan=\"2\"><\/td>\n<\/tr>\n<tr>\n<td style=\"background-color: #dce0e0; height: 5px;\" colspan=\"2\"><\/td>\n<\/tr>\n<\/tbody>\n<\/table>\n<h3><\/h3>\n<p>&nbsp;<\/p>\n","protected":false},"excerpt":{"rendered":"<p>L&#8217;Institut Pere Calders est\u00e0 ubicat al municipi de Cerdanyola del Vall\u00e8s, dins del campus universitari de la Universitat Aut\u00f2noma de Barcelona. Com hi podeu arribar? Institut Pere Calders \u00a0\u00a0 \u27a1 Mapa Campus UAB C\/ De l&#8217;Escoleta s\/n 08193 Cerdanyola del Vall\u00e8s &nbsp; Tel: 93 580 14 77 \u27a1\u00a0\u00a0 Correu\u00a0\u00a0\u00a0 a8043504@xtec.cat Per carretera&#8230; C 58 Autopista [&hellip;]<\/p>\n","protected":false},"author":1,"featured_media":0,"parent":19,"menu_order":10,"comment_status":"closed","ping_status":"closed","template":"page-templates\/side-menu.php","meta":{"_bbp_topic_count":0,"_bbp_reply_count":0,"_bbp_total_topic_count":0,"_bbp_total_reply_count":0,"_bbp_voice_count":0,"_bbp_anonymous_reply_count":0,"_bbp_topic_count_hidden":0,"_bbp_reply_count_hidden":0,"_bbp_forum_subforum_count":0,"site-sidebar-layout":"default","site-content-layout":"","ast-site-content-layout":"","site-content-style":"default","site-sidebar-style":"default","ast-global-header-display":"","ast-banner-title-visibility":"","ast-main-header-display":"","ast-hfb-above-header-display":"","ast-hfb-below-header-display":"","ast-hfb-mobile-header-display":"","site-post-title":"","ast-breadcrumbs-content":"","ast-featured-img":"","footer-sml-layout":"","theme-transparent-header-meta":"","adv-header-id-meta":"","stick-header-meta":"","header-above-stick-meta":"","header-main-stick-meta":"","header-below-stick-meta":"","astra-migrate-meta-layouts":"default","ast-page-background-enabled":"default","ast-page-background-meta":{"desktop":{"background-color":"var(--ast-global-color-4)","background-image":"","background-repeat":"repeat","background-position":"center center","background-size":"auto","background-attachment":"scroll","background-type":"","background-media":"","overlay-type":"","overlay-color":"","overlay-opacity":"","overlay-gradient":""},"tablet":{"background-color":"","background-image":"","background-repeat":"repeat","background-position":"center center","background-size":"auto","background-attachment":"scroll","background-type":"","background-media":"","overlay-type":"","overlay-color":"","overlay-opacity":"","overlay-gradient":""},"mobile":{"background-color":"","background-image":"","background-repeat":"repeat","background-position":"center center","background-size":"auto","background-attachment":"scroll","background-type":"","background-media":"","overlay-type":"","overlay-color":"","overlay-opacity":"","overlay-gradient":""}},"ast-content-background-meta":{"desktop":{"background-color":"var(--ast-global-color-5)","background-image":"","background-repeat":"repeat","background-position":"center center","background-size":"auto","background-attachment":"scroll","background-type":"","background-media":"","overlay-type":"","overlay-color":"","overlay-opacity":"","overlay-gradient":""},"tablet":{"background-color":"var(--ast-global-color-5)","background-image":"","background-repeat":"repeat","background-position":"center center","background-size":"auto","background-attachment":"scroll","background-type":"","background-media":"","overlay-type":"","overlay-color":"","overlay-opacity":"","overlay-gradient":""},"mobile":{"background-color":"var(--ast-global-color-5)","background-image":"","background-repeat":"repeat","background-position":"center center","background-size":"auto","background-attachment":"scroll","background-type":"","background-media":"","overlay-type":"","overlay-color":"","overlay-opacity":"","overlay-gradient":""}},"footnotes":""},"class_list":["post-21","page","type-page","status-publish","hentry"],"post_mailing_queue_ids":[],"_links":{"self":[{"href":"https:\/\/agora.xtec.cat\/insperecalders\/wp-json\/wp\/v2\/pages\/21","targetHints":{"allow":["GET"]}}],"collection":[{"href":"https:\/\/agora.xtec.cat\/insperecalders\/wp-json\/wp\/v2\/pages"}],"about":[{"href":"https:\/\/agora.xtec.cat\/insperecalders\/wp-json\/wp\/v2\/types\/page"}],"author":[{"embeddable":true,"href":"https:\/\/agora.xtec.cat\/insperecalders\/wp-json\/wp\/v2\/users\/1"}],"replies":[{"embeddable":true,"href":"https:\/\/agora.xtec.cat\/insperecalders\/wp-json\/wp\/v2\/comments?post=21"}],"version-history":[{"count":4,"href":"https:\/\/agora.xtec.cat\/insperecalders\/wp-json\/wp\/v2\/pages\/21\/revisions"}],"predecessor-version":[{"id":5995,"href":"https:\/\/agora.xtec.cat\/insperecalders\/wp-json\/wp\/v2\/pages\/21\/revisions\/5995"}],"up":[{"embeddable":true,"href":"https:\/\/agora.xtec.cat\/insperecalders\/wp-json\/wp\/v2\/pages\/19"}],"wp:attachment":[{"href":"https:\/\/agora.xtec.cat\/insperecalders\/wp-json\/wp\/v2\/media?parent=21"}],"curies":[{"name":"wp","href":"https:\/\/api.w.org\/{rel}","templated":true}]}}