{"id":1653,"date":"2019-10-24T12:41:53","date_gmt":"2019-10-24T10:41:53","guid":{"rendered":"http:\/\/agora.xtec.cat\/insperecalders\/?page_id=1653"},"modified":"2026-03-23T16:24:43","modified_gmt":"2026-03-23T15:24:43","slug":"faltes-dassistencia","status":"publish","type":"page","link":"https:\/\/agora.xtec.cat\/insperecalders\/recepcio\/faltes-dassistencia\/","title":{"rendered":"Faltes d&#8217;assist\u00e8ncia"},"content":{"rendered":"<p>L&#8217;assist\u00e8ncia a classe \u00e9s <strong>obligat\u00f2ria<\/strong> per a tothom i s&#8217;exigeix la m\u00e0xima <strong>puntualitat<\/strong>. Les faltes <strong>no justificades<\/strong> i els <strong>retards no justificats<\/strong> seran degudament registrats a la plataforma iEduca i, segons queda recollit a les NOFC, poden arribar a comportar avisos i sancions per part de la <strong>Comissi\u00f3 de conviv\u00e8ncia<\/strong> o la intervenci\u00f3 de la\u00a0<strong>Comissi\u00f3 d&#8217;Atenci\u00f3 a l&#8217;Educaci\u00f3 Inclusiva (CAEI)<\/strong>. En \u00faltima inst\u00e0ncia, a l&#8217;educaci\u00f3 post-obligat\u00f2ria les faltes d&#8217;assist\u00e8ncia continuades poden arribar a suposar la p\u00e8rdua del dret a l&#8217;avaluaci\u00f3 cont\u00ednua.<\/p>\n<p>Per aquesta ra\u00f3, \u00e9s important que les fam\u00edlies\u00a0<strong>justifiquin<\/strong> les faltes d&#8217;assist\u00e8ncia\u00a0<strong>a trav\u00e9s de la plataforma iEduca<\/strong>. Per fer-ho, cal <a href=\"https:\/\/www.youtube.com\/watch?v=uXd3RJxJ8m8\"><strong>enviar\u00a0un missatge a trav\u00e9s de la plataforma<\/strong><\/a> a l&#8217;<strong>usuari RECEPCI\u00d3<\/strong> i a la <strong>persona tutora<\/strong> de l&#8217;alumne\/a. Es demana que aquesta justificaci\u00f3 es faci pr\u00e8viament a la falta (si \u00e9s quelcom que est\u00e0 previst) o, en cas d&#8217;imprevistos, en un termini m\u00e0xim de tres dies.<\/p>\n<p>Aquestes instruccions s\u00f3n v\u00e0lides tant per l&#8217;ESO com pel Batxillerat.<\/p>\n<p>&nbsp;<\/p>\n<p><span style=\"color: #2b8b8c;\"><strong>Justificaci\u00f3 de faltes al Batxillerat en cas d&#8217;ex\u00e0mens o activitats avaluables<\/strong><\/span><\/p>\n<p><span style=\"color: #000000;\">En el cas del Batxillerat, al tractar-se d&#8217;estudis post-obligatoris, \u00e9s necessari que l&#8217;alumnat o la fam\u00edlia aportin un\u00a0<strong>justificant oficial<\/strong> si la falta d&#8217;assist\u00e8ncia coincideix amb un\u00a0<strong>examen o qualsevol altra activitat avaluable<\/strong> (pr\u00e0ctica de laboratori, presentaci\u00f3 oral, expressi\u00f3 escrita, etc.). Es consideren justificants oficials els informes d&#8217;atenci\u00f3 m\u00e8dica, els certificats d&#8217;assist\u00e8ncia a ex\u00e0mens oficials (carnet de conduir, escoles d&#8217;idiomes, etc.), els certificats d&#8217;assist\u00e8ncia a tr\u00e0mits administratius (renovaci\u00f3 de DNI i passaport, signatures notarials, etc.), o qualsevol altre certificat o justificant expedit per una\u00a0<strong>entitat oficial<\/strong>.<\/span><\/p>\n<p>Si es presenta aquest justificant oficial en el moment de justificar la falta o en un m\u00e0xim de tres dies despr\u00e9s de la falta, l&#8217;alumne\/a tindr\u00e0 dret a que l&#8217;examen o activitat avaluable se li faci un altre dia. En cas contrari, l&#8217;alumne\/a constar\u00e0 com a\u00a0<strong>no presentat<\/strong> a aquell examen o activitat i haur\u00e0 de fer servir els mecanismes previstos per cada mat\u00e8ria per poder recuperar-la.<\/p>\n<p>\u2708\ufe0f En aquest sentit, cal recordar que els viatges i les activitats familiars <strong>no es consideren falta justificable oficialment<\/strong> de cara a ex\u00e0mens i activitats avaluables: tot i que la no assist\u00e8ncia de l&#8217;alumnat a classe en aquests casos quedar\u00e0 justificada (ja que la fam\u00edlia comunica estar assebentada de que l&#8217;alumne\/a no assistir\u00e0 a classe), l&#8217;alumne\/a no tindr\u00e0 dret a que l&#8217;examen o activitat avaluable se li faci un altre dia, ja que no hi ha un justificant oficial. Per tant, l&#8217;alumne\/a constar\u00e0 com a\u00a0<strong>no presentat<\/strong> a aquell examen o activitat i haur\u00e0 de fer servir els mecanismes previstos per cada mat\u00e8ria per poder recuperar-la.<\/p>\n<p>\ud83c\udfc0 En el cas de l&#8217;alumnat que presenta una\u00a0<strong>elevada dedicaci\u00f3 hor\u00e0ria setmanal a activitats esportives<\/strong> per\u00f2 que no pot convalidar mat\u00e8ries perqu\u00e8 no forma part del programa ARC, caldr\u00e0 que la fam\u00edlia <strong>aporti a Secretaria<\/strong>, en el moment de fer la matr\u00edcula o a principi de curs, <strong>un\u00a0certificat del club esportiu o federaci\u00f3<\/strong> corresponent conforme l&#8217;alumne\/a participa en competicions oficials que poden impedir la seva assist\u00e8ncia a classe i, per tant, la realitzaci\u00f3 d&#8217;ex\u00e0mens o activitats avaluables. Aquest certificat s&#8217;adjuntar\u00e0 a l&#8217;expedient acad\u00e8mic de l&#8217;alumne\/a de manera que, si falta a classe per assist\u00e8ncia a una competici\u00f3, la falta es considerar\u00e0\u00a0<strong>oficialment justificada<\/strong> sempre que <strong>la fam\u00edlia avisi, mitjan\u00e7ant iEduca, dels dies<\/strong> que l&#8217;alumne\/a faltar\u00e0 a classe <strong>i de que el motiu ser\u00e0 l&#8217;assist\u00e8ncia a una competici\u00f3 esportiva<\/strong>.<\/p>\n","protected":false},"excerpt":{"rendered":"<p>L&#8217;assist\u00e8ncia a classe \u00e9s obligat\u00f2ria per a tothom i s&#8217;exigeix la m\u00e0xima puntualitat. Les faltes no justificades i els retards no justificats seran degudament registrats a la plataforma iEduca i, segons queda recollit a les NOFC, poden arribar a comportar avisos i sancions per part de la Comissi\u00f3 de conviv\u00e8ncia o la intervenci\u00f3 de la\u00a0Comissi\u00f3 [&hellip;]<\/p>\n","protected":false},"author":1,"featured_media":0,"parent":1649,"menu_order":55,"comment_status":"closed","ping_status":"closed","template":"","meta":{"_bbp_topic_count":0,"_bbp_reply_count":0,"_bbp_total_topic_count":0,"_bbp_total_reply_count":0,"_bbp_voice_count":0,"_bbp_anonymous_reply_count":0,"_bbp_topic_count_hidden":0,"_bbp_reply_count_hidden":0,"_bbp_forum_subforum_count":0,"site-sidebar-layout":"default","site-content-layout":"","ast-site-content-layout":"default","site-content-style":"default","site-sidebar-style":"default","ast-global-header-display":"","ast-banner-title-visibility":"","ast-main-header-display":"","ast-hfb-above-header-display":"","ast-hfb-below-header-display":"","ast-hfb-mobile-header-display":"","site-post-title":"","ast-breadcrumbs-content":"","ast-featured-img":"","footer-sml-layout":"","theme-transparent-header-meta":"default","adv-header-id-meta":"","stick-header-meta":"","header-above-stick-meta":"","header-main-stick-meta":"","header-below-stick-meta":"","astra-migrate-meta-layouts":"set","ast-page-background-enabled":"default","ast-page-background-meta":{"desktop":{"background-color":"var(--ast-global-color-4)","background-image":"","background-repeat":"repeat","background-position":"center center","background-size":"auto","background-attachment":"scroll","background-type":"","background-media":"","overlay-type":"","overlay-color":"","overlay-opacity":"","overlay-gradient":""},"tablet":{"background-color":"","background-image":"","background-repeat":"repeat","background-position":"center center","background-size":"auto","background-attachment":"scroll","background-type":"","background-media":"","overlay-type":"","overlay-color":"","overlay-opacity":"","overlay-gradient":""},"mobile":{"background-color":"","background-image":"","background-repeat":"repeat","background-position":"center center","background-size":"auto","background-attachment":"scroll","background-type":"","background-media":"","overlay-type":"","overlay-color":"","overlay-opacity":"","overlay-gradient":""}},"ast-content-background-meta":{"desktop":{"background-color":"var(--ast-global-color-5)","background-image":"","background-repeat":"repeat","background-position":"center center","background-size":"auto","background-attachment":"scroll","background-type":"","background-media":"","overlay-type":"","overlay-color":"","overlay-opacity":"","overlay-gradient":""},"tablet":{"background-color":"var(--ast-global-color-5)","background-image":"","background-repeat":"repeat","background-position":"center center","background-size":"auto","background-attachment":"scroll","background-type":"","background-media":"","overlay-type":"","overlay-color":"","overlay-opacity":"","overlay-gradient":""},"mobile":{"background-color":"var(--ast-global-color-5)","background-image":"","background-repeat":"repeat","background-position":"center center","background-size":"auto","background-attachment":"scroll","background-type":"","background-media":"","overlay-type":"","overlay-color":"","overlay-opacity":"","overlay-gradient":""}},"footnotes":""},"class_list":["post-1653","page","type-page","status-publish","hentry"],"post_mailing_queue_ids":[],"_links":{"self":[{"href":"https:\/\/agora.xtec.cat\/insperecalders\/wp-json\/wp\/v2\/pages\/1653","targetHints":{"allow":["GET"]}}],"collection":[{"href":"https:\/\/agora.xtec.cat\/insperecalders\/wp-json\/wp\/v2\/pages"}],"about":[{"href":"https:\/\/agora.xtec.cat\/insperecalders\/wp-json\/wp\/v2\/types\/page"}],"author":[{"embeddable":true,"href":"https:\/\/agora.xtec.cat\/insperecalders\/wp-json\/wp\/v2\/users\/1"}],"replies":[{"embeddable":true,"href":"https:\/\/agora.xtec.cat\/insperecalders\/wp-json\/wp\/v2\/comments?post=1653"}],"version-history":[{"count":8,"href":"https:\/\/agora.xtec.cat\/insperecalders\/wp-json\/wp\/v2\/pages\/1653\/revisions"}],"predecessor-version":[{"id":7492,"href":"https:\/\/agora.xtec.cat\/insperecalders\/wp-json\/wp\/v2\/pages\/1653\/revisions\/7492"}],"up":[{"embeddable":true,"href":"https:\/\/agora.xtec.cat\/insperecalders\/wp-json\/wp\/v2\/pages\/1649"}],"wp:attachment":[{"href":"https:\/\/agora.xtec.cat\/insperecalders\/wp-json\/wp\/v2\/media?parent=1653"}],"curies":[{"name":"wp","href":"https:\/\/api.w.org\/{rel}","templated":true}]}}