{"id":1649,"date":"2019-10-24T12:23:57","date_gmt":"2019-10-24T10:23:57","guid":{"rendered":"http:\/\/agora.xtec.cat\/insperecalders\/?page_id=1649"},"modified":"2026-03-23T16:00:01","modified_gmt":"2026-03-23T15:00:01","slug":"recepcio","status":"publish","type":"page","link":"https:\/\/agora.xtec.cat\/insperecalders\/recepcio\/","title":{"rendered":"Recepci\u00f3"},"content":{"rendered":"<p><span style=\"color: #2b8b8c;\"><strong>Horari de recepci\u00f3<\/strong><\/span><\/p>\n<p><strong>Atenci\u00f3 al p\u00fablic:<\/strong> de dilluns a divendres, de 8:00h a 15:00h.<\/p>\n<p><strong>Recepci\u00f3 de mercaderies:<\/strong> de dilluns a divendres, de 9:00h a 14:00h<\/p>\n<p>&nbsp;<\/p>\n<p><span style=\"color: #2b8b8c;\"><strong>Gestions<\/strong><\/span><\/p>\n<p>\u27a1 \u00a0\u00a0 <a href=\"http:\/\/agora.xtec.cat\/insperecalders\/linstitut\/faltes-dassistencia\/\" target=\"_blank\" rel=\"noopener noreferrer\">Faltes d&#8217;assist\u00e8ncia<\/a><\/p>\n<p>\u27a1 \u00a0\u00a0 <a href=\"http:\/\/agora.xtec.cat\/insperecalders\/serveis\/informacio-taquilles\/\" target=\"_blank\" rel=\"noopener noreferrer\">Lloguer d&#8217;armariets<\/a><\/p>\n<p>\u27a1 \u00a0 \u00a0<a href=\"http:\/\/agora.xtec.cat\/insperecalders\/serveis\/aparcament-motos-bicicletes\/\" target=\"_blank\" rel=\"noopener noreferrer\">Aparcament de motos, bicicletes i patinets<\/a><\/p>\n","protected":false},"excerpt":{"rendered":"<p>Horari de recepci\u00f3 Atenci\u00f3 al p\u00fablic: de dilluns a divendres, de 8:00h a 15:00h. Recepci\u00f3 de mercaderies: de dilluns a divendres, de 9:00h a 14:00h &nbsp; Gestions \u27a1 \u00a0\u00a0 Faltes d&#8217;assist\u00e8ncia \u27a1 \u00a0\u00a0 Lloguer d&#8217;armariets \u27a1 \u00a0 \u00a0Aparcament de motos, bicicletes i patinets<\/p>\n","protected":false},"author":1,"featured_media":0,"parent":0,"menu_order":0,"comment_status":"closed","ping_status":"closed","template":"","meta":{"_bbp_topic_count":0,"_bbp_reply_count":0,"_bbp_total_topic_count":0,"_bbp_total_reply_count":0,"_bbp_voice_count":0,"_bbp_anonymous_reply_count":0,"_bbp_topic_count_hidden":0,"_bbp_reply_count_hidden":0,"_bbp_forum_subforum_count":0,"site-sidebar-layout":"default","site-content-layout":"","ast-site-content-layout":"default","site-content-style":"default","site-sidebar-style":"default","ast-global-header-display":"","ast-banner-title-visibility":"","ast-main-header-display":"","ast-hfb-above-header-display":"","ast-hfb-below-header-display":"","ast-hfb-mobile-header-display":"","site-post-title":"","ast-breadcrumbs-content":"","ast-featured-img":"","footer-sml-layout":"","theme-transparent-header-meta":"default","adv-header-id-meta":"","stick-header-meta":"","header-above-stick-meta":"","header-main-stick-meta":"","header-below-stick-meta":"","astra-migrate-meta-layouts":"set","ast-page-background-enabled":"default","ast-page-background-meta":{"desktop":{"background-color":"var(--ast-global-color-4)","background-image":"","background-repeat":"repeat","background-position":"center center","background-size":"auto","background-attachment":"scroll","background-type":"","background-media":"","overlay-type":"","overlay-color":"","overlay-opacity":"","overlay-gradient":""},"tablet":{"background-color":"","background-image":"","background-repeat":"repeat","background-position":"center center","background-size":"auto","background-attachment":"scroll","background-type":"","background-media":"","overlay-type":"","overlay-color":"","overlay-opacity":"","overlay-gradient":""},"mobile":{"background-color":"","background-image":"","background-repeat":"repeat","background-position":"center center","background-size":"auto","background-attachment":"scroll","background-type":"","background-media":"","overlay-type":"","overlay-color":"","overlay-opacity":"","overlay-gradient":""}},"ast-content-background-meta":{"desktop":{"background-color":"var(--ast-global-color-5)","background-image":"","background-repeat":"repeat","background-position":"center center","background-size":"auto","background-attachment":"scroll","background-type":"","background-media":"","overlay-type":"","overlay-color":"","overlay-opacity":"","overlay-gradient":""},"tablet":{"background-color":"var(--ast-global-color-5)","background-image":"","background-repeat":"repeat","background-position":"center center","background-size":"auto","background-attachment":"scroll","background-type":"","background-media":"","overlay-type":"","overlay-color":"","overlay-opacity":"","overlay-gradient":""},"mobile":{"background-color":"var(--ast-global-color-5)","background-image":"","background-repeat":"repeat","background-position":"center center","background-size":"auto","background-attachment":"scroll","background-type":"","background-media":"","overlay-type":"","overlay-color":"","overlay-opacity":"","overlay-gradient":""}},"footnotes":""},"class_list":["post-1649","page","type-page","status-publish","hentry"],"post_mailing_queue_ids":[],"_links":{"self":[{"href":"https:\/\/agora.xtec.cat\/insperecalders\/wp-json\/wp\/v2\/pages\/1649","targetHints":{"allow":["GET"]}}],"collection":[{"href":"https:\/\/agora.xtec.cat\/insperecalders\/wp-json\/wp\/v2\/pages"}],"about":[{"href":"https:\/\/agora.xtec.cat\/insperecalders\/wp-json\/wp\/v2\/types\/page"}],"author":[{"embeddable":true,"href":"https:\/\/agora.xtec.cat\/insperecalders\/wp-json\/wp\/v2\/users\/1"}],"replies":[{"embeddable":true,"href":"https:\/\/agora.xtec.cat\/insperecalders\/wp-json\/wp\/v2\/comments?post=1649"}],"version-history":[{"count":6,"href":"https:\/\/agora.xtec.cat\/insperecalders\/wp-json\/wp\/v2\/pages\/1649\/revisions"}],"predecessor-version":[{"id":7491,"href":"https:\/\/agora.xtec.cat\/insperecalders\/wp-json\/wp\/v2\/pages\/1649\/revisions\/7491"}],"wp:attachment":[{"href":"https:\/\/agora.xtec.cat\/insperecalders\/wp-json\/wp\/v2\/media?parent=1649"}],"curies":[{"name":"wp","href":"https:\/\/api.w.org\/{rel}","templated":true}]}}