{"id":1500,"date":"2019-10-23T10:25:29","date_gmt":"2019-10-23T08:25:29","guid":{"rendered":"http:\/\/agora.xtec.cat\/insperecalders\/?page_id=1500"},"modified":"2019-10-28T20:28:11","modified_gmt":"2019-10-28T19:28:11","slug":"projecte-de-suport-a-laudicio-i-el-llenguatge","status":"publish","type":"page","link":"https:\/\/agora.xtec.cat\/insperecalders\/identitat-de-centre\/linstitut\/projecte-de-suport-a-laudicio-i-el-llenguatge\/","title":{"rendered":"Projecte de suport a l\u2019audici\u00f3 i el llenguatge"},"content":{"rendered":"<table style=\"height: 361px; width: x; border-style: hidden;\" width=\"x\">\n<tbody>\n<tr style=\"height: 5px;\">\n<td style=\"width: 996px; height: 5px; background-color: #99cccc; border-style: hidden;\" colspan=\"4\"><\/td>\n<\/tr>\n<tr style=\"height: 5px;\">\n<td style=\"width: 996px; height: 5px; background-color: #f0c981;\" colspan=\"4\"><\/td>\n<\/tr>\n<tr style=\"height: 64px;\">\n<td style=\"vertical-align: top; width: 996px; height: 64px; border-style: hidden;\" colspan=\"4\">\n<p style=\"text-align: justify;\">L\u2019Institut Pere Calders\u00a0 forma part dels anomenats \u00a0<strong>centres educatius ordinaris amb projecte de suport a l\u2019audici\u00f3 i el llenguatge<\/strong>, fins ara anomenats centres d\u2019agrupament. Aquests centres es caracteritzen per escolaritzar de forma preferent alumnes amb p\u00e8rdua auditiva.<\/p>\n<\/td>\n<\/tr>\n<tr style=\"height: 124px;\">\n<td style=\"width: 386px; height: 111px; vertical-align: top; border-style: hidden;\" colspan=\"2\"><a href=\"https:\/\/agora.xtec.cat\/insperecalders\/wp-content\/uploads\/usu1895\/2019\/10\/audici\u00f3-i-llenguatge2.jpg\"><img loading=\"lazy\" decoding=\"async\" class=\"alignright wp-image-1504 size-full\" src=\"https:\/\/agora.xtec.cat\/insperecalders\/wp-content\/uploads\/usu1895\/2019\/10\/audici\u00f3-i-llenguatge2-e1571820116537.jpg\" alt=\"\" width=\"540\" height=\"357\" srcset=\"https:\/\/agora.xtec.cat\/insperecalders\/wp-content\/uploads\/usu1895\/2019\/10\/audici\u00f3-i-llenguatge2-e1571820116537.jpg 540w, https:\/\/agora.xtec.cat\/insperecalders\/wp-content\/uploads\/usu1895\/2019\/10\/audici\u00f3-i-llenguatge2-e1571820116537-300x198.jpg 300w\" sizes=\"auto, (max-width: 540px) 100vw, 540px\" \/><\/a><\/td>\n<td style=\"width: 608px; height: 111px; vertical-align: top; border-style: hidden;\" colspan=\"2\">\n<p style=\"text-align: justify;\">El nostre Institut acull alumnat amb sordesa des del curs 2010-2011 procedent en la seva majoria de l\u2019escola adscrita L\u2019Escoleta. <strong>T\u00e9 com a objectiu la plena inclusi\u00f3 de l\u2019alumnat sord en el centre i la seva participaci\u00f3 i acc\u00e9s a la informaci\u00f3 i al coneixement en igualtat d\u2019oportunitats.<\/strong><\/p>\n<p style=\"text-align: justify;\">\u00c9s per aquest motiu que l\u2019Institut, a m\u00e9s de les mesures d\u2019atenci\u00f3 a la diversitat que preveu per a tot l\u2019alumnat ,\u00a0 disposa de <strong>Suport Intensiu a l\u2019Audici\u00f3 i Llenguatge (SIAL)<\/strong> que, juntament amb el CREDA, ofereix una resposta que s\u2019ajusta a les necessitats educatives de l\u2019alumnat amb p\u00e8rdua auditiva.<\/p>\n<p style=\"text-align: justify;\">El suport intensiu a l\u2019audici\u00f3 i llenguatge suposa la incorporaci\u00f3 en la plantilla del centre de mestres d\u2019audici\u00f3 i llenguatge (MALL).\u00a0 La seva funci\u00f3 \u00e9s la de donar suport a l\u2019alumnat\u00a0 amb<\/p>\n<\/td>\n<\/tr>\n<tr style=\"height: 33px;\">\n<td style=\"height: 114px; width: 386px; vertical-align: top; border-style: hidden;\" colspan=\"2\" rowspan=\"3\">\n<p style=\"text-align: justify;\">sordesa severa i pregona en els aprenentatges vinculats a les diferents \u00e0rees curriculars.<\/p>\n<p style=\"text-align: justify;\"><strong>El suport als alumnes es dona preferentment dins l\u2019aula ordin\u00e0ria tot col\u00b7laborant amb la resta de professorat. De vegades aquest suport es dona en grup redu\u00eft i en atenci\u00f3 individual.<\/strong><\/p>\n<p style=\"text-align: justify;\"><strong>El centre tamb\u00e9 compte amb l\u2019assessorament especialitzat del \u00a0centre de recursos educatius per <\/strong><strong>a deficients auditius del sector, CREDA Jordi Perell\u00f3.<\/strong><\/p>\n<p style=\"text-align: justify;\">Una logopeda del CREDA es despla\u00e7a al centre per atendre a l\u2019alumnat amb sordesa a nivell logop\u00e8dic.<\/p>\n<\/td>\n<td style=\"width: 381px; height: 24px; vertical-align: top; border-style: hidden;\"><a href=\"https:\/\/agora.xtec.cat\/insperecalders\/wp-content\/uploads\/usu1895\/2019\/10\/audici\u00f3-i-llenguatge-1.jpg\"><img loading=\"lazy\" decoding=\"async\" class=\"alignright wp-image-1514\" src=\"https:\/\/agora.xtec.cat\/insperecalders\/wp-content\/uploads\/usu1895\/2019\/10\/audici\u00f3-i-llenguatge-1.jpg\" alt=\"\" width=\"357\" height=\"214\" srcset=\"https:\/\/agora.xtec.cat\/insperecalders\/wp-content\/uploads\/usu1895\/2019\/10\/audici\u00f3-i-llenguatge-1.jpg 581w, https:\/\/agora.xtec.cat\/insperecalders\/wp-content\/uploads\/usu1895\/2019\/10\/audici\u00f3-i-llenguatge-1-300x180.jpg 300w\" sizes=\"auto, (max-width: 357px) 100vw, 357px\" \/><\/a><\/td>\n<td style=\"width: 225px; height: 24px; vertical-align: top; border-style: hidden;\"><a href=\"https:\/\/agora.xtec.cat\/insperecalders\/wp-content\/uploads\/usu1895\/2019\/10\/audici\u00f3-i-llenguatge3-e1571844015328.jpg\"><img loading=\"lazy\" decoding=\"async\" class=\"alignright wp-image-1515 size-full\" src=\"https:\/\/agora.xtec.cat\/insperecalders\/wp-content\/uploads\/usu1895\/2019\/10\/audici\u00f3-i-llenguatge3-e1571844015328.jpg\" alt=\"\" width=\"354\" height=\"370\" srcset=\"https:\/\/agora.xtec.cat\/insperecalders\/wp-content\/uploads\/usu1895\/2019\/10\/audici\u00f3-i-llenguatge3-e1571844015328.jpg 354w, https:\/\/agora.xtec.cat\/insperecalders\/wp-content\/uploads\/usu1895\/2019\/10\/audici\u00f3-i-llenguatge3-e1571844015328-287x300.jpg 287w\" sizes=\"auto, (max-width: 354px) 100vw, 354px\" \/><\/a><\/td>\n<\/tr>\n<tr style=\"height: 10px;\">\n<td style=\"width: 608px; height: 10px; background-color: #79b4ba; vertical-align: top; text-align: right; border-style: hidden;\" colspan=\"2\"><span style=\"color: #ffffff;\"><strong>Adreces d&#8217;inter\u00e8s<\/strong><\/span><\/td>\n<\/tr>\n<tr style=\"height: 80px;\">\n<td style=\"width: 381px; height: 80px; background-color: #eeeeee; vertical-align: top; border-style: hidden;\" colspan=\"2\">\n<ul>\n<li style=\"list-style-type: none;\">\n<ul>\n<li style=\"list-style-type: none;\">\n<ul style=\"list-style-type: square;\">\n<li><a href=\"https:\/\/serveiseducatius.xtec.cat\/creda-jordiperello\/\">Serveis educatius. Creda Jordi Perell\u00f3<\/a><\/li>\n<li><a href=\"http:\/\/ensenyament.gencat.cat\/web\/.content\/home\/departament\/publicacions\/colleccions\/guia-families\/sordesa\/guia_famil_fills_sordceguesa.pdf\">Guia per a fam\u00edlies d\u2019infants amb sordesa o sordceguesa<\/a><\/li>\n<li><a href=\"https:\/\/acapps.org\/web\/\">Federaci\u00f3 ACAPPS<\/a><\/li>\n<\/ul>\n<\/li>\n<\/ul>\n<\/li>\n<\/ul>\n<\/td>\n<\/tr>\n<tr style=\"height: 5px;\">\n<td style=\"width: 386px; height: 5px; border-style: hidden; background-color: #fcfcfc; vertical-align: top;\" colspan=\"4\"><\/td>\n<\/tr>\n<tr style=\"height: 5px;\">\n<td style=\"width: 996px; height: 5px; background-color: #dddddd;\" colspan=\"4\"><\/td>\n<\/tr>\n<\/tbody>\n<\/table>\n","protected":false},"excerpt":{"rendered":"<p>L\u2019Institut Pere Calders\u00a0 forma part dels anomenats \u00a0centres educatius ordinaris amb projecte de suport a l\u2019audici\u00f3 i el llenguatge, fins ara anomenats centres d\u2019agrupament. Aquests centres es caracteritzen per escolaritzar de forma preferent alumnes amb p\u00e8rdua auditiva. El nostre Institut acull alumnat amb sordesa des del curs 2010-2011 procedent en la seva majoria de l\u2019escola [&hellip;]<\/p>\n","protected":false},"author":1,"featured_media":0,"parent":19,"menu_order":61,"comment_status":"closed","ping_status":"closed","template":"page-templates\/side-menu.php","meta":{"_bbp_topic_count":0,"_bbp_reply_count":0,"_bbp_total_topic_count":0,"_bbp_total_reply_count":0,"_bbp_voice_count":0,"_bbp_anonymous_reply_count":0,"_bbp_topic_count_hidden":0,"_bbp_reply_count_hidden":0,"_bbp_forum_subforum_count":0,"site-sidebar-layout":"default","site-content-layout":"","ast-site-content-layout":"","site-content-style":"default","site-sidebar-style":"default","ast-global-header-display":"","ast-banner-title-visibility":"","ast-main-header-display":"","ast-hfb-above-header-display":"","ast-hfb-below-header-display":"","ast-hfb-mobile-header-display":"","site-post-title":"","ast-breadcrumbs-content":"","ast-featured-img":"","footer-sml-layout":"","theme-transparent-header-meta":"","adv-header-id-meta":"","stick-header-meta":"","header-above-stick-meta":"","header-main-stick-meta":"","header-below-stick-meta":"","astra-migrate-meta-layouts":"default","ast-page-background-enabled":"default","ast-page-background-meta":{"desktop":{"background-color":"var(--ast-global-color-4)","background-image":"","background-repeat":"repeat","background-position":"center center","background-size":"auto","background-attachment":"scroll","background-type":"","background-media":"","overlay-type":"","overlay-color":"","overlay-opacity":"","overlay-gradient":""},"tablet":{"background-color":"","background-image":"","background-repeat":"repeat","background-position":"center center","background-size":"auto","background-attachment":"scroll","background-type":"","background-media":"","overlay-type":"","overlay-color":"","overlay-opacity":"","overlay-gradient":""},"mobile":{"background-color":"","background-image":"","background-repeat":"repeat","background-position":"center center","background-size":"auto","background-attachment":"scroll","background-type":"","background-media":"","overlay-type":"","overlay-color":"","overlay-opacity":"","overlay-gradient":""}},"ast-content-background-meta":{"desktop":{"background-color":"var(--ast-global-color-5)","background-image":"","background-repeat":"repeat","background-position":"center center","background-size":"auto","background-attachment":"scroll","background-type":"","background-media":"","overlay-type":"","overlay-color":"","overlay-opacity":"","overlay-gradient":""},"tablet":{"background-color":"var(--ast-global-color-5)","background-image":"","background-repeat":"repeat","background-position":"center center","background-size":"auto","background-attachment":"scroll","background-type":"","background-media":"","overlay-type":"","overlay-color":"","overlay-opacity":"","overlay-gradient":""},"mobile":{"background-color":"var(--ast-global-color-5)","background-image":"","background-repeat":"repeat","background-position":"center center","background-size":"auto","background-attachment":"scroll","background-type":"","background-media":"","overlay-type":"","overlay-color":"","overlay-opacity":"","overlay-gradient":""}},"footnotes":""},"class_list":["post-1500","page","type-page","status-publish","hentry"],"post_mailing_queue_ids":[],"_links":{"self":[{"href":"https:\/\/agora.xtec.cat\/insperecalders\/wp-json\/wp\/v2\/pages\/1500","targetHints":{"allow":["GET"]}}],"collection":[{"href":"https:\/\/agora.xtec.cat\/insperecalders\/wp-json\/wp\/v2\/pages"}],"about":[{"href":"https:\/\/agora.xtec.cat\/insperecalders\/wp-json\/wp\/v2\/types\/page"}],"author":[{"embeddable":true,"href":"https:\/\/agora.xtec.cat\/insperecalders\/wp-json\/wp\/v2\/users\/1"}],"replies":[{"embeddable":true,"href":"https:\/\/agora.xtec.cat\/insperecalders\/wp-json\/wp\/v2\/comments?post=1500"}],"version-history":[{"count":4,"href":"https:\/\/agora.xtec.cat\/insperecalders\/wp-json\/wp\/v2\/pages\/1500\/revisions"}],"predecessor-version":[{"id":1678,"href":"https:\/\/agora.xtec.cat\/insperecalders\/wp-json\/wp\/v2\/pages\/1500\/revisions\/1678"}],"up":[{"embeddable":true,"href":"https:\/\/agora.xtec.cat\/insperecalders\/wp-json\/wp\/v2\/pages\/19"}],"wp:attachment":[{"href":"https:\/\/agora.xtec.cat\/insperecalders\/wp-json\/wp\/v2\/media?parent=1500"}],"curies":[{"name":"wp","href":"https:\/\/api.w.org\/{rel}","templated":true}]}}