{"id":1428,"date":"2019-10-19T20:22:28","date_gmt":"2019-10-19T18:22:28","guid":{"rendered":"http:\/\/agora.xtec.cat\/insperecalders\/?page_id=1428"},"modified":"2026-02-19T08:23:24","modified_gmt":"2026-02-19T07:23:24","slug":"llibres-de-text","status":"publish","type":"page","link":"https:\/\/agora.xtec.cat\/insperecalders\/infocursvinent\/llibres-de-text\/","title":{"rendered":"Llibres de text"},"content":{"rendered":"<table style=\"height: 407px; border-style: hidden;\">\n<tbody>\n<tr style=\"height: 5px;\">\n<td style=\"width: 996px; height: 5px; background-color: #99cccc; border-style: hidden;\" colspan=\"4\"><\/td>\n<\/tr>\n<tr style=\"height: 5px;\">\n<td style=\"width: 996px; background-color: #fcfcfc; border-style: hidden; height: 5px;\" colspan=\"4\"><\/td>\n<\/tr>\n<tr style=\"height: 56px; border-style: hidden;\">\n<td style=\"width: 668px; height: 56px; vertical-align: top; text-align: justify;\" colspan=\"3\">Des del curs 2010-11 l&#8217;AMPA, conjuntament amb la direcci\u00f3 del centre, contracten els serveis de l&#8217;empresa <strong>IDDINK<\/strong> per organitzar la <strong><span style=\"color: #008080;\">compra i reutilitzaci\u00f3 de llibres<\/span><\/strong> de text dels alumnes.<\/td>\n<td style=\"width: 326px; height: 56px; background-color: #eba646; vertical-align: middle;\">\n<h5>\u00a0<a href=\"https:\/\/drive.google.com\/file\/d\/10j2V0qgHyfwVqrOsbaxNN9NZ7uJGL8_Z\/view?usp=drive_link\" target=\"_blank\" rel=\"noopener\"><span style=\"color: #ffffff;\"><strong>Llibres de text\u00a0 2025 &#8211; 2026<\/strong><\/span><\/a><\/h5>\n<h5><strong>CODI DE CENTRE<\/strong>\u00a0 \u00a0 <span style=\"color: #ffffff;\"><strong>019CF1<\/strong><\/span><\/h5>\n<\/td>\n<\/tr>\n<tr style=\"height: 293px;\">\n<td style=\"text-align: justify; vertical-align: top; width: 996px; height: 293px;\" colspan=\"4\">\u00c9s\u00a0 una opci\u00f3 que <strong>abarateix<\/strong> els costos dels llibres i \u00e9s molt m\u00e9s <strong>respectuosa amb el medi ambient<\/strong>. La proposta d&#8217;aquesta empresa ofereix dues opcions a les fam\u00edlies:<\/p>\n<ul>\n<li style=\"list-style-type: none;\">\n<ul>\n<li style=\"list-style-type: none;\">\n<ul>\n<li>comprar llibres nous amb un 5% de descompte<\/li>\n<li>comprar llibres reutilitzats (ECO-books), amb un estalvi fins el 60% (sempre i quan el curs seg\u00fcent es puguin reutilitzar els llibres al centre).<\/li>\n<\/ul>\n<\/li>\n<\/ul>\n<\/li>\n<\/ul>\n<p>El sistema d&#8217;Iddink \u00e9s molt flexible i permet escollir llibre a llibre si es volen nous o ECO-books. Podreu fer la compra online, i us l&#8217;enviaran al vostre domicili.<\/p>\n<div>\n<p><span style=\"font-size: 16px; font-family: inherit;\">Tot i aix\u00f2, \u00e9s clar que si no esteu interessats a fer servir aquest servei, podeu aconseguir-vos els llibres comprant-los pel vostre compte.<\/span><\/p>\n<\/div>\n<\/td>\n<\/tr>\n<tr style=\"height: 33px; border-style: hidden;\">\n<td style=\"height: 33px; text-align: justify; background-color: #bfd9d9; border-style: hidden; vertical-align: top; width: 487px;\" colspan=\"2\">Els seg\u00fcents <strong>documents i enlla\u00e7os<\/strong> us informaran de com comprar i com retornar els llibres.<\/p>\n<ul style=\"list-style-type: square;\">\n<li><a href=\"https:\/\/drive.google.com\/file\/d\/14DmL4yAgtyJCcSCKo1C1Z8fdqX-2uJuA\/view?usp=sharing\" target=\"_blank\" rel=\"noopener\"><strong>Com comprar a Iddink<\/strong><\/a><\/li>\n<li><strong><a href=\"https:\/\/drive.google.com\/file\/d\/1K49yIJX3cMpmXf_7BPTR4LxhMq3V5PWT\/view?usp=sharing\" target=\"_blank\" rel=\"noopener\">Com tractar els ecobooks<\/a>\u00a0<\/strong><\/li>\n<li><a href=\"https:\/\/drive.google.com\/file\/d\/1rxW528CkPXapH39fXuU3qxSnOTiyovq6\/view?usp=sharing\" target=\"_blank\" rel=\"noopener\"><strong>Criteris de qualitat<\/strong><\/a><\/li>\n<li><a href=\"https:\/\/drive.google.com\/file\/d\/1RN1ixvkIGGsdMnlDAjbvWbfY26EKtgAw\/view?usp=sharing\" target=\"_blank\" rel=\"noopener\"><strong>Com retornar els ecobooks<\/strong><\/a><\/li>\n<\/ul>\n<\/td>\n<td style=\"height: 33px; background-color: #e4ebeb; border-style: hidden; vertical-align: top; width: 507px;\" colspan=\"2\">\n<h4 style=\"text-align: right;\"><span style=\"color: #ff0000;\">IMPORTANT:<br \/>\n<\/span><\/h4>\n<ul>\n<li>\n<p style=\"text-align: justify;\">El centre <span style=\"color: #008080;\"><strong>lliura l&#8217;agenda escolar<\/strong> <\/span>i una <span style=\"color: #008080;\"><strong>carpeta<\/strong><\/span> a tots aquells alumnes que hagin pagat la quota de material. Si \u00e9s el cas no les compreu.<\/p>\n<\/li>\n<li>\n<p style=\"text-align: justify;\"><strong>No escriviu ni folreu<\/strong> els llibres fins que els professors no hagin comprovat que s\u00f3n els correctes.<\/p>\n<\/li>\n<\/ul>\n<\/td>\n<\/tr>\n<tr style=\"height: 5px; border-style: hidden;\">\n<td style=\"width: 996px; height: 5px; border-style: hidden;\" colspan=\"4\"><\/td>\n<\/tr>\n<\/tbody>\n<\/table>\n","protected":false},"excerpt":{"rendered":"<p>Des del curs 2010-11 l&#8217;AMPA, conjuntament amb la direcci\u00f3 del centre, contracten els serveis de l&#8217;empresa IDDINK per organitzar la compra i reutilitzaci\u00f3 de llibres de text dels alumnes. \u00a0Llibres de text\u00a0 2025 &#8211; 2026 CODI DE CENTRE\u00a0 \u00a0 019CF1 \u00c9s\u00a0 una opci\u00f3 que abarateix els costos dels llibres i \u00e9s molt m\u00e9s respectuosa amb [&hellip;]<\/p>\n","protected":false},"author":1,"featured_media":0,"parent":6556,"menu_order":1,"comment_status":"closed","ping_status":"closed","template":"","meta":{"_bbp_topic_count":0,"_bbp_reply_count":0,"_bbp_total_topic_count":0,"_bbp_total_reply_count":0,"_bbp_voice_count":0,"_bbp_anonymous_reply_count":0,"_bbp_topic_count_hidden":0,"_bbp_reply_count_hidden":0,"_bbp_forum_subforum_count":0,"site-sidebar-layout":"default","site-content-layout":"","ast-site-content-layout":"default","site-content-style":"default","site-sidebar-style":"default","ast-global-header-display":"","ast-banner-title-visibility":"","ast-main-header-display":"","ast-hfb-above-header-display":"","ast-hfb-below-header-display":"","ast-hfb-mobile-header-display":"","site-post-title":"","ast-breadcrumbs-content":"","ast-featured-img":"","footer-sml-layout":"","theme-transparent-header-meta":"default","adv-header-id-meta":"","stick-header-meta":"","header-above-stick-meta":"","header-main-stick-meta":"","header-below-stick-meta":"","astra-migrate-meta-layouts":"set","ast-page-background-enabled":"default","ast-page-background-meta":{"desktop":{"background-color":"var(--ast-global-color-4)","background-image":"","background-repeat":"repeat","background-position":"center center","background-size":"auto","background-attachment":"scroll","background-type":"","background-media":"","overlay-type":"","overlay-color":"","overlay-opacity":"","overlay-gradient":""},"tablet":{"background-color":"","background-image":"","background-repeat":"repeat","background-position":"center center","background-size":"auto","background-attachment":"scroll","background-type":"","background-media":"","overlay-type":"","overlay-color":"","overlay-opacity":"","overlay-gradient":""},"mobile":{"background-color":"","background-image":"","background-repeat":"repeat","background-position":"center center","background-size":"auto","background-attachment":"scroll","background-type":"","background-media":"","overlay-type":"","overlay-color":"","overlay-opacity":"","overlay-gradient":""}},"ast-content-background-meta":{"desktop":{"background-color":"var(--ast-global-color-5)","background-image":"","background-repeat":"repeat","background-position":"center center","background-size":"auto","background-attachment":"scroll","background-type":"","background-media":"","overlay-type":"","overlay-color":"","overlay-opacity":"","overlay-gradient":""},"tablet":{"background-color":"var(--ast-global-color-5)","background-image":"","background-repeat":"repeat","background-position":"center center","background-size":"auto","background-attachment":"scroll","background-type":"","background-media":"","overlay-type":"","overlay-color":"","overlay-opacity":"","overlay-gradient":""},"mobile":{"background-color":"var(--ast-global-color-5)","background-image":"","background-repeat":"repeat","background-position":"center center","background-size":"auto","background-attachment":"scroll","background-type":"","background-media":"","overlay-type":"","overlay-color":"","overlay-opacity":"","overlay-gradient":""}},"footnotes":""},"class_list":["post-1428","page","type-page","status-publish","hentry"],"post_mailing_queue_ids":[],"_links":{"self":[{"href":"https:\/\/agora.xtec.cat\/insperecalders\/wp-json\/wp\/v2\/pages\/1428","targetHints":{"allow":["GET"]}}],"collection":[{"href":"https:\/\/agora.xtec.cat\/insperecalders\/wp-json\/wp\/v2\/pages"}],"about":[{"href":"https:\/\/agora.xtec.cat\/insperecalders\/wp-json\/wp\/v2\/types\/page"}],"author":[{"embeddable":true,"href":"https:\/\/agora.xtec.cat\/insperecalders\/wp-json\/wp\/v2\/users\/1"}],"replies":[{"embeddable":true,"href":"https:\/\/agora.xtec.cat\/insperecalders\/wp-json\/wp\/v2\/comments?post=1428"}],"version-history":[{"count":6,"href":"https:\/\/agora.xtec.cat\/insperecalders\/wp-json\/wp\/v2\/pages\/1428\/revisions"}],"predecessor-version":[{"id":7418,"href":"https:\/\/agora.xtec.cat\/insperecalders\/wp-json\/wp\/v2\/pages\/1428\/revisions\/7418"}],"up":[{"embeddable":true,"href":"https:\/\/agora.xtec.cat\/insperecalders\/wp-json\/wp\/v2\/pages\/6556"}],"wp:attachment":[{"href":"https:\/\/agora.xtec.cat\/insperecalders\/wp-json\/wp\/v2\/media?parent=1428"}],"curies":[{"name":"wp","href":"https:\/\/api.w.org\/{rel}","templated":true}]}}