{"id":1383,"date":"2019-10-19T18:16:36","date_gmt":"2019-10-19T16:16:36","guid":{"rendered":"http:\/\/agora.xtec.cat\/insperecalders\/?page_id=1383"},"modified":"2023-10-09T15:29:26","modified_gmt":"2023-10-09T13:29:26","slug":"visual-i-plastica","status":"publish","type":"page","link":"https:\/\/agora.xtec.cat\/insperecalders\/identitat-de-centre\/departaments\/visual-i-plastica\/","title":{"rendered":"Visual i pl\u00e0stica"},"content":{"rendered":"<table style=\"width: x; border-style: hidden;\">\n<tbody>\n<tr style=\"height: 5px;\">\n<td style=\"width: 1006px; height: 5px; background-color: #99cccc; border-style: hidden;\" colspan=\"4\"><\/td>\n<\/tr>\n<tr style=\"height: 5px;\">\n<td style=\"width: 1006px; height: 5px; background-color: #dddddd; border-style: hidden;\" colspan=\"4\"><\/td>\n<\/tr>\n<tr style=\"height: 604px;\">\n<td style=\"width: 1006px; border-style: hidden; height: 604px; vertical-align: top;\" colspan=\"4\">\n<table>\n<tbody>\n<tr style=\"height: 15px;\">\n<td style=\"width: 1000.77px; height: 15px; vertical-align: bottom; padding-left: 40px;\">\n<h5><strong>Professorat curs 2023-24<\/strong><\/h5>\n<\/td>\n<\/tr>\n<tr style=\"height: 70px;\">\n<td style=\"width: 1000.77px; background-color: #eeeeee; height: 70px;\">&nbsp;<\/p>\n<ul>\n<li style=\"list-style-type: none;\">\n<ul>\n<li style=\"list-style-type: none;\">\n<ul>\n<li><span style=\"color: #008080;\">Javi Luengo<\/span><\/li>\n<\/ul>\n<\/li>\n<\/ul>\n<\/li>\n<\/ul>\n<\/td>\n<\/tr>\n<\/tbody>\n<\/table>\n<p><img loading=\"lazy\" decoding=\"async\" class=\"alignright wp-image-1391\" src=\"https:\/\/agora.xtec.cat\/insperecalders\/wp-content\/uploads\/usu1895\/2019\/10\/Projecte-color-Pere-Calders1-854x1024.jpg\" alt=\"\" width=\"478\" height=\"573\" srcset=\"https:\/\/agora.xtec.cat\/insperecalders\/wp-content\/uploads\/usu1895\/2019\/10\/Projecte-color-Pere-Calders1-854x1024.jpg 854w, https:\/\/agora.xtec.cat\/insperecalders\/wp-content\/uploads\/usu1895\/2019\/10\/Projecte-color-Pere-Calders1-250x300.jpg 250w, https:\/\/agora.xtec.cat\/insperecalders\/wp-content\/uploads\/usu1895\/2019\/10\/Projecte-color-Pere-Calders1-768x921.jpg 768w, https:\/\/agora.xtec.cat\/insperecalders\/wp-content\/uploads\/usu1895\/2019\/10\/Projecte-color-Pere-Calders1.jpg 1168w\" sizes=\"auto, (max-width: 478px) 100vw, 478px\" \/><\/p>\n<p>&nbsp;<\/p>\n<p style=\"text-align: justify;\">El nostre departament s&#8217;encarrega de dues assignatures essencialment visuals: la que sovint anomenem <strong>Dibuix art\u00edstic<\/strong> i l&#8217;assignatura de <strong>Dibuix T\u00e8cnic<\/strong>. Ambdues assignatures s\u00f3n igualment importants i entre elles es complementen.<\/p>\n<div align=\"justify\">\n<ul style=\"text-align: justify;\">\n<li>Una s&#8217;encarrega de donar sentit, entendre i produir missatges visuals a trav\u00e9s d&#8217;imatges pl\u00e0stiques.<\/li>\n<\/ul>\n<ul>\n<li>\n<p style=\"text-align: justify;\">L&#8217;altra s&#8217;encarrega de donar als alumnes les <strong>eines<\/strong> suficients per explicar objectivament com s\u00f3n les formes que la natura i l&#8217;home creen, i produir-ne de pr\u00f2pies<\/p>\n<\/li>\n<\/ul>\n<\/div>\n<p>&nbsp;<\/p>\n<h5 style=\"text-align: left;\">INTERPRETACI\u00d3 d&#8217;un retrat de PERE CALDERS:<\/h5>\n<p style=\"text-align: justify;\">\u27a1\u00a0 <strong>Projecte de color<\/strong>: Interpretaci\u00f3 d&#8217;un retrat de Pere Calders, realitzat per alumnes de <strong>2n i 3r d&#8217;ESO<\/strong> durant el curs 2015-16. Observeu&#8230; en total 1080 pixels!<\/p>\n<h6>\u27a1 <strong><a href=\"https:\/\/vimeo.com\/170687835\" target=\"_blank\" rel=\"noopener noreferrer\">Interpretaci\u00f3 (v\u00eddeo)<\/a><\/strong><a style=\"font-family: inherit; font-size: 0.875em;\" href=\"https:\/\/vimeo.com\/170687835\" target=\"_blank\" rel=\"noopener noreferrer\"><strong>\u00a0d&#8217;un retrat de Pere Calders<\/strong><\/a><\/h6>\n<p>&nbsp;<\/td>\n<\/tr>\n<tr style=\"height: 33px;\">\n<td style=\"width: 1006px; background-color: #d9dede; height: 33px;\" colspan=\"4\"><span style=\"color: #008080;\"><strong>Visual i Pl\u00e0stica. El m\u00f3n m\u00e0gic de les imatges<\/strong><\/span><\/td>\n<\/tr>\n<tr style=\"height: 356px;\">\n<td style=\"width: 1006px; height: 356px;\" colspan=\"4\">\n<p style=\"text-align: justify;\">Tots sabem que una imatge, un dibuix, una fotografia, una pel\u00b7l\u00edcula, un c\u00f2mic&#8230; poden expressar, comunicar i donar a con\u00e8ixer tot un m\u00f3n de sensacions, de sentiments i d\u2019informacions.<\/p>\n<p style=\"text-align: justify;\">En l\u2019actualitat ens comuniquem sovint amb imatges. Ens arriba molta informaci\u00f3 visual, dif\u00edcil d\u2019assimilar i d\u2019entendre de forma r\u00e0pida i a cop d\u2019ull.<\/p>\n<p style=\"text-align: justify;\">Es fa necessari aprendre a mirar, a analitzar tot all\u00f2 que copsem, per despr\u00e9s reflexionar. L\u2019alumne ha d\u2019aprendre els fonaments d\u2019aquest llenguatge de comunicaci\u00f3, per analitzar els missatges visuals que els arriben, plens de codis i normes, per despr\u00e9s poder-los utilitzar en la creaci\u00f3 de discursos visuals propis. \u00c9s per aix\u00f2 que pensem que l\u2019alumne:<\/p>\n<ul>\n<li style=\"list-style-type: none;\">\n<ul>\n<li style=\"list-style-type: none;\">\n<ul>\n<li style=\"list-style-type: none;\">\n<ul>\n<li style=\"text-align: justify;\">Ha d\u2019aprendre fent, a vegades, per descobriment.<\/li>\n<li style=\"text-align: justify;\">Ha de viure sempre que sigui possible el proc\u00e9s creatiu.<\/li>\n<li style=\"text-align: justify;\">Ha d\u2019aprendre a aprendre en cada fet.<\/li>\n<li style=\"text-align: justify;\">Ha de ser capa\u00e7 de seguir tots els passos que requereix la creaci\u00f3, encara que sigui a nivell escolar.<\/li>\n<li style=\"text-align: justify;\">Aquest aprenentatge s\u2019ha de fer a partir d\u2019exercicis molt pautats i acotats, on es posin en pr\u00e0ctica els conceptes i elements fonamentals d\u2019aquest llenguatge tan particular.<\/li>\n<\/ul>\n<\/li>\n<\/ul>\n<\/li>\n<\/ul>\n<\/li>\n<\/ul>\n<\/td>\n<\/tr>\n<tr style=\"height: 33px;\">\n<td style=\"width: 1006px; background-color: #6fa6a6; height: 33px;\" colspan=\"4\"><span style=\"color: #ffffff;\"><strong>MOSTRA D&#8217;EXERCICIS<\/strong><\/span><\/td>\n<\/tr>\n<tr>\n<td style=\"vertical-align: top; width: 241px; text-align: center;\"><a href=\"https:\/\/plus.google.com\/photos\/111998004600402812764\/albums\/6200761935766097649\" target=\"_blank\" rel=\"noopener noreferrer\"><img loading=\"lazy\" decoding=\"async\" class=\"wp-image-1413 aligncenter\" src=\"https:\/\/agora.xtec.cat\/insperecalders\/wp-content\/uploads\/usu1895\/2019\/10\/Autorretrat_Rita_Devant_2016.jpg\" alt=\"\" width=\"159\" height=\"159\" srcset=\"https:\/\/agora.xtec.cat\/insperecalders\/wp-content\/uploads\/usu1895\/2019\/10\/Autorretrat_Rita_Devant_2016.jpg 850w, https:\/\/agora.xtec.cat\/insperecalders\/wp-content\/uploads\/usu1895\/2019\/10\/Autorretrat_Rita_Devant_2016-150x150.jpg 150w, https:\/\/agora.xtec.cat\/insperecalders\/wp-content\/uploads\/usu1895\/2019\/10\/Autorretrat_Rita_Devant_2016-300x300.jpg 300w, https:\/\/agora.xtec.cat\/insperecalders\/wp-content\/uploads\/usu1895\/2019\/10\/Autorretrat_Rita_Devant_2016-768x768.jpg 768w\" sizes=\"auto, (max-width: 159px) 100vw, 159px\" \/><\/a><\/td>\n<td style=\"width: 253px; vertical-align: top; height: 163px; text-align: center;\"><a href=\"https:\/\/plus.google.com\/u\/0\/photos\/111998004600402812764\/albums\/6200394824712860001\" target=\"_blank\" rel=\"noopener noreferrer\"><img loading=\"lazy\" decoding=\"async\" class=\"size-full wp-image-1415 alignnone\" src=\"https:\/\/agora.xtec.cat\/insperecalders\/wp-content\/uploads\/usu1895\/2019\/10\/Dibuix_del_natural_Mar\u00eda_Efimova_2016.jpg\" alt=\"\" width=\"850\" height=\"600\" srcset=\"https:\/\/agora.xtec.cat\/insperecalders\/wp-content\/uploads\/usu1895\/2019\/10\/Dibuix_del_natural_Mar\u00eda_Efimova_2016.jpg 850w, https:\/\/agora.xtec.cat\/insperecalders\/wp-content\/uploads\/usu1895\/2019\/10\/Dibuix_del_natural_Mar\u00eda_Efimova_2016-300x212.jpg 300w, https:\/\/agora.xtec.cat\/insperecalders\/wp-content\/uploads\/usu1895\/2019\/10\/Dibuix_del_natural_Mar\u00eda_Efimova_2016-768x542.jpg 768w\" sizes=\"auto, (max-width: 850px) 100vw, 850px\" \/><\/a><\/td>\n<td style=\"width: 250px; vertical-align: top; height: 163px; text-align: center;\"><a href=\"https:\/\/plus.google.com\/u\/0\/photos\/111998004600402812764\/albums\/6200399324498356177\" target=\"_blank\" rel=\"noopener noreferrer\"><img loading=\"lazy\" decoding=\"async\" class=\"size-full wp-image-1416 aligncenter\" src=\"https:\/\/agora.xtec.cat\/insperecalders\/wp-content\/uploads\/usu1895\/2019\/10\/llibreartista16.jpg\" alt=\"\" width=\"640\" height=\"468\" srcset=\"https:\/\/agora.xtec.cat\/insperecalders\/wp-content\/uploads\/usu1895\/2019\/10\/llibreartista16.jpg 640w, https:\/\/agora.xtec.cat\/insperecalders\/wp-content\/uploads\/usu1895\/2019\/10\/llibreartista16-300x219.jpg 300w\" sizes=\"auto, (max-width: 640px) 100vw, 640px\" \/><\/a><\/td>\n<td style=\"width: 256px; vertical-align: top; height: 163px; text-align: center;\"><a href=\"https:\/\/photos.google.com\/share\/AF1QipMQRVPnksDlF4cTb0y0a-k1fuJo9kYYOFKSWQP90ybLz3-eH71DL1Eh8LzeJ4SNng?key=d180Z0dVYXVrSEtaVVF6MVItMWFKX0lCVnAwSTlB\" target=\"_blank\" rel=\"noopener noreferrer\"><img loading=\"lazy\" decoding=\"async\" class=\" wp-image-1417 alignnone\" src=\"https:\/\/agora.xtec.cat\/insperecalders\/wp-content\/uploads\/usu1895\/2019\/10\/IMG_7371.jpg\" alt=\"\" width=\"233\" height=\"164\" srcset=\"https:\/\/agora.xtec.cat\/insperecalders\/wp-content\/uploads\/usu1895\/2019\/10\/IMG_7371.jpg 850w, https:\/\/agora.xtec.cat\/insperecalders\/wp-content\/uploads\/usu1895\/2019\/10\/IMG_7371-300x212.jpg 300w, https:\/\/agora.xtec.cat\/insperecalders\/wp-content\/uploads\/usu1895\/2019\/10\/IMG_7371-768x542.jpg 768w\" sizes=\"auto, (max-width: 233px) 100vw, 233px\" \/><\/a><\/td>\n<\/tr>\n<tr style=\"height: 33px;\">\n<td style=\"width: 241px; vertical-align: top; height: 33px; text-align: center;\">2n d&#8217;ESO Collage: autorretrats<\/td>\n<td style=\"width: 253px; vertical-align: top; height: 33px; text-align: center;\">2n d&#8217;ESO Dibuix: L&#8217;encaix<\/td>\n<td style=\"width: 250px; vertical-align: top; height: 33px; text-align: center;\">2n d&#8217;ESO LLibre d&#8217;artista<\/td>\n<td style=\"width: 256px; vertical-align: top; height: 33px; text-align: center;\">Optativa 4t d&#8217;ESO Disseny<\/td>\n<\/tr>\n<tr>\n<td style=\"width: 241px; vertical-align: top; height: 160px; text-align: center;\"><a href=\"https:\/\/plus.google.com\/u\/0\/photos\/111998004600402812764\/albums\/6212607732965503825\" target=\"_blank\" rel=\"noopener noreferrer\"><img loading=\"lazy\" decoding=\"async\" class=\"alignright size-large wp-image-1418\" src=\"https:\/\/agora.xtec.cat\/insperecalders\/wp-content\/uploads\/usu1895\/2019\/10\/MEMO0013-1024x611.jpg\" alt=\"\" width=\"1024\" height=\"611\" srcset=\"https:\/\/agora.xtec.cat\/insperecalders\/wp-content\/uploads\/usu1895\/2019\/10\/MEMO0013-1024x611.jpg 1024w, https:\/\/agora.xtec.cat\/insperecalders\/wp-content\/uploads\/usu1895\/2019\/10\/MEMO0013-300x179.jpg 300w, https:\/\/agora.xtec.cat\/insperecalders\/wp-content\/uploads\/usu1895\/2019\/10\/MEMO0013-768x458.jpg 768w, https:\/\/agora.xtec.cat\/insperecalders\/wp-content\/uploads\/usu1895\/2019\/10\/MEMO0013.jpg 1417w\" sizes=\"auto, (max-width: 1024px) 100vw, 1024px\" \/><\/a><\/td>\n<td style=\"width: 253px; vertical-align: top; height: 160px; text-align: center;\"><a href=\"https:\/\/vimeo.com\/170687835\" target=\"_blank\" rel=\"noopener noreferrer\"><img loading=\"lazy\" decoding=\"async\" class=\"alignright size-full wp-image-1419\" src=\"https:\/\/agora.xtec.cat\/insperecalders\/wp-content\/uploads\/usu1895\/2019\/10\/Fotograma_Pere_Calders.jpg\" alt=\"\" width=\"1000\" height=\"604\" srcset=\"https:\/\/agora.xtec.cat\/insperecalders\/wp-content\/uploads\/usu1895\/2019\/10\/Fotograma_Pere_Calders.jpg 1000w, https:\/\/agora.xtec.cat\/insperecalders\/wp-content\/uploads\/usu1895\/2019\/10\/Fotograma_Pere_Calders-300x181.jpg 300w, https:\/\/agora.xtec.cat\/insperecalders\/wp-content\/uploads\/usu1895\/2019\/10\/Fotograma_Pere_Calders-768x464.jpg 768w\" sizes=\"auto, (max-width: 1000px) 100vw, 1000px\" \/><\/a><\/td>\n<td style=\"width: 250px; vertical-align: top; height: 160px; text-align: center;\"><a href=\"https:\/\/plus.google.com\/u\/0\/photos\/111998004600402812764\/albums\/6201743308483513265\" target=\"_blank\" rel=\"noopener noreferrer\"><img loading=\"lazy\" decoding=\"async\" class=\"wp-image-1420 aligncenter\" src=\"https:\/\/agora.xtec.cat\/insperecalders\/wp-content\/uploads\/usu1895\/2019\/10\/3r_color3_Raul_Espejo-1024x751.jpg\" alt=\"\" width=\"191\" height=\"140\" srcset=\"https:\/\/agora.xtec.cat\/insperecalders\/wp-content\/uploads\/usu1895\/2019\/10\/3r_color3_Raul_Espejo-1024x751.jpg 1024w, https:\/\/agora.xtec.cat\/insperecalders\/wp-content\/uploads\/usu1895\/2019\/10\/3r_color3_Raul_Espejo-300x220.jpg 300w, https:\/\/agora.xtec.cat\/insperecalders\/wp-content\/uploads\/usu1895\/2019\/10\/3r_color3_Raul_Espejo-768x564.jpg 768w, https:\/\/agora.xtec.cat\/insperecalders\/wp-content\/uploads\/usu1895\/2019\/10\/3r_color3_Raul_Espejo.jpg 1063w\" sizes=\"auto, (max-width: 191px) 100vw, 191px\" \/><\/a><\/td>\n<td style=\"width: 256px; vertical-align: top; height: 160px; text-align: center;\"><\/td>\n<\/tr>\n<tr style=\"height: 33px;\">\n<td style=\"width: 241px; height: 33px; text-align: center; vertical-align: top;\">2n d&#8217;ESO. Quadern de viatge.<\/td>\n<td style=\"width: 253px; height: 33px; text-align: center; vertical-align: top;\">Projecte Color. 2ns i 3rs d&#8217;ESO<\/td>\n<td style=\"width: 250px; height: 33px; text-align: center; vertical-align: top;\">3r ESO. Color: Valor i saturaci\u00f3<\/td>\n<td style=\"width: 256px; height: 33px; text-align: center; vertical-align: top;\"><\/td>\n<\/tr>\n<tr style=\"height: 33px;\">\n<td style=\"width: 241px; height: 33px; text-align: center; vertical-align: top;\"><\/td>\n<td style=\"width: 253px; height: 33px; text-align: center; vertical-align: top;\"><\/td>\n<td style=\"width: 250px; height: 33px; text-align: center; vertical-align: top;\"><\/td>\n<td style=\"width: 256px; height: 33px; text-align: center; vertical-align: top;\"><\/td>\n<\/tr>\n<tr style=\"height: 5px;\">\n<td style=\"width: 1006px; height: 5px; background-color: #dddddd; border-style: hidden;\" colspan=\"4\"><\/td>\n<\/tr>\n<\/tbody>\n<\/table>\n","protected":false},"excerpt":{"rendered":"<p>Professorat curs 2023-24 &nbsp; Javi Luengo &nbsp; El nostre departament s&#8217;encarrega de dues assignatures essencialment visuals: la que sovint anomenem Dibuix art\u00edstic i l&#8217;assignatura de Dibuix T\u00e8cnic. Ambdues assignatures s\u00f3n igualment importants i entre elles es complementen. Una s&#8217;encarrega de donar sentit, entendre i produir missatges visuals a trav\u00e9s d&#8217;imatges pl\u00e0stiques. L&#8217;altra s&#8217;encarrega de donar [&hellip;]<\/p>\n","protected":false},"author":1,"featured_media":0,"parent":1379,"menu_order":30,"comment_status":"closed","ping_status":"closed","template":"page-templates\/side-menu.php","meta":{"_bbp_topic_count":0,"_bbp_reply_count":0,"_bbp_total_topic_count":0,"_bbp_total_reply_count":0,"_bbp_voice_count":0,"_bbp_anonymous_reply_count":0,"_bbp_topic_count_hidden":0,"_bbp_reply_count_hidden":0,"_bbp_forum_subforum_count":0,"site-sidebar-layout":"default","site-content-layout":"","ast-site-content-layout":"","site-content-style":"default","site-sidebar-style":"default","ast-global-header-display":"","ast-banner-title-visibility":"","ast-main-header-display":"","ast-hfb-above-header-display":"","ast-hfb-below-header-display":"","ast-hfb-mobile-header-display":"","site-post-title":"","ast-breadcrumbs-content":"","ast-featured-img":"","footer-sml-layout":"","theme-transparent-header-meta":"","adv-header-id-meta":"","stick-header-meta":"","header-above-stick-meta":"","header-main-stick-meta":"","header-below-stick-meta":"","astra-migrate-meta-layouts":"default","ast-page-background-enabled":"default","ast-page-background-meta":{"desktop":{"background-color":"var(--ast-global-color-4)","background-image":"","background-repeat":"repeat","background-position":"center center","background-size":"auto","background-attachment":"scroll","background-type":"","background-media":"","overlay-type":"","overlay-color":"","overlay-opacity":"","overlay-gradient":""},"tablet":{"background-color":"","background-image":"","background-repeat":"repeat","background-position":"center center","background-size":"auto","background-attachment":"scroll","background-type":"","background-media":"","overlay-type":"","overlay-color":"","overlay-opacity":"","overlay-gradient":""},"mobile":{"background-color":"","background-image":"","background-repeat":"repeat","background-position":"center center","background-size":"auto","background-attachment":"scroll","background-type":"","background-media":"","overlay-type":"","overlay-color":"","overlay-opacity":"","overlay-gradient":""}},"ast-content-background-meta":{"desktop":{"background-color":"var(--ast-global-color-5)","background-image":"","background-repeat":"repeat","background-position":"center center","background-size":"auto","background-attachment":"scroll","background-type":"","background-media":"","overlay-type":"","overlay-color":"","overlay-opacity":"","overlay-gradient":""},"tablet":{"background-color":"var(--ast-global-color-5)","background-image":"","background-repeat":"repeat","background-position":"center center","background-size":"auto","background-attachment":"scroll","background-type":"","background-media":"","overlay-type":"","overlay-color":"","overlay-opacity":"","overlay-gradient":""},"mobile":{"background-color":"var(--ast-global-color-5)","background-image":"","background-repeat":"repeat","background-position":"center center","background-size":"auto","background-attachment":"scroll","background-type":"","background-media":"","overlay-type":"","overlay-color":"","overlay-opacity":"","overlay-gradient":""}},"footnotes":""},"class_list":["post-1383","page","type-page","status-publish","hentry"],"post_mailing_queue_ids":[],"_links":{"self":[{"href":"https:\/\/agora.xtec.cat\/insperecalders\/wp-json\/wp\/v2\/pages\/1383","targetHints":{"allow":["GET"]}}],"collection":[{"href":"https:\/\/agora.xtec.cat\/insperecalders\/wp-json\/wp\/v2\/pages"}],"about":[{"href":"https:\/\/agora.xtec.cat\/insperecalders\/wp-json\/wp\/v2\/types\/page"}],"author":[{"embeddable":true,"href":"https:\/\/agora.xtec.cat\/insperecalders\/wp-json\/wp\/v2\/users\/1"}],"replies":[{"embeddable":true,"href":"https:\/\/agora.xtec.cat\/insperecalders\/wp-json\/wp\/v2\/comments?post=1383"}],"version-history":[{"count":4,"href":"https:\/\/agora.xtec.cat\/insperecalders\/wp-json\/wp\/v2\/pages\/1383\/revisions"}],"predecessor-version":[{"id":6298,"href":"https:\/\/agora.xtec.cat\/insperecalders\/wp-json\/wp\/v2\/pages\/1383\/revisions\/6298"}],"up":[{"embeddable":true,"href":"https:\/\/agora.xtec.cat\/insperecalders\/wp-json\/wp\/v2\/pages\/1379"}],"wp:attachment":[{"href":"https:\/\/agora.xtec.cat\/insperecalders\/wp-json\/wp\/v2\/media?parent=1383"}],"curies":[{"name":"wp","href":"https:\/\/api.w.org\/{rel}","templated":true}]}}