{"id":1320,"date":"2019-10-18T11:58:25","date_gmt":"2019-10-18T09:58:25","guid":{"rendered":"http:\/\/agora.xtec.cat\/insperecalders\/?page_id=1320"},"modified":"2021-10-27T13:10:49","modified_gmt":"2021-10-27T11:10:49","slug":"estades-linguistiques-i-intercanvis","status":"publish","type":"page","link":"https:\/\/agora.xtec.cat\/insperecalders\/identitat-de-centre\/activitats-de-centre\/estades-linguistiques-i-intercanvis\/","title":{"rendered":"Estades ling\u00fc\u00edstiques i intercanvis"},"content":{"rendered":"<table style=\"width: x; border-style: hidden;\">\n<tbody>\n<tr style=\"border-style: hidden; height: 5px;\">\n<td style=\"width: 996px; height: 5px; background-color: #99cccc; border-style: hidden;\" colspan=\"3\"><\/td>\n<\/tr>\n<tr style=\"background-color: #dddddd; height: 5px; border-style: hidden;\">\n<td style=\"width: 996px;\" colspan=\"3\"><\/td>\n<\/tr>\n<tr style=\"border-style: hidden;\">\n<td style=\"width: 470px; border-style: hidden; vertical-align: top;\" colspan=\"3\">\n<h5 style=\"text-align: left;\"><strong>ESTADES LING\u00dc\u00cdSTIQUES\u00a0<\/strong><\/h5>\n<p style=\"text-align: justify;\"><a href=\"https:\/\/agora.xtec.cat\/insperecalders\/wp-content\/uploads\/usu1895\/2019\/10\/intercanvi_hamburg1_34.jpg\"><img loading=\"lazy\" decoding=\"async\" class=\"wp-image-1326 alignright\" src=\"https:\/\/agora.xtec.cat\/insperecalders\/wp-content\/uploads\/usu1895\/2019\/10\/intercanvi_hamburg1_34-1024x535.jpg\" alt=\"\" width=\"604\" height=\"316\" srcset=\"https:\/\/agora.xtec.cat\/insperecalders\/wp-content\/uploads\/usu1895\/2019\/10\/intercanvi_hamburg1_34-1024x535.jpg 1024w, https:\/\/agora.xtec.cat\/insperecalders\/wp-content\/uploads\/usu1895\/2019\/10\/intercanvi_hamburg1_34-300x157.jpg 300w, https:\/\/agora.xtec.cat\/insperecalders\/wp-content\/uploads\/usu1895\/2019\/10\/intercanvi_hamburg1_34-768x401.jpg 768w, https:\/\/agora.xtec.cat\/insperecalders\/wp-content\/uploads\/usu1895\/2019\/10\/intercanvi_hamburg1_34.jpg 1600w\" sizes=\"auto, (max-width: 604px) 100vw, 604px\" \/><\/a>Amb el prop\u00f2sit de <strong>potenciar<\/strong> les compet\u00e8ncies ling\u00fc\u00edstiques de l&#8217;\u00e0mbit comunicatiu en llengua anglesa, ens hem proposat que els alumnes de <strong>3r d&#8217;ESO<\/strong>\u00a0i <strong>1r BAT<\/strong> <strong>realitzin una sortida en un pa\u00eds de parla angl\u00f2fona<\/strong>.<\/p>\n<p style=\"text-align: justify;\">\u00c9s per aquest motiu que, juntament amb l&#8217;ag\u00e8ncia de viatges <strong>Cum Laude<\/strong>, hem organitzat una estada de cinc dies a <strong>Cambridge<\/strong>, Regne Unit.<\/p>\n<p style=\"text-align: justify;\">Durant aquesta estada, els alumnes assistiran a <strong>classes d&#8217;angl\u00e8s<\/strong> en una escola al mateix temps que participaran en excursions i faran <strong>immersi\u00f3 ling\u00fc\u00edstica<\/strong> en una <strong>fam\u00edlia d\u2019acollida<\/strong>.<\/p>\n<\/td>\n<\/tr>\n<tr style=\"border-style: hidden;\">\n<td style=\"width: 470px; vertical-align: top; border-style: hidden;\" colspan=\"3\"><a href=\"https:\/\/agora.xtec.cat\/insperecalders\/wp-content\/uploads\/usu1895\/2019\/10\/d037b861-f5f6-47d9-80d9-e331d1a83b74-e1571432631742.jpg\"><img loading=\"lazy\" decoding=\"async\" class=\"wp-image-1329 alignleft\" src=\"https:\/\/agora.xtec.cat\/insperecalders\/wp-content\/uploads\/usu1895\/2019\/10\/d037b861-f5f6-47d9-80d9-e331d1a83b74-e1571432631742-1024x690.jpg\" alt=\"\" width=\"374\" height=\"252\" srcset=\"https:\/\/agora.xtec.cat\/insperecalders\/wp-content\/uploads\/usu1895\/2019\/10\/d037b861-f5f6-47d9-80d9-e331d1a83b74-e1571432631742-1024x690.jpg 1024w, https:\/\/agora.xtec.cat\/insperecalders\/wp-content\/uploads\/usu1895\/2019\/10\/d037b861-f5f6-47d9-80d9-e331d1a83b74-e1571432631742-300x202.jpg 300w, https:\/\/agora.xtec.cat\/insperecalders\/wp-content\/uploads\/usu1895\/2019\/10\/d037b861-f5f6-47d9-80d9-e331d1a83b74-e1571432631742-768x518.jpg 768w, https:\/\/agora.xtec.cat\/insperecalders\/wp-content\/uploads\/usu1895\/2019\/10\/d037b861-f5f6-47d9-80d9-e331d1a83b74-e1571432631742.jpg 1424w\" sizes=\"auto, (max-width: 374px) 100vw, 374px\" \/><\/a><\/p>\n<h5 style=\"text-align: justify;\"><strong>INTERCANVIS<br \/>\n<\/strong><\/h5>\n<p style=\"text-align: justify;\">En el marc d\u2019aprenentatge de lleng\u00fces (alemany i angl\u00e8s) es realitzen diversos intercanvis ling\u00fc\u00edstics i culturals.<\/p>\n<p style=\"text-align: justify;\"><strong>\u00a0\u27a1\u00a0\u00a0 4t ESO:<\/strong> Intercanvi amb una escola d\u2019<strong>Hamburg<\/strong> que realitzen majorit\u00e0riament els alumnes que a 3r d&#8217;ESO han fet l\u2019assignatura d\u2019alemany.<\/p>\n<p style=\"text-align: justify;\"><strong>\u00a0\u27a1\u00a0\u00a0 1r BAT :\u00a0<\/strong> Enguany oferim als alumnes de batxillerat<strong> l&#8217;intercanvi<\/strong>, \u00a0amb l\u2019<strong>escola da Vinci de Purmerend<\/strong> (ciutat a 20 km d\u2019<strong>Amsterdam<\/strong>).<\/p>\n<\/td>\n<\/tr>\n<tr style=\"border-style: hidden;\">\n<td style=\"width: 996px; border-style: hidden;\" colspan=\"3\">\n<h6 style=\"text-align: justify;\"><strong>Aquests intercanvis s\u00f3n una manera genial de practicar la llengua i tamb\u00e9 de tenir l\u2019experi\u00e8ncia de viure durant un temps amb una fam\u00edlia que no \u00e9s la teva i que pot tenir costums i h\u00e0bits diferents. \u00c9s una bona manera de madurar i responsabilitzar-se!<\/strong><\/h6>\n<\/td>\n<\/tr>\n<tr>\n<td style=\"width: 996px; height: 5px; background-color: #dddddd; border-style: hidden;\" colspan=\"3\"><\/td>\n<\/tr>\n<\/tbody>\n<\/table>\n","protected":false},"excerpt":{"rendered":"<p>ESTADES LING\u00dc\u00cdSTIQUES\u00a0 Amb el prop\u00f2sit de potenciar les compet\u00e8ncies ling\u00fc\u00edstiques de l&#8217;\u00e0mbit comunicatiu en llengua anglesa, ens hem proposat que els alumnes de 3r d&#8217;ESO\u00a0i 1r BAT realitzin una sortida en un pa\u00eds de parla angl\u00f2fona. \u00c9s per aquest motiu que, juntament amb l&#8217;ag\u00e8ncia de viatges Cum Laude, hem organitzat una estada de cinc dies [&hellip;]<\/p>\n","protected":false},"author":1,"featured_media":0,"parent":1082,"menu_order":1,"comment_status":"closed","ping_status":"closed","template":"page-templates\/side-menu.php","meta":{"_bbp_topic_count":0,"_bbp_reply_count":0,"_bbp_total_topic_count":0,"_bbp_total_reply_count":0,"_bbp_voice_count":0,"_bbp_anonymous_reply_count":0,"_bbp_topic_count_hidden":0,"_bbp_reply_count_hidden":0,"_bbp_forum_subforum_count":0,"site-sidebar-layout":"default","site-content-layout":"","ast-site-content-layout":"","site-content-style":"default","site-sidebar-style":"default","ast-global-header-display":"","ast-banner-title-visibility":"","ast-main-header-display":"","ast-hfb-above-header-display":"","ast-hfb-below-header-display":"","ast-hfb-mobile-header-display":"","site-post-title":"","ast-breadcrumbs-content":"","ast-featured-img":"","footer-sml-layout":"","theme-transparent-header-meta":"","adv-header-id-meta":"","stick-header-meta":"","header-above-stick-meta":"","header-main-stick-meta":"","header-below-stick-meta":"","astra-migrate-meta-layouts":"default","ast-page-background-enabled":"default","ast-page-background-meta":{"desktop":{"background-color":"var(--ast-global-color-4)","background-image":"","background-repeat":"repeat","background-position":"center center","background-size":"auto","background-attachment":"scroll","background-type":"","background-media":"","overlay-type":"","overlay-color":"","overlay-opacity":"","overlay-gradient":""},"tablet":{"background-color":"","background-image":"","background-repeat":"repeat","background-position":"center center","background-size":"auto","background-attachment":"scroll","background-type":"","background-media":"","overlay-type":"","overlay-color":"","overlay-opacity":"","overlay-gradient":""},"mobile":{"background-color":"","background-image":"","background-repeat":"repeat","background-position":"center center","background-size":"auto","background-attachment":"scroll","background-type":"","background-media":"","overlay-type":"","overlay-color":"","overlay-opacity":"","overlay-gradient":""}},"ast-content-background-meta":{"desktop":{"background-color":"var(--ast-global-color-5)","background-image":"","background-repeat":"repeat","background-position":"center center","background-size":"auto","background-attachment":"scroll","background-type":"","background-media":"","overlay-type":"","overlay-color":"","overlay-opacity":"","overlay-gradient":""},"tablet":{"background-color":"var(--ast-global-color-5)","background-image":"","background-repeat":"repeat","background-position":"center center","background-size":"auto","background-attachment":"scroll","background-type":"","background-media":"","overlay-type":"","overlay-color":"","overlay-opacity":"","overlay-gradient":""},"mobile":{"background-color":"var(--ast-global-color-5)","background-image":"","background-repeat":"repeat","background-position":"center center","background-size":"auto","background-attachment":"scroll","background-type":"","background-media":"","overlay-type":"","overlay-color":"","overlay-opacity":"","overlay-gradient":""}},"footnotes":""},"class_list":["post-1320","page","type-page","status-publish","hentry"],"post_mailing_queue_ids":[],"_links":{"self":[{"href":"https:\/\/agora.xtec.cat\/insperecalders\/wp-json\/wp\/v2\/pages\/1320","targetHints":{"allow":["GET"]}}],"collection":[{"href":"https:\/\/agora.xtec.cat\/insperecalders\/wp-json\/wp\/v2\/pages"}],"about":[{"href":"https:\/\/agora.xtec.cat\/insperecalders\/wp-json\/wp\/v2\/types\/page"}],"author":[{"embeddable":true,"href":"https:\/\/agora.xtec.cat\/insperecalders\/wp-json\/wp\/v2\/users\/1"}],"replies":[{"embeddable":true,"href":"https:\/\/agora.xtec.cat\/insperecalders\/wp-json\/wp\/v2\/comments?post=1320"}],"version-history":[{"count":3,"href":"https:\/\/agora.xtec.cat\/insperecalders\/wp-json\/wp\/v2\/pages\/1320\/revisions"}],"predecessor-version":[{"id":4598,"href":"https:\/\/agora.xtec.cat\/insperecalders\/wp-json\/wp\/v2\/pages\/1320\/revisions\/4598"}],"up":[{"embeddable":true,"href":"https:\/\/agora.xtec.cat\/insperecalders\/wp-json\/wp\/v2\/pages\/1082"}],"wp:attachment":[{"href":"https:\/\/agora.xtec.cat\/insperecalders\/wp-json\/wp\/v2\/media?parent=1320"}],"curies":[{"name":"wp","href":"https:\/\/api.w.org\/{rel}","templated":true}]}}