{"id":1247,"date":"2019-10-11T18:32:25","date_gmt":"2019-10-11T16:32:25","guid":{"rendered":"http:\/\/agora.xtec.cat\/insperecalders\/?page_id=1247"},"modified":"2026-01-09T11:42:01","modified_gmt":"2026-01-09T10:42:01","slug":"ampa","status":"publish","type":"page","link":"https:\/\/agora.xtec.cat\/insperecalders\/ampa\/","title":{"rendered":"AFA &#8211; Associaci\u00f3 de Fam\u00edlies d&#8217;Alumnes"},"content":{"rendered":"<p>\u200b<\/p>\n<table style=\"border-style: hidden; width: 100%; height: 761px;\" width=\"x\">\n<tbody>\n<tr style=\"border-style: hidden; height: 5px;\">\n<td style=\"width: 99.5958%; height: 5px; border-style: hidden; background-color: #99cccc;\" colspan=\"3\"><\/td>\n<\/tr>\n<tr style=\"height: 5px; border-style: hidden;\">\n<td style=\"width: 99.5958%; border-style: hidden; background-color: #dddddd; height: 5px;\" colspan=\"3\"><\/td>\n<\/tr>\n<tr style=\"height: 124px; border-style: hidden;\">\n<td style=\"width: 84.0936%; height: 92px; border-style: hidden; vertical-align: top;\" colspan=\"2\">\n<p style=\"text-align: justify;\">L&#8217;AFA \u00e9s l&#8217;entitat sense afany de lucre que agrupa volunt\u00e0riament <strong>les fam\u00edlies<\/strong>\u00a0de l&#8217;INS Pere Calders que ho desitgen. El seu funcionament <strong>es basa en el <span style=\"color: #ff0000;\"><strong>di\u00e0leg i en la col\u00b7laboraci\u00f3<\/strong> <\/span><\/strong>amb els diversos sectors de la comunitat educativa. Podeu fer qualsevol <span style=\"color: #008080;\"><strong>aportaci\u00f3<\/strong> <\/span>que cregueu convenient mitjan\u00e7ant el correu de l&#8217;AFA.<\/p>\n<p style=\"text-align: justify;\">Escriu-nos al <span id=\"cloak9321c5907c0e068150e43ef53425bcaf\"><a href=\"mailto:afa@insperecalders.cat\u200b\"><strong>correu de l&#8217;AFA<\/strong><\/a>!<\/span><\/p>\n<\/td>\n<td style=\"width: 15.5022%; height: 92px; border-style: hidden; vertical-align: top;\"><img loading=\"lazy\" decoding=\"async\" class=\"alignright size-large wp-image-6060\" src=\"https:\/\/agora.xtec.cat\/insperecalders\/wp-content\/uploads\/usu1895\/2023\/05\/Nou-Logo-AFA-1024x1024.jpg\" alt=\"\" width=\"1024\" height=\"1024\" \/><\/td>\n<\/tr>\n<tr style=\"height: 33px;\">\n<td style=\"width: 46.7249%; background-color: #f0c85b; height: 33px; text-align: center;\"><span style=\"color: #ffffff;\"><strong> QUI FORMA PART DE LA JUNTA?<\/strong><\/span><\/td>\n<td style=\"width: 52.8709%; height: 33px; background-color: #4d91a1; text-align: center;\" colspan=\"2\"><span style=\"color: #ffffff;\"><strong> PER A QU\u00c8 SERVEIX?<\/strong><\/span><\/td>\n<\/tr>\n<tr style=\"height: 326px;\">\n<td style=\"width: 46.7249%; height: 580px; background-color: #eeeeee; vertical-align: top;\" rowspan=\"3\">\n<p style=\"text-align: justify;\">La Junta <strong>regeix<\/strong>, <strong>administra<\/strong> i <strong>representa<\/strong> l&#8217;associaci\u00f3, i est\u00e0 formada per la <strong>presidenta<\/strong>, la <strong>secret\u00e0ria<\/strong>, <strong>la tresorera<\/strong>, la <strong>representant al consell escolar<\/strong> i els<strong> vocals<\/strong>.<\/p>\n<p style=\"text-align: justify;\">Aquests c\u00e0rrecs s\u00f3n exercits <strong>volunt\u00e0riament<\/strong> per persones diferents.<\/p>\n<p style=\"text-align: justify;\">A la taula seg\u00fcent podeu veure els membres que la formen actualment i el seu c\u00e0rrec.<\/p>\n<table class=\" aligncenter\" style=\"height: 296px; border-style: none; width: 90.0036%;\">\n<tbody>\n<tr style=\"height: 29px;\">\n<td style=\"width: 55.0725%; height: 29px;\"><strong>Presidenta<\/strong><\/td>\n<td style=\"width: 44.9275%; height: 29px;\"><span style=\"color: #008080;\"><strong>Vanessa Leo Lopez<\/strong><\/span><\/td>\n<\/tr>\n<tr style=\"height: 29px;\">\n<td style=\"width: 55.0725%; height: 29px;\"><strong>Secret\u00e0ria<\/strong><\/td>\n<td style=\"width: 44.9275%; height: 29px;\"><span style=\"color: #008080;\"><strong>Maria del Mar Griera Llonch<\/strong><\/span><\/td>\n<\/tr>\n<tr style=\"height: 29px;\">\n<td style=\"width: 55.0725%; height: 29px;\"><strong>Representant\u00a0 Consell Escolar<\/strong><\/td>\n<td style=\"width: 44.9275%; height: 29px;\"><span style=\"color: #008080;\"><strong>Marta Bux\u00f3 Ni\u00f1\u00e0<\/strong><\/span><\/td>\n<\/tr>\n<tr style=\"height: 29px;\">\n<td style=\"width: 55.0725%; height: 29px;\"><strong>Tresorera<\/strong><\/td>\n<td style=\"width: 44.9275%; height: 29px;\"><span style=\"color: #008080;\"><strong>Marta Bux\u00f3 Ni\u00f1\u00e0<\/strong><\/span><\/td>\n<\/tr>\n<tr style=\"height: 82px;\">\n<td style=\"width: 55.0725%; height: 82px;\"><strong>Comunicaci\u00f3<\/strong><\/td>\n<td style=\"width: 44.9275%; height: 82px;\"><span style=\"color: #008080;\"><strong>Muriel Arimon Bed\u00f3s<\/strong><\/span><\/td>\n<\/tr>\n<tr style=\"height: 70px;\">\n<td style=\"width: 100%; text-align: justify; height: 70px;\" colspan=\"2\"><strong>Vocals:<\/strong> Cristina Buscarons, M\u00f2nica L\u00f3pez, Merc\u00e8 Mart\u00ednez, Cristina Fern\u00e1ndez, Jenni Barrios, Alicia Barreira, Adricia Angelo.<span style=\"color: #008080;\"><strong><br \/>\n<\/strong><\/span><\/td>\n<\/tr>\n<\/tbody>\n<\/table>\n<\/td>\n<td style=\"width: 52.8709%; vertical-align: top; height: 326px;\" colspan=\"2\">\n<ul>\n<li style=\"text-align: justify;\">\u00c9s el principal interlocutor que tenen els mestres i els equips directius per a tractar els temes que afecten a tot el col\u00b7lectiu de fam\u00edlies.<\/li>\n<li style=\"text-align: justify;\">Permet als pares i a les mares reflexionar i opinar sobre el funcionament quotidi\u00e0 de l&#8217;institut sobre temes educatius d&#8217;abast m\u00e9s general.<\/li>\n<li style=\"text-align: justify;\">Administra i gestiona els recursos que aporten les persones associades.<\/li>\n<li style=\"text-align: justify;\">Participa en la presa de decisions i en el govern del centre mitjan\u00e7ant un representant al Consell Escolar.<\/li>\n<li style=\"text-align: justify;\">Fa el seguiment de q\u00fcestions com les subvencions, el descompte i\/o socialitzaci\u00f3 dels llibres.<\/li>\n<li style=\"text-align: justify;\">Coordina les activitats esportives extraescolars com el b\u00e0squet, i el volei.<\/li>\n<li>Col\u00b7labora en iniciatives organitzades per l\u2019alumnat, com el final de curs d\u2019ESO i Batxillerat o la Diada de Sant Jordi.<\/li>\n<li>Impulsa la millora d&#8217;infraestructures i l&#8217;adequaci\u00f3 d&#8217;espais<span style=\"font-family: inherit; font-size: 1em;\">.<\/span><\/li>\n<\/ul>\n<\/td>\n<\/tr>\n<tr style=\"height: 15px;\">\n<td style=\"width: 52.8709%; height: 15px; background-color: #a5d9d5; text-align: center;\" colspan=\"2\"><strong><span style=\"color: #808080;\">NOT\u00cdCIES<\/span><br \/>\n<\/strong><\/td>\n<\/tr>\n<tr style=\"height: 33px;\">\n<td style=\"width: 52.8709%; height: 239px;\" colspan=\"2\"><img loading=\"lazy\" decoding=\"async\" class=\"wp-image-7035 alignleft\" src=\"https:\/\/agora.xtec.cat\/insperecalders\/wp-content\/uploads\/usu1895\/2025\/04\/TelegramAFA.png\" alt=\"\" width=\"94\" height=\"94\" \/><\/p>\n<p><strong>Tenim un canal de telegram on enviem informacions i novetats,<a href=\"https:\/\/t.me\/+IsJM58kxVlowYzc8\"> subscriu-t&#8217;hi<\/a>!\u00a0<\/strong><\/td>\n<\/tr>\n<tr style=\"height: 5px;\">\n<td style=\"width: 99.5958%; height: 36px; vertical-align: top;\" colspan=\"3\"><\/td>\n<\/tr>\n<tr style=\"height: 5px;\">\n<td style=\"width: 99.5958%; height: 10px; border-style: hidden; background-color: #dddddd;\" colspan=\"3\"><\/td>\n<\/tr>\n<\/tbody>\n<\/table>\n","protected":false},"excerpt":{"rendered":"<p>\u200b L&#8217;AFA \u00e9s l&#8217;entitat sense afany de lucre que agrupa volunt\u00e0riament les fam\u00edlies\u00a0de l&#8217;INS Pere Calders que ho desitgen. El seu funcionament es basa en el di\u00e0leg i en la col\u00b7laboraci\u00f3 amb els diversos sectors de la comunitat educativa. Podeu fer qualsevol aportaci\u00f3 que cregueu convenient mitjan\u00e7ant el correu de l&#8217;AFA. Escriu-nos al correu de [&hellip;]<\/p>\n","protected":false},"author":1,"featured_media":0,"parent":0,"menu_order":0,"comment_status":"closed","ping_status":"closed","template":"","meta":{"_bbp_topic_count":0,"_bbp_reply_count":0,"_bbp_total_topic_count":0,"_bbp_total_reply_count":0,"_bbp_voice_count":0,"_bbp_anonymous_reply_count":0,"_bbp_topic_count_hidden":0,"_bbp_reply_count_hidden":0,"_bbp_forum_subforum_count":0,"site-sidebar-layout":"default","site-content-layout":"","ast-site-content-layout":"default","site-content-style":"default","site-sidebar-style":"default","ast-global-header-display":"","ast-banner-title-visibility":"","ast-main-header-display":"","ast-hfb-above-header-display":"","ast-hfb-below-header-display":"","ast-hfb-mobile-header-display":"","site-post-title":"","ast-breadcrumbs-content":"","ast-featured-img":"","footer-sml-layout":"","theme-transparent-header-meta":"default","adv-header-id-meta":"","stick-header-meta":"","header-above-stick-meta":"","header-main-stick-meta":"","header-below-stick-meta":"","astra-migrate-meta-layouts":"set","ast-page-background-enabled":"default","ast-page-background-meta":{"desktop":{"background-color":"var(--ast-global-color-4)","background-image":"","background-repeat":"repeat","background-position":"center center","background-size":"auto","background-attachment":"scroll","background-type":"","background-media":"","overlay-type":"","overlay-color":"","overlay-opacity":"","overlay-gradient":""},"tablet":{"background-color":"","background-image":"","background-repeat":"repeat","background-position":"center center","background-size":"auto","background-attachment":"scroll","background-type":"","background-media":"","overlay-type":"","overlay-color":"","overlay-opacity":"","overlay-gradient":""},"mobile":{"background-color":"","background-image":"","background-repeat":"repeat","background-position":"center center","background-size":"auto","background-attachment":"scroll","background-type":"","background-media":"","overlay-type":"","overlay-color":"","overlay-opacity":"","overlay-gradient":""}},"ast-content-background-meta":{"desktop":{"background-color":"var(--ast-global-color-5)","background-image":"","background-repeat":"repeat","background-position":"center center","background-size":"auto","background-attachment":"scroll","background-type":"","background-media":"","overlay-type":"","overlay-color":"","overlay-opacity":"","overlay-gradient":""},"tablet":{"background-color":"var(--ast-global-color-5)","background-image":"","background-repeat":"repeat","background-position":"center center","background-size":"auto","background-attachment":"scroll","background-type":"","background-media":"","overlay-type":"","overlay-color":"","overlay-opacity":"","overlay-gradient":""},"mobile":{"background-color":"var(--ast-global-color-5)","background-image":"","background-repeat":"repeat","background-position":"center center","background-size":"auto","background-attachment":"scroll","background-type":"","background-media":"","overlay-type":"","overlay-color":"","overlay-opacity":"","overlay-gradient":""}},"footnotes":""},"class_list":["post-1247","page","type-page","status-publish","hentry"],"post_mailing_queue_ids":[],"_links":{"self":[{"href":"https:\/\/agora.xtec.cat\/insperecalders\/wp-json\/wp\/v2\/pages\/1247","targetHints":{"allow":["GET"]}}],"collection":[{"href":"https:\/\/agora.xtec.cat\/insperecalders\/wp-json\/wp\/v2\/pages"}],"about":[{"href":"https:\/\/agora.xtec.cat\/insperecalders\/wp-json\/wp\/v2\/types\/page"}],"author":[{"embeddable":true,"href":"https:\/\/agora.xtec.cat\/insperecalders\/wp-json\/wp\/v2\/users\/1"}],"replies":[{"embeddable":true,"href":"https:\/\/agora.xtec.cat\/insperecalders\/wp-json\/wp\/v2\/comments?post=1247"}],"version-history":[{"count":9,"href":"https:\/\/agora.xtec.cat\/insperecalders\/wp-json\/wp\/v2\/pages\/1247\/revisions"}],"predecessor-version":[{"id":7216,"href":"https:\/\/agora.xtec.cat\/insperecalders\/wp-json\/wp\/v2\/pages\/1247\/revisions\/7216"}],"wp:attachment":[{"href":"https:\/\/agora.xtec.cat\/insperecalders\/wp-json\/wp\/v2\/media?parent=1247"}],"curies":[{"name":"wp","href":"https:\/\/api.w.org\/{rel}","templated":true}]}}