{"id":1152,"date":"2019-10-02T19:49:26","date_gmt":"2019-10-02T17:49:26","guid":{"rendered":"http:\/\/agora.xtec.cat\/insperecalders\/?page_id=1152"},"modified":"2020-02-13T11:00:36","modified_gmt":"2020-02-13T10:00:36","slug":"repte-empren_la-caixa","status":"publish","type":"page","link":"https:\/\/agora.xtec.cat\/insperecalders\/identitat-de-centre\/activitats-de-centre\/repte-empren_la-caixa\/","title":{"rendered":"Repte Empr\u00e8n_La Caixa"},"content":{"rendered":"<table style=\"height: 1494px; border-style: hidden;\">\n<tbody>\n<tr style=\"height: 5px; border-style: hidden;\">\n<td style=\"width: 996px; height: 5px; border-style: hidden; border-color: #99cccc; background-color: #99cccc;\" colspan=\"2\"><\/td>\n<\/tr>\n<tr style=\"height: 5px; border-style: hidden;\">\n<td style=\"width: 996px; height: 5px; border-style: hidden; background-color: #dddddd;\" colspan=\"2\"><\/td>\n<\/tr>\n<tr>\n<td colspan=\"2\">\n<p style=\"text-align: justify;\">El nostre institut participa, des del curs 2014-2015, al <a href=\"http:\/\/repteempren.educaixa.com\/ca\/\" target=\"_blank\" rel=\"noopener noreferrer\"><span style=\"color: #3366ff;\"><strong>Repte Empr\u00e8n<\/strong><\/span><\/a> de la Caixa. \u00c9s una oportunitat per que els nostres joves estudiants <strong>d\u2019Emprenedoria (4t d\u2019ESO) i Economia de l\u2019Empresa (1r de Batxillerat)<\/strong> treballin conjuntament per <strong><span style=\"color: #3366ff;\">crear i desenvolupar<\/span><\/strong> una idea de negoci. Cada any els alumnes de l\u2019Institut Pere Calders preparen una idea de negoci i concursen per guanyar un viatge a <strong><span style=\"color: #ff0000;\">Sillicon Valley<\/span><\/strong>.<\/p>\n<\/td>\n<\/tr>\n<tr>\n<td style=\"background-color: #99cccc; text-align: right;\" colspan=\"2\"><span style=\"color: #ffffff;\"><strong>Repte Empr\u00e8n_febrer_2020<\/strong><\/span><\/td>\n<\/tr>\n<tr>\n<td style=\"width: 996px;\" colspan=\"2\"><a href=\"https:\/\/agora.xtec.cat\/insperecalders\/wp-content\/uploads\/usu1895\/2020\/02\/6a98e720-b043-4157-88b2-9477a5ca0df0-e1581585167405.jpg\"><img loading=\"lazy\" decoding=\"async\" class=\"alignnone size-full wp-image-2566\" src=\"https:\/\/agora.xtec.cat\/insperecalders\/wp-content\/uploads\/usu1895\/2020\/02\/6a98e720-b043-4157-88b2-9477a5ca0df0-e1581585167405.jpg\" alt=\"\" width=\"1599\" height=\"947\" srcset=\"https:\/\/agora.xtec.cat\/insperecalders\/wp-content\/uploads\/usu1895\/2020\/02\/6a98e720-b043-4157-88b2-9477a5ca0df0-e1581585167405.jpg 1599w, https:\/\/agora.xtec.cat\/insperecalders\/wp-content\/uploads\/usu1895\/2020\/02\/6a98e720-b043-4157-88b2-9477a5ca0df0-e1581585167405-300x178.jpg 300w, https:\/\/agora.xtec.cat\/insperecalders\/wp-content\/uploads\/usu1895\/2020\/02\/6a98e720-b043-4157-88b2-9477a5ca0df0-e1581585167405-768x455.jpg 768w, https:\/\/agora.xtec.cat\/insperecalders\/wp-content\/uploads\/usu1895\/2020\/02\/6a98e720-b043-4157-88b2-9477a5ca0df0-e1581585167405-1024x606.jpg 1024w\" sizes=\"auto, (max-width: 1599px) 100vw, 1599px\" \/><\/a><\/p>\n<p style=\"text-align: justify;\">Els nostres estudiants (<strong>Paula Pav\u00f3n, Pol Mar\u00edn, Anna Martinez, Emma Mart\u00ednez i Jorge Rom\u00e1n<\/strong>), guanyadors del Repte Empren 2019, han sigut seleccionats per fer <span style=\"color: #ff0000;\"><strong>realitat<\/strong><\/span> el seu somni de crear i comercialitzar el seu <span style=\"color: #008080;\"><strong>pl\u00e0stic biodegradable<\/strong><\/span> fet amb <strong>pell de taronja<\/strong><span style=\"font-family: inherit; font-size: 1em;\">. <\/span><\/p>\n<p style=\"text-align: justify;\"><span style=\"font-family: inherit; font-size: 1em;\">Els estudiants, que ara cursen 1r de batxillerat, tenen l&#8217;oportunitat de fer realitat la seva <strong>idea de negoci<\/strong> a trav\u00e9s de la incubadora del programa Joves Emprenedors d&#8217;EduCaixa. \u00c9s una proposta formativa basada en la <span style=\"color: #ff0000;\"><strong>metodologia Lean Start Up<\/strong><\/span>. El seu viatge formatiu a Sillicon Valley d&#8217;aquest estiu els est\u00e0 aportant <strong>fruits i aprenentatges<\/strong>, que continuen durant aquest any 2020 amb els seus mentors i partners (DXC Technology). Cada dijous a la tarda tenen reunions i estan ja preparant els prototips.<\/span><\/p>\n<h4><strong>Not\u00edcies:<\/strong><\/h4>\n<p>\u27a1\u00a0 \u00a0 <a href=\"http:\/\/cerdanyola.info\/societat\/alumnat-de-1r-de-batxillerat-de-linstitut-pere-calders-treballen-en-una-alternativa-al-plastic\/\" target=\"_blank\" rel=\"noopener noreferrer\"><span style=\"color: #ff0000;\"><strong>Cerdanyola Info<\/strong><\/span><\/a><\/td>\n<\/tr>\n<tr style=\"border-style: hidden; height: 10px;\">\n<td style=\"width: 996px; background-color: #9fcad1; border-style: hidden; height: 10px; text-align: right;\" colspan=\"2\"><span style=\"color: #ffffff;\"><strong>Repte Empr\u00e8n_setembre_2019<\/strong><\/span><\/td>\n<\/tr>\n<tr>\n<td style=\"width: 996px;\" colspan=\"2\">\n<p style=\"text-align: justify;\">Els alumnes<span style=\"color: #ff6600;\"><strong> d&#8217;Orange Plate<\/strong><\/span>, <strong><span style=\"color: #3366ff;\">guanyadors del<\/span> Repte Empr\u00e8n 2019<\/strong> han presentat els resultats del viatge a <strong>Sillicon Valley<\/strong> davant els partners al Cosmo Caixa.\u00a0<em><span style=\"color: #ff0000;\"><strong> I&#8230; seguim treballant en <a href=\"https:\/\/repteempren.educaixa.com\/ca\/incubadora?program_id=56913\" target=\"_blank\" rel=\"noopener noreferrer\">la Incubadora<\/a>!<\/strong><\/span><\/em><\/p>\n<\/td>\n<\/tr>\n<tr style=\"border-style: hidden;\">\n<td style=\"width: 497px; border-style: hidden; background-color: #eeeeee;\"><a href=\"https:\/\/agora.xtec.cat\/insperecalders\/wp-content\/uploads\/usu1895\/2019\/10\/e259f9b7-e5ad-4853-a921-f43a7f9c4ea0.jpg\"><img loading=\"lazy\" decoding=\"async\" class=\"alignright size-large wp-image-1206\" src=\"https:\/\/agora.xtec.cat\/insperecalders\/wp-content\/uploads\/usu1895\/2019\/10\/e259f9b7-e5ad-4853-a921-f43a7f9c4ea0-1024x768.jpg\" alt=\"\" width=\"1024\" height=\"768\" srcset=\"https:\/\/agora.xtec.cat\/insperecalders\/wp-content\/uploads\/usu1895\/2019\/10\/e259f9b7-e5ad-4853-a921-f43a7f9c4ea0-1024x768.jpg 1024w, https:\/\/agora.xtec.cat\/insperecalders\/wp-content\/uploads\/usu1895\/2019\/10\/e259f9b7-e5ad-4853-a921-f43a7f9c4ea0-300x225.jpg 300w, https:\/\/agora.xtec.cat\/insperecalders\/wp-content\/uploads\/usu1895\/2019\/10\/e259f9b7-e5ad-4853-a921-f43a7f9c4ea0-768x576.jpg 768w, https:\/\/agora.xtec.cat\/insperecalders\/wp-content\/uploads\/usu1895\/2019\/10\/e259f9b7-e5ad-4853-a921-f43a7f9c4ea0-200x150.jpg 200w, https:\/\/agora.xtec.cat\/insperecalders\/wp-content\/uploads\/usu1895\/2019\/10\/e259f9b7-e5ad-4853-a921-f43a7f9c4ea0.jpg 1599w\" sizes=\"auto, (max-width: 1024px) 100vw, 1024px\" \/><\/a><\/td>\n<td style=\"width: 497px; border-style: hidden; background-color: #eeeeee;\"><a href=\"https:\/\/agora.xtec.cat\/insperecalders\/wp-content\/uploads\/usu1895\/2019\/10\/eb7ea058-86e4-4149-8288-3933cb813548.jpg\"><img loading=\"lazy\" decoding=\"async\" class=\"alignright size-large wp-image-1207\" src=\"https:\/\/agora.xtec.cat\/insperecalders\/wp-content\/uploads\/usu1895\/2019\/10\/eb7ea058-86e4-4149-8288-3933cb813548-1024x768.jpg\" alt=\"\" width=\"1024\" height=\"768\" srcset=\"https:\/\/agora.xtec.cat\/insperecalders\/wp-content\/uploads\/usu1895\/2019\/10\/eb7ea058-86e4-4149-8288-3933cb813548-1024x768.jpg 1024w, https:\/\/agora.xtec.cat\/insperecalders\/wp-content\/uploads\/usu1895\/2019\/10\/eb7ea058-86e4-4149-8288-3933cb813548-300x225.jpg 300w, https:\/\/agora.xtec.cat\/insperecalders\/wp-content\/uploads\/usu1895\/2019\/10\/eb7ea058-86e4-4149-8288-3933cb813548-768x576.jpg 768w, https:\/\/agora.xtec.cat\/insperecalders\/wp-content\/uploads\/usu1895\/2019\/10\/eb7ea058-86e4-4149-8288-3933cb813548-200x150.jpg 200w, https:\/\/agora.xtec.cat\/insperecalders\/wp-content\/uploads\/usu1895\/2019\/10\/eb7ea058-86e4-4149-8288-3933cb813548.jpg 1599w\" sizes=\"auto, (max-width: 1024px) 100vw, 1024px\" \/><\/a><\/td>\n<\/tr>\n<tr style=\"border-style: hidden;\">\n<td style=\"width: 497px; height: 36px; text-align: left; vertical-align: top; border-style: hidden;\" colspan=\"2\">\n<p style=\"text-align: justify;\"><span style=\"color: #ff0000;\"><strong>Moltes felicitats!<\/strong><\/span> Els nostres alumnes amb el seu <span style=\"color: #ff6600;\"><strong><a style=\"color: #ff6600;\" href=\"https:\/\/repteempren.educaixa.com\/ca\/projecte\/-\/repteempren\/project\/19_P10\" target=\"_blank\" rel=\"noopener noreferrer\">&#8220;Orange Plate&#8221;<\/a><\/strong><\/span> han estat escollits entre els cinc millors projectes.\u00a0 I si&#8230; Han marxat cap a\u00a0<strong><span style=\"color: #ff0000;\"><a style=\"color: #ff0000;\" href=\"https:\/\/vimeo.com\/349460665\" target=\"_blank\" rel=\"noopener noreferrer\"> Sillicon Valley <\/a><\/span><\/strong>i ja els tornem a tenir aqu\u00ed!<\/p>\n<p><a href=\"https:\/\/agora.xtec.cat\/insperecalders\/wp-content\/uploads\/usu1895\/2019\/10\/448b3e3a-08dc-4cdb-b65e-59792a16c631.jpg\"><img loading=\"lazy\" decoding=\"async\" class=\"alignright size-large wp-image-1200\" src=\"https:\/\/agora.xtec.cat\/insperecalders\/wp-content\/uploads\/usu1895\/2019\/10\/448b3e3a-08dc-4cdb-b65e-59792a16c631-1024x639.jpg\" alt=\"\" width=\"1024\" height=\"639\" srcset=\"https:\/\/agora.xtec.cat\/insperecalders\/wp-content\/uploads\/usu1895\/2019\/10\/448b3e3a-08dc-4cdb-b65e-59792a16c631-1024x639.jpg 1024w, https:\/\/agora.xtec.cat\/insperecalders\/wp-content\/uploads\/usu1895\/2019\/10\/448b3e3a-08dc-4cdb-b65e-59792a16c631-300x187.jpg 300w, https:\/\/agora.xtec.cat\/insperecalders\/wp-content\/uploads\/usu1895\/2019\/10\/448b3e3a-08dc-4cdb-b65e-59792a16c631-768x479.jpg 768w, https:\/\/agora.xtec.cat\/insperecalders\/wp-content\/uploads\/usu1895\/2019\/10\/448b3e3a-08dc-4cdb-b65e-59792a16c631.jpg 1198w\" sizes=\"auto, (max-width: 1024px) 100vw, 1024px\" \/><\/a><\/td>\n<\/tr>\n<tr style=\"border-style: hidden;\">\n<td style=\"width: 497px; height: 5px; background-color: #a3d4d2; text-align: right; border-style: hidden;\" colspan=\"2\"><strong>Repte Empr\u00e8n_2019<\/strong><\/td>\n<\/tr>\n<tr style=\"border-style: hidden;\">\n<td style=\"width: 497px; height: 36px; border-style: hidden;\" colspan=\"2\">\n<p style=\"text-align: justify;\"><a href=\"https:\/\/agora.xtec.cat\/insperecalders\/wp-content\/uploads\/usu1895\/2019\/10\/IMG-20190508-WA0021.jpg\"><img loading=\"lazy\" decoding=\"async\" class=\"alignnone size-large wp-image-1199\" src=\"https:\/\/agora.xtec.cat\/insperecalders\/wp-content\/uploads\/usu1895\/2019\/10\/IMG-20190508-WA0021-1024x734.jpg\" alt=\"\" width=\"1024\" height=\"734\" srcset=\"https:\/\/agora.xtec.cat\/insperecalders\/wp-content\/uploads\/usu1895\/2019\/10\/IMG-20190508-WA0021-1024x734.jpg 1024w, https:\/\/agora.xtec.cat\/insperecalders\/wp-content\/uploads\/usu1895\/2019\/10\/IMG-20190508-WA0021-300x215.jpg 300w, https:\/\/agora.xtec.cat\/insperecalders\/wp-content\/uploads\/usu1895\/2019\/10\/IMG-20190508-WA0021-768x550.jpg 768w, https:\/\/agora.xtec.cat\/insperecalders\/wp-content\/uploads\/usu1895\/2019\/10\/IMG-20190508-WA0021.jpg 1280w\" sizes=\"auto, (max-width: 1024px) 100vw, 1024px\" \/><\/a><\/p>\n<p style=\"text-align: justify;\">Una vegada m\u00e9s els nostres alumnes de 4t d&#8217;ESO <strong><em>(Pol Mar\u00edn, Paula Pav\u00f3n, Anna Mart\u00ednez, Emma Mart\u00ednez y Jorge Rom\u00e1n)<\/em><\/strong> han quedat finalistes del<strong> <a href=\"http:\/\/repteempren.educaixa.com\/ca\/home?_ga=2.116030085.2013926595.1556208205-1105003398.1556208205\" target=\"_blank\" rel=\"noopener noreferrer\">Repte Empr\u00e8n<\/a><\/strong> de La Caixa,\u00a0 amb la seva idea de negoci <strong>&#8220;Orange Plate&#8221;<\/strong>. Descobriu <strong><a href=\"http:\/\/repteempren.educaixa.com\/ca\/noticies\/-\/repteempren\/news\/86540\" target=\"_blank\" rel=\"noopener noreferrer\">aqu\u00ed<\/a> <\/strong>els equips seleccionats enguany!\u00a0 Aqu\u00ed els teniu amb la seva professora&#8230; l&#8217;Aurora!<\/p>\n<p style=\"text-align: justify;\"><strong>Orange Plate<\/strong> \u00e9s un plat biodegradable fet amb pell de taronja que substituir\u00e0 als plats de pl\u00e0stic.<\/p>\n<p style=\"text-align: justify;\">El nostres alumnes defensaran el seu projecte a Tiana entre el 8 i el 11 de maig, i competiran amb altres 35 equips de tota Espanya i Llatinoam\u00e8rica. Nom\u00e9s 5 guanyadors aniran a Sillicon Valley el mes de juliol.<\/p>\n<p style=\"text-align: justify;\"><strong>Els desitgem molta sort!<\/strong><\/p>\n<\/td>\n<\/tr>\n<tr>\n<td style=\"border-style: hidden; height: 5px; background-color: #6f91ad; text-align: right;\" colspan=\"2\"><span style=\"color: #ffffff;\"><strong>Repte Empr\u00e8n_2017<\/strong><\/span><\/td>\n<\/tr>\n<tr>\n<td style=\"width: 497px; border-style: hidden;\" colspan=\"2\">\n<p style=\"text-align: justify;\"><a href=\"https:\/\/agora.xtec.cat\/insperecalders\/wp-content\/uploads\/usu1895\/2019\/10\/Repte_20171.jpg\"><img loading=\"lazy\" decoding=\"async\" class=\" wp-image-1196 alignright\" src=\"https:\/\/agora.xtec.cat\/insperecalders\/wp-content\/uploads\/usu1895\/2019\/10\/Repte_20171-1024x399.jpg\" alt=\"\" width=\"735\" height=\"286\" srcset=\"https:\/\/agora.xtec.cat\/insperecalders\/wp-content\/uploads\/usu1895\/2019\/10\/Repte_20171-1024x399.jpg 1024w, https:\/\/agora.xtec.cat\/insperecalders\/wp-content\/uploads\/usu1895\/2019\/10\/Repte_20171-300x117.jpg 300w, https:\/\/agora.xtec.cat\/insperecalders\/wp-content\/uploads\/usu1895\/2019\/10\/Repte_20171-768x299.jpg 768w, https:\/\/agora.xtec.cat\/insperecalders\/wp-content\/uploads\/usu1895\/2019\/10\/Repte_20171.jpg 1400w\" sizes=\"auto, (max-width: 735px) 100vw, 735px\" \/><\/a><\/p>\n<p style=\"text-align: justify;\">L\u2019any <strong>2017<\/strong> vam quedar finalistes amb <a href=\"http:\/\/repteempren.educaixa.com\/ca\/projecte\/-\/repteempren\/project\/DE17-00259\" target=\"_blank\" rel=\"noopener noreferrer\"><strong>\u201c<\/strong><strong>Eco-Trash<\/strong><strong>\u201d<\/strong><\/a>, un contenidor d\u2019escombraries intel\u00b7ligent.<\/p>\n<p><span style=\"color: #ff0000;\"><strong>Felicitats!<\/strong><\/span><\/td>\n<\/tr>\n<tr style=\"height: 5px; border-style: hidden;\">\n<td style=\"width: 996px; height: 5px; border-style: hidden; background-color: #dddddd;\" colspan=\"2\"><\/td>\n<\/tr>\n<\/tbody>\n<\/table>\n","protected":false},"excerpt":{"rendered":"<p>El nostre institut participa, des del curs 2014-2015, al Repte Empr\u00e8n de la Caixa. \u00c9s una oportunitat per que els nostres joves estudiants d\u2019Emprenedoria (4t d\u2019ESO) i Economia de l\u2019Empresa (1r de Batxillerat) treballin conjuntament per crear i desenvolupar una idea de negoci. Cada any els alumnes de l\u2019Institut Pere Calders preparen una idea de [&hellip;]<\/p>\n","protected":false},"author":1,"featured_media":0,"parent":1082,"menu_order":30,"comment_status":"closed","ping_status":"closed","template":"page-templates\/side-menu.php","meta":{"_bbp_topic_count":0,"_bbp_reply_count":0,"_bbp_total_topic_count":0,"_bbp_total_reply_count":0,"_bbp_voice_count":0,"_bbp_anonymous_reply_count":0,"_bbp_topic_count_hidden":0,"_bbp_reply_count_hidden":0,"_bbp_forum_subforum_count":0,"site-sidebar-layout":"default","site-content-layout":"","ast-site-content-layout":"","site-content-style":"default","site-sidebar-style":"default","ast-global-header-display":"","ast-banner-title-visibility":"","ast-main-header-display":"","ast-hfb-above-header-display":"","ast-hfb-below-header-display":"","ast-hfb-mobile-header-display":"","site-post-title":"","ast-breadcrumbs-content":"","ast-featured-img":"","footer-sml-layout":"","theme-transparent-header-meta":"","adv-header-id-meta":"","stick-header-meta":"","header-above-stick-meta":"","header-main-stick-meta":"","header-below-stick-meta":"","astra-migrate-meta-layouts":"default","ast-page-background-enabled":"default","ast-page-background-meta":{"desktop":{"background-color":"var(--ast-global-color-4)","background-image":"","background-repeat":"repeat","background-position":"center center","background-size":"auto","background-attachment":"scroll","background-type":"","background-media":"","overlay-type":"","overlay-color":"","overlay-opacity":"","overlay-gradient":""},"tablet":{"background-color":"","background-image":"","background-repeat":"repeat","background-position":"center center","background-size":"auto","background-attachment":"scroll","background-type":"","background-media":"","overlay-type":"","overlay-color":"","overlay-opacity":"","overlay-gradient":""},"mobile":{"background-color":"","background-image":"","background-repeat":"repeat","background-position":"center center","background-size":"auto","background-attachment":"scroll","background-type":"","background-media":"","overlay-type":"","overlay-color":"","overlay-opacity":"","overlay-gradient":""}},"ast-content-background-meta":{"desktop":{"background-color":"var(--ast-global-color-5)","background-image":"","background-repeat":"repeat","background-position":"center center","background-size":"auto","background-attachment":"scroll","background-type":"","background-media":"","overlay-type":"","overlay-color":"","overlay-opacity":"","overlay-gradient":""},"tablet":{"background-color":"var(--ast-global-color-5)","background-image":"","background-repeat":"repeat","background-position":"center center","background-size":"auto","background-attachment":"scroll","background-type":"","background-media":"","overlay-type":"","overlay-color":"","overlay-opacity":"","overlay-gradient":""},"mobile":{"background-color":"var(--ast-global-color-5)","background-image":"","background-repeat":"repeat","background-position":"center center","background-size":"auto","background-attachment":"scroll","background-type":"","background-media":"","overlay-type":"","overlay-color":"","overlay-opacity":"","overlay-gradient":""}},"footnotes":""},"class_list":["post-1152","page","type-page","status-publish","hentry"],"post_mailing_queue_ids":[],"_links":{"self":[{"href":"https:\/\/agora.xtec.cat\/insperecalders\/wp-json\/wp\/v2\/pages\/1152","targetHints":{"allow":["GET"]}}],"collection":[{"href":"https:\/\/agora.xtec.cat\/insperecalders\/wp-json\/wp\/v2\/pages"}],"about":[{"href":"https:\/\/agora.xtec.cat\/insperecalders\/wp-json\/wp\/v2\/types\/page"}],"author":[{"embeddable":true,"href":"https:\/\/agora.xtec.cat\/insperecalders\/wp-json\/wp\/v2\/users\/1"}],"replies":[{"embeddable":true,"href":"https:\/\/agora.xtec.cat\/insperecalders\/wp-json\/wp\/v2\/comments?post=1152"}],"version-history":[{"count":3,"href":"https:\/\/agora.xtec.cat\/insperecalders\/wp-json\/wp\/v2\/pages\/1152\/revisions"}],"predecessor-version":[{"id":2573,"href":"https:\/\/agora.xtec.cat\/insperecalders\/wp-json\/wp\/v2\/pages\/1152\/revisions\/2573"}],"up":[{"embeddable":true,"href":"https:\/\/agora.xtec.cat\/insperecalders\/wp-json\/wp\/v2\/pages\/1082"}],"wp:attachment":[{"href":"https:\/\/agora.xtec.cat\/insperecalders\/wp-json\/wp\/v2\/media?parent=1152"}],"curies":[{"name":"wp","href":"https:\/\/api.w.org\/{rel}","templated":true}]}}