{"id":1107,"date":"2019-09-30T12:41:26","date_gmt":"2019-09-30T10:41:26","guid":{"rendered":"http:\/\/agora.xtec.cat\/insperecalders\/?page_id=1107"},"modified":"2022-02-16T13:07:41","modified_gmt":"2022-02-16T12:07:41","slug":"comissio-de-convivencia","status":"publish","type":"page","link":"https:\/\/agora.xtec.cat\/insperecalders\/identitat-de-centre\/linstitut\/comissio-de-convivencia\/","title":{"rendered":"Comissi\u00f3 de conviv\u00e8ncia"},"content":{"rendered":"<table style=\"border-style: hidden; width: 100%; height: 918px;\" width=\"x\">\n<tbody>\n<tr style=\"border-style: double; height: 10px;\">\n<td style=\"width: 995px; height: 5px; background-color: #99cccc; border-style: hidden;\" colspan=\"3\"><\/td>\n<\/tr>\n<tr style=\"border-style: hidden; height: 5px;\">\n<td style=\"width: 995px; height: 5px; background-color: #dddddd; border-style: hidden;\" colspan=\"3\"><\/td>\n<\/tr>\n<tr style=\"height: 20px;\">\n<td style=\"text-align: justify; height: 20px; vertical-align: top; width: 995px;\" colspan=\"3\">Aquesta comissi\u00f3 t\u00e9 com <strong>objectiu<\/strong> recolzar la feina feta pels <strong>professors i el tutor<\/strong> de l&#8217;alumne davant l&#8217;aparici\u00f3 de <strong>conflictes<\/strong>, aplicant mesures correctores.<\/td>\n<\/tr>\n<tr style=\"border-style: double;\">\n<td style=\"width: 463px; height: 10px; border-style: double; background-color: #a6e0e0; text-align: left; vertical-align: top;\"><strong>Actua en cas de:<\/strong><\/td>\n<td style=\"width: 530px; height: 10px; border-style: double; background-color: #8db0c4; text-align: left; vertical-align: top;\" colspan=\"2\"><strong>Qui la compon?<\/strong><\/td>\n<\/tr>\n<tr style=\"border-style: double;\">\n<td style=\"width: 463px; border-style: double; background-color: #eeeeee; text-align: left; vertical-align: top; height: 144px;\">\n<ul>\n<li>Faltes d&#8217;assist\u00e8ncia a ESO i Batxillerat.<\/li>\n<li>Expulsions de l&#8217;aula.<\/li>\n<li>Conflictes varis al centre.<\/li>\n<\/ul>\n<\/td>\n<td style=\"text-align: left; vertical-align: top; border-style: double; width: 530px; height: 144px;\" colspan=\"2\">\n<ul>\n<li>Cap d&#8217;estudis.<\/li>\n<li>1 professora.<\/li>\n<li>3 alumnes.<\/li>\n<li>1 pare\/mare.<\/li>\n<li>Psicopedagoga.<\/li>\n<\/ul>\n<\/td>\n<\/tr>\n<tr style=\"height: 33px;\">\n<td style=\"width: 463px; border-style: double; background-color: #ebaf60; text-align: left; vertical-align: top; height: 33px;\"><strong>Quan es reuneix?<\/strong><\/td>\n<td style=\"border-style: double; width: 530px; background-color: #a5cfcd; text-align: left; vertical-align: top; height: 33px;\" colspan=\"2\">\u00a0 <strong>Com funciona?<\/strong><\/td>\n<\/tr>\n<tr style=\"height: 217px;\">\n<td style=\"width: 463px; border-style: double; background-color: #eeeeee; text-align: left; vertical-align: top; height: 195px;\">\n<ul>\n<li>\n<div style=\"text-align: justify;\">La reuni\u00f3 de la Comissi\u00f3\u00a0 es fa normalment els <strong>divendres<\/strong>\u00a0a les 11,15h.<\/div>\n<\/li>\n<li>\n<div style=\"text-align: justify;\">L&#8217;alumne que hagi de passar per la Comissi\u00f3 rebr\u00e0 la <strong>comunicaci\u00f3 d&#8217;assist\u00e8ncia<\/strong> per escrit, com a m\u00ednim, amb 24 hores d&#8217;antelaci\u00f3.<\/div>\n<\/li>\n<\/ul>\n<\/td>\n<td style=\"text-align: left; vertical-align: top; border-style: double; width: 530px; height: 195px;\" colspan=\"2\">L&#8217;alumne ser\u00e0 convocat a presentar-se en el seg\u00fcents sup\u00f2sits:<\/p>\n<ul>\n<li>Faltes injustificades i retards:\n<ul>\n<li style=\"list-style-type: none;\">\n<ul>\n<li>5 hores (ESO)<\/li>\n<li>8 retards injustificats.<\/li>\n<\/ul>\n<\/li>\n<\/ul>\n<\/li>\n<li>3 faltes lleus a l&#8217;ESO i al Batxillerat.<\/li>\n<\/ul>\n<ul>\n<li>\u00a0Incompliment d&#8217;alguna cl\u00e0usula del contracte pedag\u00f2gic.<\/li>\n<li>Conducta contr\u00e0ria a les normes de conviv\u00e8ncia, pr\u00e8via decisi\u00f3 del Cap d&#8217;Estudis i el Tutor.\u00a0 L&#8217;alumne explicar\u00e0 davant la comissi\u00f3 la seva versi\u00f3 dels fets<\/li>\n<\/ul>\n<div><\/div>\n<\/td>\n<\/tr>\n<tr style=\"border-style: double; height: 10px;\">\n<td style=\"width: 995px; height: 10px; border-style: double; background-color: #f29429; text-align: left; vertical-align: top;\" colspan=\"3\"><strong>Actuacions de la Comissi\u00f3:<\/strong><\/td>\n<\/tr>\n<tr style=\"height: 429px;\">\n<td style=\"width: 995px; text-align: left; vertical-align: top; border-style: double; height: 250px;\" colspan=\"3\">\n<ul>\n<li style=\"text-align: justify;\">Imposar a l&#8217;alumne la realitzaci\u00f3 d&#8217;algun tipus de tasques de reflexi\u00f3 sobre el seu comportament.<\/li>\n<li style=\"text-align: justify;\">Fer un advertiment oral o escrit, tot explicant algunes de les possibles conseq\u00fc\u00e8ncies que tindria la persist\u00e8ncia de la seva actitud.<\/li>\n<li style=\"text-align: justify;\">No participaci\u00f3 en activitats extraescolars o complement\u00e0ries per un per\u00edode m\u00e0xim de 15 dies.<\/li>\n<\/ul>\n<ul style=\"text-align: justify;\">\n<li>Assist\u00e8ncia al centre en hores no lectives per realitzar diferents tasques (reparadores, d&#8217;estudi, de reflexi\u00f3&#8230;) en un per\u00edode m\u00e0xim de 2 setmanes i\/o reparaci\u00f3 econ\u00f2mica dels danys causats al material del centre o b\u00e9 al d&#8217;altres membres de la comunitat educativa.<\/li>\n<\/ul>\n<ul style=\"text-align: justify;\">\n<li>Exigir que l&#8217;alumne expliqui el motiu del seu pas per la comissi\u00f3 davant del seu grup classe.<\/li>\n<\/ul>\n<ul style=\"text-align: justify;\">\n<li>Privaci\u00f3 del temps d&#8217;esbarjo.<\/li>\n<\/ul>\n<ul style=\"text-align: justify;\">\n<li>Fer treballar l&#8217;alumne sancionat durant unes hores o dies en altres agrupacions en un per\u00edode m\u00e0xim de 15 dies.<\/li>\n<\/ul>\n<ul>\n<li style=\"text-align: justify;\">Aplicar altres mesures pedag\u00f2giques que la comissi\u00f3 cregui convenient.<\/li>\n<\/ul>\n<\/td>\n<\/tr>\n<tr style=\"border-style: double; height: 10px;\">\n<td style=\"border-style: double; height: 10px; background-color: #8db0c4; text-align: left; vertical-align: top; width: 995px;\" colspan=\"3\">\n<div><strong> Convocat\u00f2ria d&#8217;obertura d&#8217;expedient:<\/strong><\/div>\n<\/td>\n<\/tr>\n<tr style=\"height: 266px;\">\n<td style=\"text-align: justify; background-color: #eeeeee; width: 995px; height: 226px;\" colspan=\"3\">El Director\/a pot\u00a0 decidir obrir\u00a0 expedient disciplinari i aplicar una expulsi\u00f3 cautelar si \u00e9s convenient, a proposta del Cap d&#8217;Estudis o de la Comissi\u00f3 de conviv\u00e8ncia en els seg\u00fcents sup\u00f2sits:<\/p>\n<ul>\n<li>L&#8217;alumne ser\u00e0 convocat a presentar-se quan hagi acumulat tres faltes greus, o en el cas de conductes greument perjudicials per a la conviv\u00e8ncia en el centre catalogades com a tals segons el Decret de Drets i Deures dels alumnes dels centres de nivell no universitari de Catalunya, o per l&#8217;incompliment reiteratiu de les cl\u00e0usules o el contracte pedag\u00f2gic.<\/li>\n<\/ul>\n<p>Un cop nomenat l&#8217;instructor de l&#8217;expedient disciplinari, la Comissi\u00f3 de Conviv\u00e8ncia posar\u00e0 a la seva disposici\u00f3 tota la informaci\u00f3 del seguiment realitzat a l&#8217;alumne.<\/td>\n<\/tr>\n<tr style=\"height: 5px;\">\n<td style=\"width: 995px; height: 5px; text-align: left; vertical-align: top;\" colspan=\"3\">\n<div><\/div>\n<\/td>\n<\/tr>\n<tr style=\"height: 5px;\">\n<td style=\"width: 995px; height: 5px; background-color: #dddddd; border-style: hidden;\" colspan=\"3\"><\/td>\n<\/tr>\n<\/tbody>\n<\/table>\n","protected":false},"excerpt":{"rendered":"<p>Aquesta comissi\u00f3 t\u00e9 com objectiu recolzar la feina feta pels professors i el tutor de l&#8217;alumne davant l&#8217;aparici\u00f3 de conflictes, aplicant mesures correctores. Actua en cas de: Qui la compon? Faltes d&#8217;assist\u00e8ncia a ESO i Batxillerat. Expulsions de l&#8217;aula. Conflictes varis al centre. Cap d&#8217;estudis. 1 professora. 3 alumnes. 1 pare\/mare. Psicopedagoga. Quan es reuneix? [&hellip;]<\/p>\n","protected":false},"author":1,"featured_media":0,"parent":19,"menu_order":62,"comment_status":"closed","ping_status":"closed","template":"page-templates\/side-menu.php","meta":{"_bbp_topic_count":0,"_bbp_reply_count":0,"_bbp_total_topic_count":0,"_bbp_total_reply_count":0,"_bbp_voice_count":0,"_bbp_anonymous_reply_count":0,"_bbp_topic_count_hidden":0,"_bbp_reply_count_hidden":0,"_bbp_forum_subforum_count":0,"site-sidebar-layout":"default","site-content-layout":"","ast-site-content-layout":"","site-content-style":"default","site-sidebar-style":"default","ast-global-header-display":"","ast-banner-title-visibility":"","ast-main-header-display":"","ast-hfb-above-header-display":"","ast-hfb-below-header-display":"","ast-hfb-mobile-header-display":"","site-post-title":"","ast-breadcrumbs-content":"","ast-featured-img":"","footer-sml-layout":"","theme-transparent-header-meta":"","adv-header-id-meta":"","stick-header-meta":"","header-above-stick-meta":"","header-main-stick-meta":"","header-below-stick-meta":"","astra-migrate-meta-layouts":"default","ast-page-background-enabled":"default","ast-page-background-meta":{"desktop":{"background-color":"var(--ast-global-color-4)","background-image":"","background-repeat":"repeat","background-position":"center center","background-size":"auto","background-attachment":"scroll","background-type":"","background-media":"","overlay-type":"","overlay-color":"","overlay-opacity":"","overlay-gradient":""},"tablet":{"background-color":"","background-image":"","background-repeat":"repeat","background-position":"center center","background-size":"auto","background-attachment":"scroll","background-type":"","background-media":"","overlay-type":"","overlay-color":"","overlay-opacity":"","overlay-gradient":""},"mobile":{"background-color":"","background-image":"","background-repeat":"repeat","background-position":"center center","background-size":"auto","background-attachment":"scroll","background-type":"","background-media":"","overlay-type":"","overlay-color":"","overlay-opacity":"","overlay-gradient":""}},"ast-content-background-meta":{"desktop":{"background-color":"var(--ast-global-color-5)","background-image":"","background-repeat":"repeat","background-position":"center center","background-size":"auto","background-attachment":"scroll","background-type":"","background-media":"","overlay-type":"","overlay-color":"","overlay-opacity":"","overlay-gradient":""},"tablet":{"background-color":"var(--ast-global-color-5)","background-image":"","background-repeat":"repeat","background-position":"center center","background-size":"auto","background-attachment":"scroll","background-type":"","background-media":"","overlay-type":"","overlay-color":"","overlay-opacity":"","overlay-gradient":""},"mobile":{"background-color":"var(--ast-global-color-5)","background-image":"","background-repeat":"repeat","background-position":"center center","background-size":"auto","background-attachment":"scroll","background-type":"","background-media":"","overlay-type":"","overlay-color":"","overlay-opacity":"","overlay-gradient":""}},"footnotes":""},"class_list":["post-1107","page","type-page","status-publish","hentry"],"post_mailing_queue_ids":[],"_links":{"self":[{"href":"https:\/\/agora.xtec.cat\/insperecalders\/wp-json\/wp\/v2\/pages\/1107","targetHints":{"allow":["GET"]}}],"collection":[{"href":"https:\/\/agora.xtec.cat\/insperecalders\/wp-json\/wp\/v2\/pages"}],"about":[{"href":"https:\/\/agora.xtec.cat\/insperecalders\/wp-json\/wp\/v2\/types\/page"}],"author":[{"embeddable":true,"href":"https:\/\/agora.xtec.cat\/insperecalders\/wp-json\/wp\/v2\/users\/1"}],"replies":[{"embeddable":true,"href":"https:\/\/agora.xtec.cat\/insperecalders\/wp-json\/wp\/v2\/comments?post=1107"}],"version-history":[{"count":3,"href":"https:\/\/agora.xtec.cat\/insperecalders\/wp-json\/wp\/v2\/pages\/1107\/revisions"}],"predecessor-version":[{"id":5017,"href":"https:\/\/agora.xtec.cat\/insperecalders\/wp-json\/wp\/v2\/pages\/1107\/revisions\/5017"}],"up":[{"embeddable":true,"href":"https:\/\/agora.xtec.cat\/insperecalders\/wp-json\/wp\/v2\/pages\/19"}],"wp:attachment":[{"href":"https:\/\/agora.xtec.cat\/insperecalders\/wp-json\/wp\/v2\/media?parent=1107"}],"curies":[{"name":"wp","href":"https:\/\/api.w.org\/{rel}","templated":true}]}}