{"id":1051,"date":"2019-09-28T20:46:52","date_gmt":"2019-09-28T18:46:52","guid":{"rendered":"http:\/\/agora.xtec.cat\/insperecalders\/?page_id=1051"},"modified":"2026-03-20T12:56:26","modified_gmt":"2026-03-20T11:56:26","slug":"treball-de-recerca-2019-2020","status":"publish","type":"page","link":"https:\/\/agora.xtec.cat\/insperecalders\/batxillerat\/treball-de-recerca-2019-2020\/","title":{"rendered":"Treball de recerca"},"content":{"rendered":"<h3>Qu\u00e8 \u00e9s el treball de recerca?<\/h3>\n<p style=\"text-align: justify;\">El treball de recerca \u00e9s un treball d&#8217;investigaci\u00f3 que ha de realitzar tot alumnat de batxillerat. Aquest treball:<\/p>\n<ul>\n<li style=\"text-align: justify;\">\u00c9s una petita investigaci\u00f3.<\/li>\n<li style=\"text-align: justify;\">Pot estar emmarcat dins d&#8217;una mat\u00e8ria o pot ser interdisciplinar.<\/li>\n<li style=\"text-align: justify;\">Est\u00e0 dirigit per un professor\/a-tutor\/a.<\/li>\n<li style=\"text-align: justify;\">Equival a dos cr\u00e8dits i representa el 10% de la qualificaci\u00f3 final del batxillerat.<\/li>\n<li style=\"text-align: justify;\">Es presenta per escrit i oralment.<\/li>\n<li style=\"text-align: justify;\">S&#8217;avalua tenint en compte l&#8217;actuaci\u00f3 durant la realitzaci\u00f3 del treball, l&#8217;informe escrit i la presentaci\u00f3 oral.<\/li>\n<\/ul>\n<p style=\"text-align: justify;\">Cada centre fa una proposta de treball al seu alumnat, organitza les tutories i estableix una normativa sobre el calendari, els criteris d&#8217;avaluaci\u00f3 i la presentaci\u00f3. Per a desenvolupar el treball de recerca \u00e9s convenient aplicar un m\u00e8tode de treball. Abans de comen\u00e7ar, cal decidir quina orientaci\u00f3 vol donar-se a la recerca.<\/p>\n<p style=\"text-align: justify;\">La metodologia de cerca i processament de la informaci\u00f3 seran diferents segons es tracti d&#8217;una recerca de tipus cient\u00edfic, de tipus tecnol\u00f2gic, de tipus estad\u00edstic, de tipus art\u00edstic, de tipus literari, hist\u00f2ric, sobre les caracter\u00edstiques del disseny d&#8217;un objecte, instal\u00b7laci\u00f3 o construcci\u00f3&#8230;<\/p>\n<p style=\"text-align: left;\">\u27a1 <a href=\"https:\/\/drive.google.com\/file\/d\/1raKEXwbsnL7Ei19OC3LZXSD8uDTiO3-C\/view?usp=sharing\">Com fer un treball de recerca?<\/a><\/p>\n<p style=\"text-align: left;\">\u27a1 <a href=\"https:\/\/drive.google.com\/file\/d\/19gpy4HQfPO4WDerkTJ0b0Mf4_HoTuBI-\/view?usp=sharing\">Sistema de citaci\u00f3 bibliogr\u00e0fica<\/a><\/p>\n<p>\u27a1 <a href=\"https:\/\/drive.google.com\/file\/d\/1WzDWnYz_2khOy925WSz1DU532ZuYLKKF\/view?usp=sharing\">Criteris d&#8217;avaluaci\u00f3 del treball de recerca<\/a><\/p>\n<p>&nbsp;<\/p>\n<h3 style=\"text-align: left;\">Promoci\u00f3 2025-2027<\/h3>\n<p style=\"text-align: justify;\">Informaci\u00f3 sobre el treball de recerca de l&#8217;alumnat que est\u00e0 actualment cursant 1r de Batxillerat.<\/p>\n<p style=\"text-align: left;\">\u27a1 <a href=\"https:\/\/drive.google.com\/file\/d\/1TfUs8-vLa3yiOOk4c-Dvooq-YMU6QiNw\/view?usp=sharing\">Informacions b\u00e0siques del treball de recerca 2025-2027<\/a><\/p>\n<p>\u27a1 <a href=\"https:\/\/drive.google.com\/file\/d\/1W_ij1pR4x7cSAKcZ-Q6yrWJDa-PTXADz\/view?usp=sharing\">Guia del treball de recerca 2025-2027<\/a><\/p>\n<p>\u27a1 <a href=\"https:\/\/drive.google.com\/file\/d\/1oAaI9HIBtLCRLTCthpNBX31tLCywaUNI\/view?usp=sharing\">Llista de temes promoci\u00f3 2025-2027<\/a><\/p>\n<p>&nbsp;<\/p>\n<table style=\"height: 116px; border-style: hidden; width: 100%;\">\n<tbody>\n<tr style=\"border-style: solid; border-color: #57a1a1; height: 33px; background-color: #dddddd;\">\n<td style=\"border-style: solid; width: 115.442%; background-color: #dddddd; border-color: #57adab; height: 10px;\" colspan=\"3\"><span style=\"color: #ff6600;\"><strong>ENLLA\u00c7OS D&#8217;INTER\u00c8S<\/strong><\/span><\/td>\n<\/tr>\n<tr style=\"border-style: hidden;\">\n<td style=\"border-style: hidden; width: 115.442%; height: 101px;\" colspan=\"3\">\n<table style=\"height: 62px;\">\n<tbody>\n<tr style=\"height: 62px;\">\n<td style=\"width: 156.667px; height: 62px;\"><a href=\"https:\/\/www.uab.cat\/argo\/\" target=\"_blank\" rel=\"noopener noreferrer\"><img loading=\"lazy\" decoding=\"async\" class=\"alignright size-full wp-image-1092\" src=\"https:\/\/agora.xtec.cat\/insperecalders\/wp-content\/uploads\/usu1895\/2019\/09\/logo_argo.jpg\" alt=\"\" width=\"1000\" height=\"246\" srcset=\"https:\/\/agora.xtec.cat\/insperecalders\/wp-content\/uploads\/usu1895\/2019\/09\/logo_argo.jpg 1000w, https:\/\/agora.xtec.cat\/insperecalders\/wp-content\/uploads\/usu1895\/2019\/09\/logo_argo-300x74.jpg 300w, https:\/\/agora.xtec.cat\/insperecalders\/wp-content\/uploads\/usu1895\/2019\/09\/logo_argo-768x189.jpg 768w\" sizes=\"auto, (max-width: 1000px) 100vw, 1000px\" \/><\/a><\/td>\n<td style=\"width: 156.667px; height: 62px;\"><a href=\"http:\/\/www.bnc.cat\/\" target=\"_blank\" rel=\"noopener noreferrer\"><img loading=\"lazy\" decoding=\"async\" class=\"alignright size-large wp-image-1097\" src=\"https:\/\/agora.xtec.cat\/insperecalders\/wp-content\/uploads\/usu1895\/2019\/09\/Biblioteca_de_Catalunya-1024x252.png\" alt=\"\" width=\"1024\" height=\"252\" srcset=\"https:\/\/agora.xtec.cat\/insperecalders\/wp-content\/uploads\/usu1895\/2019\/09\/Biblioteca_de_Catalunya-1024x252.png 1024w, https:\/\/agora.xtec.cat\/insperecalders\/wp-content\/uploads\/usu1895\/2019\/09\/Biblioteca_de_Catalunya-300x74.png 300w, https:\/\/agora.xtec.cat\/insperecalders\/wp-content\/uploads\/usu1895\/2019\/09\/Biblioteca_de_Catalunya-768x189.png 768w, https:\/\/agora.xtec.cat\/insperecalders\/wp-content\/uploads\/usu1895\/2019\/09\/Biblioteca_de_Catalunya.png 1280w\" sizes=\"auto, (max-width: 1024px) 100vw, 1024px\" \/><\/a><\/td>\n<td style=\"width: 156.667px; height: 62px;\"><a href=\"https:\/\/www.diba.cat\/biblioteques\/\" target=\"_blank\" rel=\"noopener noreferrer\"><img loading=\"lazy\" decoding=\"async\" class=\"alignright size-large wp-image-1099\" src=\"https:\/\/agora.xtec.cat\/insperecalders\/wp-content\/uploads\/usu1895\/2019\/09\/Xarxa-de-Biblioteques-positiu-allargat-1024x150.jpg\" alt=\"\" width=\"1024\" height=\"150\" srcset=\"https:\/\/agora.xtec.cat\/insperecalders\/wp-content\/uploads\/usu1895\/2019\/09\/Xarxa-de-Biblioteques-positiu-allargat-1024x150.jpg 1024w, https:\/\/agora.xtec.cat\/insperecalders\/wp-content\/uploads\/usu1895\/2019\/09\/Xarxa-de-Biblioteques-positiu-allargat-300x44.jpg 300w, https:\/\/agora.xtec.cat\/insperecalders\/wp-content\/uploads\/usu1895\/2019\/09\/Xarxa-de-Biblioteques-positiu-allargat-768x112.jpg 768w, https:\/\/agora.xtec.cat\/insperecalders\/wp-content\/uploads\/usu1895\/2019\/09\/Xarxa-de-Biblioteques-positiu-allargat.jpg 1627w\" sizes=\"auto, (max-width: 1024px) 100vw, 1024px\" \/><\/a><\/td>\n<td style=\"width: 156.667px; text-align: center; height: 62px;\"><a href=\"http:\/\/xtec.gencat.cat\/ca\/curriculum\/batxillerat\/treballrecerca\" target=\"_blank\" rel=\"noopener noreferrer\"><strong>\u00a0\u27a1\u00a0\u00a0 Treball de recerca. Gencat<\/strong><\/a><\/td>\n<td style=\"width: 156.667px; text-align: center; height: 62px;\"><a href=\"http:\/\/xtec.gencat.cat\/ca\/projectes\/biblioteca\/epergam\" target=\"_blank\" rel=\"noopener noreferrer\"><img loading=\"lazy\" decoding=\"async\" class=\"alignnone wp-image-1102 size-full\" src=\"https:\/\/agora.xtec.cat\/insperecalders\/wp-content\/uploads\/usu1895\/2019\/09\/epergam-icon-e1569839415246.png\" alt=\"\" width=\"77\" height=\"42\" \/><\/a><\/td>\n<td style=\"width: 156.667px; height: 62px;\"><\/td>\n<\/tr>\n<\/tbody>\n<\/table>\n<\/td>\n<\/tr>\n<tr style=\"border-style: hidden; height: 5px;\">\n<td style=\"height: 5px; border-style: hidden; background-color: #dddddd; width: 115.442%;\" colspan=\"3\"><\/td>\n<\/tr>\n<\/tbody>\n<\/table>\n","protected":false},"excerpt":{"rendered":"<p>Qu\u00e8 \u00e9s el treball de recerca? El treball de recerca \u00e9s un treball d&#8217;investigaci\u00f3 que ha de realitzar tot alumnat de batxillerat. Aquest treball: \u00c9s una petita investigaci\u00f3. Pot estar emmarcat dins d&#8217;una mat\u00e8ria o pot ser interdisciplinar. Est\u00e0 dirigit per un professor\/a-tutor\/a. Equival a dos cr\u00e8dits i representa el 10% de la qualificaci\u00f3 final [&hellip;]<\/p>\n","protected":false},"author":1,"featured_media":0,"parent":7154,"menu_order":40,"comment_status":"closed","ping_status":"closed","template":"","meta":{"_bbp_topic_count":0,"_bbp_reply_count":0,"_bbp_total_topic_count":0,"_bbp_total_reply_count":0,"_bbp_voice_count":0,"_bbp_anonymous_reply_count":0,"_bbp_topic_count_hidden":0,"_bbp_reply_count_hidden":0,"_bbp_forum_subforum_count":0,"site-sidebar-layout":"default","site-content-layout":"","ast-site-content-layout":"default","site-content-style":"default","site-sidebar-style":"default","ast-global-header-display":"","ast-banner-title-visibility":"","ast-main-header-display":"","ast-hfb-above-header-display":"","ast-hfb-below-header-display":"","ast-hfb-mobile-header-display":"","site-post-title":"","ast-breadcrumbs-content":"","ast-featured-img":"","footer-sml-layout":"","theme-transparent-header-meta":"default","adv-header-id-meta":"","stick-header-meta":"","header-above-stick-meta":"","header-main-stick-meta":"","header-below-stick-meta":"","astra-migrate-meta-layouts":"set","ast-page-background-enabled":"default","ast-page-background-meta":{"desktop":{"background-color":"var(--ast-global-color-4)","background-image":"","background-repeat":"repeat","background-position":"center center","background-size":"auto","background-attachment":"scroll","background-type":"","background-media":"","overlay-type":"","overlay-color":"","overlay-opacity":"","overlay-gradient":""},"tablet":{"background-color":"","background-image":"","background-repeat":"repeat","background-position":"center center","background-size":"auto","background-attachment":"scroll","background-type":"","background-media":"","overlay-type":"","overlay-color":"","overlay-opacity":"","overlay-gradient":""},"mobile":{"background-color":"","background-image":"","background-repeat":"repeat","background-position":"center center","background-size":"auto","background-attachment":"scroll","background-type":"","background-media":"","overlay-type":"","overlay-color":"","overlay-opacity":"","overlay-gradient":""}},"ast-content-background-meta":{"desktop":{"background-color":"var(--ast-global-color-5)","background-image":"","background-repeat":"repeat","background-position":"center center","background-size":"auto","background-attachment":"scroll","background-type":"","background-media":"","overlay-type":"","overlay-color":"","overlay-opacity":"","overlay-gradient":""},"tablet":{"background-color":"var(--ast-global-color-5)","background-image":"","background-repeat":"repeat","background-position":"center center","background-size":"auto","background-attachment":"scroll","background-type":"","background-media":"","overlay-type":"","overlay-color":"","overlay-opacity":"","overlay-gradient":""},"mobile":{"background-color":"var(--ast-global-color-5)","background-image":"","background-repeat":"repeat","background-position":"center center","background-size":"auto","background-attachment":"scroll","background-type":"","background-media":"","overlay-type":"","overlay-color":"","overlay-opacity":"","overlay-gradient":""}},"footnotes":""},"class_list":["post-1051","page","type-page","status-publish","hentry"],"post_mailing_queue_ids":[],"_links":{"self":[{"href":"https:\/\/agora.xtec.cat\/insperecalders\/wp-json\/wp\/v2\/pages\/1051","targetHints":{"allow":["GET"]}}],"collection":[{"href":"https:\/\/agora.xtec.cat\/insperecalders\/wp-json\/wp\/v2\/pages"}],"about":[{"href":"https:\/\/agora.xtec.cat\/insperecalders\/wp-json\/wp\/v2\/types\/page"}],"author":[{"embeddable":true,"href":"https:\/\/agora.xtec.cat\/insperecalders\/wp-json\/wp\/v2\/users\/1"}],"replies":[{"embeddable":true,"href":"https:\/\/agora.xtec.cat\/insperecalders\/wp-json\/wp\/v2\/comments?post=1051"}],"version-history":[{"count":6,"href":"https:\/\/agora.xtec.cat\/insperecalders\/wp-json\/wp\/v2\/pages\/1051\/revisions"}],"predecessor-version":[{"id":7486,"href":"https:\/\/agora.xtec.cat\/insperecalders\/wp-json\/wp\/v2\/pages\/1051\/revisions\/7486"}],"up":[{"embeddable":true,"href":"https:\/\/agora.xtec.cat\/insperecalders\/wp-json\/wp\/v2\/pages\/7154"}],"wp:attachment":[{"href":"https:\/\/agora.xtec.cat\/insperecalders\/wp-json\/wp\/v2\/media?parent=1051"}],"curies":[{"name":"wp","href":"https:\/\/api.w.org\/{rel}","templated":true}]}}