{"id":916,"date":"2021-10-13T10:24:45","date_gmt":"2021-10-13T08:24:45","guid":{"rendered":"https:\/\/agora.xtec.cat\/insperalada\/?page_id=916"},"modified":"2025-07-29T20:19:58","modified_gmt":"2025-07-29T18:19:58","slug":"pacte-exc","status":"publish","type":"page","link":"https:\/\/agora.xtec.cat\/insperalada\/projecte-educatiu\/pacte-exc\/","title":{"rendered":"PAcTE\/ExC"},"content":{"rendered":"<p><em>&#8220;Aprendre per saber-se desprendre, vet aqu\u00ed el vell secret.&#8221;<\/em><\/p>\n<p>En el marc de l&#8217;impuls del desenvolupament professional que amara el Projecte de Direcci\u00f3 del Centre, i pel que suposa formar part de l&#8217;equip hum\u00e0 que crea i dona sentit a un institut de recent creaci\u00f3, el claustre de l&#8217;Institut Peralada treballa des dels seus inicis sota els principis i valors d&#8217;un Centre que apr\u00e8n.\u00a0Un centre que apr\u00e8n i que t\u00e9 en compte el potencial de tots els membres de la comunitat educativa per a multiplicar i aconseguir fer l&#8217;institut que volem.<\/p>\n<p>En aquest sentit, a trav\u00e9s de claustres de debat pedag\u00f2gic hem anat construint les bases del que ser\u00e0 el centre d&#8217;aqu\u00ed a uns anys, i \u00e9s per aquest motiu que entenem que formar part del Laboratori de Transformaci\u00f3 Educativa pot oferir-nos nous referents te\u00f2rics que ens permetin seguir avan\u00e7ant gr\u00e0cies a l&#8217;an\u00e0lisi i contrast constant d&#8217;evid\u00e8ncies educatives.<\/p>\n<p>El Programa d&#8217;Acceleraci\u00f3 de la Transformaci\u00f3 Educativa \/ Eines per al Canvi \u00e9s, doncs, una font m\u00e9s de la que ens dotem en aquest creixement professional que ha de revertir en la millora del funcionament del centre, tenint sempre com a objectiu final la millora dels aprenentatges dels nostres alumnes.<\/p>\n<p>Un dels punts inicials de treball del PAcTE\/ExC suposa una reflexi\u00f3 pedag\u00f2gica que permeti evidenciar la percepci\u00f3 del professorat pel que fa al moment actual de l&#8217;institut i que, pel que fa a l&#8217;Institut Peralada, podeu analitzar a la infografia que apareix tot seguit:<\/p>\n<p>&nbsp;<\/p>\n<p><a href=\"https:\/\/agora.xtec.cat\/insperalada\/wp-content\/uploads\/usu2117\/2021\/10\/PACTE-Reflexio-inicial.png\"><img loading=\"lazy\" decoding=\"async\" class=\"wp-image-917 size-large\" src=\"https:\/\/agora.xtec.cat\/insperalada\/wp-content\/uploads\/usu2117\/2021\/10\/PACTE-Reflexio-inicial-1024x717.png\" alt=\"#XTTE #PAcTE\/ExC #Referents\" width=\"1024\" height=\"717\" srcset=\"https:\/\/agora.xtec.cat\/insperalada\/wp-content\/uploads\/usu2117\/2021\/10\/PACTE-Reflexio-inicial-1024x717.png 1024w, https:\/\/agora.xtec.cat\/insperalada\/wp-content\/uploads\/usu2117\/2021\/10\/PACTE-Reflexio-inicial-300x210.png 300w, https:\/\/agora.xtec.cat\/insperalada\/wp-content\/uploads\/usu2117\/2021\/10\/PACTE-Reflexio-inicial-768x538.png 768w, https:\/\/agora.xtec.cat\/insperalada\/wp-content\/uploads\/usu2117\/2021\/10\/PACTE-Reflexio-inicial-1536x1075.png 1536w, https:\/\/agora.xtec.cat\/insperalada\/wp-content\/uploads\/usu2117\/2021\/10\/PACTE-Reflexio-inicial.png 2000w\" sizes=\"auto, (max-width: 1024px) 100vw, 1024px\" \/><\/a><\/p>\n<p>#XTTE #PAcTE\/ExC #Referents<\/p>\n<p>Seguim treballant!!!<\/p>\n<p>&nbsp;<\/p>\n<p>&nbsp;<\/p>\n","protected":false},"excerpt":{"rendered":"<p>&#8220;Aprendre per saber-se desprendre, vet aqu\u00ed el vell secret.&#8221; En el marc de l&#8217;impuls del desenvolupament professional que amara el Projecte de Direcci\u00f3 del Centre, i pel que suposa formar part de l&#8217;equip hum\u00e0 que crea i dona sentit a un institut de recent creaci\u00f3, el claustre de l&#8217;Institut Peralada treballa des dels seus inicis [&hellip;]<\/p>\n","protected":false},"author":1,"featured_media":0,"parent":57,"menu_order":30,"comment_status":"closed","ping_status":"closed","template":"page-templates\/side-menu.php","meta":{"_bbp_topic_count":0,"_bbp_reply_count":0,"_bbp_total_topic_count":0,"_bbp_total_reply_count":0,"_bbp_voice_count":0,"_bbp_anonymous_reply_count":0,"_bbp_topic_count_hidden":0,"_bbp_reply_count_hidden":0,"_bbp_forum_subforum_count":0,"site-sidebar-layout":"default","site-content-layout":"","ast-site-content-layout":"","site-content-style":"default","site-sidebar-style":"default","ast-global-header-display":"","ast-banner-title-visibility":"","ast-main-header-display":"","ast-hfb-above-header-display":"","ast-hfb-below-header-display":"","ast-hfb-mobile-header-display":"","site-post-title":"","ast-breadcrumbs-content":"","ast-featured-img":"","footer-sml-layout":"","theme-transparent-header-meta":"","adv-header-id-meta":"","stick-header-meta":"","header-above-stick-meta":"","header-main-stick-meta":"","header-below-stick-meta":"","astra-migrate-meta-layouts":"default","ast-page-background-enabled":"default","ast-page-background-meta":{"desktop":{"background-color":"var(--ast-global-color-4)","background-image":"","background-repeat":"repeat","background-position":"center center","background-size":"auto","background-attachment":"scroll","background-type":"","background-media":"","overlay-type":"","overlay-color":"","overlay-opacity":"","overlay-gradient":""},"tablet":{"background-color":"","background-image":"","background-repeat":"repeat","background-position":"center center","background-size":"auto","background-attachment":"scroll","background-type":"","background-media":"","overlay-type":"","overlay-color":"","overlay-opacity":"","overlay-gradient":""},"mobile":{"background-color":"","background-image":"","background-repeat":"repeat","background-position":"center center","background-size":"auto","background-attachment":"scroll","background-type":"","background-media":"","overlay-type":"","overlay-color":"","overlay-opacity":"","overlay-gradient":""}},"ast-content-background-meta":{"desktop":{"background-color":"var(--ast-global-color-5)","background-image":"","background-repeat":"repeat","background-position":"center center","background-size":"auto","background-attachment":"scroll","background-type":"","background-media":"","overlay-type":"","overlay-color":"","overlay-opacity":"","overlay-gradient":""},"tablet":{"background-color":"var(--ast-global-color-5)","background-image":"","background-repeat":"repeat","background-position":"center center","background-size":"auto","background-attachment":"scroll","background-type":"","background-media":"","overlay-type":"","overlay-color":"","overlay-opacity":"","overlay-gradient":""},"mobile":{"background-color":"var(--ast-global-color-5)","background-image":"","background-repeat":"repeat","background-position":"center center","background-size":"auto","background-attachment":"scroll","background-type":"","background-media":"","overlay-type":"","overlay-color":"","overlay-opacity":"","overlay-gradient":""}},"footnotes":""},"class_list":["post-916","page","type-page","status-publish","hentry"],"post_mailing_queue_ids":[],"_links":{"self":[{"href":"https:\/\/agora.xtec.cat\/insperalada\/wp-json\/wp\/v2\/pages\/916","targetHints":{"allow":["GET"]}}],"collection":[{"href":"https:\/\/agora.xtec.cat\/insperalada\/wp-json\/wp\/v2\/pages"}],"about":[{"href":"https:\/\/agora.xtec.cat\/insperalada\/wp-json\/wp\/v2\/types\/page"}],"author":[{"embeddable":true,"href":"https:\/\/agora.xtec.cat\/insperalada\/wp-json\/wp\/v2\/users\/1"}],"replies":[{"embeddable":true,"href":"https:\/\/agora.xtec.cat\/insperalada\/wp-json\/wp\/v2\/comments?post=916"}],"version-history":[{"count":3,"href":"https:\/\/agora.xtec.cat\/insperalada\/wp-json\/wp\/v2\/pages\/916\/revisions"}],"predecessor-version":[{"id":955,"href":"https:\/\/agora.xtec.cat\/insperalada\/wp-json\/wp\/v2\/pages\/916\/revisions\/955"}],"up":[{"embeddable":true,"href":"https:\/\/agora.xtec.cat\/insperalada\/wp-json\/wp\/v2\/pages\/57"}],"wp:attachment":[{"href":"https:\/\/agora.xtec.cat\/insperalada\/wp-json\/wp\/v2\/media?parent=916"}],"curies":[{"name":"wp","href":"https:\/\/api.w.org\/{rel}","templated":true}]}}