{"id":57,"date":"2014-09-17T17:01:07","date_gmt":"2014-09-17T17:01:07","guid":{"rendered":"http:\/\/agora.xtec.cat\/insperalada\/?page_id=57"},"modified":"2025-08-04T12:31:49","modified_gmt":"2025-08-04T10:31:49","slug":"projecte-educatiu","status":"publish","type":"page","link":"https:\/\/agora.xtec.cat\/insperalada\/projecte-educatiu\/","title":{"rendered":"Projecte educatiu"},"content":{"rendered":"<p>La gesti\u00f3 d\u2019un centre comporta el repte d&#8217;assumir una major autonomia organitzativa, econ\u00f2mica, did\u00e0ctica i curricular, i ens obliga, a m\u00e9s, a adequar-nos als canvis i modificacions en la gesti\u00f3, participaci\u00f3 i autonomia dels centres.<\/p>\n<p>Si volem construir una societat justa \u00e9s fonamental apostar per una educaci\u00f3 de qualitat per a tothom que trenqui el determinisme social en els resultats d\u2019aprenentatge. La gesti\u00f3 d\u2019un centre educatiu no permet experiments previs. Per aix\u00f2 cal un projecte, confian\u00e7a en la capacitat d\u2019aprenentatge dels alumnes i assumir un grau de comprom\u00eds i una gran responsabilitat pels resultats, que evitin la indifer\u00e8ncia davant els s\u00edmptomes de frac\u00e0s escolar.<\/p>\n<p>Lligat a aquesta cultura de la qualitat \u00e9s necessari un lideratge compartit, ent\u00e8s com un comprom\u00eds clar, capa\u00e7 d\u2019implicar a tothom per tal de buscar les solucions m\u00e9s adients per assolir els objectius marcats.<\/p>\n<p>Volem que l\u2019Institut sigui un <span style=\"color: #3494ba;\"><strong>Centre que apr\u00e8n<\/strong><\/span>, basat en el Lideratge per a l\u2019aprenentatge, per tal d\u2019influir i de propiciar que cada integrant de la comunitat escolar, individual i conjuntament, prengui el seu cam\u00ed cap a un futur exit\u00f3s.<\/p>\n<p>El Projecte Educatiu de Centre (PEC) es pot consultar a l&#8217;apartat Documents de Centre.<\/p>\n","protected":false},"excerpt":{"rendered":"<p>La gesti\u00f3 d\u2019un centre comporta el repte d&#8217;assumir una major autonomia organitzativa, econ\u00f2mica, did\u00e0ctica i curricular, i ens obliga, a m\u00e9s, a adequar-nos als canvis i modificacions en la gesti\u00f3, participaci\u00f3 i autonomia dels centres. Si volem construir una societat justa \u00e9s fonamental apostar per una educaci\u00f3 de qualitat per a tothom que trenqui el [&hellip;]<\/p>\n","protected":false},"author":1,"featured_media":0,"parent":0,"menu_order":0,"comment_status":"closed","ping_status":"closed","template":"page-templates\/side-menu.php","meta":{"_bbp_topic_count":0,"_bbp_reply_count":0,"_bbp_total_topic_count":0,"_bbp_total_reply_count":0,"_bbp_voice_count":0,"_bbp_anonymous_reply_count":0,"_bbp_topic_count_hidden":0,"_bbp_reply_count_hidden":0,"_bbp_forum_subforum_count":0,"site-sidebar-layout":"default","site-content-layout":"","ast-site-content-layout":"","site-content-style":"default","site-sidebar-style":"default","ast-global-header-display":"","ast-banner-title-visibility":"","ast-main-header-display":"","ast-hfb-above-header-display":"","ast-hfb-below-header-display":"","ast-hfb-mobile-header-display":"","site-post-title":"","ast-breadcrumbs-content":"","ast-featured-img":"","footer-sml-layout":"","theme-transparent-header-meta":"","adv-header-id-meta":"","stick-header-meta":"","header-above-stick-meta":"","header-main-stick-meta":"","header-below-stick-meta":"","astra-migrate-meta-layouts":"default","ast-page-background-enabled":"default","ast-page-background-meta":{"desktop":{"background-color":"var(--ast-global-color-4)","background-image":"","background-repeat":"repeat","background-position":"center center","background-size":"auto","background-attachment":"scroll","background-type":"","background-media":"","overlay-type":"","overlay-color":"","overlay-opacity":"","overlay-gradient":""},"tablet":{"background-color":"","background-image":"","background-repeat":"repeat","background-position":"center center","background-size":"auto","background-attachment":"scroll","background-type":"","background-media":"","overlay-type":"","overlay-color":"","overlay-opacity":"","overlay-gradient":""},"mobile":{"background-color":"","background-image":"","background-repeat":"repeat","background-position":"center center","background-size":"auto","background-attachment":"scroll","background-type":"","background-media":"","overlay-type":"","overlay-color":"","overlay-opacity":"","overlay-gradient":""}},"ast-content-background-meta":{"desktop":{"background-color":"var(--ast-global-color-5)","background-image":"","background-repeat":"repeat","background-position":"center center","background-size":"auto","background-attachment":"scroll","background-type":"","background-media":"","overlay-type":"","overlay-color":"","overlay-opacity":"","overlay-gradient":""},"tablet":{"background-color":"var(--ast-global-color-5)","background-image":"","background-repeat":"repeat","background-position":"center center","background-size":"auto","background-attachment":"scroll","background-type":"","background-media":"","overlay-type":"","overlay-color":"","overlay-opacity":"","overlay-gradient":""},"mobile":{"background-color":"var(--ast-global-color-5)","background-image":"","background-repeat":"repeat","background-position":"center center","background-size":"auto","background-attachment":"scroll","background-type":"","background-media":"","overlay-type":"","overlay-color":"","overlay-opacity":"","overlay-gradient":""}},"footnotes":""},"class_list":["post-57","page","type-page","status-publish","hentry"],"post_mailing_queue_ids":[],"_links":{"self":[{"href":"https:\/\/agora.xtec.cat\/insperalada\/wp-json\/wp\/v2\/pages\/57","targetHints":{"allow":["GET"]}}],"collection":[{"href":"https:\/\/agora.xtec.cat\/insperalada\/wp-json\/wp\/v2\/pages"}],"about":[{"href":"https:\/\/agora.xtec.cat\/insperalada\/wp-json\/wp\/v2\/types\/page"}],"author":[{"embeddable":true,"href":"https:\/\/agora.xtec.cat\/insperalada\/wp-json\/wp\/v2\/users\/1"}],"replies":[{"embeddable":true,"href":"https:\/\/agora.xtec.cat\/insperalada\/wp-json\/wp\/v2\/comments?post=57"}],"version-history":[{"count":5,"href":"https:\/\/agora.xtec.cat\/insperalada\/wp-json\/wp\/v2\/pages\/57\/revisions"}],"predecessor-version":[{"id":1639,"href":"https:\/\/agora.xtec.cat\/insperalada\/wp-json\/wp\/v2\/pages\/57\/revisions\/1639"}],"wp:attachment":[{"href":"https:\/\/agora.xtec.cat\/insperalada\/wp-json\/wp\/v2\/media?parent=57"}],"curies":[{"name":"wp","href":"https:\/\/api.w.org\/{rel}","templated":true}]}}