{"id":1692,"date":"2025-10-18T15:54:18","date_gmt":"2025-10-18T13:54:18","guid":{"rendered":"https:\/\/agora.xtec.cat\/insperalada\/?page_id=1692"},"modified":"2025-11-22T12:17:27","modified_gmt":"2025-11-22T11:17:27","slug":"acreditacio-2025-2026","status":"publish","type":"page","link":"https:\/\/agora.xtec.cat\/insperalada\/projectes-erasmus\/acreditacio-2025-2026\/","title":{"rendered":"Acreditaci\u00f3 2025-2026"},"content":{"rendered":"<h5><span style=\"color: #008080;\">Acollida de professorat de Foligno (It\u00e0lia)<\/span><\/h5>\n<p>Del 8 al 10 de setembre hem tingut la visita de 10 professores de l&#8217;institut <em>Palestra Gentile 4<\/em>. Han realitzat un <em>job shadowing<\/em> de 3 dies en qu\u00e8 els hem mostrat i explicat com est\u00e0 estructurat el sistema educatiu catal\u00e0, com funciona l&#8217;institut Peralada, els projectes que duem a terme, els intercanvis que realitzem, entre altres. Hem intercanviat experi\u00e8ncies ampliant aix\u00ed la nostra mirada d&#8217;Europa.<\/p>\n<h5><a href=\"https:\/\/agora.xtec.cat\/insperalada\/wp-content\/uploads\/usu2117\/2025\/10\/PHOTO-2025-10-18-16-31-30.jpg\"><img loading=\"lazy\" decoding=\"async\" class=\"aligncenter wp-image-1705\" src=\"https:\/\/agora.xtec.cat\/insperalada\/wp-content\/uploads\/usu2117\/2025\/10\/PHOTO-2025-10-18-16-31-30-768x1024.jpg\" alt=\"\" width=\"450\" height=\"600\" srcset=\"https:\/\/agora.xtec.cat\/insperalada\/wp-content\/uploads\/usu2117\/2025\/10\/PHOTO-2025-10-18-16-31-30-768x1024.jpg 768w, https:\/\/agora.xtec.cat\/insperalada\/wp-content\/uploads\/usu2117\/2025\/10\/PHOTO-2025-10-18-16-31-30-225x300.jpg 225w, https:\/\/agora.xtec.cat\/insperalada\/wp-content\/uploads\/usu2117\/2025\/10\/PHOTO-2025-10-18-16-31-30-1152x1536.jpg 1152w, https:\/\/agora.xtec.cat\/insperalada\/wp-content\/uploads\/usu2117\/2025\/10\/PHOTO-2025-10-18-16-31-30.jpg 1536w\" sizes=\"auto, (max-width: 450px) 100vw, 450px\" \/><\/a><\/h5>\n<h5><\/h5>\n<h5><span style=\"color: #008080;\">Visita preparat\u00f2ria (Foligno)<\/span><\/h5>\n<p>Del 17 al 19 de setembre han vingut a visitar-nos dos docents italians de Foligno (It\u00e0lia), amb els quals hem treballat conjuntament per preparar l&#8217;intercanvi en qu\u00e8 l&#8217;Institut Peralada acollir\u00e0 alumnat itali\u00e0 durant una setmana del mes d&#8217;octubre.<\/p>\n<p><a href=\"https:\/\/agora.xtec.cat\/insperalada\/wp-content\/uploads\/usu2117\/2025\/10\/PHOTO-2025-10-18-16-32-30.jpg\"><img loading=\"lazy\" decoding=\"async\" class=\"aligncenter wp-image-1706\" src=\"https:\/\/agora.xtec.cat\/insperalada\/wp-content\/uploads\/usu2117\/2025\/10\/PHOTO-2025-10-18-16-32-30-1024x768.jpg\" alt=\"\" width=\"600\" height=\"450\" srcset=\"https:\/\/agora.xtec.cat\/insperalada\/wp-content\/uploads\/usu2117\/2025\/10\/PHOTO-2025-10-18-16-32-30-1024x768.jpg 1024w, https:\/\/agora.xtec.cat\/insperalada\/wp-content\/uploads\/usu2117\/2025\/10\/PHOTO-2025-10-18-16-32-30-300x225.jpg 300w, https:\/\/agora.xtec.cat\/insperalada\/wp-content\/uploads\/usu2117\/2025\/10\/PHOTO-2025-10-18-16-32-30-768x576.jpg 768w, https:\/\/agora.xtec.cat\/insperalada\/wp-content\/uploads\/usu2117\/2025\/10\/PHOTO-2025-10-18-16-32-30-1536x1152.jpg 1536w, https:\/\/agora.xtec.cat\/insperalada\/wp-content\/uploads\/usu2117\/2025\/10\/PHOTO-2025-10-18-16-32-30-200x150.jpg 200w, https:\/\/agora.xtec.cat\/insperalada\/wp-content\/uploads\/usu2117\/2025\/10\/PHOTO-2025-10-18-16-32-30.jpg 2048w\" sizes=\"auto, (max-width: 600px) 100vw, 600px\" \/><\/a><\/p>\n<h5><\/h5>\n<h5><span style=\"color: #008080;\">Acollida Foligno<\/span><\/h5>\n<p>La setmana del 13 al 17 d&#8217;octubre, els nostres alumnes de 2n d&#8217;ESO han acollit alumnes italians de Foligno. Han vingut a veure com treballem a les aules i tamb\u00e9 hem tingut la oportunitat de fer una visita cultural des de l&#8217;assignatura de Socials a Les Ru\u00efnes d&#8217;Emp\u00faries on els nostres alumnes han fet de guies per explicar les ciutats gregues i romanes als alumnes d&#8217;intercanvi. Ha estat una experi\u00e8ncia enriquidora per tamb\u00e9, con\u00e8ixer la cultura italiana i saber com treballen a partir del que ens han explicat.<\/p>\n<p><a href=\"https:\/\/agora.xtec.cat\/insperalada\/wp-content\/uploads\/usu2117\/2025\/10\/61bc5cfb-2570-4e23-a8b7-fc33117258ba.jpg\"><img loading=\"lazy\" decoding=\"async\" class=\"aligncenter wp-image-1715 size-large\" src=\"https:\/\/agora.xtec.cat\/insperalada\/wp-content\/uploads\/usu2117\/2025\/10\/61bc5cfb-2570-4e23-a8b7-fc33117258ba-1024x616.jpg\" alt=\"\" width=\"1024\" height=\"616\" srcset=\"https:\/\/agora.xtec.cat\/insperalada\/wp-content\/uploads\/usu2117\/2025\/10\/61bc5cfb-2570-4e23-a8b7-fc33117258ba-1024x616.jpg 1024w, https:\/\/agora.xtec.cat\/insperalada\/wp-content\/uploads\/usu2117\/2025\/10\/61bc5cfb-2570-4e23-a8b7-fc33117258ba-300x180.jpg 300w, https:\/\/agora.xtec.cat\/insperalada\/wp-content\/uploads\/usu2117\/2025\/10\/61bc5cfb-2570-4e23-a8b7-fc33117258ba-768x462.jpg 768w, https:\/\/agora.xtec.cat\/insperalada\/wp-content\/uploads\/usu2117\/2025\/10\/61bc5cfb-2570-4e23-a8b7-fc33117258ba.jpg 1536w\" sizes=\"auto, (max-width: 1024px) 100vw, 1024px\" \/><\/a><\/p>\n<h5><\/h5>\n<h5><span style=\"color: #008080;\">Job shadowing a <span class=\"il\">\u00d8lgod<\/span>\u00a0(Dinamarca)<\/span><\/h5>\n<p><span style=\"color: #333333;\">Del 27 al 29 d&#8217;octubre dues professores de l&#8217;institut Peralada han visitat el centre educatiu <span class=\"il\"><em>\u00d8lgod Skole<\/em> de la poblaci\u00f3 d&#8217;<\/span><span class=\"il\">\u00d8lgod, a Dinamarca. Durant 3 dies han pogut intercanviar experi\u00e8ncies, inquietuds i models d&#8217;aprenentatge amb docents d&#8217;aquest pa\u00eds. Tamb\u00e9 han pogut veure de primera m\u00e0 com realitzen el feedback amb l&#8217;alumnat i debatre sobre els potencials i impactes de l&#8217;IA en el m\u00f3n educatiu.<\/span><\/span><\/p>\n\r\n\t<div class=\"slideshow_container slideshow_container_style-light\" style=\"height: 500px; \" data-slideshow-id=\"1728\" data-style-name=\"style-light\" data-style-version=\"2.3.1\" >\r\n\r\n\t\t\t\t\t<div class=\"slideshow_loading_icon\"><\/div>\r\n\t\t\r\n\t\t<div class=\"slideshow_content\" style=\"display: none;\">\r\n\r\n\t\t\t<div class=\"slideshow_view\">\r\n\t\t\t\t<div class=\"slideshow_slide slideshow_slide_image\">\r\n\t\t\t\t\t\t\t\t\t\t\t<img src=\"https:\/\/agora.xtec.cat\/insperalada\/wp-content\/uploads\/usu2117\/2025\/11\/PHOTO-2025-10-28-11-58-06.jpg\" alt=\"PHOTO-2025-10-28-11-58-06\" width=\"1600\" height=\"1200\" \/>\r\n\t\t\t\t\t\t\t\t\t\t<div class=\"slideshow_description_box slideshow_transparent\">\r\n\t\t\t\t\t\t<div class=\"slideshow_title\">PHOTO-2025-10-28-11-58-06<\/div>\t\t\t\t\t\t\t\t\t\t\t<\/div>\r\n\t\t\t\t<\/div>\r\n\r\n\t\t\t\t\t\t<div style=\"clear: both;\"><\/div><\/div><div class=\"slideshow_view\">\r\n\t\t\t\t<div class=\"slideshow_slide slideshow_slide_image\">\r\n\t\t\t\t\t\t\t\t\t\t\t<img src=\"https:\/\/agora.xtec.cat\/insperalada\/wp-content\/uploads\/usu2117\/2025\/11\/PHOTO-2025-11-06-18-21-12.jpg\" alt=\"PHOTO-2025-11-06-18-21-12\" width=\"1600\" height=\"1200\" \/>\r\n\t\t\t\t\t\t\t\t\t\t<div class=\"slideshow_description_box slideshow_transparent\">\r\n\t\t\t\t\t\t<div class=\"slideshow_title\">PHOTO-2025-11-06-18-21-12<\/div>\t\t\t\t\t\t\t\t\t\t\t<\/div>\r\n\t\t\t\t<\/div>\r\n\r\n\t\t\t\t\t\t<div style=\"clear: both;\"><\/div><\/div><div class=\"slideshow_view\">\r\n\t\t\t\t<div class=\"slideshow_slide slideshow_slide_image\">\r\n\t\t\t\t\t\t\t\t\t\t\t<img src=\"https:\/\/agora.xtec.cat\/insperalada\/wp-content\/uploads\/usu2117\/2025\/11\/PHOTO-2025-10-29-14-13-36.jpg\" alt=\"PHOTO-2025-10-29-14-13-36\" width=\"1200\" height=\"1600\" \/>\r\n\t\t\t\t\t\t\t\t\t\t<div class=\"slideshow_description_box slideshow_transparent\">\r\n\t\t\t\t\t\t<div class=\"slideshow_title\">PHOTO-2025-10-29-14-13-36<\/div>\t\t\t\t\t\t\t\t\t\t\t<\/div>\r\n\t\t\t\t<\/div>\r\n\r\n\t\t\t\t\t\t<div style=\"clear: both;\"><\/div><\/div><div class=\"slideshow_view\">\r\n\t\t\t\t<div class=\"slideshow_slide slideshow_slide_image\">\r\n\t\t\t\t\t\t\t\t\t\t\t<img src=\"https:\/\/agora.xtec.cat\/insperalada\/wp-content\/uploads\/usu2117\/2025\/11\/PHOTO-2025-11-06-18-20-57.jpg\" alt=\"PHOTO-2025-11-06-18-20-57\" width=\"1600\" height=\"1200\" \/>\r\n\t\t\t\t\t\t\t\t\t\t<div class=\"slideshow_description_box slideshow_transparent\">\r\n\t\t\t\t\t\t<div class=\"slideshow_title\">PHOTO-2025-11-06-18-20-57<\/div>\t\t\t\t\t\t\t\t\t\t\t<\/div>\r\n\t\t\t\t<\/div>\r\n\r\n\t\t\t\t\t\t<div style=\"clear: both;\"><\/div><\/div><div class=\"slideshow_view\">\r\n\t\t\t\t<div class=\"slideshow_slide slideshow_slide_image\">\r\n\t\t\t\t\t\t\t\t\t\t\t<img src=\"https:\/\/agora.xtec.cat\/insperalada\/wp-content\/uploads\/usu2117\/2025\/11\/PHOTO-2025-11-06-18-20-24.jpg\" alt=\"PHOTO-2025-11-06-18-20-24\" width=\"1600\" height=\"1200\" \/>\r\n\t\t\t\t\t\t\t\t\t\t<div class=\"slideshow_description_box slideshow_transparent\">\r\n\t\t\t\t\t\t<div class=\"slideshow_title\">PHOTO-2025-11-06-18-20-24<\/div>\t\t\t\t\t\t\t\t\t\t\t<\/div>\r\n\t\t\t\t<\/div>\r\n\r\n\t\t\t\t\t\t<div style=\"clear: both;\"><\/div><\/div><div class=\"slideshow_view\">\r\n\t\t\t\t<div class=\"slideshow_slide slideshow_slide_image\">\r\n\t\t\t\t\t\t\t\t\t\t\t<img src=\"https:\/\/agora.xtec.cat\/insperalada\/wp-content\/uploads\/usu2117\/2025\/11\/PHOTO-2025-11-06-18-21-55.jpg\" alt=\"PHOTO-2025-11-06-18-21-55\" width=\"1600\" height=\"1200\" \/>\r\n\t\t\t\t\t\t\t\t\t\t<div class=\"slideshow_description_box slideshow_transparent\">\r\n\t\t\t\t\t\t<div class=\"slideshow_title\">PHOTO-2025-11-06-18-21-55<\/div>\t\t\t\t\t\t\t\t\t\t\t<\/div>\r\n\t\t\t\t<\/div>\r\n\r\n\t\t\t\t\t\t<div style=\"clear: both;\"><\/div><\/div><div class=\"slideshow_view\">\r\n\t\t\t\t<div class=\"slideshow_slide slideshow_slide_image\">\r\n\t\t\t\t\t\t\t\t\t\t\t<img src=\"https:\/\/agora.xtec.cat\/insperalada\/wp-content\/uploads\/usu2117\/2025\/11\/PHOTO-2025-10-27-19-54-08.jpg\" alt=\"PHOTO-2025-10-27-19-54-08\" width=\"1600\" height=\"1200\" \/>\r\n\t\t\t\t\t\t\t\t\t\t<div class=\"slideshow_description_box slideshow_transparent\">\r\n\t\t\t\t\t\t<div class=\"slideshow_title\">PHOTO-2025-10-27-19-54-08<\/div>\t\t\t\t\t\t\t\t\t\t\t<\/div>\r\n\t\t\t\t<\/div>\r\n\r\n\t\t\t\t\t\t<div style=\"clear: both;\"><\/div><\/div><div class=\"slideshow_view\">\r\n\t\t\t\t<div class=\"slideshow_slide slideshow_slide_image\">\r\n\t\t\t\t\t\t\t\t\t\t\t<img src=\"https:\/\/agora.xtec.cat\/insperalada\/wp-content\/uploads\/usu2117\/2025\/11\/PHOTO-2025-10-29-08-43-19.jpg\" alt=\"PHOTO-2025-10-29-08-43-19\" width=\"1200\" height=\"1600\" \/>\r\n\t\t\t\t\t\t\t\t\t\t<div class=\"slideshow_description_box slideshow_transparent\">\r\n\t\t\t\t\t\t<div class=\"slideshow_title\">PHOTO-2025-10-29-08-43-19<\/div>\t\t\t\t\t\t\t\t\t\t\t<\/div>\r\n\t\t\t\t<\/div>\r\n\r\n\t\t\t\t\t\t<div style=\"clear: both;\"><\/div><\/div>\r\n\t\t<\/div>\r\n\r\n\t\t<div class=\"slideshow_controlPanel slideshow_transparent\" style=\"display: none;\"><ul><li class=\"slideshow_togglePlay\" data-play-text=\"Visualitza\" data-pause-text=\"Pausa\"><\/li><\/ul><\/div>\r\n\r\n\t\t<div class=\"slideshow_button slideshow_previous slideshow_transparent\" role=\"button\" data-previous-text=\"Anterior\" style=\"display: none;\"><\/div>\r\n\t\t<div class=\"slideshow_button slideshow_next slideshow_transparent\" role=\"button\" data-next-text=\"Seg\u00fcent\" style=\"display: none;\"><\/div>\r\n\r\n\t\t<div class=\"slideshow_pagination\" style=\"display: none;\" data-go-to-text=\"V\u00e9s a la diapositiva\"><div class=\"slideshow_pagination_center\"><\/div><\/div>\r\n\r\n\t\t<!-- WordPress Slideshow Version 2.3.1 -->\r\n\r\n\t\t\t<\/div>\r\n\r\n\n<p>&nbsp;<\/p>\n<h5><span style=\"color: #008080;\">Curs estructurat a Berl\u00edn (Alemanya)<\/span><\/h5>\n<p>La setmana del 3 al 7 de novembre, el Cap d&#8217;Estudis de l&#8217;Institut, responsable dels Projectes Erasmus+, va assistir a un curs a Berlin centrat en la IA (Intel\u00b7lig\u00e8ncia Artifical). Els objectius del curs eren:<\/p>\n<ul>\n<li>Comprendre els beneficis i les consideracions \u00e8tiques de l&#8217;\u00fas de la IA a l&#8217;aula.<\/li>\n<li>Familiaritzar-se amb diverses eines i aplicacions d&#8217;IA disponibles per a l&#8217;educaci\u00f3.<\/li>\n<li>Adquirir habilitats en l&#8217;\u00fas de xat GPT, l&#8217;avaluaci\u00f3 mitjan\u00e7ant IA i l&#8217;aprenentatge basat en projectes, com per exemple, feedback formatius personalitzats.<\/li>\n<li>Adquirir la capacitat d&#8217;integrar eines de IA a les lli\u00e7ons i activitats per millorar la participaci\u00f3 dels alumnes i els resultats de l&#8217;aprenentatge.<\/li>\n<li>Aprendre les millors pr\u00e0ctiques per implementar la IA a l&#8217;aula, incl\u00f2s el disseny d&#8217;un contracte amb els alumnes per al contingut generat per IA.<\/li>\n<li>Augmentar la confian\u00e7a a l&#8217;hora de fer servir la IA per donar suport a l&#8217;aprenentatge i el creixement dels alumnes.<\/li>\n<li>Donar les bases per organitzar un bon pla d\u2019implementaci\u00f3 de la IA als centres educatius que vagi m\u00e9s enll\u00e0 de la utilitzaci\u00f3 d\u2019una determinada eina.<\/li>\n<\/ul>\n<p>El curs ha resultat ser molt interessant, profit\u00f3s i amb moltes idees per poder implementar a les aules i al centre.<\/p>\n\r\n\t<div class=\"slideshow_container slideshow_container_style-light\" style=\"height: 400px; \" data-slideshow-id=\"1741\" data-style-name=\"style-light\" data-style-version=\"2.3.1\" >\r\n\r\n\t\t\t\t\t<div class=\"slideshow_loading_icon\"><\/div>\r\n\t\t\r\n\t\t<div class=\"slideshow_content\" style=\"display: none;\">\r\n\r\n\t\t\t<div class=\"slideshow_view\">\r\n\t\t\t\t<div class=\"slideshow_slide slideshow_slide_image\">\r\n\t\t\t\t\t\t\t\t\t\t\t<img src=\"https:\/\/agora.xtec.cat\/insperalada\/wp-content\/uploads\/usu2117\/2025\/11\/PHOTO-2025-11-21-09-35-302.jpg\" alt=\"PHOTO-2025-11-21-09-35-30(2)\" width=\"1280\" height=\"960\" \/>\r\n\t\t\t\t\t\t\t\t\t\t<div class=\"slideshow_description_box slideshow_transparent\">\r\n\t\t\t\t\t\t<div class=\"slideshow_title\">PHOTO-2025-11-21-09-35-30(2)<\/div>\t\t\t\t\t\t\t\t\t\t\t<\/div>\r\n\t\t\t\t<\/div>\r\n\r\n\t\t\t\t\t\t<div style=\"clear: both;\"><\/div><\/div><div class=\"slideshow_view\">\r\n\t\t\t\t<div class=\"slideshow_slide slideshow_slide_image\">\r\n\t\t\t\t\t\t\t\t\t\t\t<img src=\"https:\/\/agora.xtec.cat\/insperalada\/wp-content\/uploads\/usu2117\/2025\/11\/PHOTO-2025-11-21-09-35-30.jpg\" alt=\"PHOTO-2025-11-21-09-35-30\" width=\"960\" height=\"1280\" \/>\r\n\t\t\t\t\t\t\t\t\t\t<div class=\"slideshow_description_box slideshow_transparent\">\r\n\t\t\t\t\t\t<div class=\"slideshow_title\">PHOTO-2025-11-21-09-35-30<\/div>\t\t\t\t\t\t\t\t\t\t\t<\/div>\r\n\t\t\t\t<\/div>\r\n\r\n\t\t\t\t\t\t<div style=\"clear: both;\"><\/div><\/div><div class=\"slideshow_view\">\r\n\t\t\t\t<div class=\"slideshow_slide slideshow_slide_image\">\r\n\t\t\t\t\t\t\t\t\t\t\t<img src=\"https:\/\/agora.xtec.cat\/insperalada\/wp-content\/uploads\/usu2117\/2025\/11\/PHOTO-2025-11-21-09-35-301.jpg\" alt=\"PHOTO-2025-11-21-09-35-30(1)\" width=\"1280\" height=\"960\" \/>\r\n\t\t\t\t\t\t\t\t\t\t<div class=\"slideshow_description_box slideshow_transparent\">\r\n\t\t\t\t\t\t<div class=\"slideshow_title\">PHOTO-2025-11-21-09-35-30(1)<\/div>\t\t\t\t\t\t\t\t\t\t\t<\/div>\r\n\t\t\t\t<\/div>\r\n\r\n\t\t\t\t\t\t<div style=\"clear: both;\"><\/div><\/div><div class=\"slideshow_view\">\r\n\t\t\t\t<div class=\"slideshow_slide slideshow_slide_image\">\r\n\t\t\t\t\t\t\t\t\t\t\t<img src=\"https:\/\/agora.xtec.cat\/insperalada\/wp-content\/uploads\/usu2117\/2025\/11\/PHOTO-2025-11-21-09-35-303.jpg\" alt=\"PHOTO-2025-11-21-09-35-30(3)\" width=\"1280\" height=\"960\" \/>\r\n\t\t\t\t\t\t\t\t\t\t<div class=\"slideshow_description_box slideshow_transparent\">\r\n\t\t\t\t\t\t<div class=\"slideshow_title\">PHOTO-2025-11-21-09-35-30(3)<\/div>\t\t\t\t\t\t\t\t\t\t\t<\/div>\r\n\t\t\t\t<\/div>\r\n\r\n\t\t\t\t\t\t<div style=\"clear: both;\"><\/div><\/div><div class=\"slideshow_view\">\r\n\t\t\t\t<div class=\"slideshow_slide slideshow_slide_image\">\r\n\t\t\t\t\t\t\t\t\t\t\t<img src=\"https:\/\/agora.xtec.cat\/insperalada\/wp-content\/uploads\/usu2117\/2025\/11\/PHOTO-2025-11-21-09-36-11.jpg\" alt=\"PHOTO-2025-11-21-09-36-11\" width=\"960\" height=\"1280\" \/>\r\n\t\t\t\t\t\t\t\t\t\t<div class=\"slideshow_description_box slideshow_transparent\">\r\n\t\t\t\t\t\t<div class=\"slideshow_title\">PHOTO-2025-11-21-09-36-11<\/div>\t\t\t\t\t\t\t\t\t\t\t<\/div>\r\n\t\t\t\t<\/div>\r\n\r\n\t\t\t\t\t\t<div style=\"clear: both;\"><\/div><\/div>\r\n\t\t<\/div>\r\n\r\n\t\t<div class=\"slideshow_controlPanel slideshow_transparent\" style=\"display: none;\"><ul><li class=\"slideshow_togglePlay\" data-play-text=\"Visualitza\" data-pause-text=\"Pausa\"><\/li><\/ul><\/div>\r\n\r\n\t\t<div class=\"slideshow_button slideshow_previous slideshow_transparent\" role=\"button\" data-previous-text=\"Anterior\" style=\"display: none;\"><\/div>\r\n\t\t<div class=\"slideshow_button slideshow_next slideshow_transparent\" role=\"button\" data-next-text=\"Seg\u00fcent\" style=\"display: none;\"><\/div>\r\n\r\n\t\t<div class=\"slideshow_pagination\" style=\"display: none;\" data-go-to-text=\"V\u00e9s a la diapositiva\"><div class=\"slideshow_pagination_center\"><\/div><\/div>\r\n\r\n\t\t<!-- WordPress Slideshow Version 2.3.1 -->\r\n\r\n\t\t\t<\/div>\r\n\r\n\n<p>&nbsp;<\/p>\n<h5><span style=\"color: #008080;\">Intercanvi Peralada &#8211; Ljubljana (Eslov\u00e8nia)<\/span><\/h5>\n<p>Aquest curs 25-26 els alumnes de 3r d&#8217;ESO realitzaran un intercanvi amb alumnes eslovens de l&#8217;institut <em>Gimnazija Be\u017eigrad<\/em>, de Ljubljana.<\/p>\n<p><a href=\"https:\/\/drive.google.com\/file\/d\/1pVnh4HaAToqto7vG_s8-sctCfKWOeKyH\/view?usp=sharing\">Llistat dels alumnes seleccionats<\/a><\/p>\n<p>&nbsp;<\/p>\n<h5><\/h5>\n<h5><\/h5>\n<h5><span style=\"color: #008080;\">Intercanvi Peralada &#8211;\u00a0Pszczyna (Pol\u00f2nia)\u00a0<\/span><\/h5>\n<p>Un any m\u00e9s, els alumnes de 4t d&#8217;ESO duran a terme un intercanvi amb alumnes polonesos de Pszczyna.<\/p>\n<p><a href=\"https:\/\/drive.google.com\/file\/d\/1Uqvz9eh3cOs4QFeUvFVWfufo58-WY4jc\/view?usp=sharing\">Llistat dels alumnes seleccionats<\/a><\/p>\n","protected":false},"excerpt":{"rendered":"<p>Acollida de professorat de Foligno (It\u00e0lia) Del 8 al 10 de setembre hem tingut la visita de 10 professores de l&#8217;institut Palestra Gentile 4. Han realitzat un job shadowing de 3 dies en qu\u00e8 els hem mostrat i explicat com est\u00e0 estructurat el sistema educatiu catal\u00e0, com funciona l&#8217;institut Peralada, els projectes que duem a [&hellip;]<\/p>\n","protected":false},"author":3,"featured_media":0,"parent":956,"menu_order":60,"comment_status":"closed","ping_status":"closed","template":"page-templates\/side-menu.php","meta":{"_bbp_topic_count":0,"_bbp_reply_count":0,"_bbp_total_topic_count":0,"_bbp_total_reply_count":0,"_bbp_voice_count":0,"_bbp_anonymous_reply_count":0,"_bbp_topic_count_hidden":0,"_bbp_reply_count_hidden":0,"_bbp_forum_subforum_count":0,"site-sidebar-layout":"default","site-content-layout":"","ast-site-content-layout":"","site-content-style":"default","site-sidebar-style":"default","ast-global-header-display":"","ast-banner-title-visibility":"","ast-main-header-display":"","ast-hfb-above-header-display":"","ast-hfb-below-header-display":"","ast-hfb-mobile-header-display":"","site-post-title":"","ast-breadcrumbs-content":"","ast-featured-img":"","footer-sml-layout":"","theme-transparent-header-meta":"","adv-header-id-meta":"","stick-header-meta":"","header-above-stick-meta":"","header-main-stick-meta":"","header-below-stick-meta":"","astra-migrate-meta-layouts":"default","ast-page-background-enabled":"default","ast-page-background-meta":{"desktop":{"background-color":"var(--ast-global-color-4)","background-image":"","background-repeat":"repeat","background-position":"center center","background-size":"auto","background-attachment":"scroll","background-type":"","background-media":"","overlay-type":"","overlay-color":"","overlay-opacity":"","overlay-gradient":""},"tablet":{"background-color":"","background-image":"","background-repeat":"repeat","background-position":"center center","background-size":"auto","background-attachment":"scroll","background-type":"","background-media":"","overlay-type":"","overlay-color":"","overlay-opacity":"","overlay-gradient":""},"mobile":{"background-color":"","background-image":"","background-repeat":"repeat","background-position":"center center","background-size":"auto","background-attachment":"scroll","background-type":"","background-media":"","overlay-type":"","overlay-color":"","overlay-opacity":"","overlay-gradient":""}},"ast-content-background-meta":{"desktop":{"background-color":"var(--ast-global-color-5)","background-image":"","background-repeat":"repeat","background-position":"center center","background-size":"auto","background-attachment":"scroll","background-type":"","background-media":"","overlay-type":"","overlay-color":"","overlay-opacity":"","overlay-gradient":""},"tablet":{"background-color":"var(--ast-global-color-5)","background-image":"","background-repeat":"repeat","background-position":"center center","background-size":"auto","background-attachment":"scroll","background-type":"","background-media":"","overlay-type":"","overlay-color":"","overlay-opacity":"","overlay-gradient":""},"mobile":{"background-color":"var(--ast-global-color-5)","background-image":"","background-repeat":"repeat","background-position":"center center","background-size":"auto","background-attachment":"scroll","background-type":"","background-media":"","overlay-type":"","overlay-color":"","overlay-opacity":"","overlay-gradient":""}},"footnotes":""},"class_list":["post-1692","page","type-page","status-publish","hentry"],"post_mailing_queue_ids":[],"_links":{"self":[{"href":"https:\/\/agora.xtec.cat\/insperalada\/wp-json\/wp\/v2\/pages\/1692","targetHints":{"allow":["GET"]}}],"collection":[{"href":"https:\/\/agora.xtec.cat\/insperalada\/wp-json\/wp\/v2\/pages"}],"about":[{"href":"https:\/\/agora.xtec.cat\/insperalada\/wp-json\/wp\/v2\/types\/page"}],"author":[{"embeddable":true,"href":"https:\/\/agora.xtec.cat\/insperalada\/wp-json\/wp\/v2\/users\/3"}],"replies":[{"embeddable":true,"href":"https:\/\/agora.xtec.cat\/insperalada\/wp-json\/wp\/v2\/comments?post=1692"}],"version-history":[{"count":6,"href":"https:\/\/agora.xtec.cat\/insperalada\/wp-json\/wp\/v2\/pages\/1692\/revisions"}],"predecessor-version":[{"id":1747,"href":"https:\/\/agora.xtec.cat\/insperalada\/wp-json\/wp\/v2\/pages\/1692\/revisions\/1747"}],"up":[{"embeddable":true,"href":"https:\/\/agora.xtec.cat\/insperalada\/wp-json\/wp\/v2\/pages\/956"}],"wp:attachment":[{"href":"https:\/\/agora.xtec.cat\/insperalada\/wp-json\/wp\/v2\/media?parent=1692"}],"curies":[{"name":"wp","href":"https:\/\/api.w.org\/{rel}","templated":true}]}}