{"id":1633,"date":"2025-08-04T12:24:47","date_gmt":"2025-08-04T10:24:47","guid":{"rendered":"https:\/\/agora.xtec.cat\/insperalada\/?page_id=1633"},"modified":"2025-08-04T12:24:47","modified_gmt":"2025-08-04T10:24:47","slug":"projecte-redu-cat","status":"publish","type":"page","link":"https:\/\/agora.xtec.cat\/insperalada\/projecte-educatiu\/projecte-redu-cat\/","title":{"rendered":"Projecte REDU-CAT"},"content":{"rendered":"<p>El projecte REDU-CAT: Xarxa de Centres Informats en Evid\u00e8ncies de Recerca: Disseny i validaci\u00f3 d&#8217;un model a Catalunya, est\u00e0 finan\u00e7at pel Departament d\u2019Educaci\u00f3 (EDU145\/23\/000008). Es tracta de l\u2019\u00fanic projecte emmarcat dins de la L\u00ednia C (L\u00ednia C: Aplicaci\u00f3 d\u2019evid\u00e8ncies de recerca en centres educatius) i t\u00e9 com a objectiu la creaci\u00f3 i validaci\u00f3 d\u2019un model d\u2019\u00fas de les evid\u00e8ncies educatives en una xarxa de centres educatius de Catalunya.<br \/>\nEl projecte, mitjan\u00e7ant la col\u00b7laboraci\u00f3 de docents, equips directius, investigadors i agents clau, pret\u00e9n desenvolupar la capacitat de recerca dels agents involucrats, acompanyar els centres en l\u2019\u00fas del model i aprofitar el potencial de les xarxes professionals per donar suport als processos de millora informats en l\u2019evid\u00e8ncia de recerca.<br \/>\nL\u2019equip del projecte est\u00e0 confirmat per investigadors de la UAB, UB, Blanquerna UOC i mestres i directius de centres educatius de Catalunya, amb experi\u00e8ncia en la tem\u00e0tica.<\/p>\n<p><a href=\"https:\/\/drive.google.com\/file\/d\/1zNxzJSIxXOnW1csSGM7pyPR07I8DBGW_\/view?usp=sharing\"><img loading=\"lazy\" decoding=\"async\" class=\"aligncenter size-large wp-image-1635\" src=\"https:\/\/agora.xtec.cat\/insperalada\/wp-content\/uploads\/usu2117\/2025\/08\/IMG_4438-718x1024.jpg\" alt=\"\" width=\"718\" height=\"1024\" srcset=\"https:\/\/agora.xtec.cat\/insperalada\/wp-content\/uploads\/usu2117\/2025\/08\/IMG_4438-718x1024.jpg 718w, https:\/\/agora.xtec.cat\/insperalada\/wp-content\/uploads\/usu2117\/2025\/08\/IMG_4438-210x300.jpg 210w, https:\/\/agora.xtec.cat\/insperalada\/wp-content\/uploads\/usu2117\/2025\/08\/IMG_4438-768x1096.jpg 768w, https:\/\/agora.xtec.cat\/insperalada\/wp-content\/uploads\/usu2117\/2025\/08\/IMG_4438-1077x1536.jpg 1077w, https:\/\/agora.xtec.cat\/insperalada\/wp-content\/uploads\/usu2117\/2025\/08\/IMG_4438.jpg 1085w\" sizes=\"auto, (max-width: 718px) 100vw, 718px\" \/><\/a><\/p>\n","protected":false},"excerpt":{"rendered":"<p>El projecte REDU-CAT: Xarxa de Centres Informats en Evid\u00e8ncies de Recerca: Disseny i validaci\u00f3 d&#8217;un model a Catalunya, est\u00e0 finan\u00e7at pel Departament d\u2019Educaci\u00f3 (EDU145\/23\/000008). Es tracta de l\u2019\u00fanic projecte emmarcat dins de la L\u00ednia C (L\u00ednia C: Aplicaci\u00f3 d\u2019evid\u00e8ncies de recerca en centres educatius) i t\u00e9 com a objectiu la creaci\u00f3 i validaci\u00f3 d\u2019un model [&hellip;]<\/p>\n","protected":false},"author":3,"featured_media":0,"parent":57,"menu_order":15,"comment_status":"closed","ping_status":"closed","template":"page-templates\/side-menu.php","meta":{"_bbp_topic_count":0,"_bbp_reply_count":0,"_bbp_total_topic_count":0,"_bbp_total_reply_count":0,"_bbp_voice_count":0,"_bbp_anonymous_reply_count":0,"_bbp_topic_count_hidden":0,"_bbp_reply_count_hidden":0,"_bbp_forum_subforum_count":0,"site-sidebar-layout":"default","site-content-layout":"","ast-site-content-layout":"","site-content-style":"default","site-sidebar-style":"default","ast-global-header-display":"","ast-banner-title-visibility":"","ast-main-header-display":"","ast-hfb-above-header-display":"","ast-hfb-below-header-display":"","ast-hfb-mobile-header-display":"","site-post-title":"","ast-breadcrumbs-content":"","ast-featured-img":"","footer-sml-layout":"","theme-transparent-header-meta":"","adv-header-id-meta":"","stick-header-meta":"","header-above-stick-meta":"","header-main-stick-meta":"","header-below-stick-meta":"","astra-migrate-meta-layouts":"default","ast-page-background-enabled":"default","ast-page-background-meta":{"desktop":{"background-color":"var(--ast-global-color-4)","background-image":"","background-repeat":"repeat","background-position":"center center","background-size":"auto","background-attachment":"scroll","background-type":"","background-media":"","overlay-type":"","overlay-color":"","overlay-opacity":"","overlay-gradient":""},"tablet":{"background-color":"","background-image":"","background-repeat":"repeat","background-position":"center center","background-size":"auto","background-attachment":"scroll","background-type":"","background-media":"","overlay-type":"","overlay-color":"","overlay-opacity":"","overlay-gradient":""},"mobile":{"background-color":"","background-image":"","background-repeat":"repeat","background-position":"center center","background-size":"auto","background-attachment":"scroll","background-type":"","background-media":"","overlay-type":"","overlay-color":"","overlay-opacity":"","overlay-gradient":""}},"ast-content-background-meta":{"desktop":{"background-color":"var(--ast-global-color-5)","background-image":"","background-repeat":"repeat","background-position":"center center","background-size":"auto","background-attachment":"scroll","background-type":"","background-media":"","overlay-type":"","overlay-color":"","overlay-opacity":"","overlay-gradient":""},"tablet":{"background-color":"var(--ast-global-color-5)","background-image":"","background-repeat":"repeat","background-position":"center center","background-size":"auto","background-attachment":"scroll","background-type":"","background-media":"","overlay-type":"","overlay-color":"","overlay-opacity":"","overlay-gradient":""},"mobile":{"background-color":"var(--ast-global-color-5)","background-image":"","background-repeat":"repeat","background-position":"center center","background-size":"auto","background-attachment":"scroll","background-type":"","background-media":"","overlay-type":"","overlay-color":"","overlay-opacity":"","overlay-gradient":""}},"footnotes":""},"class_list":["post-1633","page","type-page","status-publish","hentry"],"post_mailing_queue_ids":[],"_links":{"self":[{"href":"https:\/\/agora.xtec.cat\/insperalada\/wp-json\/wp\/v2\/pages\/1633","targetHints":{"allow":["GET"]}}],"collection":[{"href":"https:\/\/agora.xtec.cat\/insperalada\/wp-json\/wp\/v2\/pages"}],"about":[{"href":"https:\/\/agora.xtec.cat\/insperalada\/wp-json\/wp\/v2\/types\/page"}],"author":[{"embeddable":true,"href":"https:\/\/agora.xtec.cat\/insperalada\/wp-json\/wp\/v2\/users\/3"}],"replies":[{"embeddable":true,"href":"https:\/\/agora.xtec.cat\/insperalada\/wp-json\/wp\/v2\/comments?post=1633"}],"version-history":[{"count":2,"href":"https:\/\/agora.xtec.cat\/insperalada\/wp-json\/wp\/v2\/pages\/1633\/revisions"}],"predecessor-version":[{"id":1636,"href":"https:\/\/agora.xtec.cat\/insperalada\/wp-json\/wp\/v2\/pages\/1633\/revisions\/1636"}],"up":[{"embeddable":true,"href":"https:\/\/agora.xtec.cat\/insperalada\/wp-json\/wp\/v2\/pages\/57"}],"wp:attachment":[{"href":"https:\/\/agora.xtec.cat\/insperalada\/wp-json\/wp\/v2\/media?parent=1633"}],"curies":[{"name":"wp","href":"https:\/\/api.w.org\/{rel}","templated":true}]}}