{"id":1463,"date":"2024-10-05T13:13:50","date_gmt":"2024-10-05T11:13:50","guid":{"rendered":"https:\/\/agora.xtec.cat\/insperalada\/?page_id=1463"},"modified":"2025-08-04T12:26:36","modified_gmt":"2025-08-04T10:26:36","slug":"centre-formador-mufps","status":"publish","type":"page","link":"https:\/\/agora.xtec.cat\/insperalada\/projecte-educatiu\/centre-formador-mufps\/","title":{"rendered":"Centre formador MUFPS"},"content":{"rendered":"<p>L&#8217;Institut Peralada \u00e9s centre formador del Programa d\u2019Innovaci\u00f3 de M\u00e0ster de Professorat de Secund\u00e0ria.<\/p>\n<p>El programa d\u2019innovaci\u00f3 <a href=\"https:\/\/drive.google.com\/file\/d\/1LCq04Hq8D5wSKbzPHEpB1yAo8lm99wnM\/view?usp=sharing\">PINN MUFPS<\/a> del Departament d\u2019Educaci\u00f3 es basa en un nou model de pr\u00e0ctiques educatives universit\u00e0ries en <a href=\"https:\/\/projectes.xtec.cat\/centresformadors\/\">centres formadors<\/a>. Aquest model emergeix d\u2019un concepte de centre formador com a espai d\u2019aprenentatge, on els estudiants, que seran futurs docents, poden veure i practicar totes les dimensions de l\u2019acci\u00f3 educativa. Es tracta d\u2019un canvi de paradigma que dona rellev\u00e0ncia tant a la identitat del centre formador com a la funci\u00f3 professionalitzadora de la tasca docent i mentora, en estreta col\u00b7laboraci\u00f3 amb la instituci\u00f3 universit\u00e0ria.<\/p>\n<p><a href=\"https:\/\/drive.google.com\/file\/d\/1VCFOD8nvdHzOx9jDxqZZtyqyasnzb5MG\/view?usp=sharing\"><img loading=\"lazy\" decoding=\"async\" class=\"aligncenter wp-image-1587 size-large\" src=\"https:\/\/agora.xtec.cat\/insperalada\/wp-content\/uploads\/usu2117\/2025\/05\/Infografia-Curs-MUPFS-410x1024.png\" alt=\"\" width=\"410\" height=\"1024\" srcset=\"https:\/\/agora.xtec.cat\/insperalada\/wp-content\/uploads\/usu2117\/2025\/05\/Infografia-Curs-MUPFS-410x1024.png 410w, https:\/\/agora.xtec.cat\/insperalada\/wp-content\/uploads\/usu2117\/2025\/05\/Infografia-Curs-MUPFS-120x300.png 120w, https:\/\/agora.xtec.cat\/insperalada\/wp-content\/uploads\/usu2117\/2025\/05\/Infografia-Curs-MUPFS-768x1920.png 768w, https:\/\/agora.xtec.cat\/insperalada\/wp-content\/uploads\/usu2117\/2025\/05\/Infografia-Curs-MUPFS.png 800w\" sizes=\"auto, (max-width: 410px) 100vw, 410px\" \/><\/a><\/p>\n<p>&nbsp;<\/p>\n<p>&nbsp;<\/p>\n","protected":false},"excerpt":{"rendered":"<p>L&#8217;Institut Peralada \u00e9s centre formador del Programa d\u2019Innovaci\u00f3 de M\u00e0ster de Professorat de Secund\u00e0ria. El programa d\u2019innovaci\u00f3 PINN MUFPS del Departament d\u2019Educaci\u00f3 es basa en un nou model de pr\u00e0ctiques educatives universit\u00e0ries en centres formadors. Aquest model emergeix d\u2019un concepte de centre formador com a espai d\u2019aprenentatge, on els estudiants, que seran futurs docents, poden [&hellip;]<\/p>\n","protected":false},"author":3,"featured_media":0,"parent":57,"menu_order":10,"comment_status":"closed","ping_status":"closed","template":"page-templates\/side-menu.php","meta":{"_bbp_topic_count":0,"_bbp_reply_count":0,"_bbp_total_topic_count":0,"_bbp_total_reply_count":0,"_bbp_voice_count":0,"_bbp_anonymous_reply_count":0,"_bbp_topic_count_hidden":0,"_bbp_reply_count_hidden":0,"_bbp_forum_subforum_count":0,"site-sidebar-layout":"default","site-content-layout":"","ast-site-content-layout":"","site-content-style":"default","site-sidebar-style":"default","ast-global-header-display":"","ast-banner-title-visibility":"","ast-main-header-display":"","ast-hfb-above-header-display":"","ast-hfb-below-header-display":"","ast-hfb-mobile-header-display":"","site-post-title":"","ast-breadcrumbs-content":"","ast-featured-img":"","footer-sml-layout":"","theme-transparent-header-meta":"","adv-header-id-meta":"","stick-header-meta":"","header-above-stick-meta":"","header-main-stick-meta":"","header-below-stick-meta":"","astra-migrate-meta-layouts":"default","ast-page-background-enabled":"default","ast-page-background-meta":{"desktop":{"background-color":"var(--ast-global-color-4)","background-image":"","background-repeat":"repeat","background-position":"center center","background-size":"auto","background-attachment":"scroll","background-type":"","background-media":"","overlay-type":"","overlay-color":"","overlay-opacity":"","overlay-gradient":""},"tablet":{"background-color":"","background-image":"","background-repeat":"repeat","background-position":"center center","background-size":"auto","background-attachment":"scroll","background-type":"","background-media":"","overlay-type":"","overlay-color":"","overlay-opacity":"","overlay-gradient":""},"mobile":{"background-color":"","background-image":"","background-repeat":"repeat","background-position":"center center","background-size":"auto","background-attachment":"scroll","background-type":"","background-media":"","overlay-type":"","overlay-color":"","overlay-opacity":"","overlay-gradient":""}},"ast-content-background-meta":{"desktop":{"background-color":"var(--ast-global-color-5)","background-image":"","background-repeat":"repeat","background-position":"center center","background-size":"auto","background-attachment":"scroll","background-type":"","background-media":"","overlay-type":"","overlay-color":"","overlay-opacity":"","overlay-gradient":""},"tablet":{"background-color":"var(--ast-global-color-5)","background-image":"","background-repeat":"repeat","background-position":"center center","background-size":"auto","background-attachment":"scroll","background-type":"","background-media":"","overlay-type":"","overlay-color":"","overlay-opacity":"","overlay-gradient":""},"mobile":{"background-color":"var(--ast-global-color-5)","background-image":"","background-repeat":"repeat","background-position":"center center","background-size":"auto","background-attachment":"scroll","background-type":"","background-media":"","overlay-type":"","overlay-color":"","overlay-opacity":"","overlay-gradient":""}},"footnotes":""},"class_list":["post-1463","page","type-page","status-publish","hentry"],"post_mailing_queue_ids":[],"_links":{"self":[{"href":"https:\/\/agora.xtec.cat\/insperalada\/wp-json\/wp\/v2\/pages\/1463","targetHints":{"allow":["GET"]}}],"collection":[{"href":"https:\/\/agora.xtec.cat\/insperalada\/wp-json\/wp\/v2\/pages"}],"about":[{"href":"https:\/\/agora.xtec.cat\/insperalada\/wp-json\/wp\/v2\/types\/page"}],"author":[{"embeddable":true,"href":"https:\/\/agora.xtec.cat\/insperalada\/wp-json\/wp\/v2\/users\/3"}],"replies":[{"embeddable":true,"href":"https:\/\/agora.xtec.cat\/insperalada\/wp-json\/wp\/v2\/comments?post=1463"}],"version-history":[{"count":6,"href":"https:\/\/agora.xtec.cat\/insperalada\/wp-json\/wp\/v2\/pages\/1463\/revisions"}],"predecessor-version":[{"id":1637,"href":"https:\/\/agora.xtec.cat\/insperalada\/wp-json\/wp\/v2\/pages\/1463\/revisions\/1637"}],"up":[{"embeddable":true,"href":"https:\/\/agora.xtec.cat\/insperalada\/wp-json\/wp\/v2\/pages\/57"}],"wp:attachment":[{"href":"https:\/\/agora.xtec.cat\/insperalada\/wp-json\/wp\/v2\/media?parent=1463"}],"curies":[{"name":"wp","href":"https:\/\/api.w.org\/{rel}","templated":true}]}}