{"id":1228,"date":"2023-07-18T13:01:09","date_gmt":"2023-07-18T11:01:09","guid":{"rendered":"https:\/\/agora.xtec.cat\/insperalada\/?page_id=1228"},"modified":"2025-08-07T12:15:19","modified_gmt":"2025-08-07T10:15:19","slug":"breaking-walls-by-dancing-2022-1-es01-ka122-sch-000079417","status":"publish","type":"page","link":"https:\/\/agora.xtec.cat\/insperalada\/projectes-erasmus\/breaking-walls-by-dancing-2022-1-es01-ka122-sch-000079417\/","title":{"rendered":"Breaking walls by dancing"},"content":{"rendered":"<p>Durant el curs 2022-23 es va iniciar amb l&#8217;alumnat de l&#8217;optativa de 3r d&#8217;ESO &#8220;<em>Physical activity; discovering new possibilities<\/em>&#8221; el projecte <span style=\"color: #008080;\">Breaking walls by dancing (2022-1-ES01-KA122-SCH-000079417)<\/span>, el qual situa la dansa com a eix d&#8217;aprenentatge, i en qu\u00e8 els alumnes d&#8217;aquesta optativa en s\u00f3n els principals impulsors.<\/p>\n<p><a href=\"https:\/\/agora.xtec.cat\/insperalada\/wp-content\/uploads\/usu2117\/2023\/09\/poster.png\"><img loading=\"lazy\" decoding=\"async\" class=\"alignright wp-image-1275 size-medium\" src=\"https:\/\/agora.xtec.cat\/insperalada\/wp-content\/uploads\/usu2117\/2023\/09\/poster-212x300.png\" alt=\"\" width=\"212\" height=\"300\" srcset=\"https:\/\/agora.xtec.cat\/insperalada\/wp-content\/uploads\/usu2117\/2023\/09\/poster-212x300.png 212w, https:\/\/agora.xtec.cat\/insperalada\/wp-content\/uploads\/usu2117\/2023\/09\/poster-723x1024.png 723w, https:\/\/agora.xtec.cat\/insperalada\/wp-content\/uploads\/usu2117\/2023\/09\/poster-768x1087.png 768w, https:\/\/agora.xtec.cat\/insperalada\/wp-content\/uploads\/usu2117\/2023\/09\/poster.png 876w\" sizes=\"auto, (max-width: 212px) 100vw, 212px\" \/><\/a><\/p>\n<p>Els 4 objectius principals del projecte s\u00f3n:<\/p>\n<ol>\n<li>Utilitzar la dansa com a eina per a millorar l&#8217;autoconeixement i l&#8217;autoconfian\u00e7a.<\/li>\n<li>Aprendre a fer \u00fas del di\u00e0leg com a forma de participaci\u00f3 democr\u00e0tica, d&#8217;aportar, de generar i de guanyar.<\/li>\n<li>Promoure la inclusi\u00f3 de tot l&#8217;alumnat.<\/li>\n<li>Millorar el coneixement de l&#8217;angl\u00e8s, que \u00e9s la llengua estrangera vehicular del projecte.<\/li>\n<\/ol>\n<p><em>Breaking walls by dancing<\/em> va comportar una mobilitat amb alumnes i professorat a Pol\u00f2nia. Durant 8 dies del mes de maig de 2023, 12 alumnes de 3r van ser allotjats en fam\u00edlies de la ciutat de Pszcyna, i van realitzar activitats molt variades amb alumnes de l&#8217;institut local. En el seg\u00fcent v\u00eddeo es pot veure un resum del que van fer i aprendre:<\/p>\n<p><iframe loading=\"lazy\" title=\"YouTube video player\" src=\"https:\/\/www.youtube.com\/embed\/QmY0xUaWWKg\" width=\"650\" height=\"365\" frameborder=\"0\" allowfullscreen=\"allowfullscreen\"><span data-mce-type=\"bookmark\" style=\"display: inline-block; width: 0px; overflow: hidden; line-height: 0;\" class=\"mce_SELRES_start\">\ufeff<\/span><\/iframe><\/p>\n<p><a href=\"https:\/\/agora.xtec.cat\/insperalada\/wp-content\/uploads\/usu2117\/2023\/08\/IMG_7842-scaled.jpg\"><img loading=\"lazy\" decoding=\"async\" class=\"size-medium wp-image-1263 alignleft\" src=\"https:\/\/agora.xtec.cat\/insperalada\/wp-content\/uploads\/usu2117\/2023\/08\/IMG_7842-300x225.jpg\" alt=\"\" width=\"300\" height=\"225\" srcset=\"https:\/\/agora.xtec.cat\/insperalada\/wp-content\/uploads\/usu2117\/2023\/08\/IMG_7842-300x225.jpg 300w, https:\/\/agora.xtec.cat\/insperalada\/wp-content\/uploads\/usu2117\/2023\/08\/IMG_7842-1024x768.jpg 1024w, https:\/\/agora.xtec.cat\/insperalada\/wp-content\/uploads\/usu2117\/2023\/08\/IMG_7842-768x576.jpg 768w, https:\/\/agora.xtec.cat\/insperalada\/wp-content\/uploads\/usu2117\/2023\/08\/IMG_7842-1536x1152.jpg 1536w, https:\/\/agora.xtec.cat\/insperalada\/wp-content\/uploads\/usu2117\/2023\/08\/IMG_7842-2048x1536.jpg 2048w, https:\/\/agora.xtec.cat\/insperalada\/wp-content\/uploads\/usu2117\/2023\/08\/IMG_7842-200x150.jpg 200w\" sizes=\"auto, (max-width: 300px) 100vw, 300px\" \/><\/a>Per tal de fer extensiu els nous coneixements i aprenentatges de l&#8217;experi\u00e8ncia viscuda, els alumnes van ensenyar un v\u00eddeo per tal d&#8217;explicar la viv\u00e8ncia a la resta d&#8217;alumnat del centre.<\/p>\n<p>D&#8217;aquesta manera es fomenta la participaci\u00f3 als cursos inferiors i es pren consci\u00e8ncia col\u00b7lectiva del paper rellevant dels projectes Erasmus+ a l&#8217;Institut Peralada.<\/p>\n<p>En <a href=\"https:\/\/drive.google.com\/file\/d\/1v44t-R0fg4faHosjOVJhgmcXIOq2LLJo\/view?usp=sharing\">AQUEST ENLLA\u00c7<\/a> hi trobareu un v\u00eddeo fet pels alumnes que van viatjar a Pol\u00f2nia, i en qu\u00e8 es pot copsar de seguida que b\u00e9 s&#8217;ho van passar!<\/p>\n<p>&nbsp;<\/p>\n<p>Seguint la continu\u00eftat del projecte, i ja englobada dins l&#8217;Acreditaci\u00f3 2023-2027, 9 alumnes de 3r l&#8217;optativa <em>Psysical Activity<\/em> van realitzar una mobilitat d&#8217;intercanvi del 2 al 7 de juny de 2024.<\/p>\n<p>L&#8217;objectiu principal va ser acabar de treballar el subprojecte <span style=\"color: #008080;\">Sharing Through Dance<\/span><i>, <\/i>on\u00a0Anna Berenguer (del Campus Escola del Festival Castell de Peralada) va crear una pe\u00e7a conjunta amb l&#8217;alumnat de l&#8217;institut Peralada i l&#8217;alumnat de Powiatowy Zesp\u00f3\u0142 Szk\u00f3\u0142 nr 2 im. Karola Miarki w Pszczynie de Pszczyna.<\/p>\n<p>Durant aquesta setmana l&#8217;alumnat va treballar la import\u00e0ncia del cos i com comunicar-se a trav\u00e9s del moviment. A m\u00e9s a m\u00e9s, va ser segur una experi\u00e8ncia de creixement personal, relacions socials i intercanvi cultural i ling\u00fc\u00edstic.<\/p>\n\r\n\t<div class=\"slideshow_container slideshow_container_style-light\" style=\"height: 400px; \" data-slideshow-id=\"1428\" data-style-name=\"style-light\" data-style-version=\"2.3.1\" >\r\n\r\n\t\t\t\t\t<div class=\"slideshow_loading_icon\"><\/div>\r\n\t\t\r\n\t\t<div class=\"slideshow_content\" style=\"display: none;\">\r\n\r\n\t\t\t<div class=\"slideshow_view\">\r\n\t\t\t\t<div class=\"slideshow_slide slideshow_slide_image\">\r\n\t\t\t\t\t\t\t\t\t\t\t<img src=\"https:\/\/agora.xtec.cat\/insperalada\/wp-content\/uploads\/usu2117\/2024\/10\/IMG_5250-1.jpg\" alt=\"Screenshot\" width=\"828\" height=\"613\" \/>\r\n\t\t\t\t\t\t\t\t\t\t<div class=\"slideshow_description_box slideshow_transparent\">\r\n\t\t\t\t\t\t<div class=\"slideshow_title\">Screenshot<\/div>\t\t\t\t\t\t\t\t\t\t\t<\/div>\r\n\t\t\t\t<\/div>\r\n\r\n\t\t\t\t\t\t<div style=\"clear: both;\"><\/div><\/div><div class=\"slideshow_view\">\r\n\t\t\t\t<div class=\"slideshow_slide slideshow_slide_image\">\r\n\t\t\t\t\t\t\t\t\t\t\t<img src=\"https:\/\/agora.xtec.cat\/insperalada\/wp-content\/uploads\/usu2117\/2024\/10\/IMG_5246.jpg\" alt=\"Screenshot\" width=\"828\" height=\"608\" \/>\r\n\t\t\t\t\t\t\t\t\t\t<div class=\"slideshow_description_box slideshow_transparent\">\r\n\t\t\t\t\t\t<div class=\"slideshow_title\">Screenshot<\/div>\t\t\t\t\t\t\t\t\t\t\t<\/div>\r\n\t\t\t\t<\/div>\r\n\r\n\t\t\t\t\t\t<div style=\"clear: both;\"><\/div><\/div><div class=\"slideshow_view\">\r\n\t\t\t\t<div class=\"slideshow_slide slideshow_slide_image\">\r\n\t\t\t\t\t\t\t\t\t\t\t<img src=\"https:\/\/agora.xtec.cat\/insperalada\/wp-content\/uploads\/usu2117\/2024\/10\/IMG_5251.jpg\" alt=\"Screenshot\" width=\"828\" height=\"612\" \/>\r\n\t\t\t\t\t\t\t\t\t\t<div class=\"slideshow_description_box slideshow_transparent\">\r\n\t\t\t\t\t\t<div class=\"slideshow_title\">Screenshot<\/div>\t\t\t\t\t\t\t\t\t\t\t<\/div>\r\n\t\t\t\t<\/div>\r\n\r\n\t\t\t\t\t\t<div style=\"clear: both;\"><\/div><\/div><div class=\"slideshow_view\">\r\n\t\t\t\t<div class=\"slideshow_slide slideshow_slide_image\">\r\n\t\t\t\t\t\t\t\t\t\t\t<img src=\"https:\/\/agora.xtec.cat\/insperalada\/wp-content\/uploads\/usu2117\/2024\/10\/IMG_5248.jpg\" alt=\"Screenshot\" width=\"828\" height=\"607\" \/>\r\n\t\t\t\t\t\t\t\t\t\t<div class=\"slideshow_description_box slideshow_transparent\">\r\n\t\t\t\t\t\t<div class=\"slideshow_title\">Screenshot<\/div>\t\t\t\t\t\t\t\t\t\t\t<\/div>\r\n\t\t\t\t<\/div>\r\n\r\n\t\t\t\t\t\t<div style=\"clear: both;\"><\/div><\/div><div class=\"slideshow_view\">\r\n\t\t\t\t<div class=\"slideshow_slide slideshow_slide_image\">\r\n\t\t\t\t\t\t\t\t\t\t\t<img src=\"https:\/\/agora.xtec.cat\/insperalada\/wp-content\/uploads\/usu2117\/2024\/10\/IMG_5249.jpg\" alt=\"Screenshot\" width=\"828\" height=\"610\" \/>\r\n\t\t\t\t\t\t\t\t\t\t<div class=\"slideshow_description_box slideshow_transparent\">\r\n\t\t\t\t\t\t<div class=\"slideshow_title\">Screenshot<\/div>\t\t\t\t\t\t\t\t\t\t\t<\/div>\r\n\t\t\t\t<\/div>\r\n\r\n\t\t\t\t\t\t<div style=\"clear: both;\"><\/div><\/div><div class=\"slideshow_view\">\r\n\t\t\t\t<div class=\"slideshow_slide slideshow_slide_image\">\r\n\t\t\t\t\t\t\t\t\t\t\t<img src=\"https:\/\/agora.xtec.cat\/insperalada\/wp-content\/uploads\/usu2117\/2024\/10\/IMG_5247.jpg\" alt=\"Screenshot\" width=\"828\" height=\"615\" \/>\r\n\t\t\t\t\t\t\t\t\t\t<div class=\"slideshow_description_box slideshow_transparent\">\r\n\t\t\t\t\t\t<div class=\"slideshow_title\">Screenshot<\/div>\t\t\t\t\t\t\t\t\t\t\t<\/div>\r\n\t\t\t\t<\/div>\r\n\r\n\t\t\t\t\t\t<div style=\"clear: both;\"><\/div><\/div>\r\n\t\t<\/div>\r\n\r\n\t\t<div class=\"slideshow_controlPanel slideshow_transparent\" style=\"display: none;\"><ul><li class=\"slideshow_togglePlay\" data-play-text=\"Visualitza\" data-pause-text=\"Pausa\"><\/li><\/ul><\/div>\r\n\r\n\t\t<div class=\"slideshow_button slideshow_previous slideshow_transparent\" role=\"button\" data-previous-text=\"Anterior\" style=\"display: none;\"><\/div>\r\n\t\t<div class=\"slideshow_button slideshow_next slideshow_transparent\" role=\"button\" data-next-text=\"Seg\u00fcent\" style=\"display: none;\"><\/div>\r\n\r\n\t\t<div class=\"slideshow_pagination\" style=\"display: none;\" data-go-to-text=\"V\u00e9s a la diapositiva\"><div class=\"slideshow_pagination_center\"><\/div><\/div>\r\n\r\n\t\t<!-- WordPress Slideshow Version 2.3.1 -->\r\n\r\n\t\t\t<\/div>\r\n\r\n\n<p>&nbsp;<\/p>\n<p>Per tercer any consecutiu, i sota el paraigua de l&#8217;Acreditaci\u00f3 2023-2027, els alumnes de l&#8217;optativa <em>Psysical Activity <\/em>de 3r d&#8217;ESO han realitzat una mobilitat a Pszczyna, amb la voluntat de continuar duent a terme els objectius del projecte <span style=\"color: #008080;\">Breaking walls by dancing<\/span>. Del 26 de maig al 2 de juny, 10 alumnes de l&#8217;institut Peralada, juntament amb altres alumnes de l&#8217;institut polon\u00e8s Powiatowy Zesp\u00f3\u0142 Szk\u00f3\u0142 nr 2 im. Karola Miarki w Pszczynie de Pszczyna, han treballat una coreografia conjunta liderada per l&#8217;Estel, artista del Festival Castell Peralada, que han acabat representant al carrer. A m\u00e9s, durant aquesta setmana, tamb\u00e9 han fet sortides l\u00fadiques i culturals que els han perm\u00e8s con\u00e8ixer el pa\u00eds, les tradicions i els costums polonesos de primera m\u00e0.<\/p>\n\r\n\t<div class=\"slideshow_container slideshow_container_style-light\" style=\"height: 300px; \" data-slideshow-id=\"1656\" data-style-name=\"style-light\" data-style-version=\"2.3.1\" >\r\n\r\n\t\t\t\t\t<div class=\"slideshow_loading_icon\"><\/div>\r\n\t\t\r\n\t\t<div class=\"slideshow_content\" style=\"display: none;\">\r\n\r\n\t\t\t<div class=\"slideshow_view\">\r\n\t\t\t\t<div class=\"slideshow_slide slideshow_slide_image\">\r\n\t\t\t\t\t\t\t\t\t\t\t<img src=\"https:\/\/agora.xtec.cat\/insperalada\/wp-content\/uploads\/usu2117\/2025\/08\/PHOTO-2025-06-12-22-14-18.jpg\" alt=\"PHOTO-2025-06-12-22-14-18\" width=\"2048\" height=\"1152\" \/>\r\n\t\t\t\t\t\t\t\t\t\t<div class=\"slideshow_description_box slideshow_transparent\">\r\n\t\t\t\t\t\t<div class=\"slideshow_title\">PHOTO-2025-06-12-22-14-18<\/div>\t\t\t\t\t\t\t\t\t\t\t<\/div>\r\n\t\t\t\t<\/div>\r\n\r\n\t\t\t\t\t\t<div style=\"clear: both;\"><\/div><\/div><div class=\"slideshow_view\">\r\n\t\t\t\t<div class=\"slideshow_slide slideshow_slide_image\">\r\n\t\t\t\t\t\t\t\t\t\t\t<img src=\"https:\/\/agora.xtec.cat\/insperalada\/wp-content\/uploads\/usu2117\/2025\/08\/PHOTO-2025-06-12-22-12-31.jpg\" alt=\"PHOTO-2025-06-12-22-12-31\" width=\"1152\" height=\"2048\" \/>\r\n\t\t\t\t\t\t\t\t\t\t<div class=\"slideshow_description_box slideshow_transparent\">\r\n\t\t\t\t\t\t<div class=\"slideshow_title\">PHOTO-2025-06-12-22-12-31<\/div>\t\t\t\t\t\t\t\t\t\t\t<\/div>\r\n\t\t\t\t<\/div>\r\n\r\n\t\t\t\t\t\t<div style=\"clear: both;\"><\/div><\/div><div class=\"slideshow_view\">\r\n\t\t\t\t<div class=\"slideshow_slide slideshow_slide_image\">\r\n\t\t\t\t\t\t\t\t\t\t\t<img src=\"https:\/\/agora.xtec.cat\/insperalada\/wp-content\/uploads\/usu2117\/2025\/08\/PHOTO-2025-06-12-22-11-22.jpg\" alt=\"PHOTO-2025-06-12-22-11-22\" width=\"1536\" height=\"2048\" \/>\r\n\t\t\t\t\t\t\t\t\t\t<div class=\"slideshow_description_box slideshow_transparent\">\r\n\t\t\t\t\t\t<div class=\"slideshow_title\">PHOTO-2025-06-12-22-11-22<\/div>\t\t\t\t\t\t\t\t\t\t\t<\/div>\r\n\t\t\t\t<\/div>\r\n\r\n\t\t\t\t\t\t<div style=\"clear: both;\"><\/div><\/div><div class=\"slideshow_view\">\r\n\t\t\t\t<div class=\"slideshow_slide slideshow_slide_image\">\r\n\t\t\t\t\t\t\t\t\t\t\t<img src=\"https:\/\/agora.xtec.cat\/insperalada\/wp-content\/uploads\/usu2117\/2025\/08\/PHOTO-2025-06-12-22-11-15.jpg\" alt=\"PHOTO-2025-06-12-22-11-15\" width=\"1536\" height=\"2048\" \/>\r\n\t\t\t\t\t\t\t\t\t\t<div class=\"slideshow_description_box slideshow_transparent\">\r\n\t\t\t\t\t\t<div class=\"slideshow_title\">PHOTO-2025-06-12-22-11-15<\/div>\t\t\t\t\t\t\t\t\t\t\t<\/div>\r\n\t\t\t\t<\/div>\r\n\r\n\t\t\t\t\t\t<div style=\"clear: both;\"><\/div><\/div><div class=\"slideshow_view\">\r\n\t\t\t\t<div class=\"slideshow_slide slideshow_slide_image\">\r\n\t\t\t\t\t\t\t\t\t\t\t<img src=\"https:\/\/agora.xtec.cat\/insperalada\/wp-content\/uploads\/usu2117\/2025\/08\/PHOTO-2025-06-12-22-10-02.jpg\" alt=\"PHOTO-2025-06-12-22-10-02\" width=\"1536\" height=\"2048\" \/>\r\n\t\t\t\t\t\t\t\t\t\t<div class=\"slideshow_description_box slideshow_transparent\">\r\n\t\t\t\t\t\t<div class=\"slideshow_title\">PHOTO-2025-06-12-22-10-02<\/div>\t\t\t\t\t\t\t\t\t\t\t<\/div>\r\n\t\t\t\t<\/div>\r\n\r\n\t\t\t\t\t\t<div style=\"clear: both;\"><\/div><\/div><div class=\"slideshow_view\">\r\n\t\t\t\t<div class=\"slideshow_slide slideshow_slide_image\">\r\n\t\t\t\t\t\t\t\t\t\t\t<img src=\"https:\/\/agora.xtec.cat\/insperalada\/wp-content\/uploads\/usu2117\/2025\/08\/PHOTO-2025-06-12-22-10-00.jpg\" alt=\"PHOTO-2025-06-12-22-10-00\" width=\"1536\" height=\"2048\" \/>\r\n\t\t\t\t\t\t\t\t\t\t<div class=\"slideshow_description_box slideshow_transparent\">\r\n\t\t\t\t\t\t<div class=\"slideshow_title\">PHOTO-2025-06-12-22-10-00<\/div>\t\t\t\t\t\t\t\t\t\t\t<\/div>\r\n\t\t\t\t<\/div>\r\n\r\n\t\t\t\t\t\t<div style=\"clear: both;\"><\/div><\/div><div class=\"slideshow_view\">\r\n\t\t\t\t<div class=\"slideshow_slide slideshow_slide_image\">\r\n\t\t\t\t\t\t\t\t\t\t\t<img src=\"https:\/\/agora.xtec.cat\/insperalada\/wp-content\/uploads\/usu2117\/2025\/08\/PHOTO-2025-06-12-22-09-59.jpg\" alt=\"PHOTO-2025-06-12-22-09-59\" width=\"2048\" height=\"1536\" \/>\r\n\t\t\t\t\t\t\t\t\t\t<div class=\"slideshow_description_box slideshow_transparent\">\r\n\t\t\t\t\t\t<div class=\"slideshow_title\">PHOTO-2025-06-12-22-09-59<\/div>\t\t\t\t\t\t\t\t\t\t\t<\/div>\r\n\t\t\t\t<\/div>\r\n\r\n\t\t\t\t\t\t<div style=\"clear: both;\"><\/div><\/div><div class=\"slideshow_view\">\r\n\t\t\t\t<div class=\"slideshow_slide slideshow_slide_image\">\r\n\t\t\t\t\t\t\t\t\t\t\t<img src=\"https:\/\/agora.xtec.cat\/insperalada\/wp-content\/uploads\/usu2117\/2025\/08\/PHOTO-2025-05-30-10-45-40.jpg\" alt=\"PHOTO-2025-05-30-10-45-40\" width=\"900\" height=\"1600\" \/>\r\n\t\t\t\t\t\t\t\t\t\t<div class=\"slideshow_description_box slideshow_transparent\">\r\n\t\t\t\t\t\t<div class=\"slideshow_title\">PHOTO-2025-05-30-10-45-40<\/div>\t\t\t\t\t\t\t\t\t\t\t<\/div>\r\n\t\t\t\t<\/div>\r\n\r\n\t\t\t\t\t\t<div style=\"clear: both;\"><\/div><\/div><div class=\"slideshow_view\">\r\n\t\t\t\t<div class=\"slideshow_slide slideshow_slide_image\">\r\n\t\t\t\t\t\t\t\t\t\t\t<img src=\"https:\/\/agora.xtec.cat\/insperalada\/wp-content\/uploads\/usu2117\/2025\/08\/PHOTO-2025-05-30-10-45-39.jpg\" alt=\"PHOTO-2025-05-30-10-45-39\" width=\"1600\" height=\"1200\" \/>\r\n\t\t\t\t\t\t\t\t\t\t<div class=\"slideshow_description_box slideshow_transparent\">\r\n\t\t\t\t\t\t<div class=\"slideshow_title\">PHOTO-2025-05-30-10-45-39<\/div>\t\t\t\t\t\t\t\t\t\t\t<\/div>\r\n\t\t\t\t<\/div>\r\n\r\n\t\t\t\t\t\t<div style=\"clear: both;\"><\/div><\/div><div class=\"slideshow_view\">\r\n\t\t\t\t<div class=\"slideshow_slide slideshow_slide_image\">\r\n\t\t\t\t\t\t\t\t\t\t\t<img src=\"https:\/\/agora.xtec.cat\/insperalada\/wp-content\/uploads\/usu2117\/2025\/08\/PHOTO-2025-05-28-17-20-12.jpg\" alt=\"PHOTO-2025-05-28-17-20-12\" width=\"1536\" height=\"2048\" \/>\r\n\t\t\t\t\t\t\t\t\t\t<div class=\"slideshow_description_box slideshow_transparent\">\r\n\t\t\t\t\t\t<div class=\"slideshow_title\">PHOTO-2025-05-28-17-20-12<\/div>\t\t\t\t\t\t\t\t\t\t\t<\/div>\r\n\t\t\t\t<\/div>\r\n\r\n\t\t\t\t\t\t<div style=\"clear: both;\"><\/div><\/div><div class=\"slideshow_view\">\r\n\t\t\t\t<div class=\"slideshow_slide slideshow_slide_image\">\r\n\t\t\t\t\t\t\t\t\t\t\t<img src=\"https:\/\/agora.xtec.cat\/insperalada\/wp-content\/uploads\/usu2117\/2025\/08\/PHOTO-2025-05-28-17-20-07.jpg\" alt=\"PHOTO-2025-05-28-17-20-07\" width=\"1536\" height=\"2048\" \/>\r\n\t\t\t\t\t\t\t\t\t\t<div class=\"slideshow_description_box slideshow_transparent\">\r\n\t\t\t\t\t\t<div class=\"slideshow_title\">PHOTO-2025-05-28-17-20-07<\/div>\t\t\t\t\t\t\t\t\t\t\t<\/div>\r\n\t\t\t\t<\/div>\r\n\r\n\t\t\t\t\t\t<div style=\"clear: both;\"><\/div><\/div><div class=\"slideshow_view\">\r\n\t\t\t\t<div class=\"slideshow_slide slideshow_slide_image\">\r\n\t\t\t\t\t\t\t\t\t\t\t<img src=\"https:\/\/agora.xtec.cat\/insperalada\/wp-content\/uploads\/usu2117\/2025\/08\/PHOTO-2025-05-28-16-35-26.jpg\" alt=\"PHOTO-2025-05-28-16-35-26\" width=\"1600\" height=\"1200\" \/>\r\n\t\t\t\t\t\t\t\t\t\t<div class=\"slideshow_description_box slideshow_transparent\">\r\n\t\t\t\t\t\t<div class=\"slideshow_title\">PHOTO-2025-05-28-16-35-26<\/div>\t\t\t\t\t\t\t\t\t\t\t<\/div>\r\n\t\t\t\t<\/div>\r\n\r\n\t\t\t\t\t\t<div style=\"clear: both;\"><\/div><\/div><div class=\"slideshow_view\">\r\n\t\t\t\t<div class=\"slideshow_slide slideshow_slide_image\">\r\n\t\t\t\t\t\t\t\t\t\t\t<img src=\"https:\/\/agora.xtec.cat\/insperalada\/wp-content\/uploads\/usu2117\/2025\/08\/PHOTO-2025-05-27-10-45-29.jpg\" alt=\"PHOTO-2025-05-27-10-45-29\" width=\"1536\" height=\"2048\" \/>\r\n\t\t\t\t\t\t\t\t\t\t<div class=\"slideshow_description_box slideshow_transparent\">\r\n\t\t\t\t\t\t<div class=\"slideshow_title\">PHOTO-2025-05-27-10-45-29<\/div>\t\t\t\t\t\t\t\t\t\t\t<\/div>\r\n\t\t\t\t<\/div>\r\n\r\n\t\t\t\t\t\t<div style=\"clear: both;\"><\/div><\/div><div class=\"slideshow_view\">\r\n\t\t\t\t<div class=\"slideshow_slide slideshow_slide_image\">\r\n\t\t\t\t\t\t\t\t\t\t\t<img src=\"https:\/\/agora.xtec.cat\/insperalada\/wp-content\/uploads\/usu2117\/2025\/08\/PHOTO-2025-05-26-16-21-59.jpg\" alt=\"PHOTO-2025-05-26-16-21-59\" width=\"2048\" height=\"1536\" \/>\r\n\t\t\t\t\t\t\t\t\t\t<div class=\"slideshow_description_box slideshow_transparent\">\r\n\t\t\t\t\t\t<div class=\"slideshow_title\">PHOTO-2025-05-26-16-21-59<\/div>\t\t\t\t\t\t\t\t\t\t\t<\/div>\r\n\t\t\t\t<\/div>\r\n\r\n\t\t\t\t\t\t<div style=\"clear: both;\"><\/div><\/div>\r\n\t\t<\/div>\r\n\r\n\t\t<div class=\"slideshow_controlPanel slideshow_transparent\" style=\"display: none;\"><ul><li class=\"slideshow_togglePlay\" data-play-text=\"Visualitza\" data-pause-text=\"Pausa\"><\/li><\/ul><\/div>\r\n\r\n\t\t<div class=\"slideshow_button slideshow_previous slideshow_transparent\" role=\"button\" data-previous-text=\"Anterior\" style=\"display: none;\"><\/div>\r\n\t\t<div class=\"slideshow_button slideshow_next slideshow_transparent\" role=\"button\" data-next-text=\"Seg\u00fcent\" style=\"display: none;\"><\/div>\r\n\r\n\t\t<div class=\"slideshow_pagination\" style=\"display: none;\" data-go-to-text=\"V\u00e9s a la diapositiva\"><div class=\"slideshow_pagination_center\"><\/div><\/div>\r\n\r\n\t\t<!-- WordPress Slideshow Version 2.3.1 -->\r\n\r\n\t\t\t<\/div>\r\n\r\n\n","protected":false},"excerpt":{"rendered":"<p>Durant el curs 2022-23 es va iniciar amb l&#8217;alumnat de l&#8217;optativa de 3r d&#8217;ESO &#8220;Physical activity; discovering new possibilities&#8221; el projecte Breaking walls by dancing (2022-1-ES01-KA122-SCH-000079417), el qual situa la dansa com a eix d&#8217;aprenentatge, i en qu\u00e8 els alumnes d&#8217;aquesta optativa en s\u00f3n els principals impulsors. Els 4 objectius principals del projecte s\u00f3n: Utilitzar [&hellip;]<\/p>\n","protected":false},"author":3,"featured_media":0,"parent":956,"menu_order":30,"comment_status":"closed","ping_status":"closed","template":"page-templates\/side-menu.php","meta":{"_bbp_topic_count":0,"_bbp_reply_count":0,"_bbp_total_topic_count":0,"_bbp_total_reply_count":0,"_bbp_voice_count":0,"_bbp_anonymous_reply_count":0,"_bbp_topic_count_hidden":0,"_bbp_reply_count_hidden":0,"_bbp_forum_subforum_count":0,"site-sidebar-layout":"default","site-content-layout":"","ast-site-content-layout":"","site-content-style":"default","site-sidebar-style":"default","ast-global-header-display":"","ast-banner-title-visibility":"","ast-main-header-display":"","ast-hfb-above-header-display":"","ast-hfb-below-header-display":"","ast-hfb-mobile-header-display":"","site-post-title":"","ast-breadcrumbs-content":"","ast-featured-img":"","footer-sml-layout":"","theme-transparent-header-meta":"","adv-header-id-meta":"","stick-header-meta":"","header-above-stick-meta":"","header-main-stick-meta":"","header-below-stick-meta":"","astra-migrate-meta-layouts":"default","ast-page-background-enabled":"default","ast-page-background-meta":{"desktop":{"background-color":"var(--ast-global-color-4)","background-image":"","background-repeat":"repeat","background-position":"center center","background-size":"auto","background-attachment":"scroll","background-type":"","background-media":"","overlay-type":"","overlay-color":"","overlay-opacity":"","overlay-gradient":""},"tablet":{"background-color":"","background-image":"","background-repeat":"repeat","background-position":"center center","background-size":"auto","background-attachment":"scroll","background-type":"","background-media":"","overlay-type":"","overlay-color":"","overlay-opacity":"","overlay-gradient":""},"mobile":{"background-color":"","background-image":"","background-repeat":"repeat","background-position":"center center","background-size":"auto","background-attachment":"scroll","background-type":"","background-media":"","overlay-type":"","overlay-color":"","overlay-opacity":"","overlay-gradient":""}},"ast-content-background-meta":{"desktop":{"background-color":"var(--ast-global-color-5)","background-image":"","background-repeat":"repeat","background-position":"center center","background-size":"auto","background-attachment":"scroll","background-type":"","background-media":"","overlay-type":"","overlay-color":"","overlay-opacity":"","overlay-gradient":""},"tablet":{"background-color":"var(--ast-global-color-5)","background-image":"","background-repeat":"repeat","background-position":"center center","background-size":"auto","background-attachment":"scroll","background-type":"","background-media":"","overlay-type":"","overlay-color":"","overlay-opacity":"","overlay-gradient":""},"mobile":{"background-color":"var(--ast-global-color-5)","background-image":"","background-repeat":"repeat","background-position":"center center","background-size":"auto","background-attachment":"scroll","background-type":"","background-media":"","overlay-type":"","overlay-color":"","overlay-opacity":"","overlay-gradient":""}},"footnotes":""},"class_list":["post-1228","page","type-page","status-publish","hentry"],"post_mailing_queue_ids":[],"_links":{"self":[{"href":"https:\/\/agora.xtec.cat\/insperalada\/wp-json\/wp\/v2\/pages\/1228","targetHints":{"allow":["GET"]}}],"collection":[{"href":"https:\/\/agora.xtec.cat\/insperalada\/wp-json\/wp\/v2\/pages"}],"about":[{"href":"https:\/\/agora.xtec.cat\/insperalada\/wp-json\/wp\/v2\/types\/page"}],"author":[{"embeddable":true,"href":"https:\/\/agora.xtec.cat\/insperalada\/wp-json\/wp\/v2\/users\/3"}],"replies":[{"embeddable":true,"href":"https:\/\/agora.xtec.cat\/insperalada\/wp-json\/wp\/v2\/comments?post=1228"}],"version-history":[{"count":6,"href":"https:\/\/agora.xtec.cat\/insperalada\/wp-json\/wp\/v2\/pages\/1228\/revisions"}],"predecessor-version":[{"id":1674,"href":"https:\/\/agora.xtec.cat\/insperalada\/wp-json\/wp\/v2\/pages\/1228\/revisions\/1674"}],"up":[{"embeddable":true,"href":"https:\/\/agora.xtec.cat\/insperalada\/wp-json\/wp\/v2\/pages\/956"}],"wp:attachment":[{"href":"https:\/\/agora.xtec.cat\/insperalada\/wp-json\/wp\/v2\/media?parent=1228"}],"curies":[{"name":"wp","href":"https:\/\/api.w.org\/{rel}","templated":true}]}}