{"id":1057,"date":"2022-05-13T17:04:45","date_gmt":"2022-05-13T15:04:45","guid":{"rendered":"https:\/\/agora.xtec.cat\/insperalada\/?page_id=1057"},"modified":"2026-03-03T18:16:53","modified_gmt":"2026-03-03T17:16:53","slug":"preinscripcions-i-matricula","status":"publish","type":"page","link":"https:\/\/agora.xtec.cat\/insperalada\/preinscripcions-i-matricula\/","title":{"rendered":"Preinscripcions i matr\u00edcula"},"content":{"rendered":"<p>En aquest apartat trobareu la documentaci\u00f3 necess\u00e0ria per dur a terme la preinscripci\u00f3 i la matr\u00edcula del curs. Qualsevol suggeriment per tal de facilitar la disponibilitat de la informaci\u00f3 p\u00fablica i dur a terme el tr\u00e0mit administratiu sempre ser\u00e0 benvingut.<\/p>\n<p>El departament d&#8217;Educaci\u00f3 de la Generalitat de Catalunya disposa d&#8217;una p\u00e0gina dedicada al proc\u00e9s per a la <a href=\"https:\/\/preinscripcio.gencat.cat\/ca\/estudis\/eso\/inici\/\" target=\"_blank\" rel=\"noopener\"><strong>preinscripci\u00f3 i matr\u00edcula del curs 2026-2027<\/strong><\/a>\u00a0que esperem que us pugui resultar d&#8217;ajuda.<\/p>\n<p>A mesura que avancem en el proc\u00e9s de la preinscripci\u00f3 del curs 2026-2027 anirem habilitant els enlla\u00e7os que a continuaci\u00f3 es llisten amb la informaci\u00f3 disponible.<\/p>\n<ul>\n<li><a href=\"https:\/\/drive.google.com\/file\/d\/1MDxXacRMuPgluTF0m_rqHAcgI8uPYOQF\/view?usp=drive_link\" target=\"_blank\" rel=\"noopener\">Dates de presentaci\u00f3 de sol\u00b7licituds de la preinscripci\u00f3<\/a><\/li>\n<li><a href=\"https:\/\/drive.google.com\/file\/d\/1O4APLOXBqRYlC9Nr-dn1rBeuX4T5lXHi\/view?usp=sharing\" target=\"_blank\" rel=\"noopener\">Oferta inicial de places<\/a><\/li>\n<li>Barem provisional<\/li>\n<li>Barem provisional, resoltes les reclamacions<\/li>\n<li>Barem definitiu<\/li>\n<li><span style=\"color: black;\">Documentaci\u00f3 preinscripci\u00f3 definitiva<\/span>\n<ul>\n<li>Oferta definitiva de places<\/li>\n<li>Llista d&#8217;admesos<\/li>\n<li>Llista d&#8217;espera<\/li>\n<li>Llista d&#8217;alumnes preinscrits al centre<\/li>\n<\/ul>\n<\/li>\n<\/ul>\n","protected":false},"excerpt":{"rendered":"<p>En aquest apartat trobareu la documentaci\u00f3 necess\u00e0ria per dur a terme la preinscripci\u00f3 i la matr\u00edcula del curs. Qualsevol suggeriment per tal de facilitar la disponibilitat de la informaci\u00f3 p\u00fablica i dur a terme el tr\u00e0mit administratiu sempre ser\u00e0 benvingut. El departament d&#8217;Educaci\u00f3 de la Generalitat de Catalunya disposa d&#8217;una p\u00e0gina dedicada al proc\u00e9s per [&hellip;]<\/p>\n","protected":false},"author":3,"featured_media":0,"parent":0,"menu_order":0,"comment_status":"closed","ping_status":"closed","template":"","meta":{"_bbp_topic_count":0,"_bbp_reply_count":0,"_bbp_total_topic_count":0,"_bbp_total_reply_count":0,"_bbp_voice_count":0,"_bbp_anonymous_reply_count":0,"_bbp_topic_count_hidden":0,"_bbp_reply_count_hidden":0,"_bbp_forum_subforum_count":0,"site-sidebar-layout":"default","site-content-layout":"","ast-site-content-layout":"default","site-content-style":"default","site-sidebar-style":"default","ast-global-header-display":"","ast-banner-title-visibility":"","ast-main-header-display":"","ast-hfb-above-header-display":"","ast-hfb-below-header-display":"","ast-hfb-mobile-header-display":"","site-post-title":"","ast-breadcrumbs-content":"","ast-featured-img":"","footer-sml-layout":"","theme-transparent-header-meta":"default","adv-header-id-meta":"","stick-header-meta":"","header-above-stick-meta":"","header-main-stick-meta":"","header-below-stick-meta":"","astra-migrate-meta-layouts":"set","ast-page-background-enabled":"default","ast-page-background-meta":{"desktop":{"background-color":"var(--ast-global-color-4)","background-image":"","background-repeat":"repeat","background-position":"center center","background-size":"auto","background-attachment":"scroll","background-type":"","background-media":"","overlay-type":"","overlay-color":"","overlay-opacity":"","overlay-gradient":""},"tablet":{"background-color":"","background-image":"","background-repeat":"repeat","background-position":"center center","background-size":"auto","background-attachment":"scroll","background-type":"","background-media":"","overlay-type":"","overlay-color":"","overlay-opacity":"","overlay-gradient":""},"mobile":{"background-color":"","background-image":"","background-repeat":"repeat","background-position":"center center","background-size":"auto","background-attachment":"scroll","background-type":"","background-media":"","overlay-type":"","overlay-color":"","overlay-opacity":"","overlay-gradient":""}},"ast-content-background-meta":{"desktop":{"background-color":"var(--ast-global-color-5)","background-image":"","background-repeat":"repeat","background-position":"center center","background-size":"auto","background-attachment":"scroll","background-type":"","background-media":"","overlay-type":"","overlay-color":"","overlay-opacity":"","overlay-gradient":""},"tablet":{"background-color":"var(--ast-global-color-5)","background-image":"","background-repeat":"repeat","background-position":"center center","background-size":"auto","background-attachment":"scroll","background-type":"","background-media":"","overlay-type":"","overlay-color":"","overlay-opacity":"","overlay-gradient":""},"mobile":{"background-color":"var(--ast-global-color-5)","background-image":"","background-repeat":"repeat","background-position":"center center","background-size":"auto","background-attachment":"scroll","background-type":"","background-media":"","overlay-type":"","overlay-color":"","overlay-opacity":"","overlay-gradient":""}},"footnotes":""},"class_list":["post-1057","page","type-page","status-publish","hentry"],"post_mailing_queue_ids":[],"_links":{"self":[{"href":"https:\/\/agora.xtec.cat\/insperalada\/wp-json\/wp\/v2\/pages\/1057","targetHints":{"allow":["GET"]}}],"collection":[{"href":"https:\/\/agora.xtec.cat\/insperalada\/wp-json\/wp\/v2\/pages"}],"about":[{"href":"https:\/\/agora.xtec.cat\/insperalada\/wp-json\/wp\/v2\/types\/page"}],"author":[{"embeddable":true,"href":"https:\/\/agora.xtec.cat\/insperalada\/wp-json\/wp\/v2\/users\/3"}],"replies":[{"embeddable":true,"href":"https:\/\/agora.xtec.cat\/insperalada\/wp-json\/wp\/v2\/comments?post=1057"}],"version-history":[{"count":7,"href":"https:\/\/agora.xtec.cat\/insperalada\/wp-json\/wp\/v2\/pages\/1057\/revisions"}],"predecessor-version":[{"id":1822,"href":"https:\/\/agora.xtec.cat\/insperalada\/wp-json\/wp\/v2\/pages\/1057\/revisions\/1822"}],"wp:attachment":[{"href":"https:\/\/agora.xtec.cat\/insperalada\/wp-json\/wp\/v2\/media?parent=1057"}],"curies":[{"name":"wp","href":"https:\/\/api.w.org\/{rel}","templated":true}]}}